{"id":2451,"date":"2023-05-11T16:45:06","date_gmt":"2023-05-11T14:45:06","guid":{"rendered":"http:\/\/www.ams-ag.de\/?page_id=2451"},"modified":"2024-03-08T13:08:07","modified_gmt":"2024-03-08T12:08:07","slug":"imprimer","status":"publish","type":"page","link":"https:\/\/www.ams-ag.de\/fr\/impressum\/","title":{"rendered":"imprimer"},"content":{"rendered":"<div data-elementor-type=\"wp-page\" data-elementor-id=\"2451\" class=\"elementor elementor-2451\" data-elementor-post-type=\"page\">\n\t\t\t\t\t\t<section class=\"elementor-section elementor-top-section elementor-element elementor-element-28c086de elementor-section-boxed elementor-section-height-default elementor-section-height-default\" data-id=\"28c086de\" data-element_type=\"section\" data-e-type=\"section\">\n\t\t\t\t\t\t<div class=\"elementor-container elementor-column-gap-default\">\n\t\t\t\t\t<div class=\"elementor-column elementor-col-100 elementor-top-column elementor-element elementor-element-29ee1980\" data-id=\"29ee1980\" data-element_type=\"column\" data-e-type=\"column\">\n\t\t\t<div class=\"elementor-widget-wrap elementor-element-populated\">\n\t\t\t\t\t\t<div class=\"elementor-element elementor-element-44754997 elementor-widget elementor-widget-heading\" data-id=\"44754997\" data-element_type=\"widget\" data-e-type=\"widget\" data-widget_type=\"heading.default\">\n\t\t\t\t<div class=\"elementor-widget-container\">\n\t\t\t\t\t<h1 class=\"elementor-heading-title elementor-size-default\">Bienvenue chez AMS GmbH !<\/h1>\t\t\t\t<\/div>\n\t\t\t\t<\/div>\n\t\t\t\t<div class=\"elementor-element elementor-element-c0f6db2 elementor-widget elementor-widget-text-editor\" data-id=\"c0f6db2\" data-element_type=\"widget\" data-e-type=\"widget\" data-widget_type=\"text-editor.default\">\n\t\t\t\t<div class=\"elementor-widget-container\">\n\t\t\t\t\t\t\t\t\t<p>Syst\u00e8mes m\u00e9dicaux avanc\u00e9s \u2013 <b>Proc\u00e9dures de r\u00e9gulation et de bior\u00e9sonance, th\u00e9rapie par champ magn\u00e9tique, lumi\u00e8re (couleur) et laser<\/b><\/p>\t\t\t\t\t\t\t\t<\/div>\n\t\t\t\t<\/div>\n\t\t\t\t<div class=\"elementor-element elementor-element-43d2f05 elementor-widget-divider--view-line elementor-widget elementor-widget-divider\" data-id=\"43d2f05\" data-element_type=\"widget\" data-e-type=\"widget\" data-widget_type=\"divider.default\">\n\t\t\t\t<div class=\"elementor-widget-container\">\n\t\t\t\t\t\t\t<div class=\"elementor-divider\">\n\t\t\t<span class=\"elementor-divider-separator\">\n\t\t\t\t\t\t<\/span>\n\t\t<\/div>\n\t\t\t\t\t\t<\/div>\n\t\t\t\t<\/div>\n\t\t\t\t<section class=\"elementor-section elementor-inner-section elementor-element elementor-element-138ad37 elementor-section-boxed elementor-section-height-default elementor-section-height-default\" data-id=\"138ad37\" data-element_type=\"section\" data-e-type=\"section\">\n\t\t\t\t\t\t<div class=\"elementor-container elementor-column-gap-default\">\n\t\t\t\t\t<div class=\"elementor-column elementor-col-50 elementor-inner-column elementor-element elementor-element-af99ad3\" data-id=\"af99ad3\" data-element_type=\"column\" data-e-type=\"column\">\n\t\t\t<div class=\"elementor-widget-wrap elementor-element-populated\">\n\t\t\t\t\t\t<div class=\"elementor-element elementor-element-dbe26be elementor-widget elementor-widget-heading\" data-id=\"dbe26be\" data-element_type=\"widget\" data-e-type=\"widget\" data-widget_type=\"heading.default\">\n\t\t\t\t<div class=\"elementor-widget-container\">\n\t\t\t\t\t<h2 class=\"elementor-heading-title elementor-size-default\">Mentions l\u00e9gales &amp; <br>Identification du fournisseur<\/h2>\t\t\t\t<\/div>\n\t\t\t\t<\/div>\n\t\t\t\t<div class=\"elementor-element elementor-element-7c3f29c elementor-widget elementor-widget-text-editor\" data-id=\"7c3f29c\" data-element_type=\"widget\" data-e-type=\"widget\" data-widget_type=\"text-editor.default\">\n\t\t\t\t<div class=\"elementor-widget-container\">\n\t\t\t\t\t\t\t\t\t<h3><b>Conform\u00e9ment au \u00a7 5 TMG<\/b><\/h3><p>AMS Advanced Medical Systems GmbH<br \/>Hauptstra\u00dfe26<br \/>97990 Weikersheim<\/p><p>repr\u00e9sent\u00e9 par un dirigeant d&#039;entreprise : <br \/>Dr. rer. nat. Frank Beck<\/p><p>Contact<br \/>T\u00e9l\u00e9phone : +49 (0) 79 34 \/ 99 34 89-0<br \/>Fax : +49 (0) 79 34 \/ 99 34 89-44<br \/>E-mail: <a href=\"mailto:info@ams-ag.de\">info@ams-ag.de<\/a><\/p><p>Vous pouvez \u00e9galement d\u00e9poser des plaintes ici.<\/p><hr \/><h3><b>Inscription au registre<\/b><\/h3><p>Inscription au registre du commerce.<br \/>Tribunal d&#039;enregistrement : Handelsregister AG Ulm<br \/>Num\u00e9ro d&#039;enregistrement : HRB 731284<br \/>Num\u00e9ro d&#039;identification fiscale\u00a0:<br \/>Num\u00e9ro d&#039;identification de taxe sur les ventes conform\u00e9ment \u00e0 l&#039;article 27 a de la loi sur la taxe sur les ventes : DE 177547347<\/p><hr \/><h3><b>Loi sur les \u00e9quipements \u00e9lectriques et \u00e9lectroniques (ElektroG)\u00a0:<\/b><\/h3><p>En tant que fabricant responsable d&#039;\u00e9quipements \u00e9lectriques et \u00e9lectroniques, nous avons rempli notre obligation d&#039;enregistrement conform\u00e9ment \u00e0 ElektroG. Notre num\u00e9ro d&#039;enregistrement aupr\u00e8s de la Fondation EAR est\u00a0: WEEE Reg No. DE 49140629.<\/p><hr \/><h3><strong>Sources<\/strong><\/h3><p>pour les images et graphiques utilis\u00e9s :<\/p><p>Fotolia<a href=\"https:\/\/de.fotolia.com\/\" target=\"_blank\" rel=\"noopener\"><br \/>https:\/\/de.fotolia.com\/<\/a><br \/>Num\u00e9ros d&#039;image\u00a0: 5517971_M, 2998396_L, 41373138_L, 53075506_M, 59334364_S, 67940016_L, 68728113_XXL, 82500533_XXL, 83215542_XXL, 84477543_L , 844477547_L, 84478039_L, 87848782_L, 89302270_L, 90785386_M<\/p><p>iStock<a href=\"http:\/\/www.istockphoto.com\/de\" target=\"_blank\" rel=\"noopener\"><br \/>http:\/\/www.istockphoto.com\/de<\/a><br \/>Num\u00e9ro d&#039;image\u00a0: 000015045170_XXXLarge<\/p><p>Eva Maria Linhart<a href=\"http:\/\/linhart-foto.de\/\" target=\"_blank\" rel=\"noopener\"><br \/>http:\/\/linhart-foto.de\/<\/a><\/p><p>aha conception<a href=\"http:\/\/www.aha-design.de\/\" target=\"_blank\" rel=\"noopener\"><br \/>http:\/\/www.aha-design.de\/<\/a><\/p>\t\t\t\t\t\t\t\t<\/div>\n\t\t\t\t<\/div>\n\t\t\t\t\t<\/div>\n\t\t<\/div>\n\t\t\t\t<div class=\"elementor-column elementor-col-50 elementor-inner-column elementor-element elementor-element-184d9cd\" data-id=\"184d9cd\" data-element_type=\"column\" data-e-type=\"column\">\n\t\t\t<div class=\"elementor-widget-wrap elementor-element-populated\">\n\t\t\t\t\t\t<div class=\"elementor-element elementor-element-6a04b22 elementor-widget elementor-widget-heading\" data-id=\"6a04b22\" data-element_type=\"widget\" data-e-type=\"widget\" data-widget_type=\"heading.default\">\n\t\t\t\t<div class=\"elementor-widget-container\">\n\t\t\t\t\t<h2 class=\"elementor-heading-title elementor-size-default\">Clause de non-responsabilit\u00e9 <br>(clause de non-responsabilit\u00e9)<\/h2>\t\t\t\t<\/div>\n\t\t\t\t<\/div>\n\t\t\t\t<div class=\"elementor-element elementor-element-5b18813 elementor-widget elementor-widget-text-editor\" data-id=\"5b18813\" data-element_type=\"widget\" data-e-type=\"widget\" data-widget_type=\"text-editor.default\">\n\t\t\t\t<div class=\"elementor-widget-container\">\n\t\t\t\t\t\t\t\t\t<h3><b>Responsabilit\u00e9 du contenu<\/b><\/h3><p>En tant que prestataire de services, nous sommes responsables de notre propre contenu sur ces pages conform\u00e9ment aux lois g\u00e9n\u00e9rales conform\u00e9ment \u00e0 l&#039;article 7, paragraphe 1, du TMG. Toutefois, conform\u00e9ment aux articles 8 \u00e0 10 TMG, en tant que prestataire de services, nous ne sommes pas oblig\u00e9s de surveiller les informations de tiers transmises ou stock\u00e9es ni d&#039;enqu\u00eater sur les circonstances indiquant une activit\u00e9 ill\u00e9gale. Les obligations de supprimer ou de bloquer l&#039;utilisation des informations conform\u00e9ment au droit g\u00e9n\u00e9ral restent inchang\u00e9es. Toutefois, la responsabilit\u00e9 \u00e0 cet \u00e9gard n&#039;est possible qu&#039;\u00e0 partir du moment o\u00f9 l&#039;on a connaissance d&#039;une violation concr\u00e8te de la loi. Si nous avons connaissance de violations l\u00e9gales correspondantes, nous supprimerons imm\u00e9diatement ce contenu.<\/p><hr \/><h3><b>Responsabilit\u00e9 pour les liens<\/b><\/h3><p>Notre offre contient des liens vers des sites Internet de tiers externes sur le contenu desquels nous n&#039;avons aucune influence. Nous ne pouvons donc assumer aucune responsabilit\u00e9 pour ce contenu externe. Le fournisseur ou l&#039;exploitant respectif des pages est toujours responsable du contenu des pages li\u00e9es. Les pages li\u00e9es ont \u00e9t\u00e9 v\u00e9rifi\u00e9es au moment de la cr\u00e9ation du lien pour d\u00e9tecter d&#039;\u00e9ventuelles violations de la loi. Aucun contenu ill\u00e9gal n&#039;\u00e9tait apparent au moment de la cr\u00e9ation du lien. Un contr\u00f4le permanent du contenu des pages li\u00e9es n&#039;est toutefois pas raisonnable sans preuves concr\u00e8tes d&#039;une violation de la loi. Si nous avons connaissance de violations l\u00e9gales, nous supprimerons imm\u00e9diatement ces liens.<\/p><hr \/><h3><b>droits d&#039;auteur<\/b><\/h3><p>Les contenus et les \u0153uvres de ces pages cr\u00e9\u00e9s par les exploitants du site sont soumis \u00e0 la loi allemande sur le droit d&#039;auteur. La reproduction, le traitement, la distribution et toute forme d&#039;exploitation en dehors des limites du droit d&#039;auteur n\u00e9cessitent l&#039;accord \u00e9crit de l&#039;auteur ou du cr\u00e9ateur respectif. Les t\u00e9l\u00e9chargements et copies de cette page ne sont autoris\u00e9s que pour un usage priv\u00e9 et non commercial. Si le contenu de ce site n&#039;a pas \u00e9t\u00e9 cr\u00e9\u00e9 par l&#039;op\u00e9rateur, les droits d&#039;auteur des tiers sont respect\u00e9s. En particulier, les contenus de tiers sont marqu\u00e9s comme tels. Si vous constatez n\u00e9anmoins une violation du droit d&#039;auteur, nous vous demandons de nous en informer. Si nous avons connaissance de violations de la loi, nous supprimerons imm\u00e9diatement ce contenu.<\/p><hr \/><h3><b>R\u00e9solution des litiges en ligne conform\u00e9ment \u00e0 l&#039;article 14, paragraphe 1, du r\u00e8glement ODR\u00a0:<\/b><\/h3><p>La Commission europ\u00e9enne propose une plateforme de r\u00e9solution des litiges en ligne (OS). Vous pouvez les trouver sur <a href=\"http:\/\/ec.europa.eu\/consumers\/odr\/\" target=\"_blank\" rel=\"noopener\">http:\/\/ec.europa.eu\/consumers\/odr\/<\/a><br \/>Cette plateforme sert de point de contact pour le r\u00e8glement extrajudiciaire des litiges d\u00e9coulant de contrats d&#039;achat ou de services en ligne dans lesquels un consommateur est impliqu\u00e9.<\/p><p>La loi sur le r\u00e8glement des litiges de consommation (VSBG) ne s&#039;applique pas \u00e0 l&#039;AMS en raison du nombre d&#039;employ\u00e9s employ\u00e9s. L&#039;AMS ne participe pas \u00e0 une proc\u00e9dure de r\u00e8glement des litiges devant un conseil d&#039;arbitrage des consommateurs.<\/p>\t\t\t\t\t\t\t\t<\/div>\n\t\t\t\t<\/div>\n\t\t\t\t\t<\/div>\n\t\t<\/div>\n\t\t\t\t\t<\/div>\n\t\t<\/section>\n\t\t\t\t\t<\/div>\n\t\t<\/div>\n\t\t\t\t\t<\/div>\n\t\t<\/section>\n\t\t\t\t<section class=\"elementor-section elementor-top-section elementor-element elementor-element-ed36c07 elementor-section-boxed elementor-section-height-default elementor-section-height-default\" data-id=\"ed36c07\" data-element_type=\"section\" data-e-type=\"section\" data-settings=\"{&quot;background_background&quot;:&quot;classic&quot;}\">\n\t\t\t\t\t\t<div class=\"elementor-container elementor-column-gap-default\">\n\t\t\t\t\t<div class=\"elementor-column elementor-col-100 elementor-top-column elementor-element elementor-element-1a997d6\" data-id=\"1a997d6\" data-element_type=\"column\" data-e-type=\"column\">\n\t\t\t<div class=\"elementor-widget-wrap elementor-element-populated\">\n\t\t\t\t\t\t<div class=\"elementor-element elementor-element-e520942 elementor-align-right elementor-mobile-align-center elementor-widget elementor-widget-button\" data-id=\"e520942\" data-element_type=\"widget\" data-e-type=\"widget\" data-widget_type=\"button.default\">\n\t\t\t\t<div class=\"elementor-widget-container\">\n\t\t\t\t\t\t\t\t\t<div class=\"elementor-button-wrapper\">\n\t\t\t\t\t<a class=\"elementor-button elementor-button-link elementor-size-sm\" href=\"https:\/\/www.ams-ag.de\/fr\/datenschutz\/\">\n\t\t\t\t\t\t<span class=\"elementor-button-content-wrapper\">\n\t\t\t\t\t\t<span class=\"elementor-button-icon\">\n\t\t\t\t<i aria-hidden=\"true\" class=\"fas fa-arrow-right\"><\/i>\t\t\t<\/span>\n\t\t\t\t\t\t\t\t\t<span class=\"elementor-button-text\">protection des donn\u00e9es<\/span>\n\t\t\t\t\t<\/span>\n\t\t\t\t\t<\/a>\n\t\t\t\t<\/div>\n\t\t\t\t\t\t\t\t<\/div>\n\t\t\t\t<\/div>\n\t\t\t\t\t<\/div>\n\t\t<\/div>\n\t\t\t\t\t<\/div>\n\t\t<\/section>\n\t\t\t\t<\/div>","protected":false},"excerpt":{"rendered":"<p>Herzlich Willkommen bei der AMS GmbH! Advanced Medical Systems &#8211; Regulations- und Bioresonanzverfahren, Magnetfeldtherapie, (Farb-) Licht und Laser Impressum &#038; Anbieterkennzeichnung Angaben gem\u00e4\u00df \u00a7 5 TMG AMS Advanced Medical Systems [&hellip;]<\/p>\n","protected":false},"author":1,"featured_media":0,"parent":0,"menu_order":7,"comment_status":"closed","ping_status":"closed","template":"","meta":{"pmpro_default_level":"","footnotes":""},"class_list":["post-2451","page","type-page","status-publish","hentry","pmpro-has-access"],"_links":{"self":[{"href":"https:\/\/www.ams-ag.de\/fr\/wp-json\/wp\/v2\/pages\/2451","targetHints":{"allow":["GET"]}}],"collection":[{"href":"https:\/\/www.ams-ag.de\/fr\/wp-json\/wp\/v2\/pages"}],"about":[{"href":"https:\/\/www.ams-ag.de\/fr\/wp-json\/wp\/v2\/types\/page"}],"author":[{"embeddable":true,"href":"https:\/\/www.ams-ag.de\/fr\/wp-json\/wp\/v2\/users\/1"}],"replies":[{"embeddable":true,"href":"https:\/\/www.ams-ag.de\/fr\/wp-json\/wp\/v2\/comments?post=2451"}],"version-history":[{"count":3,"href":"https:\/\/www.ams-ag.de\/fr\/wp-json\/wp\/v2\/pages\/2451\/revisions"}],"predecessor-version":[{"id":14510,"href":"https:\/\/www.ams-ag.de\/fr\/wp-json\/wp\/v2\/pages\/2451\/revisions\/14510"}],"wp:attachment":[{"href":"https:\/\/www.ams-ag.de\/fr\/wp-json\/wp\/v2\/media?parent=2451"}],"curies":[{"name":"wp","href":"https:\/\/api.w.org\/{rel}","templated":true}]}}