{"id":18130,"date":"2024-07-04T23:43:50","date_gmt":"2024-07-04T21:43:50","guid":{"rendered":"https:\/\/www.ams-ag.de\/?page_id=18130"},"modified":"2024-07-17T02:46:29","modified_gmt":"2024-07-17T00:46:29","slug":"commande-au-bresil","status":"publish","type":"page","link":"https:\/\/www.ams-ag.de\/fr\/in-brasilien-bestellen\/","title":{"rendered":"Commander au Br\u00e9sil"},"content":{"rendered":"\t\t<div data-elementor-type=\"wp-page\" data-elementor-id=\"18130\" class=\"elementor elementor-18130\" data-elementor-post-type=\"page\">\n\t\t\t\t\t\t<section class=\"elementor-section elementor-top-section elementor-element elementor-element-183a688f elementor-section-boxed elementor-section-height-default elementor-section-height-default\" data-id=\"183a688f\" data-element_type=\"section\" data-e-type=\"section\">\n\t\t\t\t\t\t<div class=\"elementor-container elementor-column-gap-default\">\n\t\t\t\t\t<div class=\"elementor-column elementor-col-100 elementor-top-column elementor-element elementor-element-6dfe331e\" data-id=\"6dfe331e\" data-element_type=\"column\" data-e-type=\"column\">\n\t\t\t<div class=\"elementor-widget-wrap elementor-element-populated\">\n\t\t\t\t\t\t<div class=\"elementor-element elementor-element-71a9e759 elementor-widget elementor-widget-heading\" data-id=\"71a9e759\" data-element_type=\"widget\" data-e-type=\"widget\" data-widget_type=\"heading.default\">\n\t\t\t\t<div class=\"elementor-widget-container\">\n\t\t\t\t\t<h1 class=\"elementor-heading-title elementor-size-default\">Bestellen Sie direkt in Brasilien<\/h1>\t\t\t\t<\/div>\n\t\t\t\t<\/div>\n\t\t\t\t<div class=\"elementor-element elementor-element-0edbaec elementor-widget elementor-widget-text-editor\" data-id=\"0edbaec\" data-element_type=\"widget\" data-e-type=\"widget\" data-widget_type=\"text-editor.default\">\n\t\t\t\t<div class=\"elementor-widget-container\">\n\t\t\t\t\t\t\t\t\t<p>F\u00fcllen Sie das Bestellformular aus. Wir setzen uns in Brasilien mit Ihnen in Verbindung.<\/p><p>Hier ist die aktuelle Preisliste:<br \/><a href=\"http:\/\/www.ams-ag.de\/wp-content\/uploads\/2024\/07\/Preisliste-fuer-Brasilien-in-BRL-auf-Portugiesisch-Stand-2024.pdf\"><b>Preisliste f\u00fcr Brasilien in BRL auf Portugiesisch, Stand 2024 (514 kB)<\/b><\/a><\/p>\t\t\t\t\t\t\t\t<\/div>\n\t\t\t\t<\/div>\n\t\t\t\t<div class=\"elementor-element elementor-element-7aeb59a elementor-widget elementor-widget-heading\" data-id=\"7aeb59a\" data-element_type=\"widget\" data-e-type=\"widget\" data-widget_type=\"heading.default\">\n\t\t\t\t<div class=\"elementor-widget-container\">\n\t\t\t\t\t<h2 class=\"elementor-heading-title elementor-size-default\">Bestellformular<\/h2>\t\t\t\t<\/div>\n\t\t\t\t<\/div>\n\t\t\t\t<div class=\"elementor-element elementor-element-120e0d0 elementor-button-align-start elementor-widget elementor-widget-form\" data-id=\"120e0d0\" data-element_type=\"widget\" data-e-type=\"widget\" data-settings=\"{&quot;step_next_label&quot;:&quot;N\\u00e4chster&quot;,&quot;step_previous_label&quot;:&quot;Voriger&quot;,&quot;button_width&quot;:&quot;100&quot;,&quot;step_type&quot;:&quot;number_text&quot;,&quot;step_icon_shape&quot;:&quot;circle&quot;}\" data-widget_type=\"form.default\">\n\t\t\t\t<div class=\"elementor-widget-container\">\n\t\t\t\t\t\t\t<form class=\"elementor-form\" method=\"post\" id=\"order_brazil\" name=\"Bestellung in Brasilien\" aria-label=\"Bestellung in Brasilien\">\n\t\t\t<input type=\"hidden\" name=\"post_id\" value=\"18130\"\/>\n\t\t\t<input type=\"hidden\" name=\"form_id\" value=\"120e0d0\"\/>\n\t\t\t<input type=\"hidden\" name=\"referer_title\" value=\"\" \/>\n\n\t\t\t\n\t\t\t<div class=\"elementor-form-fields-wrapper elementor-labels-above\">\n\t\t\t\t\t\t\t\t<div class=\"elementor-field-type-text elementor-field-group elementor-column elementor-field-group-name elementor-col-100 elementor-field-required elementor-mark-required\">\n\t\t\t\t\t\t\t\t\t\t\t\t<label for=\"form-field-name\" class=\"elementor-field-label\">\n\t\t\t\t\t\t\t\tVor- und Nachame\t\t\t\t\t\t\t<\/label>\n\t\t\t\t\t\t\t\t\t\t\t\t\t\t<input size=\"1\" type=\"text\" name=\"form_fields[name]\" id=\"form-field-name\" class=\"elementor-field elementor-size-sm  elementor-field-textual\" placeholder=\"Dr. rer. net. Wolfgang Ludwig\" required=\"required\">\n\t\t\t\t\t\t\t\t\t\t\t<\/div>\n\t\t\t\t\t\t\t\t<div class=\"elementor-field-type-email elementor-field-group elementor-column elementor-field-group-email elementor-col-50 elementor-field-required elementor-mark-required\">\n\t\t\t\t\t\t\t\t\t\t\t\t<label for=\"form-field-email\" class=\"elementor-field-label\">\n\t\t\t\t\t\t\t\tE-Mail\t\t\t\t\t\t\t<\/label>\n\t\t\t\t\t\t\t\t\t\t\t\t\t\t<input size=\"1\" type=\"email\" name=\"form_fields[email]\" id=\"form-field-email\" class=\"elementor-field elementor-size-sm  elementor-field-textual\" placeholder=\"E-Mail\" required=\"required\">\n\t\t\t\t\t\t\t\t\t\t\t<\/div>\n\t\t\t\t\t\t\t\t<div class=\"elementor-field-type-tel elementor-field-group elementor-column elementor-field-group-phone elementor-col-50 elementor-field-required elementor-mark-required\">\n\t\t\t\t\t\t\t\t\t\t\t\t<label for=\"form-field-phone\" class=\"elementor-field-label\">\n\t\t\t\t\t\t\t\tTelefon\t\t\t\t\t\t\t<\/label>\n\t\t\t\t\t\t\t\t<input size=\"1\" type=\"tel\" name=\"form_fields[phone]\" id=\"form-field-phone\" class=\"elementor-field elementor-size-sm  elementor-field-textual\" placeholder=\"DDD123456789\" required=\"required\" pattern=\"[0-9()#&amp;+*-=.]+\" title=\"Only numbers and phone characters (#, -, *, etc) are accepted.\">\n\n\t\t\t\t\t\t<\/div>\n\t\t\t\t\t\t\t\t<div class=\"elementor-field-type-checkbox elementor-field-group elementor-column elementor-field-group-order_small elementor-col-50\">\n\t\t\t\t\t\t\t\t\t\t\t\t<label for=\"form-field-order_small\" class=\"elementor-field-label\">\n\t\t\t\t\t\t\t\tKleinger\u00e4te\t\t\t\t\t\t\t<\/label>\n\t\t\t\t\t\t<div class=\"elementor-field-subgroup  \"><span class=\"elementor-field-option\"><input type=\"checkbox\" value=\"MEDISEND\u00aeprotect\" id=\"form-field-order_small-0\" name=\"form_fields[order_small][]\"> <label for=\"form-field-order_small-0\">MEDISEND\u00aeprotect<\/label><\/span><span class=\"elementor-field-option\"><input type=\"checkbox\" value=\"MEDISEND\u00ae\" id=\"form-field-order_small-1\" name=\"form_fields[order_small][]\"> <label for=\"form-field-order_small-1\">MEDISEND\u00ae<\/label><\/span><span class=\"elementor-field-option\"><input type=\"checkbox\" value=\"METRONOM solar\" id=\"form-field-order_small-2\" name=\"form_fields[order_small][]\"> <label for=\"form-field-order_small-2\">METRONOM solar<\/label><\/span><span class=\"elementor-field-option\"><input type=\"checkbox\" value=\"MEDICUR\u00aepro\" id=\"form-field-order_small-3\" name=\"form_fields[order_small][]\"> <label for=\"form-field-order_small-3\">MEDICUR\u00aepro<\/label><\/span><span class=\"elementor-field-option\"><input type=\"checkbox\" value=\"CEPES-Laser\u00ae com adaptador na ponta\" id=\"form-field-order_small-4\" name=\"form_fields[order_small][]\"> <label for=\"form-field-order_small-4\">CEPES-Laser\u00ae com adaptador na ponta<\/label><\/span><span class=\"elementor-field-option\"><input type=\"checkbox\" value=\"MEDICUR\u00ae color\" id=\"form-field-order_small-5\" name=\"form_fields[order_small][]\"> <label for=\"form-field-order_small-5\">MEDICUR\u00ae color<\/label><\/span><span class=\"elementor-field-option\"><input type=\"checkbox\" value=\"METRONOM C\" id=\"form-field-order_small-6\" name=\"form_fields[order_small][]\"> <label for=\"form-field-order_small-6\">METRONOM C<\/label><\/span><span class=\"elementor-field-option\"><input type=\"checkbox\" value=\"CEPES-Laser\u00ae Vario\" id=\"form-field-order_small-7\" name=\"form_fields[order_small][]\"> <label for=\"form-field-order_small-7\">CEPES-Laser\u00ae Vario<\/label><\/span><\/div>\t\t\t\t<\/div>\n\t\t\t\t\t\t\t\t<div class=\"elementor-field-type-checkbox elementor-field-group elementor-column elementor-field-group-order_big elementor-col-50\">\n\t\t\t\t\t\t\t\t\t\t\t\t<label for=\"form-field-order_big\" class=\"elementor-field-label\">\n\t\t\t\t\t\t\t\tGro\u00dfger\u00e4te\t\t\t\t\t\t\t<\/label>\n\t\t\t\t\t\t<div class=\"elementor-field-subgroup  \"><span class=\"elementor-field-option\"><input type=\"checkbox\" value=\"MEDISEND\u00aesuper\" id=\"form-field-order_big-0\" name=\"form_fields[order_big][]\"> <label for=\"form-field-order_big-0\">MEDISEND\u00aesuper<\/label><\/span><span class=\"elementor-field-option\"><input type=\"checkbox\" value=\"MEDISEND\u00aesuper C\" id=\"form-field-order_big-1\" name=\"form_fields[order_big][]\"> <label for=\"form-field-order_big-1\">MEDISEND\u00aesuper C<\/label><\/span><span class=\"elementor-field-option\"><input type=\"checkbox\" value=\"MEDISEND\u00aesuper III\" id=\"form-field-order_big-2\" name=\"form_fields[order_big][]\"> <label for=\"form-field-order_big-2\">MEDISEND\u00aesuper III<\/label><\/span><span class=\"elementor-field-option\"><input type=\"checkbox\" value=\"COLOR-Punctur\" id=\"form-field-order_big-3\" name=\"form_fields[order_big][]\"> <label for=\"form-field-order_big-3\">COLOR-Punctur<\/label><\/span><span class=\"elementor-field-option\"><input type=\"checkbox\" value=\"WAVE TRANSFER\" id=\"form-field-order_big-4\" name=\"form_fields[order_big][]\"> <label for=\"form-field-order_big-4\">WAVE TRANSFER<\/label><\/span><\/div>\t\t\t\t<\/div>\n\t\t\t\t\t\t\t\t<div class=\"elementor-field-type-checkbox elementor-field-group elementor-column elementor-field-group-order_accesories elementor-col-50\">\n\t\t\t\t\t\t\t\t\t\t\t\t<label for=\"form-field-order_accesories\" class=\"elementor-field-label\">\n\t\t\t\t\t\t\t\tZubeh\u00f6r\t\t\t\t\t\t\t<\/label>\n\t\t\t\t\t\t<div class=\"elementor-field-subgroup  \"><span class=\"elementor-field-option\"><input type=\"checkbox\" value=\"MEDICUP\" id=\"form-field-order_accesories-0\" name=\"form_fields[order_accesories][]\"> <label for=\"form-field-order_accesories-0\">MEDICUP<\/label><\/span><span class=\"elementor-field-option\"><input type=\"checkbox\" value=\"Handelektroden\" id=\"form-field-order_accesories-1\" name=\"form_fields[order_accesories][]\"> <label for=\"form-field-order_accesories-1\">Handelektroden<\/label><\/span><span class=\"elementor-field-option\"><input type=\"checkbox\" value=\"MAGNETO-Point\" id=\"form-field-order_accesories-2\" name=\"form_fields[order_accesories][]\"> <label for=\"form-field-order_accesories-2\">MAGNETO-Point<\/label><\/span><span class=\"elementor-field-option\"><input type=\"checkbox\" value=\"MAGNETO-Ring\" id=\"form-field-order_accesories-3\" name=\"form_fields[order_accesories][]\"> <label for=\"form-field-order_accesories-3\">MAGNETO-Ring<\/label><\/span><span class=\"elementor-field-option\"><input type=\"checkbox\" value=\"MAGNETO-Schlaufe\" id=\"form-field-order_accesories-4\" name=\"form_fields[order_accesories][]\"> <label for=\"form-field-order_accesories-4\">MAGNETO-Schlaufe<\/label><\/span><span class=\"elementor-field-option\"><input type=\"checkbox\" value=\"Tierapplikatoren\" id=\"form-field-order_accesories-5\" name=\"form_fields[order_accesories][]\"> <label for=\"form-field-order_accesories-5\">Tierapplikatoren<\/label><\/span><span class=\"elementor-field-option\"><input type=\"checkbox\" value=\"Ampullenhalter\" id=\"form-field-order_accesories-6\" name=\"form_fields[order_accesories][]\"> <label for=\"form-field-order_accesories-6\">Ampullenhalter<\/label><\/span><span class=\"elementor-field-option\"><input type=\"checkbox\" value=\"Glasr\u00f6hrchen\" id=\"form-field-order_accesories-7\" name=\"form_fields[order_accesories][]\"> <label for=\"form-field-order_accesories-7\">Glasr\u00f6hrchen<\/label><\/span><span class=\"elementor-field-option\"><input type=\"checkbox\" value=\"Verl\u00e4ngerungskabel f\u00fcr Tierapplikatoren\" id=\"form-field-order_accesories-8\" name=\"form_fields[order_accesories][]\"> <label for=\"form-field-order_accesories-8\">Verl\u00e4ngerungskabel f\u00fcr Tierapplikatoren<\/label><\/span><span class=\"elementor-field-option\"><input type=\"checkbox\" value=\"Ausatzspitze f\u00fcr den CEPES-Laser\u00ae\" id=\"form-field-order_accesories-9\" name=\"form_fields[order_accesories][]\"> <label for=\"form-field-order_accesories-9\">Ausatzspitze f\u00fcr den CEPES-Laser\u00ae<\/label><\/span><span class=\"elementor-field-option\"><input type=\"checkbox\" value=\"Aluminiumkoffer\" id=\"form-field-order_accesories-10\" name=\"form_fields[order_accesories][]\"> <label for=\"form-field-order_accesories-10\">Aluminiumkoffer<\/label><\/span><span class=\"elementor-field-option\"><input type=\"checkbox\" value=\"spring-time\u00ae420 pro\" id=\"form-field-order_accesories-11\" name=\"form_fields[order_accesories][]\"> <label for=\"form-field-order_accesories-11\">spring-time\u00ae420 pro<\/label><\/span><span class=\"elementor-field-option\"><input type=\"checkbox\" value=\"spring-time\u00ae420 pro - Vorfilter\" id=\"form-field-order_accesories-12\" name=\"form_fields[order_accesories][]\"> <label for=\"form-field-order_accesories-12\">spring-time\u00ae420 pro - Vorfilter<\/label><\/span><span class=\"elementor-field-option\"><input type=\"checkbox\" value=\"\u00d6kotensor VARIO\" id=\"form-field-order_accesories-13\" name=\"form_fields[order_accesories][]\"> <label for=\"form-field-order_accesories-13\">\u00d6kotensor VARIO<\/label><\/span><span class=\"elementor-field-option\"><input type=\"checkbox\" value=\"Abtastsensor\" id=\"form-field-order_accesories-14\" name=\"form_fields[order_accesories][]\"> <label for=\"form-field-order_accesories-14\">Abtastsensor<\/label><\/span><span class=\"elementor-field-option\"><input type=\"checkbox\" value=\"Klapptensor \u201eMini\u201c\" id=\"form-field-order_accesories-15\" name=\"form_fields[order_accesories][]\"> <label for=\"form-field-order_accesories-15\">Klapptensor \u201eMini\u201c<\/label><\/span><\/div>\t\t\t\t<\/div>\n\t\t\t\t\t\t\t\t<div class=\"elementor-field-type-checkbox elementor-field-group elementor-column elementor-field-group-order_biowaves elementor-col-50\">\n\t\t\t\t\t\t\t\t\t\t\t\t<label for=\"form-field-order_biowaves\" class=\"elementor-field-label\">\n\t\t\t\t\t\t\t\tBIOWAVES\t\t\t\t\t\t\t<\/label>\n\t\t\t\t\t\t<div class=\"elementor-field-subgroup  \"><span class=\"elementor-field-option\"><input type=\"checkbox\" value=\"AMScomsystem + AMStestmodul incl. Laptop und WIN 7\" id=\"form-field-order_biowaves-0\" name=\"form_fields[order_biowaves][]\"> <label for=\"form-field-order_biowaves-0\">AMScomsystem + AMStestmodul incl. Laptop und WIN 7<\/label><\/span><span class=\"elementor-field-option\"><input type=\"checkbox\" value=\"BIOWAVE  Basispaket\" id=\"form-field-order_biowaves-1\" name=\"form_fields[order_biowaves][]\"> <label for=\"form-field-order_biowaves-1\">BIOWAVE  Basispaket<\/label><\/span><span class=\"elementor-field-option\"><input type=\"checkbox\" value=\"BIOWAVE  Paket I\" id=\"form-field-order_biowaves-2\" name=\"form_fields[order_biowaves][]\"> <label for=\"form-field-order_biowaves-2\">BIOWAVE  Paket I<\/label><\/span><span class=\"elementor-field-option\"><input type=\"checkbox\" value=\"BIOWAVE  Paket II\" id=\"form-field-order_biowaves-3\" name=\"form_fields[order_biowaves][]\"> <label for=\"form-field-order_biowaves-3\">BIOWAVE  Paket II<\/label><\/span><span class=\"elementor-field-option\"><input type=\"checkbox\" value=\"BIOWAVE  Paket III\" id=\"form-field-order_biowaves-4\" name=\"form_fields[order_biowaves][]\"> <label for=\"form-field-order_biowaves-4\">BIOWAVE  Paket III<\/label><\/span><span class=\"elementor-field-option\"><input type=\"checkbox\" value=\"BIOWAVE  Paket IV\" id=\"form-field-order_biowaves-5\" name=\"form_fields[order_biowaves][]\"> <label for=\"form-field-order_biowaves-5\">BIOWAVE  Paket IV<\/label><\/span><span class=\"elementor-field-option\"><input type=\"checkbox\" value=\"BIOWAVE  Paket V\" id=\"form-field-order_biowaves-6\" name=\"form_fields[order_biowaves][]\"> <label for=\"form-field-order_biowaves-6\">BIOWAVE  Paket V<\/label><\/span><span class=\"elementor-field-option\"><input type=\"checkbox\" value=\"BIOWAVE  Paket VI\" id=\"form-field-order_biowaves-7\" name=\"form_fields[order_biowaves][]\"> <label for=\"form-field-order_biowaves-7\">BIOWAVE  Paket VI<\/label><\/span><span class=\"elementor-field-option\"><input type=\"checkbox\" value=\"BIOWAVE  Paket VII\" id=\"form-field-order_biowaves-8\" name=\"form_fields[order_biowaves][]\"> <label for=\"form-field-order_biowaves-8\">BIOWAVE  Paket VII<\/label><\/span><\/div>\t\t\t\t<\/div>\n\t\t\t\t\t\t\t\t<div class=\"elementor-field-type-textarea elementor-field-group elementor-column elementor-field-group-message elementor-col-100\">\n\t\t\t\t\t\t\t\t\t\t\t\t<label for=\"form-field-message\" class=\"elementor-field-label\">\n\t\t\t\t\t\t\t\tNachricht\t\t\t\t\t\t\t<\/label>\n\t\t\t\t\t\t<textarea class=\"elementor-field-textual elementor-field  elementor-size-sm\" name=\"form_fields[message]\" id=\"form-field-message\" rows=\"4\" placeholder=\"Nachricht\"><\/textarea>\t\t\t\t<\/div>\n\t\t\t\t\t\t\t\t<div class=\"elementor-field-group elementor-column elementor-field-type-submit elementor-col-100 e-form__buttons\">\n\t\t\t\t\t<button class=\"elementor-button elementor-size-sm\" type=\"submit\">\n\t\t\t\t\t\t<span class=\"elementor-button-content-wrapper\">\n\t\t\t\t\t\t\t\t\t\t\t\t\t\t\t\t\t\t\t\t\t\t<span class=\"elementor-button-text\">Senden<\/span>\n\t\t\t\t\t\t\t\t\t\t\t\t\t<\/span>\n\t\t\t\t\t<\/button>\n\t\t\t\t<\/div>\n\t\t\t<\/div>\n\t\t<\/form>\n\t\t\t\t\t\t<\/div>\n\t\t\t\t<\/div>\n\t\t\t\t<div class=\"elementor-element elementor-element-d344048 elementor-widget elementor-widget-text-editor\" data-id=\"d344048\" data-element_type=\"widget\" data-e-type=\"widget\" data-widget_type=\"text-editor.default\">\n\t\t\t\t<div class=\"elementor-widget-container\">\n\t\t\t\t\t\t\t\t\t<p><b>Datenschutz-Hinweis: <br \/><\/b>Wir erkl\u00e4ren ausdr\u00fccklich, dass Ihre pers\u00f6nlichen Daten nicht an Dritte weitergeben werden.<\/p>\t\t\t\t\t\t\t\t<\/div>\n\t\t\t\t<\/div>\n\t\t\t\t<div class=\"elementor-element elementor-element-d42aeb0 elementor-widget elementor-widget-text-editor\" data-id=\"d42aeb0\" data-element_type=\"widget\" data-e-type=\"widget\" data-widget_type=\"text-editor.default\">\n\t\t\t\t<div class=\"elementor-widget-container\">\n\t\t\t\t\t\t\t\t\t<p>Bitte beachten Sie, dass die Bearbeitung von Anfragen ein bis zwei Werktage in Anspruch nehmen kann!<\/p>\t\t\t\t\t\t\t\t<\/div>\n\t\t\t\t<\/div>\n\t\t\t\t\t<\/div>\n\t\t<\/div>\n\t\t\t\t\t<\/div>\n\t\t<\/section>\n\t\t\t\t<\/div>\n\t\t","protected":false},"excerpt":{"rendered":"<p>Bestellen Sie direkt in Brasilien F\u00fcllen Sie das Bestellformular aus. Wir setzen uns in Brasilien mit Ihnen in Verbindung. Hier ist die aktuelle Preisliste:Preisliste f\u00fcr Brasilien in BRL auf Portugiesisch, [&hellip;]<\/p>\n","protected":false},"author":1,"featured_media":0,"parent":0,"menu_order":10,"comment_status":"closed","ping_status":"closed","template":"","meta":{"pmpro_default_level":"","footnotes":""},"class_list":["post-18130","page","type-page","status-publish","hentry","pmpro-has-access"],"_links":{"self":[{"href":"https:\/\/www.ams-ag.de\/fr\/wp-json\/wp\/v2\/pages\/18130","targetHints":{"allow":["GET"]}}],"collection":[{"href":"https:\/\/www.ams-ag.de\/fr\/wp-json\/wp\/v2\/pages"}],"about":[{"href":"https:\/\/www.ams-ag.de\/fr\/wp-json\/wp\/v2\/types\/page"}],"author":[{"embeddable":true,"href":"https:\/\/www.ams-ag.de\/fr\/wp-json\/wp\/v2\/users\/1"}],"replies":[{"embeddable":true,"href":"https:\/\/www.ams-ag.de\/fr\/wp-json\/wp\/v2\/comments?post=18130"}],"version-history":[{"count":32,"href":"https:\/\/www.ams-ag.de\/fr\/wp-json\/wp\/v2\/pages\/18130\/revisions"}],"predecessor-version":[{"id":18213,"href":"https:\/\/www.ams-ag.de\/fr\/wp-json\/wp\/v2\/pages\/18130\/revisions\/18213"}],"wp:attachment":[{"href":"https:\/\/www.ams-ag.de\/fr\/wp-json\/wp\/v2\/media?parent=18130"}],"curies":[{"name":"wp","href":"https:\/\/api.w.org\/{rel}","templated":true}]}}