{"id":1426,"date":"2023-05-01T13:17:50","date_gmt":"2023-05-01T11:17:50","guid":{"rendered":"http:\/\/www.ams-ag.de\/?page_id=1426"},"modified":"2024-05-16T20:02:30","modified_gmt":"2024-05-16T18:02:30","slug":"therapie-par-champ-magnetique-et-medecine-bioinformative","status":"publish","type":"page","link":"https:\/\/www.ams-ag.de\/fr\/grundlagen-magnetfeldtherapie\/magnetfeldtherapie-und-bioinformative-medizin\/","title":{"rendered":"Th\u00e9rapie par champ magn\u00e9tique et m\u00e9decine bioinformative"},"content":{"rendered":"<div data-elementor-type=\"wp-page\" data-elementor-id=\"1426\" class=\"elementor elementor-1426\" data-elementor-post-type=\"page\">\n\t\t\t\t\t\t<section class=\"elementor-section elementor-top-section elementor-element elementor-element-cdce28a elementor-section-boxed elementor-section-height-default elementor-section-height-default\" data-id=\"cdce28a\" data-element_type=\"section\" data-e-type=\"section\" data-settings=\"{&quot;background_background&quot;:&quot;classic&quot;}\">\n\t\t\t\t\t\t<div class=\"elementor-container elementor-column-gap-default\">\n\t\t\t\t\t<div class=\"elementor-column elementor-col-50 elementor-top-column elementor-element elementor-element-181e548\" data-id=\"181e548\" data-element_type=\"column\" data-e-type=\"column\">\n\t\t\t<div class=\"elementor-widget-wrap elementor-element-populated\">\n\t\t\t\t\t\t<div class=\"elementor-element elementor-element-18bf617 elementor-widget elementor-widget-image\" data-id=\"18bf617\" data-element_type=\"widget\" data-e-type=\"widget\" data-widget_type=\"image.default\">\n\t\t\t\t<div class=\"elementor-widget-container\">\n\t\t\t\t\t\t\t\t\t\t\t\t\t\t\t<img fetchpriority=\"high\" decoding=\"async\" width=\"768\" height=\"512\" src=\"https:\/\/www.ams-ag.de\/wp-content\/uploads\/2024\/02\/pexels-susanne-jutzeler-sujufoto-1169084-768x512.jpg\" class=\"attachment-medium_large size-medium_large wp-image-14375\" alt=\"\" srcset=\"https:\/\/www.ams-ag.de\/wp-content\/uploads\/2024\/02\/pexels-susanne-jutzeler-sujufoto-1169084-768x512.jpg 768w, https:\/\/www.ams-ag.de\/wp-content\/uploads\/2024\/02\/pexels-susanne-jutzeler-sujufoto-1169084-300x200.jpg 300w, https:\/\/www.ams-ag.de\/wp-content\/uploads\/2024\/02\/pexels-susanne-jutzeler-sujufoto-1169084-1536x1024.jpg 1536w, https:\/\/www.ams-ag.de\/wp-content\/uploads\/2024\/02\/pexels-susanne-jutzeler-sujufoto-1169084-18x12.jpg 18w, https:\/\/www.ams-ag.de\/wp-content\/uploads\/2024\/02\/pexels-susanne-jutzeler-sujufoto-1169084.jpg 1920w\" sizes=\"(max-width: 768px) 100vw, 768px\" \/>\t\t\t\t\t\t\t\t\t\t\t\t\t\t\t<\/div>\n\t\t\t\t<\/div>\n\t\t\t\t\t<\/div>\n\t\t<\/div>\n\t\t\t\t<div class=\"elementor-column elementor-col-50 elementor-top-column elementor-element elementor-element-c9d3ccb\" data-id=\"c9d3ccb\" data-element_type=\"column\" data-e-type=\"column\">\n\t\t\t<div class=\"elementor-widget-wrap elementor-element-populated\">\n\t\t\t\t\t\t<div class=\"elementor-element elementor-element-3578d0ff elementor-widget elementor-widget-heading\" data-id=\"3578d0ff\" data-element_type=\"widget\" data-e-type=\"widget\" data-widget_type=\"heading.default\">\n\t\t\t\t<div class=\"elementor-widget-container\">\n\t\t\t\t\t<h1 class=\"elementor-heading-title elementor-size-default\">Th\u00e9rapie par champ magn\u00e9tique et m\u00e9decine bioinformative<\/h1>\t\t\t\t<\/div>\n\t\t\t\t<\/div>\n\t\t\t\t\t<\/div>\n\t\t<\/div>\n\t\t\t\t\t<\/div>\n\t\t<\/section>\n\t\t\t\t<section class=\"elementor-section elementor-top-section elementor-element elementor-element-5387abd elementor-section-boxed elementor-section-height-default elementor-section-height-default\" data-id=\"5387abd\" data-element_type=\"section\" data-e-type=\"section\">\n\t\t\t\t\t\t<div class=\"elementor-container elementor-column-gap-default\">\n\t\t\t\t\t<div class=\"elementor-column elementor-col-100 elementor-top-column elementor-element elementor-element-4e2cbe2\" data-id=\"4e2cbe2\" data-element_type=\"column\" data-e-type=\"column\">\n\t\t\t<div class=\"elementor-widget-wrap elementor-element-populated\">\n\t\t\t\t\t\t<div class=\"elementor-element elementor-element-d115451 elementor-widget elementor-widget-heading\" data-id=\"d115451\" data-element_type=\"widget\" data-e-type=\"widget\" data-widget_type=\"heading.default\">\n\t\t\t\t<div class=\"elementor-widget-container\">\n\t\t\t\t\t<h2 class=\"elementor-heading-title elementor-size-default\">Th\u00e9rapie par champ magn\u00e9tique : \u00e0 quoi \u00e7a sert ?<\/h2>\t\t\t\t<\/div>\n\t\t\t\t<\/div>\n\t\t\t\t<div class=\"elementor-element elementor-element-58da6699 elementor-widget elementor-widget-text-editor\" data-id=\"58da6699\" data-element_type=\"widget\" data-e-type=\"widget\" data-widget_type=\"text-editor.default\">\n\t\t\t\t<div class=\"elementor-widget-container\">\n\t\t\t\t\t\t\t\t\t<p><b>Qu\u2019entend-on par th\u00e9rapie par champ magn\u00e9tique\/m\u00e9decine bioinformative ?<\/b><\/p><p>La th\u00e9rapie par champ magn\u00e9tique permet d\u2019aider le corps \u00e0 se r\u00e9guler. Il ne s&#039;agit donc pas de gu\u00e9rir une maladie sp\u00e9cifique - nous ne voulons pas et ne sommes pas autoris\u00e9s \u00e0 le pr\u00e9tendre - mais nos appareils g\u00e9n\u00e8rent des vibrations bio\u00e9nerg\u00e9tiques qui stimulent les processus d&#039;autor\u00e9gulation.<\/p><p>Pour ce faire, les appareils g\u00e9n\u00e8rent un champ \u00e9lectromagn\u00e9tique qui est transmis au corps. L&#039;application est tr\u00e8s simple : selon l&#039;appareil, soit l&#039;applicateur connect\u00e9, soit l&#039;appareil lui-m\u00eame est plac\u00e9 sur ou \u00e0 c\u00f4t\u00e9 du corps. Le champ \u00e9lectromagn\u00e9tique p\u00e9n\u00e8tre dans les v\u00eatements et inonde chaque cellule.<\/p><p>Diff\u00e9rentes fr\u00e9quences peuvent \u00eatre utilis\u00e9es. Par exemple, l\u2019intention d\u2019une application peut \u00eatre stimulante, apaisante ou utile pour la sensibilit\u00e9 \u00e0 l\u2019\u00e9lectrosmog. Il existe de nombreuses autres applications possibles \u2013 comme d\u00e9j\u00e0 d\u00e9crit, il s\u2019agit d\u2019aider le corps \u00e0 se r\u00e9guler.<\/p><p>Nos petits appareils ont des fr\u00e9quences pr\u00e9d\u00e9finies qui peuvent \u00eatre utilis\u00e9es et s\u00e9lectionn\u00e9es en fonction de la situation. Les gros appareils ne disposent pas de pr\u00e9s\u00e9lection de programme - ils offrent la possibilit\u00e9 de r\u00e9gler diff\u00e9rentes fr\u00e9quences dans une certaine bande passante.<\/p><p>Vous trouverez les informations sp\u00e9cifiques dans les sections correspondantes des produits respectifs.<\/p>\t\t\t\t\t\t\t\t<\/div>\n\t\t\t\t<\/div>\n\t\t\t\t\t<\/div>\n\t\t<\/div>\n\t\t\t\t\t<\/div>\n\t\t<\/section>\n\t\t\t\t<section class=\"elementor-section elementor-top-section elementor-element elementor-element-68677c8 elementor-section-boxed elementor-section-height-default elementor-section-height-default\" data-id=\"68677c8\" data-element_type=\"section\" data-e-type=\"section\">\n\t\t\t\t\t\t<div class=\"elementor-container elementor-column-gap-default\">\n\t\t\t\t\t<div class=\"elementor-column elementor-col-100 elementor-top-column elementor-element elementor-element-ac7f362\" data-id=\"ac7f362\" data-element_type=\"column\" data-e-type=\"column\">\n\t\t\t<div class=\"elementor-widget-wrap elementor-element-populated\">\n\t\t\t\t\t\t<div class=\"elementor-element elementor-element-7a3f7ce elementor-widget elementor-widget-heading\" data-id=\"7a3f7ce\" data-element_type=\"widget\" data-e-type=\"widget\" data-widget_type=\"heading.default\">\n\t\t\t\t<div class=\"elementor-widget-container\">\n\t\t\t\t\t<h2 class=\"elementor-heading-title elementor-size-default\">Champs \u00e9lectromagn\u00e9tiques alternatifs<\/h2>\t\t\t\t<\/div>\n\t\t\t\t<\/div>\n\t\t\t\t<div class=\"elementor-element elementor-element-c55d7f2 elementor-widget elementor-widget-text-editor\" data-id=\"c55d7f2\" data-element_type=\"widget\" data-e-type=\"widget\" data-widget_type=\"text-editor.default\">\n\t\t\t\t<div class=\"elementor-widget-container\">\n\t\t\t\t\t\t\t\t\t<p>La communication dans notre corps s&#039;effectue \u00e0 l&#039;aide de champs \u00e9lectromagn\u00e9tiques alternatifs. La biophysique les appelle biophotons. Ils fonctionnent comme un r\u00e9seau d\u2019informations sans fil qui contr\u00f4le toutes les activit\u00e9s cellulaires et favorise l\u2019autor\u00e9gulation bio\u00e9nerg\u00e9tique. La transmission intra- et extracellulaire de l&#039;information se fait par le biais d&#039;effets de r\u00e9sonance biologique.<\/p><p>Les biophotons ou champs \u00e9lectromagn\u00e9tiques alternatifs sont les couplages les plus \u00e9l\u00e9mentaires qui se produisent dans l&#039;organisme. Ils contr\u00f4lent toutes les activit\u00e9s cellulaires via des effets de r\u00e9sonance biologique et constituent la base de l&#039;autor\u00e9gulation bio\u00e9nerg\u00e9tique.<\/p><p>Les appareils de th\u00e9rapie par champ magn\u00e9tique d\u00e9velopp\u00e9s par Dr. W. Ludwig g\u00e9n\u00e8rent des champs \u00e9lectromagn\u00e9tiques alternatifs qui cr\u00e9ent des effets de r\u00e9sonance biologique et peuvent ainsi stimuler bio\u00e9nerg\u00e9tiquement les processus de r\u00e9gulation et activer les pouvoirs d&#039;auto-gu\u00e9rison. Les appareils fonctionnent sur la base de champs \u00e9lectromagn\u00e9tiques faibles et changeant rapidement dans la gamme des basses et hautes fr\u00e9quences (en harmoniques jusqu&#039;\u00e0 10 MHz).<\/p>\t\t\t\t\t\t\t\t<\/div>\n\t\t\t\t<\/div>\n\t\t\t\t\t<\/div>\n\t\t<\/div>\n\t\t\t\t\t<\/div>\n\t\t<\/section>\n\t\t\t\t<section class=\"elementor-section elementor-top-section elementor-element elementor-element-b0c4549 elementor-section-boxed elementor-section-height-default elementor-section-height-default\" data-id=\"b0c4549\" data-element_type=\"section\" data-e-type=\"section\">\n\t\t\t\t\t\t<div class=\"elementor-container elementor-column-gap-default\">\n\t\t\t\t\t<div class=\"elementor-column elementor-col-100 elementor-top-column elementor-element elementor-element-57d96ec\" data-id=\"57d96ec\" data-element_type=\"column\" data-e-type=\"column\">\n\t\t\t<div class=\"elementor-widget-wrap elementor-element-populated\">\n\t\t\t\t\t\t<div class=\"elementor-element elementor-element-eefc975 elementor-widget elementor-widget-heading\" data-id=\"eefc975\" data-element_type=\"widget\" data-e-type=\"widget\" data-widget_type=\"heading.default\">\n\t\t\t\t<div class=\"elementor-widget-container\">\n\t\t\t\t\t<h2 class=\"elementor-heading-title elementor-size-default\">Pourquoi un appareil de Dr. Ludwig ?<\/h2>\t\t\t\t<\/div>\n\t\t\t\t<\/div>\n\t\t\t\t<div class=\"elementor-element elementor-element-30efbcf elementor-widget elementor-widget-text-editor\" data-id=\"30efbcf\" data-element_type=\"widget\" data-e-type=\"widget\" data-widget_type=\"text-editor.default\">\n\t\t\t\t<div class=\"elementor-widget-container\">\n\t\t\t\t\t\t\t\t\t<p><b>Quelle est la particularit\u00e9 des appareils AMS du Dr. Ludwig ?<\/b><br \/>Dr. Ludwig \u00e9tait important pour d\u00e9velopper des dispositifs g\u00e9n\u00e9rant un champ \u00e9lectromagn\u00e9tique puls\u00e9 artificiel aussi similaire que possible au champ naturel de l&#039;environnement. Il voulait s\u2019assurer que le corps comprenne facilement ces signaux.<\/p><p>C&#039;est pourquoi il a \u00e9tudi\u00e9 minutieusement notre environnement avec les champs naturels qui nous entourent et a con\u00e7u ses appareils \u00e0 champ magn\u00e9tique de mani\u00e8re \u00e0 ce que ces fr\u00e9quences naturelles soient reproduites aussi pr\u00e9cis\u00e9ment que possible.<\/p><p>Aujourd&#039;hui encore, tous nos appareils sont construits selon les sp\u00e9cifications du Dr. Ludwig et g\u00e9n\u00e8rent donc des champs \u00e9lectromagn\u00e9tiques de diff\u00e9rentes fr\u00e9quences particuli\u00e8rement faciles \u00e0 comprendre par l&#039;organisme.<\/p><p>D\u00e9couvrez ci-dessous \u00e0 quoi Dr. Ludwig a accord\u00e9 une attention particuli\u00e8re lors du d\u00e9veloppement de ses appareils et comment il a int\u00e9gr\u00e9 ses connaissances approfondies dans le d\u00e9veloppement des appareils.<\/p>\t\t\t\t\t\t\t\t<\/div>\n\t\t\t\t<\/div>\n\t\t\t\t\t<\/div>\n\t\t<\/div>\n\t\t\t\t\t<\/div>\n\t\t<\/section>\n\t\t\t\t<section class=\"elementor-section elementor-top-section elementor-element elementor-element-4851977 elementor-section-boxed elementor-section-height-default elementor-section-height-default\" data-id=\"4851977\" data-element_type=\"section\" data-e-type=\"section\">\n\t\t\t\t\t\t<div class=\"elementor-container elementor-column-gap-default\">\n\t\t\t\t\t<div class=\"elementor-column elementor-col-100 elementor-top-column elementor-element elementor-element-919a965\" data-id=\"919a965\" data-element_type=\"column\" data-e-type=\"column\">\n\t\t\t<div class=\"elementor-widget-wrap elementor-element-populated\">\n\t\t\t\t\t\t<div class=\"elementor-element elementor-element-be0251a elementor-widget elementor-widget-heading\" data-id=\"be0251a\" data-element_type=\"widget\" data-e-type=\"widget\" data-widget_type=\"heading.default\">\n\t\t\t\t<div class=\"elementor-widget-container\">\n\t\t\t\t\t<h2 class=\"elementor-heading-title elementor-size-default\">Champs magn\u00e9tiques puls\u00e9s<\/h2>\t\t\t\t<\/div>\n\t\t\t\t<\/div>\n\t\t\t\t<div class=\"elementor-element elementor-element-cb3413c elementor-widget elementor-widget-text-editor\" data-id=\"cb3413c\" data-element_type=\"widget\" data-e-type=\"widget\" data-widget_type=\"text-editor.default\">\n\t\t\t\t<div class=\"elementor-widget-container\">\n\t\t\t\t\t\t\t\t\t<p><b>Les champs magn\u00e9tiques puls\u00e9s ont certaines propri\u00e9t\u00e9s dont nous pouvons tirer parti. Vous pouvez en savoir plus \u00e0 ce sujet dans les \u00e9l\u00e9ments de menu suivants\u00a0:<\/b><\/p><ul><li>Une petite excursion en physique, pour quelques notions de base sur les champs \u00e9lectromagn\u00e9tiques :<br \/><a class=\"internal-link\" title=\"Ouvre le lien interne dans la fen\u00eatre actuelle\" href=\"https:\/\/www.ams-ag.de\/fr\/physique\/\"><b>la physique<\/b>.<\/a><\/li><li>Signaux physiologiques environnementaux : Schumann, fr\u00e9quences g\u00e9omagn\u00e9tiques et solaires - signaux qui nous entourent naturellement :<br \/><a class=\"internal-link\" title=\"Ouvre le lien interne dans la fen\u00eatre actuelle\" href=\"https:\/\/www.ams-ag.de\/fr\/signaux-environnementaux\/\"><b>Signaux environnementaux<\/b>.<\/a><\/li><li>Caract\u00e9ristiques de qualit\u00e9 des appareils \u00e0 champ magn\u00e9tique physiologiquement efficaces \u2013 \u00c0 quels crit\u00e8res les appareils doivent-ils r\u00e9pondre en termes d&#039;intensit\u00e9 du champ magn\u00e9tique et de forme d&#039;impulsion pour pouvoir d\u00e9velopper leur plein effet ?<br \/><a class=\"internal-link\" title=\"Ouvre le lien interne dans la fen\u00eatre actuelle\" href=\"https:\/\/www.ams-ag.de\/fr\/caracteristiques-de-qualite\/\"><b>Caract\u00e9ristiques de qualit\u00e9<\/b><\/a><\/li><li><a class=\"internal-link\" title=\"Ouvre le lien interne dans la fen\u00eatre actuelle\" href=\"https:\/\/www.ams-ag.de\/fr\/frequences-et-applications-possibles\/\"><b>Fr\u00e9quences et applications possibles<\/b><\/a> \u2013 Quelles fr\u00e9quences sont adapt\u00e9es \u00e0 l&#039;utilisation ?<\/li><li><a class=\"internal-link\" title=\"Ouvre le lien interne dans la fen\u00eatre actuelle\" href=\"https:\/\/www.ams-ag.de\/fr\/transfert-de-substrat\/\"><b>Transfert de substrat<\/b><\/a> \u2013 Utilisation du champ magn\u00e9tique puls\u00e9 comme rail de transport pour la transmission d\u2019informations.<\/li><\/ul>\t\t\t\t\t\t\t\t<\/div>\n\t\t\t\t<\/div>\n\t\t\t\t\t<\/div>\n\t\t<\/div>\n\t\t\t\t\t<\/div>\n\t\t<\/section>\n\t\t\t\t<section class=\"elementor-section elementor-top-section elementor-element elementor-element-141228c elementor-section-boxed elementor-section-height-default elementor-section-height-default\" data-id=\"141228c\" data-element_type=\"section\" data-e-type=\"section\" data-settings=\"{&quot;background_background&quot;:&quot;classic&quot;}\">\n\t\t\t\t\t\t<div class=\"elementor-container elementor-column-gap-default\">\n\t\t\t\t\t<div class=\"elementor-column elementor-col-100 elementor-top-column elementor-element elementor-element-585427f\" data-id=\"585427f\" data-element_type=\"column\" data-e-type=\"column\">\n\t\t\t<div class=\"elementor-widget-wrap elementor-element-populated\">\n\t\t\t\t\t\t<div class=\"elementor-element elementor-element-5653943 elementor-align-right elementor-mobile-align-center elementor-widget elementor-widget-button\" data-id=\"5653943\" data-element_type=\"widget\" data-e-type=\"widget\" data-widget_type=\"button.default\">\n\t\t\t\t<div class=\"elementor-widget-container\">\n\t\t\t\t\t\t\t\t\t<div class=\"elementor-button-wrapper\">\n\t\t\t\t\t<a class=\"elementor-button elementor-button-link elementor-size-sm\" href=\"https:\/\/www.ams-ag.de\/fr\/grundlagen-magnetfeldtherapie\/magnetfeldtherapie-und-bioinformative-medizin\/physik\/\">\n\t\t\t\t\t\t<span class=\"elementor-button-content-wrapper\">\n\t\t\t\t\t\t<span class=\"elementor-button-icon\">\n\t\t\t\t<i aria-hidden=\"true\" class=\"fas fa-arrow-right\"><\/i>\t\t\t<\/span>\n\t\t\t\t\t\t\t\t\t<span class=\"elementor-button-text\">la physique<\/span>\n\t\t\t\t\t<\/span>\n\t\t\t\t\t<\/a>\n\t\t\t\t<\/div>\n\t\t\t\t\t\t\t\t<\/div>\n\t\t\t\t<\/div>\n\t\t\t\t\t<\/div>\n\t\t<\/div>\n\t\t\t\t\t<\/div>\n\t\t<\/section>\n\t\t\t\t<\/div>","protected":false},"excerpt":{"rendered":"<p>Magnetfeldtherapie und Bioinformative Medizin Magnetfeldtherapie &#8211; wof\u00fcr? Was versteht man unter der Magnetfeldtherapie \/ Bioinformativer Medizin Die Magnetfeldtherapie ist daf\u00fcr geeignet, dem K\u00f6rper zur Regulation zu verhelfen. Es geht also [&hellip;]<\/p>\n","protected":false},"author":1,"featured_media":0,"parent":1499,"menu_order":1,"comment_status":"closed","ping_status":"closed","template":"","meta":{"pmpro_default_level":"","footnotes":""},"class_list":["post-1426","page","type-page","status-publish","hentry","pmpro-has-access"],"_links":{"self":[{"href":"https:\/\/www.ams-ag.de\/fr\/wp-json\/wp\/v2\/pages\/1426","targetHints":{"allow":["GET"]}}],"collection":[{"href":"https:\/\/www.ams-ag.de\/fr\/wp-json\/wp\/v2\/pages"}],"about":[{"href":"https:\/\/www.ams-ag.de\/fr\/wp-json\/wp\/v2\/types\/page"}],"author":[{"embeddable":true,"href":"https:\/\/www.ams-ag.de\/fr\/wp-json\/wp\/v2\/users\/1"}],"replies":[{"embeddable":true,"href":"https:\/\/www.ams-ag.de\/fr\/wp-json\/wp\/v2\/comments?post=1426"}],"version-history":[{"count":24,"href":"https:\/\/www.ams-ag.de\/fr\/wp-json\/wp\/v2\/pages\/1426\/revisions"}],"predecessor-version":[{"id":17513,"href":"https:\/\/www.ams-ag.de\/fr\/wp-json\/wp\/v2\/pages\/1426\/revisions\/17513"}],"up":[{"embeddable":true,"href":"https:\/\/www.ams-ag.de\/fr\/wp-json\/wp\/v2\/pages\/1499"}],"wp:attachment":[{"href":"https:\/\/www.ams-ag.de\/fr\/wp-json\/wp\/v2\/media?parent=1426"}],"curies":[{"name":"wp","href":"https:\/\/api.w.org\/{rel}","templated":true}]}}