{"id":1411,"date":"2023-05-01T13:13:20","date_gmt":"2023-05-01T11:13:20","guid":{"rendered":"http:\/\/www.ams-ag.de\/?page_id=1411"},"modified":"2024-04-28T21:32:49","modified_gmt":"2024-04-28T19:32:49","slug":"qui-nous-sommes","status":"publish","type":"page","link":"https:\/\/www.ams-ag.de\/fr\/ueber-ams\/wer-wir-sind\/","title":{"rendered":"qui nous sommes"},"content":{"rendered":"<div data-elementor-type=\"wp-page\" data-elementor-id=\"1411\" class=\"elementor elementor-1411\" data-elementor-post-type=\"page\">\n\t\t\t\t\t\t<section class=\"elementor-section elementor-top-section elementor-element elementor-element-9d61625 elementor-section-boxed elementor-section-height-default elementor-section-height-default\" data-id=\"9d61625\" data-element_type=\"section\" data-e-type=\"section\" data-settings=\"{&quot;background_background&quot;:&quot;classic&quot;}\">\n\t\t\t\t\t\t<div class=\"elementor-container elementor-column-gap-default\">\n\t\t\t\t\t<div class=\"elementor-column elementor-col-50 elementor-top-column elementor-element elementor-element-7a0cec6\" data-id=\"7a0cec6\" data-element_type=\"column\" data-e-type=\"column\">\n\t\t\t<div class=\"elementor-widget-wrap elementor-element-populated\">\n\t\t\t\t\t\t<div class=\"elementor-element elementor-element-a315795 elementor-widget elementor-widget-image\" data-id=\"a315795\" data-element_type=\"widget\" data-e-type=\"widget\" data-widget_type=\"image.default\">\n\t\t\t\t<div class=\"elementor-widget-container\">\n\t\t\t\t\t\t\t\t\t\t\t\t\t\t\t<img fetchpriority=\"high\" decoding=\"async\" width=\"760\" height=\"760\" src=\"https:\/\/www.ams-ag.de\/wp-content\/uploads\/2024\/01\/ams-team.jpg\" class=\"attachment-medium_large size-medium_large wp-image-14195\" alt=\"\" srcset=\"https:\/\/www.ams-ag.de\/wp-content\/uploads\/2024\/01\/ams-team.jpg 760w, https:\/\/www.ams-ag.de\/wp-content\/uploads\/2024\/01\/ams-team-300x300.jpg 300w, https:\/\/www.ams-ag.de\/wp-content\/uploads\/2024\/01\/ams-team-150x150.jpg 150w, https:\/\/www.ams-ag.de\/wp-content\/uploads\/2024\/01\/ams-team-12x12.jpg 12w\" sizes=\"(max-width: 760px) 100vw, 760px\" \/>\t\t\t\t\t\t\t\t\t\t\t\t\t\t\t<\/div>\n\t\t\t\t<\/div>\n\t\t\t\t\t<\/div>\n\t\t<\/div>\n\t\t\t\t<div class=\"elementor-column elementor-col-50 elementor-top-column elementor-element elementor-element-5a4ae40\" data-id=\"5a4ae40\" data-element_type=\"column\" data-e-type=\"column\">\n\t\t\t<div class=\"elementor-widget-wrap elementor-element-populated\">\n\t\t\t\t\t\t<div class=\"elementor-element elementor-element-02d87ea elementor-widget elementor-widget-heading\" data-id=\"02d87ea\" data-element_type=\"widget\" data-e-type=\"widget\" data-widget_type=\"heading.default\">\n\t\t\t\t<div class=\"elementor-widget-container\">\n\t\t\t\t\t<div class=\"elementor-heading-title elementor-size-default\">qui nous sommes<\/div>\t\t\t\t<\/div>\n\t\t\t\t<\/div>\n\t\t\t\t<div class=\"elementor-element elementor-element-903de9b elementor-widget elementor-widget-heading\" data-id=\"903de9b\" data-element_type=\"widget\" data-e-type=\"widget\" data-widget_type=\"heading.default\">\n\t\t\t\t<div class=\"elementor-widget-container\">\n\t\t\t\t\t<h1 class=\"elementor-heading-title elementor-size-default\">AMS GmbH - Syst\u00e8mes m\u00e9dicaux avanc\u00e9s<\/h1>\t\t\t\t<\/div>\n\t\t\t\t<\/div>\n\t\t\t\t<div class=\"elementor-element elementor-element-18a35dd elementor-widget elementor-widget-text-editor\" data-id=\"18a35dd\" data-element_type=\"widget\" data-e-type=\"widget\" data-widget_type=\"text-editor.default\">\n\t\t\t\t<div class=\"elementor-widget-container\">\n\t\t\t\t\t\t\t\t\tAMS GmbH est bas\u00e9e \u00e0 Weikersheim, dans le magnifique Taubertal du Bade-Wurtemberg, \u00e0 environ 10 km \u00e0 l&#039;est de Bad Mergentheim et \u00e0 40 km au sud de W\u00fcrzburg.\t\t\t\t\t\t\t\t<\/div>\n\t\t\t\t<\/div>\n\t\t\t\t\t<\/div>\n\t\t<\/div>\n\t\t\t\t\t<\/div>\n\t\t<\/section>\n\t\t\t\t<section class=\"elementor-section elementor-top-section elementor-element elementor-element-7f90dfa elementor-section-boxed elementor-section-height-default elementor-section-height-default\" data-id=\"7f90dfa\" data-element_type=\"section\" data-e-type=\"section\">\n\t\t\t\t\t\t<div class=\"elementor-container elementor-column-gap-default\">\n\t\t\t\t\t<div class=\"elementor-column elementor-col-100 elementor-top-column elementor-element elementor-element-98e3270\" data-id=\"98e3270\" data-element_type=\"column\" data-e-type=\"column\">\n\t\t\t<div class=\"elementor-widget-wrap elementor-element-populated\">\n\t\t\t\t\t\t<div class=\"elementor-element elementor-element-5ed91fc1 elementor-widget elementor-widget-text-editor\" data-id=\"5ed91fc1\" data-element_type=\"widget\" data-e-type=\"widget\" data-widget_type=\"text-editor.default\">\n\t\t\t\t<div class=\"elementor-widget-container\">\n\t\t\t\t\t\t\t\t\t<p>Notre entreprise est synonyme de recherche et de d\u00e9veloppement ainsi que de production et de distribution de technologies m\u00e9dicales bio\u00e9nerg\u00e9tiques.<\/p><p><b>La large gamme de produits comprend<\/b><\/p><ul><li>Appareils de th\u00e9rapie par champ magn\u00e9tique<\/li><li>Syst\u00e8mes de bior\u00e9sonance<\/li><li>Appareils \u00e0 lumi\u00e8re color\u00e9e et laser combin\u00e9s \u00e0 un champ magn\u00e9tique puls\u00e9<\/li><li>Traitement de l&#039;eau par osmose inverse avec mise sous tension simultan\u00e9e<\/li><li>Dispositifs de stockage\/transmission num\u00e9rique de bioinformations \u00e0 des fins de test et d&#039;utilisation sur les humains et les animaux.<\/li><\/ul><p>Notre gamme de produits comprend aussi bien des appareils petits et portatifs pour un usage priv\u00e9\/traitement \u00e0 domicile que des appareils de grande taille et de cabinet pour les th\u00e9rapeutes des domaines de la m\u00e9decine humaine et v\u00e9t\u00e9rinaire.<\/p><p>Nous avons des relations clients dans plus de 65 pays.<\/p><p>Nos appareils sont fabriqu\u00e9s en Allemagne et certains sont sur le march\u00e9 depuis plus de 40 ans.<\/p><p>Les travaux de recherche et de d\u00e9veloppement n\u00e9cessaires sont effectu\u00e9s \u00e0 l&#039;Institut de biophysique, qu&#039;AMS GmbH a repris en 1998 du Dr. rer. nat. W. Ludwig, biophysicien de renomm\u00e9e mondiale.<\/p><p>Gr\u00e2ce aux r\u00e9sultats de la recherche sur Dr. Ludwig, le \u00ab p\u00e8re de la th\u00e9rapie par champ magn\u00e9tique \u00bb, AMS dispose non seulement d&#039;un avantage technologique sur ses concurrents sur le march\u00e9, mais AMS a \u00e9galement droit \u00e0 un savoir-faire technologique unique au monde et existant depuis plus de 30 ans de travaux de recherche et d\u00e9veloppement intensifs et approfondis par Dr. Ludwig.<\/p><p><b>AMS GmbH \u2013 Syst\u00e8mes m\u00e9dicaux avanc\u00e9s<br \/>Hauptstra\u00dfe26<br \/>97990 Weikersheim<\/b><\/p>\t\t\t\t\t\t\t\t<\/div>\n\t\t\t\t<\/div>\n\t\t\t\t<div class=\"elementor-element elementor-element-35b13e1 elementor-widget elementor-widget-google_maps\" data-id=\"35b13e1\" data-element_type=\"widget\" data-e-type=\"widget\" data-widget_type=\"google_maps.default\">\n\t\t\t\t<div class=\"elementor-widget-container\">\n\t\t\t\t\t\t\t<div class=\"elementor-custom-embed\">\n\t\t\t<iframe loading=\"lazy\"\n\t\t\t\t\tsrc=\"https:\/\/maps.google.com\/maps?q=ams%20gmbh%20weikersheim&#038;t=m&#038;z=10&#038;output=embed&#038;iwloc=near\"\n\t\t\t\t\ttitle=\"ams gmbh weikersheim\"\n\t\t\t\t\taria-label=\"ams gmbh weikersheim\"\n\t\t\t><\/iframe>\n\t\t<\/div>\n\t\t\t\t\t\t<\/div>\n\t\t\t\t<\/div>\n\t\t\t\t\t<\/div>\n\t\t<\/div>\n\t\t\t\t\t<\/div>\n\t\t<\/section>\n\t\t\t\t<section class=\"elementor-section elementor-top-section elementor-element elementor-element-a393b52 elementor-section-boxed elementor-section-height-default elementor-section-height-default\" data-id=\"a393b52\" data-element_type=\"section\" data-e-type=\"section\" data-settings=\"{&quot;background_background&quot;:&quot;classic&quot;}\">\n\t\t\t\t\t\t<div class=\"elementor-container elementor-column-gap-default\">\n\t\t\t\t\t<div class=\"elementor-column elementor-col-100 elementor-top-column elementor-element elementor-element-d6769f8\" data-id=\"d6769f8\" data-element_type=\"column\" data-e-type=\"column\">\n\t\t\t<div class=\"elementor-widget-wrap elementor-element-populated\">\n\t\t\t\t\t\t<div class=\"elementor-element elementor-element-b08bc18 elementor-align-right elementor-mobile-align-center elementor-widget elementor-widget-button\" data-id=\"b08bc18\" data-element_type=\"widget\" data-e-type=\"widget\" data-widget_type=\"button.default\">\n\t\t\t\t<div class=\"elementor-widget-container\">\n\t\t\t\t\t\t\t\t\t<div class=\"elementor-button-wrapper\">\n\t\t\t\t\t<a class=\"elementor-button elementor-button-link elementor-size-sm\" href=\"https:\/\/www.ams-ag.de\/fr\/ueber-ams\/dr-rer-nat-frank-beck\/\">\n\t\t\t\t\t\t<span class=\"elementor-button-content-wrapper\">\n\t\t\t\t\t\t<span class=\"elementor-button-icon\">\n\t\t\t\t<i aria-hidden=\"true\" class=\"fas fa-arrow-right\"><\/i>\t\t\t<\/span>\n\t\t\t\t\t\t\t\t\t<span class=\"elementor-button-text\">Dr. rer. nat. Frank Beck<\/span>\n\t\t\t\t\t<\/span>\n\t\t\t\t\t<\/a>\n\t\t\t\t<\/div>\n\t\t\t\t\t\t\t\t<\/div>\n\t\t\t\t<\/div>\n\t\t\t\t\t<\/div>\n\t\t<\/div>\n\t\t\t\t\t<\/div>\n\t\t<\/section>\n\t\t\t\t<\/div>","protected":false},"excerpt":{"rendered":"<p>Wer wir sind Die AMS GmbH &#8211; Advanced Medical Systems Die AMS GmbH ist ans\u00e4ssig in Weikersheim im sch\u00f6nen Taubertal in Baden-W\u00fcrttemberg, etwa 10 km \u00f6stlich von Bad Mergentheim und [&hellip;]<\/p>\n","protected":false},"author":1,"featured_media":0,"parent":177,"menu_order":1,"comment_status":"closed","ping_status":"closed","template":"","meta":{"pmpro_default_level":"","footnotes":""},"class_list":["post-1411","page","type-page","status-publish","hentry","pmpro-has-access"],"_links":{"self":[{"href":"https:\/\/www.ams-ag.de\/fr\/wp-json\/wp\/v2\/pages\/1411","targetHints":{"allow":["GET"]}}],"collection":[{"href":"https:\/\/www.ams-ag.de\/fr\/wp-json\/wp\/v2\/pages"}],"about":[{"href":"https:\/\/www.ams-ag.de\/fr\/wp-json\/wp\/v2\/types\/page"}],"author":[{"embeddable":true,"href":"https:\/\/www.ams-ag.de\/fr\/wp-json\/wp\/v2\/users\/1"}],"replies":[{"embeddable":true,"href":"https:\/\/www.ams-ag.de\/fr\/wp-json\/wp\/v2\/comments?post=1411"}],"version-history":[{"count":6,"href":"https:\/\/www.ams-ag.de\/fr\/wp-json\/wp\/v2\/pages\/1411\/revisions"}],"predecessor-version":[{"id":15754,"href":"https:\/\/www.ams-ag.de\/fr\/wp-json\/wp\/v2\/pages\/1411\/revisions\/15754"}],"up":[{"embeddable":true,"href":"https:\/\/www.ams-ag.de\/fr\/wp-json\/wp\/v2\/pages\/177"}],"wp:attachment":[{"href":"https:\/\/www.ams-ag.de\/fr\/wp-json\/wp\/v2\/media?parent=1411"}],"curies":[{"name":"wp","href":"https:\/\/api.w.org\/{rel}","templated":true}]}}