{"id":1400,"date":"2023-05-01T13:09:21","date_gmt":"2023-05-01T11:09:21","guid":{"rendered":"http:\/\/www.ams-ag.de\/?page_id=1400"},"modified":"2024-05-07T16:31:27","modified_gmt":"2024-05-07T14:31:27","slug":"symbole-de-fleche","status":"publish","type":"page","link":"https:\/\/www.ams-ag.de\/fr\/grundlagen-magnetfeldtherapie\/pfeilsymbol\/","title":{"rendered":"Symbole de fl\u00e8che"},"content":{"rendered":"<div data-elementor-type=\"wp-page\" data-elementor-id=\"1400\" class=\"elementor elementor-1400\" data-elementor-post-type=\"page\">\n\t\t\t\t\t\t<section class=\"elementor-section elementor-top-section elementor-element elementor-element-dd69c20 elementor-section-boxed elementor-section-height-default elementor-section-height-default\" data-id=\"dd69c20\" data-element_type=\"section\" data-e-type=\"section\">\n\t\t\t\t\t\t<div class=\"elementor-container elementor-column-gap-default\">\n\t\t\t\t\t<div class=\"elementor-column elementor-col-100 elementor-top-column elementor-element elementor-element-cc12421\" data-id=\"cc12421\" data-element_type=\"column\" data-e-type=\"column\">\n\t\t\t<div class=\"elementor-widget-wrap elementor-element-populated\">\n\t\t\t\t\t\t<div class=\"elementor-element elementor-element-44754997 elementor-widget elementor-widget-heading\" data-id=\"44754997\" data-element_type=\"widget\" data-e-type=\"widget\" data-widget_type=\"heading.default\">\n\t\t\t\t<div class=\"elementor-widget-container\">\n\t\t\t\t\t<h1 class=\"elementor-heading-title elementor-size-default\">Le symbole de la fl\u00e8che<\/h1>\t\t\t\t<\/div>\n\t\t\t\t<\/div>\n\t\t\t\t\t<\/div>\n\t\t<\/div>\n\t\t\t\t\t<\/div>\n\t\t<\/section>\n\t\t\t\t<section class=\"elementor-section elementor-top-section elementor-element elementor-element-db092ed elementor-section-boxed elementor-section-height-default elementor-section-height-default\" data-id=\"db092ed\" data-element_type=\"section\" data-e-type=\"section\">\n\t\t\t\t\t\t<div class=\"elementor-container elementor-column-gap-default\">\n\t\t\t\t\t<div class=\"elementor-column elementor-col-100 elementor-top-column elementor-element elementor-element-c4a6401\" data-id=\"c4a6401\" data-element_type=\"column\" data-e-type=\"column\">\n\t\t\t<div class=\"elementor-widget-wrap elementor-element-populated\">\n\t\t\t\t\t\t<div class=\"elementor-element elementor-element-9aa6a7d elementor-widget elementor-widget-heading\" data-id=\"9aa6a7d\" data-element_type=\"widget\" data-e-type=\"widget\" data-widget_type=\"heading.default\">\n\t\t\t\t<div class=\"elementor-widget-container\">\n\t\t\t\t\t<h2 class=\"elementor-heading-title elementor-size-default\">Dr. Ludwig - symbole de fl\u00e8che<\/h2>\t\t\t\t<\/div>\n\t\t\t\t<\/div>\n\t\t\t\t<div class=\"elementor-element elementor-element-1cf97f0e elementor-widget elementor-widget-text-editor\" data-id=\"1cf97f0e\" data-element_type=\"widget\" data-e-type=\"widget\" data-widget_type=\"text-editor.default\">\n\t\t\t\t<div class=\"elementor-widget-container\">\n\t\t\t\t\t\t\t\t\t<p>Vous pouvez reconna\u00eetre les appareils d\u00e9velopp\u00e9s par Dr. Ludwig en un coup d&#039;\u0153il gr\u00e2ce au symbole de fl\u00e8che. Ce symbole repr\u00e9sente la cr\u00e9ation d\u2019un champ biologique \u00e9lectromagn\u00e9tique calqu\u00e9 sur une nature intacte. Nous proposons une large gamme de produits compos\u00e9e de diff\u00e9rents petits et grands appareils, tous bas\u00e9s sur la technologie Dr. Ludwig.<\/p>\t\t\t\t\t\t\t\t<\/div>\n\t\t\t\t<\/div>\n\t\t\t\t<div class=\"elementor-element elementor-element-7de9013 elementor-widget elementor-widget-image\" data-id=\"7de9013\" data-element_type=\"widget\" data-e-type=\"widget\" data-widget_type=\"image.default\">\n\t\t\t\t<div class=\"elementor-widget-container\">\n\t\t\t\t\t\t\t\t\t\t\t\t\t\t\t<img decoding=\"async\" width=\"75\" height=\"75\" src=\"https:\/\/www.ams-ag.de\/wp-content\/uploads\/2023\/05\/image-32.jpeg\" class=\"attachment-large size-large wp-image-1730\" alt=\"Symbole de fl\u00e8che du Dr. Ludwig\" \/>\t\t\t\t\t\t\t\t\t\t\t\t\t\t\t<\/div>\n\t\t\t\t<\/div>\n\t\t\t\t\t<\/div>\n\t\t<\/div>\n\t\t\t\t\t<\/div>\n\t\t<\/section>\n\t\t\t\t<section class=\"elementor-section elementor-top-section elementor-element elementor-element-d4cbb4a elementor-section-boxed elementor-section-height-default elementor-section-height-default\" data-id=\"d4cbb4a\" data-element_type=\"section\" data-e-type=\"section\">\n\t\t\t\t\t\t<div class=\"elementor-container elementor-column-gap-default\">\n\t\t\t\t\t<div class=\"elementor-column elementor-col-100 elementor-top-column elementor-element elementor-element-fdc414f\" data-id=\"fdc414f\" data-element_type=\"column\" data-e-type=\"column\">\n\t\t\t<div class=\"elementor-widget-wrap elementor-element-populated\">\n\t\t\t\t\t\t<div class=\"elementor-element elementor-element-ead1d37 elementor-widget-divider--view-line elementor-widget elementor-widget-divider\" data-id=\"ead1d37\" data-element_type=\"widget\" data-e-type=\"widget\" data-widget_type=\"divider.default\">\n\t\t\t\t<div class=\"elementor-widget-container\">\n\t\t\t\t\t\t\t<div class=\"elementor-divider\">\n\t\t\t<span class=\"elementor-divider-separator\">\n\t\t\t\t\t\t<\/span>\n\t\t<\/div>\n\t\t\t\t\t\t<\/div>\n\t\t\t\t<\/div>\n\t\t\t\t<div class=\"elementor-element elementor-element-a89db95 elementor-widget elementor-widget-heading\" data-id=\"a89db95\" data-element_type=\"widget\" data-e-type=\"widget\" data-widget_type=\"heading.default\">\n\t\t\t\t<div class=\"elementor-widget-container\">\n\t\t\t\t\t<h2 class=\"elementor-heading-title elementor-size-default\">Les crit\u00e8res suivants sont remplis :<\/h2>\t\t\t\t<\/div>\n\t\t\t\t<\/div>\n\t\t\t\t<div class=\"elementor-element elementor-element-c0f6db2 elementor-widget elementor-widget-text-editor\" data-id=\"c0f6db2\" data-element_type=\"widget\" data-e-type=\"widget\" data-widget_type=\"text-editor.default\">\n\t\t\t\t<div class=\"elementor-widget-container\">\n\t\t\t\t\t\t\t\t\t<ul><li>G\u00e9n\u00e9ration des diff\u00e9rents signaux environnementaux (Schumann, fr\u00e9quences g\u00e9omagn\u00e9tiques et solaires)<br \/><a href=\"https:\/\/www.ams-ag.de\/fr\/bases-de-la-therapie-par-champ-magnetique\/therapie-par-champ-magnetique-et-medecine-bioinformative\/signaux-environnementaux\/\"><b>Signaux environnementaux<\/b><\/a><\/li><li>Prise en compte des caract\u00e9ristiques de qualit\u00e9\u00a0:<br \/><a href=\"https:\/\/www.ams-ag.de\/fr\/bases-de-la-therapie-par-champ-magnetique\/therapie-par-champ-magnetique-et-medecine-bioinformative\/caracteristiques-de-qualite\/\"><b>Caract\u00e9ristiques de qualit\u00e9<\/b><\/a><ul><li>La forme du signal correspond \u00e0 la transmission de l&#039;influx nerveux.<\/li><li>Selon l&#039;appareil, l&#039;intensit\u00e9 du champ magn\u00e9tique \u00e9mis varie entre 0,2 et 20 \u00b5Tesla.<\/li><\/ul><\/li><li>Tous les appareils disposent d&#039;une s\u00e9lection de fr\u00e9quences diff\u00e9rentes - soit \u00e0 partir de programmes pr\u00e9d\u00e9finis pour les petits appareils, soit dans la gamme compl\u00e8te de 0,1 \u00e0 1 000 Hz pour les grands appareils. De plus, tous les appareils g\u00e9n\u00e8rent les fr\u00e9quences g\u00e9omagn\u00e9tiques et une grande partie des fr\u00e9quences solaires ainsi que 2000 Hz (2 KHz) suppl\u00e9mentaires.<br \/><a href=\"https:\/\/www.ams-ag.de\/fr\/bases-de-la-therapie-par-champ-magnetique\/therapie-par-champ-magnetique-et-medecine-bioinformative\/frequences-et-applications-possibles\/\"><b>fr\u00e9quences<\/b><\/a><\/li><li>Chacun des dispositifs peut \u00eatre utilis\u00e9 pour le transfert sur substrat d&#039;informations exog\u00e8nes et endog\u00e8nes via son champ magn\u00e9tique puls\u00e9.<br \/><a href=\"https:\/\/www.ams-ag.de\/fr\/bases-de-la-therapie-par-champ-magnetique\/therapie-par-champ-magnetique-et-medecine-bioinformative\/transfert-de-substrat\/\"><b>Transfert de substrat<\/b><\/a><\/li><\/ul>\t\t\t\t\t\t\t\t<\/div>\n\t\t\t\t<\/div>\n\t\t\t\t\t<\/div>\n\t\t<\/div>\n\t\t\t\t\t<\/div>\n\t\t<\/section>\n\t\t\t\t<section class=\"elementor-section elementor-top-section elementor-element elementor-element-66d8ba8 elementor-section-boxed elementor-section-height-default elementor-section-height-default\" data-id=\"66d8ba8\" data-element_type=\"section\" data-e-type=\"section\" data-settings=\"{&quot;background_background&quot;:&quot;classic&quot;}\">\n\t\t\t\t\t\t<div class=\"elementor-container elementor-column-gap-default\">\n\t\t\t\t\t<div class=\"elementor-column elementor-col-100 elementor-top-column elementor-element elementor-element-56e08a6\" data-id=\"56e08a6\" data-element_type=\"column\" data-e-type=\"column\">\n\t\t\t<div class=\"elementor-widget-wrap elementor-element-populated\">\n\t\t\t\t\t\t<div class=\"elementor-element elementor-element-1904865 elementor-align-right elementor-mobile-align-center elementor-widget elementor-widget-button\" data-id=\"1904865\" data-element_type=\"widget\" data-e-type=\"widget\" data-widget_type=\"button.default\">\n\t\t\t\t<div class=\"elementor-widget-container\">\n\t\t\t\t\t\t\t\t\t<div class=\"elementor-button-wrapper\">\n\t\t\t\t\t<a class=\"elementor-button elementor-button-link elementor-size-sm\" href=\"https:\/\/www.ams-ag.de\/fr\/grundlagen-magnetfeldtherapie\/geschichte-unserer-geraete\/\">\n\t\t\t\t\t\t<span class=\"elementor-button-content-wrapper\">\n\t\t\t\t\t\t<span class=\"elementor-button-icon\">\n\t\t\t\t<i aria-hidden=\"true\" class=\"fas fa-arrow-right\"><\/i>\t\t\t<\/span>\n\t\t\t\t\t\t\t\t\t<span class=\"elementor-button-text\">Histoire de nos appareils<\/span>\n\t\t\t\t\t<\/span>\n\t\t\t\t\t<\/a>\n\t\t\t\t<\/div>\n\t\t\t\t\t\t\t\t<\/div>\n\t\t\t\t<\/div>\n\t\t\t\t\t<\/div>\n\t\t<\/div>\n\t\t\t\t\t<\/div>\n\t\t<\/section>\n\t\t\t\t<\/div>","protected":false},"excerpt":{"rendered":"<p>Das Pfeilsymbol Dr. Ludwig &#8211; Pfeilsymbol Die von Dr. Ludwig entwickelten Ger\u00e4te erkennen Sie auf einen Blick an dem Pfeilsymbol. Dieses Symbol steht f\u00fcr die Erzeugung eines elektromagnetischen Biofeldes, das [&hellip;]<\/p>\n","protected":false},"author":1,"featured_media":0,"parent":1499,"menu_order":2,"comment_status":"closed","ping_status":"closed","template":"","meta":{"pmpro_default_level":"","footnotes":""},"class_list":["post-1400","page","type-page","status-publish","hentry","pmpro-has-access"],"_links":{"self":[{"href":"https:\/\/www.ams-ag.de\/fr\/wp-json\/wp\/v2\/pages\/1400","targetHints":{"allow":["GET"]}}],"collection":[{"href":"https:\/\/www.ams-ag.de\/fr\/wp-json\/wp\/v2\/pages"}],"about":[{"href":"https:\/\/www.ams-ag.de\/fr\/wp-json\/wp\/v2\/types\/page"}],"author":[{"embeddable":true,"href":"https:\/\/www.ams-ag.de\/fr\/wp-json\/wp\/v2\/users\/1"}],"replies":[{"embeddable":true,"href":"https:\/\/www.ams-ag.de\/fr\/wp-json\/wp\/v2\/comments?post=1400"}],"version-history":[{"count":9,"href":"https:\/\/www.ams-ag.de\/fr\/wp-json\/wp\/v2\/pages\/1400\/revisions"}],"predecessor-version":[{"id":17236,"href":"https:\/\/www.ams-ag.de\/fr\/wp-json\/wp\/v2\/pages\/1400\/revisions\/17236"}],"up":[{"embeddable":true,"href":"https:\/\/www.ams-ag.de\/fr\/wp-json\/wp\/v2\/pages\/1499"}],"wp:attachment":[{"href":"https:\/\/www.ams-ag.de\/fr\/wp-json\/wp\/v2\/media?parent=1400"}],"curies":[{"name":"wp","href":"https:\/\/api.w.org\/{rel}","templated":true}]}}