{"id":1398,"date":"2023-05-01T13:08:29","date_gmt":"2023-05-01T11:08:29","guid":{"rendered":"http:\/\/www.ams-ag.de\/?page_id=1398"},"modified":"2024-05-04T18:04:00","modified_gmt":"2024-05-04T16:04:00","slug":"transfert-de-substrat","status":"publish","type":"page","link":"https:\/\/www.ams-ag.de\/fr\/grundlagen-magnetfeldtherapie\/magnetfeldtherapie-und-bioinformative-medizin\/substratuebertragung\/","title":{"rendered":"Transfert de substrat"},"content":{"rendered":"<div data-elementor-type=\"wp-page\" data-elementor-id=\"1398\" class=\"elementor elementor-1398\" data-elementor-post-type=\"page\">\n\t\t\t\t\t\t<section class=\"elementor-section elementor-top-section elementor-element elementor-element-c1df69a elementor-section-boxed elementor-section-height-default elementor-section-height-default\" data-id=\"c1df69a\" data-element_type=\"section\" data-e-type=\"section\" data-settings=\"{&quot;background_background&quot;:&quot;classic&quot;}\">\n\t\t\t\t\t\t<div class=\"elementor-container elementor-column-gap-default\">\n\t\t\t\t\t<div class=\"elementor-column elementor-col-50 elementor-top-column elementor-element elementor-element-9f1c352\" data-id=\"9f1c352\" data-element_type=\"column\" data-e-type=\"column\">\n\t\t\t<div class=\"elementor-widget-wrap elementor-element-populated\">\n\t\t\t\t\t\t<div class=\"elementor-element elementor-element-c2873ec elementor-widget elementor-widget-image\" data-id=\"c2873ec\" data-element_type=\"widget\" data-e-type=\"widget\" data-widget_type=\"image.default\">\n\t\t\t\t<div class=\"elementor-widget-container\">\n\t\t\t\t\t\t\t\t\t\t\t\t\t\t\t<img fetchpriority=\"high\" decoding=\"async\" width=\"768\" height=\"512\" src=\"https:\/\/www.ams-ag.de\/wp-content\/uploads\/2024\/02\/milada-vigerova-YbiL2tzN_ig-unsplash-768x512.jpg\" class=\"attachment-medium_large size-medium_large wp-image-14412\" alt=\"\" srcset=\"https:\/\/www.ams-ag.de\/wp-content\/uploads\/2024\/02\/milada-vigerova-YbiL2tzN_ig-unsplash-768x512.jpg 768w, https:\/\/www.ams-ag.de\/wp-content\/uploads\/2024\/02\/milada-vigerova-YbiL2tzN_ig-unsplash-300x200.jpg 300w, https:\/\/www.ams-ag.de\/wp-content\/uploads\/2024\/02\/milada-vigerova-YbiL2tzN_ig-unsplash-1536x1024.jpg 1536w, https:\/\/www.ams-ag.de\/wp-content\/uploads\/2024\/02\/milada-vigerova-YbiL2tzN_ig-unsplash-18x12.jpg 18w, https:\/\/www.ams-ag.de\/wp-content\/uploads\/2024\/02\/milada-vigerova-YbiL2tzN_ig-unsplash.jpg 1920w\" sizes=\"(max-width: 768px) 100vw, 768px\" \/>\t\t\t\t\t\t\t\t\t\t\t\t\t\t\t<\/div>\n\t\t\t\t<\/div>\n\t\t\t\t\t<\/div>\n\t\t<\/div>\n\t\t\t\t<div class=\"elementor-column elementor-col-50 elementor-top-column elementor-element elementor-element-0a69ad8\" data-id=\"0a69ad8\" data-element_type=\"column\" data-e-type=\"column\">\n\t\t\t<div class=\"elementor-widget-wrap elementor-element-populated\">\n\t\t\t\t\t\t<div class=\"elementor-element elementor-element-27973f85 elementor-widget elementor-widget-heading\" data-id=\"27973f85\" data-element_type=\"widget\" data-e-type=\"widget\" data-widget_type=\"heading.default\">\n\t\t\t\t<div class=\"elementor-widget-container\">\n\t\t\t\t\t<h1 class=\"elementor-heading-title elementor-size-default\">Transfert de substrat<\/h1>\t\t\t\t<\/div>\n\t\t\t\t<\/div>\n\t\t\t\t\t<\/div>\n\t\t<\/div>\n\t\t\t\t\t<\/div>\n\t\t<\/section>\n\t\t\t\t<section class=\"elementor-section elementor-top-section elementor-element elementor-element-63e20c25 elementor-section-boxed elementor-section-height-default elementor-section-height-default\" data-id=\"63e20c25\" data-element_type=\"section\" data-e-type=\"section\">\n\t\t\t\t\t\t<div class=\"elementor-container elementor-column-gap-default\">\n\t\t\t\t\t<div class=\"elementor-column elementor-col-100 elementor-top-column elementor-element elementor-element-56f7f6cb\" data-id=\"56f7f6cb\" data-element_type=\"column\" data-e-type=\"column\">\n\t\t\t<div class=\"elementor-widget-wrap elementor-element-populated\">\n\t\t\t\t\t\t<div class=\"elementor-element elementor-element-faaff3d elementor-widget elementor-widget-heading\" data-id=\"faaff3d\" data-element_type=\"widget\" data-e-type=\"widget\" data-widget_type=\"heading.default\">\n\t\t\t\t<div class=\"elementor-widget-container\">\n\t\t\t\t\t<h2 class=\"elementor-heading-title elementor-size-default\">Transfert d&#039;informations sur le substrat<\/h2>\t\t\t\t<\/div>\n\t\t\t\t<\/div>\n\t\t\t\t<div class=\"elementor-element elementor-element-20a33dc2 elementor-widget elementor-widget-text-editor\" data-id=\"20a33dc2\" data-element_type=\"widget\" data-e-type=\"widget\" data-widget_type=\"text-editor.default\">\n\t\t\t\t<div class=\"elementor-widget-container\">\n\t\t\t\t\t\t\t\t\t<p>Un point fort particulier qui peut et doit \u00eatre mis \u00e0 profit lors de l&#039;utilisation de la th\u00e9rapie par champ magn\u00e9tique est la transmission d&#039;informations sur le substrat.<\/p><p>L\u2019une des propri\u00e9t\u00e9s des ondes \u00e9lectromagn\u00e9tiques est qu\u2019elles sont capables d\u2019absorber et de transporter des informations.<\/p><p>Cela signifie que des informations suppl\u00e9mentaires peuvent \u00eatre transmises \u00e0 l&#039;application avec chacune des fr\u00e9quences s\u00e9lectionn\u00e9es.<\/p><p>L\u2019onde \u00e9lectromagn\u00e9tique peut \u00eatre utilis\u00e9e de deux mani\u00e8res :<\/p><ul><li>comme signal d&#039;application pur avec la fr\u00e9quence correspondante<\/li><li>et en plus comme onde porteuse avec des informations \u00e0 transporter<\/li><\/ul><p>C&#039;est le m\u00eame principe que la radio et la t\u00e9l\u00e9vision : on module une onde porteuse qui transmet des images et des sons ou des informations.<\/p>\t\t\t\t\t\t\t\t<\/div>\n\t\t\t\t<\/div>\n\t\t\t\t<div class=\"elementor-element elementor-element-7faaee9 elementor-widget-divider--view-line elementor-widget elementor-widget-divider\" data-id=\"7faaee9\" data-element_type=\"widget\" data-e-type=\"widget\" data-widget_type=\"divider.default\">\n\t\t\t\t<div class=\"elementor-widget-container\">\n\t\t\t\t\t\t\t<div class=\"elementor-divider\">\n\t\t\t<span class=\"elementor-divider-separator\">\n\t\t\t\t\t\t<\/span>\n\t\t<\/div>\n\t\t\t\t\t\t<\/div>\n\t\t\t\t<\/div>\n\t\t\t\t<div class=\"elementor-element elementor-element-2fa7bc4 elementor-widget elementor-widget-heading\" data-id=\"2fa7bc4\" data-element_type=\"widget\" data-e-type=\"widget\" data-widget_type=\"heading.default\">\n\t\t\t\t<div class=\"elementor-widget-container\">\n\t\t\t\t\t<h2 class=\"elementor-heading-title elementor-size-default\">Qu&#039;est-ce qui est transf\u00e9r\u00e9 ?<\/h2>\t\t\t\t<\/div>\n\t\t\t\t<\/div>\n\t\t\t\t<div class=\"elementor-element elementor-element-13dea28 elementor-widget elementor-widget-text-editor\" data-id=\"13dea28\" data-element_type=\"widget\" data-e-type=\"widget\" data-widget_type=\"text-editor.default\">\n\t\t\t\t<div class=\"elementor-widget-container\">\n\t\t\t\t\t\t\t\t\t<p>Les ondes \u00e9lectromagn\u00e9tiques peuvent transporter des informations \u00e0 la fois exog\u00e8nes (corps \u00e9tranger) et endog\u00e8nes (propre au corps).<\/p>\n<p><b>Exemples d&#039;informations exog\u00e8nes :<\/b><\/p>\n<ul>\n<li>toute pr\u00e9paration qui fonctionne en fonction de son mod\u00e8le de vibration<\/li>\n<\/ul>\t\t\t\t\t\t\t\t<\/div>\n\t\t\t\t<\/div>\n\t\t\t\t<section class=\"elementor-section elementor-inner-section elementor-element elementor-element-2ab0770a elementor-section-boxed elementor-section-height-default elementor-section-height-default\" data-id=\"2ab0770a\" data-element_type=\"section\" data-e-type=\"section\">\n\t\t\t\t\t\t<div class=\"elementor-container elementor-column-gap-default\">\n\t\t\t\t\t<div class=\"elementor-column elementor-col-50 elementor-inner-column elementor-element elementor-element-103081d7\" data-id=\"103081d7\" data-element_type=\"column\" data-e-type=\"column\">\n\t\t\t<div class=\"elementor-widget-wrap elementor-element-populated\">\n\t\t\t\t\t\t<div class=\"elementor-element elementor-element-4d03f1e6 elementor-widget elementor-widget-text-editor\" data-id=\"4d03f1e6\" data-element_type=\"widget\" data-e-type=\"widget\" data-widget_type=\"text-editor.default\">\n\t\t\t\t<div class=\"elementor-widget-container\">\n\t\t\t\t\t\t\t\t\t<p><b>Exemples d\u2019informations endog\u00e8nes\u00a0:<\/b><\/p><ul><li>salive<\/li><li>s\u00e9cr\u00e9tion<\/li><\/ul><p>Chaque petit appareil portable dispose d&#039;un porte-ampoule qui contient une ampoule en verre pour utiliser la transmission d&#039;informations. La substance ainsi ins\u00e9r\u00e9e est transmise avec la fr\u00e9quence de champ magn\u00e9tique s\u00e9lectionn\u00e9e.<\/p>\t\t\t\t\t\t\t\t<\/div>\n\t\t\t\t<\/div>\n\t\t\t\t\t<\/div>\n\t\t<\/div>\n\t\t\t\t<div class=\"elementor-column elementor-col-50 elementor-inner-column elementor-element elementor-element-25f498bb\" data-id=\"25f498bb\" data-element_type=\"column\" data-e-type=\"column\">\n\t\t\t<div class=\"elementor-widget-wrap elementor-element-populated\">\n\t\t\t\t\t\t<div class=\"elementor-element elementor-element-f18ed62 elementor-widget elementor-widget-image\" data-id=\"f18ed62\" data-element_type=\"widget\" data-e-type=\"widget\" data-widget_type=\"image.default\">\n\t\t\t\t<div class=\"elementor-widget-container\">\n\t\t\t\t\t\t\t\t\t\t\t\t\t\t\t<img decoding=\"async\" width=\"800\" height=\"309\" src=\"https:\/\/www.ams-ag.de\/wp-content\/uploads\/2023\/09\/csm_AMS_Metronom_solar_Ampullenhalter_Magnetfeldtherapie.jpg\" class=\"attachment-large size-large wp-image-5520\" alt=\"Porte-ampoule solaire m\u00e9tronome AMS\" srcset=\"https:\/\/www.ams-ag.de\/wp-content\/uploads\/2023\/09\/csm_AMS_Metronom_solar_Ampullenhalter_Magnetfeldtherapie.jpg 1024w, https:\/\/www.ams-ag.de\/wp-content\/uploads\/2023\/09\/csm_AMS_Metronom_solar_Ampullenhalter_Magnetfeldtherapie-300x116.jpg 300w, https:\/\/www.ams-ag.de\/wp-content\/uploads\/2023\/09\/csm_AMS_Metronom_solar_Ampullenhalter_Magnetfeldtherapie-768x296.jpg 768w\" sizes=\"(max-width: 800px) 100vw, 800px\" \/>\t\t\t\t\t\t\t\t\t\t\t\t\t\t\t<\/div>\n\t\t\t\t<\/div>\n\t\t\t\t\t<\/div>\n\t\t<\/div>\n\t\t\t\t\t<\/div>\n\t\t<\/section>\n\t\t\t\t<div class=\"elementor-element elementor-element-5f7b3d3 elementor-widget elementor-widget-text-editor\" data-id=\"5f7b3d3\" data-element_type=\"widget\" data-e-type=\"widget\" data-widget_type=\"text-editor.default\">\n\t\t\t\t<div class=\"elementor-widget-container\">\n\t\t\t\t\t\t\t\t\tLes grands appareils disposent d&#039;un raccord pour une coupelle (MEDICUP) pouvant contenir plusieurs ampoules \u00e0 la fois. Cela permet de transmettre diff\u00e9rentes informations en m\u00eame temps.\t\t\t\t\t\t\t\t<\/div>\n\t\t\t\t<\/div>\n\t\t\t\t<section class=\"elementor-section elementor-inner-section elementor-element elementor-element-5bc833b elementor-section-boxed elementor-section-height-default elementor-section-height-default\" data-id=\"5bc833b\" data-element_type=\"section\" data-e-type=\"section\">\n\t\t\t\t\t\t<div class=\"elementor-container elementor-column-gap-default\">\n\t\t\t\t\t<div class=\"elementor-column elementor-col-50 elementor-inner-column elementor-element elementor-element-aadc9ed\" data-id=\"aadc9ed\" data-element_type=\"column\" data-e-type=\"column\">\n\t\t\t<div class=\"elementor-widget-wrap elementor-element-populated\">\n\t\t\t\t\t\t<div class=\"elementor-element elementor-element-9d3ab2e elementor-widget elementor-widget-text-editor\" data-id=\"9d3ab2e\" data-element_type=\"widget\" data-e-type=\"widget\" data-widget_type=\"text-editor.default\">\n\t\t\t\t<div class=\"elementor-widget-container\">\n\t\t\t\t\t\t\t\t\t<p>Pour transf\u00e9rer des informations \u00e0 l&#039;aide du champ magn\u00e9tique, il est pr\u00e9f\u00e9rable de verser le produit souhait\u00e9 dans une ampoule ou un tube en verre - les formes liquide et solide sont possibles. Il n\u2019est pas n\u00e9cessaire de remplir compl\u00e8tement le flacon, il suffit de remplir la partie inf\u00e9rieure du tube.<\/p><p>Certains utilisateurs composent une trousse avec des tubes en verre qu&#039;ils remplissent selon leurs propres besoins (voir illustration par exemple). Cela signifie que vous avez toujours \u00e0 port\u00e9e de main les substances que vous utilisez le plus fr\u00e9quemment.<\/p>\t\t\t\t\t\t\t\t<\/div>\n\t\t\t\t<\/div>\n\t\t\t\t\t<\/div>\n\t\t<\/div>\n\t\t\t\t<div class=\"elementor-column elementor-col-50 elementor-inner-column elementor-element elementor-element-08a1cef\" data-id=\"08a1cef\" data-element_type=\"column\" data-e-type=\"column\">\n\t\t\t<div class=\"elementor-widget-wrap elementor-element-populated\">\n\t\t\t\t\t\t<div class=\"elementor-element elementor-element-c5901af elementor-widget elementor-widget-image\" data-id=\"c5901af\" data-element_type=\"widget\" data-e-type=\"widget\" data-widget_type=\"image.default\">\n\t\t\t\t<div class=\"elementor-widget-container\">\n\t\t\t\t\t\t\t\t\t\t\t\t\t\t\t<img decoding=\"async\" width=\"250\" height=\"248\" src=\"https:\/\/www.ams-ag.de\/wp-content\/uploads\/2023\/05\/image-40.jpeg\" class=\"attachment-medium size-medium wp-image-1801\" alt=\"\" srcset=\"https:\/\/www.ams-ag.de\/wp-content\/uploads\/2023\/05\/image-40.jpeg 250w, https:\/\/www.ams-ag.de\/wp-content\/uploads\/2023\/05\/image-40-150x150.jpeg 150w\" sizes=\"(max-width: 250px) 100vw, 250px\" \/>\t\t\t\t\t\t\t\t\t\t\t\t\t\t\t<\/div>\n\t\t\t\t<\/div>\n\t\t\t\t\t<\/div>\n\t\t<\/div>\n\t\t\t\t\t<\/div>\n\t\t<\/section>\n\t\t\t\t\t<\/div>\n\t\t<\/div>\n\t\t\t\t\t<\/div>\n\t\t<\/section>\n\t\t\t\t<section class=\"elementor-section elementor-top-section elementor-element elementor-element-a9e9b67 elementor-section-boxed elementor-section-height-default elementor-section-height-default\" data-id=\"a9e9b67\" data-element_type=\"section\" data-e-type=\"section\" data-settings=\"{&quot;background_background&quot;:&quot;classic&quot;}\">\n\t\t\t\t\t\t<div class=\"elementor-container elementor-column-gap-default\">\n\t\t\t\t\t<div class=\"elementor-column elementor-col-100 elementor-top-column elementor-element elementor-element-a1140c9\" data-id=\"a1140c9\" data-element_type=\"column\" data-e-type=\"column\">\n\t\t\t<div class=\"elementor-widget-wrap elementor-element-populated\">\n\t\t\t\t\t\t<div class=\"elementor-element elementor-element-e62cbdd elementor-align-right elementor-mobile-align-center elementor-widget elementor-widget-button\" data-id=\"e62cbdd\" data-element_type=\"widget\" data-e-type=\"widget\" data-widget_type=\"button.default\">\n\t\t\t\t<div class=\"elementor-widget-container\">\n\t\t\t\t\t\t\t\t\t<div class=\"elementor-button-wrapper\">\n\t\t\t\t\t<a class=\"elementor-button elementor-button-link elementor-size-sm\" href=\"https:\/\/www.ams-ag.de\/fr\/grundlagen-magnetfeldtherapie\/pfeilsymbol\/\">\n\t\t\t\t\t\t<span class=\"elementor-button-content-wrapper\">\n\t\t\t\t\t\t<span class=\"elementor-button-icon\">\n\t\t\t\t<i aria-hidden=\"true\" class=\"fas fa-arrow-right\"><\/i>\t\t\t<\/span>\n\t\t\t\t\t\t\t\t\t<span class=\"elementor-button-text\">Symbole de fl\u00e8che<\/span>\n\t\t\t\t\t<\/span>\n\t\t\t\t\t<\/a>\n\t\t\t\t<\/div>\n\t\t\t\t\t\t\t\t<\/div>\n\t\t\t\t<\/div>\n\t\t\t\t\t<\/div>\n\t\t<\/div>\n\t\t\t\t\t<\/div>\n\t\t<\/section>\n\t\t\t\t<\/div>","protected":false},"excerpt":{"rendered":"<p>Substrat\u00fcbertragung \u00dcbertragung von Substratinformation Ein besonderes Highlight, das man sich bei der Anwendung der Magnetfeldtherapie zunutze machen kann und sollte, ist die \u00dcbertragung von Substratinformationen. Eine der Eigenschaften von elektromagnetischen [&hellip;]<\/p>\n","protected":false},"author":1,"featured_media":0,"parent":1426,"menu_order":5,"comment_status":"closed","ping_status":"closed","template":"","meta":{"pmpro_default_level":"","footnotes":""},"class_list":["post-1398","page","type-page","status-publish","hentry","pmpro-has-access"],"_links":{"self":[{"href":"https:\/\/www.ams-ag.de\/fr\/wp-json\/wp\/v2\/pages\/1398","targetHints":{"allow":["GET"]}}],"collection":[{"href":"https:\/\/www.ams-ag.de\/fr\/wp-json\/wp\/v2\/pages"}],"about":[{"href":"https:\/\/www.ams-ag.de\/fr\/wp-json\/wp\/v2\/types\/page"}],"author":[{"embeddable":true,"href":"https:\/\/www.ams-ag.de\/fr\/wp-json\/wp\/v2\/users\/1"}],"replies":[{"embeddable":true,"href":"https:\/\/www.ams-ag.de\/fr\/wp-json\/wp\/v2\/comments?post=1398"}],"version-history":[{"count":15,"href":"https:\/\/www.ams-ag.de\/fr\/wp-json\/wp\/v2\/pages\/1398\/revisions"}],"predecessor-version":[{"id":16137,"href":"https:\/\/www.ams-ag.de\/fr\/wp-json\/wp\/v2\/pages\/1398\/revisions\/16137"}],"up":[{"embeddable":true,"href":"https:\/\/www.ams-ag.de\/fr\/wp-json\/wp\/v2\/pages\/1426"}],"wp:attachment":[{"href":"https:\/\/www.ams-ag.de\/fr\/wp-json\/wp\/v2\/media?parent=1398"}],"curies":[{"name":"wp","href":"https:\/\/api.w.org\/{rel}","templated":true}]}}