{"id":1390,"date":"2023-05-01T13:06:27","date_gmt":"2023-05-01T11:06:27","guid":{"rendered":"http:\/\/www.ams-ag.de\/?page_id=1390"},"modified":"2024-05-04T17:41:13","modified_gmt":"2024-05-04T15:41:13","slug":"physique","status":"publish","type":"page","link":"https:\/\/www.ams-ag.de\/fr\/grundlagen-magnetfeldtherapie\/magnetfeldtherapie-und-bioinformative-medizin\/physik\/","title":{"rendered":"la physique"},"content":{"rendered":"<div data-elementor-type=\"wp-page\" data-elementor-id=\"1390\" class=\"elementor elementor-1390\" data-elementor-post-type=\"page\">\n\t\t\t\t\t\t<section class=\"elementor-section elementor-top-section elementor-element elementor-element-0bf3d98 elementor-section-boxed elementor-section-height-default elementor-section-height-default\" data-id=\"0bf3d98\" data-element_type=\"section\" data-e-type=\"section\" data-settings=\"{&quot;background_background&quot;:&quot;classic&quot;}\">\n\t\t\t\t\t\t<div class=\"elementor-container elementor-column-gap-default\">\n\t\t\t\t\t<div class=\"elementor-column elementor-col-50 elementor-top-column elementor-element elementor-element-03f1c4a\" data-id=\"03f1c4a\" data-element_type=\"column\" data-e-type=\"column\">\n\t\t\t<div class=\"elementor-widget-wrap elementor-element-populated\">\n\t\t\t\t\t\t<div class=\"elementor-element elementor-element-39bb046 elementor-widget elementor-widget-image\" data-id=\"39bb046\" data-element_type=\"widget\" data-e-type=\"widget\" data-widget_type=\"image.default\">\n\t\t\t\t<div class=\"elementor-widget-container\">\n\t\t\t\t\t\t\t\t\t\t\t\t\t\t\t<img fetchpriority=\"high\" decoding=\"async\" width=\"768\" height=\"538\" src=\"https:\/\/www.ams-ag.de\/wp-content\/uploads\/2024\/02\/pexels-pixabay-60582-768x538.jpg\" class=\"attachment-medium_large size-medium_large wp-image-14386\" alt=\"\" srcset=\"https:\/\/www.ams-ag.de\/wp-content\/uploads\/2024\/02\/pexels-pixabay-60582-768x538.jpg 768w, https:\/\/www.ams-ag.de\/wp-content\/uploads\/2024\/02\/pexels-pixabay-60582-300x210.jpg 300w, https:\/\/www.ams-ag.de\/wp-content\/uploads\/2024\/02\/pexels-pixabay-60582-1461x1024.jpg 1461w, https:\/\/www.ams-ag.de\/wp-content\/uploads\/2024\/02\/pexels-pixabay-60582-1536x1077.jpg 1536w, https:\/\/www.ams-ag.de\/wp-content\/uploads\/2024\/02\/pexels-pixabay-60582-18x12.jpg 18w, https:\/\/www.ams-ag.de\/wp-content\/uploads\/2024\/02\/pexels-pixabay-60582.jpg 1920w\" sizes=\"(max-width: 768px) 100vw, 768px\" \/>\t\t\t\t\t\t\t\t\t\t\t\t\t\t\t<\/div>\n\t\t\t\t<\/div>\n\t\t\t\t\t<\/div>\n\t\t<\/div>\n\t\t\t\t<div class=\"elementor-column elementor-col-50 elementor-top-column elementor-element elementor-element-6555d40\" data-id=\"6555d40\" data-element_type=\"column\" data-e-type=\"column\">\n\t\t\t<div class=\"elementor-widget-wrap elementor-element-populated\">\n\t\t\t\t\t\t<div class=\"elementor-element elementor-element-4ac6ddc2 elementor-widget elementor-widget-heading\" data-id=\"4ac6ddc2\" data-element_type=\"widget\" data-e-type=\"widget\" data-widget_type=\"heading.default\">\n\t\t\t\t<div class=\"elementor-widget-container\">\n\t\t\t\t\t<h1 class=\"elementor-heading-title elementor-size-default\">Physique<\/br> Les bases<\/h1>\t\t\t\t<\/div>\n\t\t\t\t<\/div>\n\t\t\t\t\t<\/div>\n\t\t<\/div>\n\t\t\t\t\t<\/div>\n\t\t<\/section>\n\t\t\t\t<section class=\"elementor-section elementor-top-section elementor-element elementor-element-a1fb2f8 elementor-section-boxed elementor-section-height-default elementor-section-height-default\" data-id=\"a1fb2f8\" data-element_type=\"section\" data-e-type=\"section\">\n\t\t\t\t\t\t<div class=\"elementor-container elementor-column-gap-default\">\n\t\t\t\t\t<div class=\"elementor-column elementor-col-100 elementor-top-column elementor-element elementor-element-715ff52\" data-id=\"715ff52\" data-element_type=\"column\" data-e-type=\"column\">\n\t\t\t<div class=\"elementor-widget-wrap elementor-element-populated\">\n\t\t\t\t\t\t<div class=\"elementor-element elementor-element-42cdfd8 elementor-widget elementor-widget-heading\" data-id=\"42cdfd8\" data-element_type=\"widget\" data-e-type=\"widget\" data-widget_type=\"heading.default\">\n\t\t\t\t<div class=\"elementor-widget-container\">\n\t\t\t\t\t<h2 class=\"elementor-heading-title elementor-size-default\">Champs \u00e9lectromagn\u00e9tiques<\/h2>\t\t\t\t<\/div>\n\t\t\t\t<\/div>\n\t\t\t\t<div class=\"elementor-element elementor-element-3c25946 elementor-widget elementor-widget-text-editor\" data-id=\"3c25946\" data-element_type=\"widget\" data-e-type=\"widget\" data-widget_type=\"text-editor.default\">\n\t\t\t\t<div class=\"elementor-widget-container\">\n\t\t\t\t\t\t\t\t\t<p>Qu&#039;est-ce que c&#039;est, au fait ? Et o\u00f9 sont-ils ?<\/p>\n<p>Le cosmos, tous les organismes vivants, les personnes, les animaux et les plantes, ne sont constitu\u00e9s que d&#039;un milliardi\u00e8me de mati\u00e8re solide, de noyaux atomiques et d&#039;\u00e9lectrons qui les entourent. Entre les deux se trouve un grand espace qui semble \u00ab vide \u00bb, mais qui est rempli d\u2019ondes \u00e9lectromagn\u00e9tiques. Ces champs \u00e9lectromagn\u00e9tiques communiquent entre eux et avec le monde ext\u00e9rieur.<\/p>\t\t\t\t\t\t\t\t<\/div>\n\t\t\t\t<\/div>\n\t\t\t\t\t<\/div>\n\t\t<\/div>\n\t\t\t\t\t<\/div>\n\t\t<\/section>\n\t\t\t\t<section class=\"elementor-section elementor-top-section elementor-element elementor-element-78e8d74 elementor-section-boxed elementor-section-height-default elementor-section-height-default\" data-id=\"78e8d74\" data-element_type=\"section\" data-e-type=\"section\">\n\t\t\t\t\t\t<div class=\"elementor-container elementor-column-gap-default\">\n\t\t\t\t\t<div class=\"elementor-column elementor-col-100 elementor-top-column elementor-element elementor-element-ba99030\" data-id=\"ba99030\" data-element_type=\"column\" data-e-type=\"column\">\n\t\t\t<div class=\"elementor-widget-wrap elementor-element-populated\">\n\t\t\t\t\t\t<div class=\"elementor-element elementor-element-5d44fbf elementor-widget elementor-widget-heading\" data-id=\"5d44fbf\" data-element_type=\"widget\" data-e-type=\"widget\" data-widget_type=\"heading.default\">\n\t\t\t\t<div class=\"elementor-widget-container\">\n\t\t\t\t\t<h2 class=\"elementor-heading-title elementor-size-default\">Recherche<\/h2>\t\t\t\t<\/div>\n\t\t\t\t<\/div>\n\t\t\t\t<div class=\"elementor-element elementor-element-479cd60 elementor-widget elementor-widget-text-editor\" data-id=\"479cd60\" data-element_type=\"widget\" data-e-type=\"widget\" data-widget_type=\"text-editor.default\">\n\t\t\t\t<div class=\"elementor-widget-container\">\n\t\t\t\t\t\t\t\t\t<p>Dans son ouvrage standard \u00ab Informative Medicine \u00bb, le physicien Dr. W. Ludwig \u00e9crit :<\/p><p>\u00ab La physique quantique a prouv\u00e9 que les quanta vibrationnels (les quanta d\u2019interaction, en particulier les photons) sont sup\u00e9rieurs \u00e0 la mati\u00e8re et l\u2019influencent. \u00bb<\/p><p>Le prix Nobel Carlo Rubia (prix Nobel 1984), directeur g\u00e9n\u00e9ral de l&#039;acc\u00e9l\u00e9rateur de particules CERN pr\u00e8s de Gen\u00e8ve, l&#039;a exprim\u00e9 tr\u00e8s clairement : \u00ab Nous regardons g\u00e9n\u00e9ralement la mati\u00e8re uniquement parce que nous pouvons la voir et la toucher. Cependant, les quanta d\u2019interaction qui maintiennent la mati\u00e8re ensemble et la contr\u00f4lent sont bien plus importants.<\/p><p>Des exp\u00e9riences approfondies men\u00e9es par le professeur FA Popp ont pu montrer qu&#039;une cellule qui meurt lib\u00e8re soudainement sa lumi\u00e8re et envoie l&#039;information structurelle modul\u00e9e au voisinage afin qu&#039;une nouvelle cellule ayant la m\u00eame structure puisse \u00e9merger.<\/p><p>Les cellules communiquent via la lumi\u00e8re \u2013 cette lumi\u00e8re est appel\u00e9e biophotons. Le niveau d\u2019interaction, c\u2019est-\u00e0-dire le niveau des biophotons, est sup\u00e9rieur \u00e0 la mati\u00e8re et le contr\u00f4le \u2013 de sorte que tous les processus vitaux se d\u00e9roulent \u00e0 l\u2019aide de biophotons.<\/p>\t\t\t\t\t\t\t\t<\/div>\n\t\t\t\t<\/div>\n\t\t\t\t\t<\/div>\n\t\t<\/div>\n\t\t\t\t\t<\/div>\n\t\t<\/section>\n\t\t\t\t<section class=\"elementor-section elementor-top-section elementor-element elementor-element-e68fd83 elementor-section-boxed elementor-section-height-default elementor-section-height-default\" data-id=\"e68fd83\" data-element_type=\"section\" data-e-type=\"section\">\n\t\t\t\t\t\t<div class=\"elementor-container elementor-column-gap-default\">\n\t\t\t\t\t<div class=\"elementor-column elementor-col-100 elementor-top-column elementor-element elementor-element-3316c51\" data-id=\"3316c51\" data-element_type=\"column\" data-e-type=\"column\">\n\t\t\t<div class=\"elementor-widget-wrap elementor-element-populated\">\n\t\t\t\t\t\t<div class=\"elementor-element elementor-element-617d23e elementor-widget elementor-widget-heading\" data-id=\"617d23e\" data-element_type=\"widget\" data-e-type=\"widget\" data-widget_type=\"heading.default\">\n\t\t\t\t<div class=\"elementor-widget-container\">\n\t\t\t\t\t<h2 class=\"elementor-heading-title elementor-size-default\">Dr. W. Ludwig<\/h2>\t\t\t\t<\/div>\n\t\t\t\t<\/div>\n\t\t\t\t<div class=\"elementor-element elementor-element-4ace5f8 elementor-widget elementor-widget-text-editor\" data-id=\"4ace5f8\" data-element_type=\"widget\" data-e-type=\"widget\" data-widget_type=\"text-editor.default\">\n\t\t\t\t<div class=\"elementor-widget-container\">\n\t\t\t\t\t\t\t\t\t<p>Dr. W. Ludwig (1927 \u2013 2004) cherchait \u00e0 utiliser un dispositif permettant de g\u00e9n\u00e9rer des ondes \u00e9lectromagn\u00e9tiques pouvant \u00eatre comprises par le corps. Ils doivent \u00eatre calqu\u00e9s sur une nature intacte. C\u2019est la seule fa\u00e7on pour eux de provoquer une r\u00e9action du corps. C&#039;est pourquoi il a \u00e9tudi\u00e9 les signaux physiologiques environnementaux qui nous entourent (fr\u00e9quence de Schumann, fr\u00e9quences g\u00e9omagn\u00e9tiques et solaires). Pour sa th\u00e8se de doctorat, il s\u2019est concentr\u00e9 sur l\u2019influence des champs \u00e9lectromagn\u00e9tiques sur le syst\u00e8me nerveux.<\/p>\t\t\t\t\t\t\t\t<\/div>\n\t\t\t\t<\/div>\n\t\t\t\t\t<\/div>\n\t\t<\/div>\n\t\t\t\t\t<\/div>\n\t\t<\/section>\n\t\t\t\t<section class=\"elementor-section elementor-top-section elementor-element elementor-element-e554997 elementor-section-boxed elementor-section-height-default elementor-section-height-default\" data-id=\"e554997\" data-element_type=\"section\" data-e-type=\"section\" data-settings=\"{&quot;background_background&quot;:&quot;classic&quot;}\">\n\t\t\t\t\t\t<div class=\"elementor-container elementor-column-gap-default\">\n\t\t\t\t\t<div class=\"elementor-column elementor-col-100 elementor-top-column elementor-element elementor-element-b1c07e6\" data-id=\"b1c07e6\" data-element_type=\"column\" data-e-type=\"column\">\n\t\t\t<div class=\"elementor-widget-wrap elementor-element-populated\">\n\t\t\t\t\t\t<div class=\"elementor-element elementor-element-0a85bab elementor-align-right elementor-mobile-align-center elementor-widget elementor-widget-button\" data-id=\"0a85bab\" data-element_type=\"widget\" data-e-type=\"widget\" data-widget_type=\"button.default\">\n\t\t\t\t<div class=\"elementor-widget-container\">\n\t\t\t\t\t\t\t\t\t<div class=\"elementor-button-wrapper\">\n\t\t\t\t\t<a class=\"elementor-button elementor-button-link elementor-size-sm\" href=\"https:\/\/www.ams-ag.de\/fr\/grundlagen-magnetfeldtherapie\/magnetfeldtherapie-und-bioinformative-medizin\/umweltsignale\/\">\n\t\t\t\t\t\t<span class=\"elementor-button-content-wrapper\">\n\t\t\t\t\t\t<span class=\"elementor-button-icon\">\n\t\t\t\t<i aria-hidden=\"true\" class=\"fas fa-arrow-right\"><\/i>\t\t\t<\/span>\n\t\t\t\t\t\t\t\t\t<span class=\"elementor-button-text\">Signaux environnementaux<\/span>\n\t\t\t\t\t<\/span>\n\t\t\t\t\t<\/a>\n\t\t\t\t<\/div>\n\t\t\t\t\t\t\t\t<\/div>\n\t\t\t\t<\/div>\n\t\t\t\t\t<\/div>\n\t\t<\/div>\n\t\t\t\t\t<\/div>\n\t\t<\/section>\n\t\t\t\t<\/div>","protected":false},"excerpt":{"rendered":"<p>Physikalische Grundlagen Elektromagnetische Felder Was ist das eigentlich? Und wo befinden sie sich? Der Kosmos, alle lebenden Organismen, Menschen, Tiere und Pflanzen bestehen nur aus einem milliardsten Teil fester Materie, [&hellip;]<\/p>\n","protected":false},"author":1,"featured_media":0,"parent":1426,"menu_order":1,"comment_status":"closed","ping_status":"closed","template":"","meta":{"pmpro_default_level":"","footnotes":""},"class_list":["post-1390","page","type-page","status-publish","hentry","pmpro-has-access"],"_links":{"self":[{"href":"https:\/\/www.ams-ag.de\/fr\/wp-json\/wp\/v2\/pages\/1390","targetHints":{"allow":["GET"]}}],"collection":[{"href":"https:\/\/www.ams-ag.de\/fr\/wp-json\/wp\/v2\/pages"}],"about":[{"href":"https:\/\/www.ams-ag.de\/fr\/wp-json\/wp\/v2\/types\/page"}],"author":[{"embeddable":true,"href":"https:\/\/www.ams-ag.de\/fr\/wp-json\/wp\/v2\/users\/1"}],"replies":[{"embeddable":true,"href":"https:\/\/www.ams-ag.de\/fr\/wp-json\/wp\/v2\/comments?post=1390"}],"version-history":[{"count":12,"href":"https:\/\/www.ams-ag.de\/fr\/wp-json\/wp\/v2\/pages\/1390\/revisions"}],"predecessor-version":[{"id":16111,"href":"https:\/\/www.ams-ag.de\/fr\/wp-json\/wp\/v2\/pages\/1390\/revisions\/16111"}],"up":[{"embeddable":true,"href":"https:\/\/www.ams-ag.de\/fr\/wp-json\/wp\/v2\/pages\/1426"}],"wp:attachment":[{"href":"https:\/\/www.ams-ag.de\/fr\/wp-json\/wp\/v2\/media?parent=1390"}],"curies":[{"name":"wp","href":"https:\/\/api.w.org\/{rel}","templated":true}]}}