{"id":6493,"date":"2023-09-29T21:13:19","date_gmt":"2023-09-29T19:13:19","guid":{"rendered":"http:\/\/www.ams-ag.de\/?page_id=6493"},"modified":"2025-03-22T01:40:42","modified_gmt":"2025-03-22T00:40:42","slug":"filtro-de-repuesto-purwater-pro","status":"publish","type":"page","link":"https:\/\/www.ams-ag.de\/es\/produkte\/heimbedarf\/wasseraufbereitung\/ersatzfilter-purwater-pro\/","title":{"rendered":"Filtro de repuesto PURWATER pro"},"content":{"rendered":"<div data-elementor-type=\"wp-page\" data-elementor-id=\"6493\" class=\"elementor elementor-6493\" data-elementor-post-type=\"page\">\n\t\t\t\t\t\t<section class=\"elementor-section elementor-top-section elementor-element elementor-element-d8f1a38 elementor-section-boxed elementor-section-height-default elementor-section-height-default\" data-id=\"d8f1a38\" data-element_type=\"section\" data-e-type=\"section\">\n\t\t\t\t\t\t<div class=\"elementor-container elementor-column-gap-default\">\n\t\t\t\t\t<div class=\"elementor-column elementor-col-100 elementor-top-column elementor-element elementor-element-12ab49c\" data-id=\"12ab49c\" data-element_type=\"column\" data-e-type=\"column\">\n\t\t\t<div class=\"elementor-widget-wrap elementor-element-populated\">\n\t\t\t\t\t\t<div class=\"elementor-element elementor-element-174879a elementor-widget elementor-widget-heading\" data-id=\"174879a\" data-element_type=\"widget\" data-e-type=\"widget\" data-widget_type=\"heading.default\">\n\t\t\t\t<div class=\"elementor-widget-container\">\n\t\t\t\t\t<h2 class=\"elementor-heading-title elementor-size-default\">Filtro de repuesto PURWATER pro<\/h2>\t\t\t\t<\/div>\n\t\t\t\t<\/div>\n\t\t\t\t<div class=\"elementor-element elementor-element-821918e elementor-widget elementor-widget-button\" data-id=\"821918e\" data-element_type=\"widget\" data-e-type=\"widget\" data-widget_type=\"button.default\">\n\t\t\t\t<div class=\"elementor-widget-container\">\n\t\t\t\t\t\t\t\t\t<div class=\"elementor-button-wrapper\">\n\t\t\t\t\t<a class=\"elementor-button elementor-button-link elementor-size-sm\" href=\"http:\/\/ams-onlineshop.de\/produkt-kategorie\/heimbedarf\/wasseraufbereitung\/purwater-pro\/\" target=\"_blank\">\n\t\t\t\t\t\t<span class=\"elementor-button-content-wrapper\">\n\t\t\t\t\t\t<span class=\"elementor-button-icon\">\n\t\t\t\t<i aria-hidden=\"true\" class=\"fas fa-arrow-right\"><\/i>\t\t\t<\/span>\n\t\t\t\t\t\t\t\t\t<span class=\"elementor-button-text\">Filtros de repuesto en la tienda.<\/span>\n\t\t\t\t\t<\/span>\n\t\t\t\t\t<\/a>\n\t\t\t\t<\/div>\n\t\t\t\t\t\t\t\t<\/div>\n\t\t\t\t<\/div>\n\t\t\t\t<div class=\"elementor-element elementor-element-d372367 elementor-widget__width-auto elementor-widget elementor-widget-heading\" data-id=\"d372367\" data-element_type=\"widget\" data-e-type=\"widget\" data-widget_type=\"heading.default\">\n\t\t\t\t<div class=\"elementor-widget-container\">\n\t\t\t\t\t<span class=\"elementor-heading-title elementor-size-default\">S\u00f3lo disponible en: Alemania, Austria, Suiza<\/span>\t\t\t\t<\/div>\n\t\t\t\t<\/div>\n\t\t\t\t\t<\/div>\n\t\t<\/div>\n\t\t\t\t\t<\/div>\n\t\t<\/section>\n\t\t\t\t<section class=\"elementor-section elementor-top-section elementor-element elementor-element-3a1e3e9 elementor-section-boxed elementor-section-height-default elementor-section-height-default\" data-id=\"3a1e3e9\" data-element_type=\"section\" data-e-type=\"section\">\n\t\t\t\t\t\t<div class=\"elementor-container elementor-column-gap-default\">\n\t\t\t\t\t<div class=\"elementor-column elementor-col-100 elementor-top-column elementor-element elementor-element-743eda9\" data-id=\"743eda9\" data-element_type=\"column\" data-e-type=\"column\">\n\t\t\t<div class=\"elementor-widget-wrap elementor-element-populated\">\n\t\t\t\t\t\t<div class=\"elementor-element elementor-element-aa901bc elementor-widget elementor-widget-heading\" data-id=\"aa901bc\" data-element_type=\"widget\" data-e-type=\"widget\" data-widget_type=\"heading.default\">\n\t\t\t\t<div class=\"elementor-widget-container\">\n\t\t\t\t\t<h2 class=\"elementor-heading-title elementor-size-default\">Buenas y malas noticias...<\/h2>\t\t\t\t<\/div>\n\t\t\t\t<\/div>\n\t\t\t\t<div class=\"elementor-element elementor-element-d5e7fed elementor-widget elementor-widget-text-editor\" data-id=\"d5e7fed\" data-element_type=\"widget\" data-e-type=\"widget\" data-widget_type=\"text-editor.default\">\n\t\t\t\t<div class=\"elementor-widget-container\">\n\t\t\t\t\t\t\t\t\t<p><b>Primero lo malo:<br>\n<\/b>Lamentablemente, nuestro PURWATER pro, el dispositivo de tratamiento de agua que vendemos desde hace mucho tiempo, ya no est\u00e1 disponible. Su producci\u00f3n se ha detenido y ya hemos vendido el \u00faltimo de nuestros dispositivos.<\/p>\n<p><b>La buena noticia es:<br>\n<\/b>Si posee un dispositivo PURWATER pro, no tiene que preocuparse por los cambios de filtro durante su vida \u00fatil. Los filtros est\u00e1n y seguir\u00e1n estando disponibles. Esto se debe a que, adem\u00e1s del PURWATER pro, tambi\u00e9n hay otros dispositivos que est\u00e1n equipados con estos filtros; por lo tanto, la interrupci\u00f3n de la producci\u00f3n del dispositivo PURWATER pro no tiene nada que ver con la disponibilidad de los filtros.<\/p>\n<p><b>Otra buena noticia:<br>\n<\/b>Si a\u00fan no tiene un dispositivo de tratamiento de agua o quiere recomend\u00e1rselo a alguien, ya tenemos el adecuado para usted.<\/p>\n<p>Con el spring-time\u00ae420 pro hemos a\u00f1adido un nuevo dispositivo de tratamiento de agua a nuestra gama de productos.<\/p>\n<p>Despu\u00e9s de una intensa investigaci\u00f3n, estamos muy contentos de haber encontrado un nuevo socio de cooperaci\u00f3n:<br>\nLa empresa aqua living, uno de los principales proveedores de sistemas de purificaci\u00f3n de agua fabricados exclusivamente en Alemania.<\/p>\n<p>Para m\u00e1s informaci\u00f3n, haga clic aqu\u00ed:<\/p>\n<p><a href=\"https:\/\/www.ams-ag.de\/es\/productos\/suministros-para-el-hogar\/tratamiento-de-agua\/tiempo-de-primavera420-pro\/\"><b>spring-time\u00ae420 pro<\/b><\/a><\/p>\t\t\t\t\t\t\t\t<\/div>\n\t\t\t\t<\/div>\n\t\t\t\t<div class=\"elementor-element elementor-element-541aa02 elementor-widget elementor-widget-button\" data-id=\"541aa02\" data-element_type=\"widget\" data-e-type=\"widget\" data-widget_type=\"button.default\">\n\t\t\t\t<div class=\"elementor-widget-container\">\n\t\t\t\t\t\t\t\t\t<div class=\"elementor-button-wrapper\">\n\t\t\t\t\t<a class=\"elementor-button elementor-button-link elementor-size-sm\" href=\"http:\/\/ams-onlineshop.de\/produkt-kategorie\/heimbedarf\/wasseraufbereitung\/purwater-pro\/\" target=\"_blank\">\n\t\t\t\t\t\t<span class=\"elementor-button-content-wrapper\">\n\t\t\t\t\t\t<span class=\"elementor-button-icon\">\n\t\t\t\t<i aria-hidden=\"true\" class=\"fas fa-arrow-right\"><\/i>\t\t\t<\/span>\n\t\t\t\t\t\t\t\t\t<span class=\"elementor-button-text\">Filtros de repuesto en la tienda.<\/span>\n\t\t\t\t\t<\/span>\n\t\t\t\t\t<\/a>\n\t\t\t\t<\/div>\n\t\t\t\t\t\t\t\t<\/div>\n\t\t\t\t<\/div>\n\t\t\t\t\t<\/div>\n\t\t<\/div>\n\t\t\t\t\t<\/div>\n\t\t<\/section>\n\t\t\t\t<section class=\"elementor-section elementor-top-section elementor-element elementor-element-1784d46 elementor-section-boxed elementor-section-height-default elementor-section-height-default\" data-id=\"1784d46\" data-element_type=\"section\" data-e-type=\"section\" data-settings=\"{&quot;background_background&quot;:&quot;classic&quot;}\">\n\t\t\t\t\t\t<div class=\"elementor-container elementor-column-gap-default\">\n\t\t\t\t\t<div class=\"elementor-column elementor-col-100 elementor-top-column elementor-element elementor-element-a0f2297\" data-id=\"a0f2297\" data-element_type=\"column\" data-e-type=\"column\">\n\t\t\t<div class=\"elementor-widget-wrap elementor-element-populated\">\n\t\t\t\t\t\t<div class=\"elementor-element elementor-element-d6b214c elementor-align-right elementor-mobile-align-center elementor-widget elementor-widget-button\" data-id=\"d6b214c\" data-element_type=\"widget\" data-e-type=\"widget\" data-widget_type=\"button.default\">\n\t\t\t\t<div class=\"elementor-widget-container\">\n\t\t\t\t\t\t\t\t\t<div class=\"elementor-button-wrapper\">\n\t\t\t\t\t<a class=\"elementor-button elementor-button-link elementor-size-sm\" href=\"https:\/\/www.ams-ag.de\/es\/veranstaltungen-und-termine\/\">\n\t\t\t\t\t\t<span class=\"elementor-button-content-wrapper\">\n\t\t\t\t\t\t<span class=\"elementor-button-icon\">\n\t\t\t\t<i aria-hidden=\"true\" class=\"fas fa-arrow-right\"><\/i>\t\t\t<\/span>\n\t\t\t\t\t\t\t\t\t<span class=\"elementor-button-text\">Eventos y fechas<\/span>\n\t\t\t\t\t<\/span>\n\t\t\t\t\t<\/a>\n\t\t\t\t<\/div>\n\t\t\t\t\t\t\t\t<\/div>\n\t\t\t\t<\/div>\n\t\t\t\t\t<\/div>\n\t\t<\/div>\n\t\t\t\t\t<\/div>\n\t\t<\/section>\n\t\t\t\t<\/div>","protected":false},"excerpt":{"rendered":"<p>Ersatzfilter PURWATER pro Ersatzfilter im Shop Nur verf\u00fcgbar in: Deutschland, \u00d6sterreich, Schweiz Eine gute und eine schlechte Nachricht &#8230; Zuerst die schlechte: Unser PURWATER pro, das Wasseraufbereitungsger\u00e4t, das wir \u00fcber [&hellip;]<\/p>\n","protected":false},"author":1,"featured_media":0,"parent":3990,"menu_order":8,"comment_status":"closed","ping_status":"closed","template":"","meta":{"pmpro_default_level":"","footnotes":""},"class_list":["post-6493","page","type-page","status-publish","hentry","pmpro-has-access"],"_links":{"self":[{"href":"https:\/\/www.ams-ag.de\/es\/wp-json\/wp\/v2\/pages\/6493","targetHints":{"allow":["GET"]}}],"collection":[{"href":"https:\/\/www.ams-ag.de\/es\/wp-json\/wp\/v2\/pages"}],"about":[{"href":"https:\/\/www.ams-ag.de\/es\/wp-json\/wp\/v2\/types\/page"}],"author":[{"embeddable":true,"href":"https:\/\/www.ams-ag.de\/es\/wp-json\/wp\/v2\/users\/1"}],"replies":[{"embeddable":true,"href":"https:\/\/www.ams-ag.de\/es\/wp-json\/wp\/v2\/comments?post=6493"}],"version-history":[{"count":12,"href":"https:\/\/www.ams-ag.de\/es\/wp-json\/wp\/v2\/pages\/6493\/revisions"}],"predecessor-version":[{"id":18664,"href":"https:\/\/www.ams-ag.de\/es\/wp-json\/wp\/v2\/pages\/6493\/revisions\/18664"}],"up":[{"embeddable":true,"href":"https:\/\/www.ams-ag.de\/es\/wp-json\/wp\/v2\/pages\/3990"}],"wp:attachment":[{"href":"https:\/\/www.ams-ag.de\/es\/wp-json\/wp\/v2\/media?parent=6493"}],"curies":[{"name":"wp","href":"https:\/\/api.w.org\/{rel}","templated":true}]}}