{"id":4153,"date":"2023-09-07T21:24:45","date_gmt":"2023-09-07T19:24:45","guid":{"rendered":"http:\/\/www.ams-ag.de\/?page_id=4153"},"modified":"2025-09-29T19:01:14","modified_gmt":"2025-09-29T17:01:14","slug":"suministros-para-el-hogar","status":"publish","type":"page","link":"https:\/\/www.ams-ag.de\/es\/produkte\/heimbedarf\/","title":{"rendered":"art\u00edculos para el hogar"},"content":{"rendered":"<div data-elementor-type=\"wp-page\" data-elementor-id=\"4153\" class=\"elementor elementor-4153\" data-elementor-post-type=\"page\">\n\t\t\t\t\t\t<section class=\"elementor-section elementor-top-section elementor-element elementor-element-1210e5f elementor-section-boxed elementor-section-height-default elementor-section-height-default\" data-id=\"1210e5f\" data-element_type=\"section\" data-e-type=\"section\" data-settings=\"{&quot;background_background&quot;:&quot;classic&quot;}\">\n\t\t\t\t\t\t<div class=\"elementor-container elementor-column-gap-default\">\n\t\t\t\t\t<div class=\"elementor-column elementor-col-50 elementor-top-column elementor-element elementor-element-8c80145\" data-id=\"8c80145\" data-element_type=\"column\" data-e-type=\"column\">\n\t\t\t<div class=\"elementor-widget-wrap elementor-element-populated\">\n\t\t\t\t\t\t<div class=\"elementor-element elementor-element-745878c elementor-widget elementor-widget-image\" data-id=\"745878c\" data-element_type=\"widget\" data-e-type=\"widget\" data-widget_type=\"image.default\">\n\t\t\t\t<div class=\"elementor-widget-container\">\n\t\t\t\t\t\t\t\t\t\t\t\t\t\t\t<img fetchpriority=\"high\" decoding=\"async\" width=\"768\" height=\"512\" src=\"https:\/\/www.ams-ag.de\/wp-content\/uploads\/2023\/12\/jonathan-borba-DUrU_bZV8So-unsplash-768x512.jpg\" class=\"attachment-medium_large size-medium_large wp-image-11632\" alt=\"\" srcset=\"https:\/\/www.ams-ag.de\/wp-content\/uploads\/2023\/12\/jonathan-borba-DUrU_bZV8So-unsplash-768x512.jpg 768w, https:\/\/www.ams-ag.de\/wp-content\/uploads\/2023\/12\/jonathan-borba-DUrU_bZV8So-unsplash-300x200.jpg 300w, https:\/\/www.ams-ag.de\/wp-content\/uploads\/2023\/12\/jonathan-borba-DUrU_bZV8So-unsplash-1536x1024.jpg 1536w, https:\/\/www.ams-ag.de\/wp-content\/uploads\/2023\/12\/jonathan-borba-DUrU_bZV8So-unsplash.jpg 1920w\" sizes=\"(max-width: 768px) 100vw, 768px\" \/>\t\t\t\t\t\t\t\t\t\t\t\t\t\t\t<\/div>\n\t\t\t\t<\/div>\n\t\t\t\t\t<\/div>\n\t\t<\/div>\n\t\t\t\t<div class=\"elementor-column elementor-col-50 elementor-top-column elementor-element elementor-element-e534d15\" data-id=\"e534d15\" data-element_type=\"column\" data-e-type=\"column\">\n\t\t\t<div class=\"elementor-widget-wrap elementor-element-populated\">\n\t\t\t\t\t\t<div class=\"elementor-element elementor-element-9b8060f elementor-widget elementor-widget-heading\" data-id=\"9b8060f\" data-element_type=\"widget\" data-e-type=\"widget\" data-widget_type=\"heading.default\">\n\t\t\t\t<div class=\"elementor-widget-container\">\n\t\t\t\t\t<h1 class=\"elementor-heading-title elementor-size-default\">Dispositivos para uso dom\u00e9stico.<\/h1>\t\t\t\t<\/div>\n\t\t\t\t<\/div>\n\t\t\t\t<div class=\"elementor-element elementor-element-635d0dab elementor-widget elementor-widget-text-editor\" data-id=\"635d0dab\" data-element_type=\"widget\" data-e-type=\"widget\" data-widget_type=\"text-editor.default\">\n\t\t\t\t<div class=\"elementor-widget-container\">\n\t\t\t\t\t\t\t\t\t<p>A continuaci\u00f3n podr\u00e1s ver todas las categor\u00edas que contienen diversos productos para uso dom\u00e9stico. Al hacer clic en la categor\u00eda, acceder\u00e1 a una p\u00e1gina de introducci\u00f3n que le facilitar\u00e1 comenzar con la gama de productos respectiva. Luego busque las descripciones espec\u00edficas de cada producto.<\/p>\t\t\t\t\t\t\t\t<\/div>\n\t\t\t\t<\/div>\n\t\t\t\t\t<\/div>\n\t\t<\/div>\n\t\t\t\t\t<\/div>\n\t\t<\/section>\n\t\t\t\t<section class=\"elementor-section elementor-top-section elementor-element elementor-element-4ed167c3 elementor-section-boxed elementor-section-height-default elementor-section-height-default\" data-id=\"4ed167c3\" data-element_type=\"section\" data-e-type=\"section\">\n\t\t\t\t\t\t<div class=\"elementor-container elementor-column-gap-default\">\n\t\t\t\t\t<div class=\"elementor-column elementor-col-100 elementor-top-column elementor-element elementor-element-391bbc52\" data-id=\"391bbc52\" data-element_type=\"column\" data-e-type=\"column\">\n\t\t\t<div class=\"elementor-widget-wrap elementor-element-populated\">\n\t\t\t\t\t\t<div class=\"elementor-element elementor-element-c86b186 elementor-widget elementor-widget-heading\" data-id=\"c86b186\" data-element_type=\"widget\" data-e-type=\"widget\" data-widget_type=\"heading.default\">\n\t\t\t\t<div class=\"elementor-widget-container\">\n\t\t\t\t\t<h2 class=\"elementor-heading-title elementor-size-default\">Puede navegar por las siguientes categor\u00edas:<\/h2>\t\t\t\t<\/div>\n\t\t\t\t<\/div>\n\t\t\t\t<div class=\"elementor-element elementor-element-8157736 elementor-widget elementor-widget-text-editor\" data-id=\"8157736\" data-element_type=\"widget\" data-e-type=\"widget\" data-widget_type=\"text-editor.default\">\n\t\t\t\t<div class=\"elementor-widget-container\">\n\t\t\t\t\t\t\t\t\t<ul>\n<li><a href=\"https:\/\/www.ams-ag.de\/es\/hogar\/suministros-para-el-hogar\/pequenos-dispositivos\/\"><b>Peque\u00f1os accesorios<\/b><\/a><br>\nNuestros peque\u00f1os dispositivos son pr\u00e1cticos y f\u00e1ciles de usar. Son compa\u00f1eros fieles y adecuados para el uso diario.<\/li>\n<li><a href=\"https:\/\/www.ams-ag.de\/es\/hogar\/suministros-para-el-hogar\/dispositivo-grande\/\"><b>Dispositivo grande MEDISEND\u00aesuper<\/b><\/a><br>\nAlgunos usuarios dom\u00e9sticos incluso utilizan nuestro dispositivo grande MEDISEND\u00aesuper. No dispone de programas preestablecidos como los aparatos peque\u00f1os, sino de ajuste individual de todas las frecuencias del campo magn\u00e9tico entre 0,1 - 1000 Hz.<\/li>\n<li><a href=\"https:\/\/www.ams-ag.de\/es\/suministros-para-el-hogar\/tratamiento-de-agua\/\"><b>Tratamiento de aguas<\/b><\/a><br>\nEl agua pura y energizada es particularmente importante para nuestro cuerpo. Le ofrecemos un dispositivo de tratamiento de agua que simult\u00e1neamente energiza el agua purificada mediante un dispositivo de campo magn\u00e9tico incorporado.<\/li>\n<li><a href=\"http:\/\/ams-onlineshop.de\/produkt-kategorie\/heimbedarf\/grossgeraet\/geraetezubehoer\/\" target=\"_blank\" rel=\"noopener\"><b>para accesorios de dispositivos en la TIENDA<\/b><\/a><br>\nExisten accesorios \u00fatiles para algunos de nuestros dispositivos.<\/li>\n<li><a href=\"http:\/\/ams-onlineshop.de\/produkt-kategorie\/heimbedarf\/sonstiges\/\" target=\"_blank\" rel=\"noopener\"><b>Otros en la TIENDA<\/b><\/a><br>\nAqu\u00ed encontrar\u00e1 nuestro tensor para comprobar frecuencias o sustancias, nuestro gel de glucosamina dorada y un dispositivo para medir la tensi\u00f3n el\u00e9ctrica. Esta categor\u00eda tambi\u00e9n contiene todos los libros de nuestra gama.<\/li>\n<\/ul>\t\t\t\t\t\t\t\t<\/div>\n\t\t\t\t<\/div>\n\t\t\t\t<div class=\"elementor-element elementor-element-2bdb192 elementor-widget elementor-widget-button\" data-id=\"2bdb192\" data-element_type=\"widget\" data-e-type=\"widget\" data-widget_type=\"button.default\">\n\t\t\t\t<div class=\"elementor-widget-container\">\n\t\t\t\t\t\t\t\t\t<div class=\"elementor-button-wrapper\">\n\t\t\t\t\t<a class=\"elementor-button elementor-button-link elementor-size-sm\" href=\"http:\/\/ams-onlineshop.de\/produkt-kategorie\/heimbedarf\/\" target=\"_blank\">\n\t\t\t\t\t\t<span class=\"elementor-button-content-wrapper\">\n\t\t\t\t\t\t<span class=\"elementor-button-icon\">\n\t\t\t\t<i aria-hidden=\"true\" class=\"fas fa-arrow-right\"><\/i>\t\t\t<\/span>\n\t\t\t\t\t\t\t\t\t<span class=\"elementor-button-text\">Productos de suministros para el hogar en la tienda.<\/span>\n\t\t\t\t\t<\/span>\n\t\t\t\t\t<\/a>\n\t\t\t\t<\/div>\n\t\t\t\t\t\t\t\t<\/div>\n\t\t\t\t<\/div>\n\t\t\t\t\t<\/div>\n\t\t<\/div>\n\t\t\t\t\t<\/div>\n\t\t<\/section>\n\t\t\t\t<section class=\"elementor-section elementor-top-section elementor-element elementor-element-59249228 elementor-section-boxed elementor-section-height-default elementor-section-height-default\" data-id=\"59249228\" data-element_type=\"section\" data-e-type=\"section\">\n\t\t\t\t\t\t<div class=\"elementor-container elementor-column-gap-default\">\n\t\t\t\t\t<div class=\"elementor-column elementor-col-100 elementor-top-column elementor-element elementor-element-47bbe785\" data-id=\"47bbe785\" data-element_type=\"column\" data-e-type=\"column\">\n\t\t\t<div class=\"elementor-widget-wrap elementor-element-populated\">\n\t\t\t\t\t\t<div class=\"elementor-element elementor-element-5c27b896 elementor-widget elementor-widget-menu-anchor\" data-id=\"5c27b896\" data-element_type=\"widget\" data-e-type=\"widget\" data-widget_type=\"menu-anchor.default\">\n\t\t\t\t<div class=\"elementor-widget-container\">\n\t\t\t\t\t\t\t<div class=\"elementor-menu-anchor\" id=\"90\"><\/div>\n\t\t\t\t\t\t<\/div>\n\t\t\t\t<\/div>\n\t\t\t\t<section class=\"elementor-section elementor-inner-section elementor-element elementor-element-744d40bb elementor-section-boxed elementor-section-height-default elementor-section-height-default\" data-id=\"744d40bb\" data-element_type=\"section\" data-e-type=\"section\">\n\t\t\t\t\t\t<div class=\"elementor-container elementor-column-gap-default\">\n\t\t\t\t\t<div class=\"elementor-column elementor-col-50 elementor-inner-column elementor-element elementor-element-4510a1b1\" data-id=\"4510a1b1\" data-element_type=\"column\" data-e-type=\"column\">\n\t\t\t<div class=\"elementor-widget-wrap elementor-element-populated\">\n\t\t\t\t\t\t<div class=\"elementor-element elementor-element-496483bb elementor-widget elementor-widget-image\" data-id=\"496483bb\" data-element_type=\"widget\" data-e-type=\"widget\" data-widget_type=\"image.default\">\n\t\t\t\t<div class=\"elementor-widget-container\">\n\t\t\t\t\t\t\t\t\t\t\t\t\t\t\t<img decoding=\"async\" width=\"800\" height=\"800\" src=\"https:\/\/www.ams-ag.de\/wp-content\/uploads\/2025\/09\/AMS-90-Tage-1024x1024.jpg\" class=\"attachment-large size-large wp-image-19627\" alt=\"Pol\u00edtica de devoluci\u00f3n de 90 d\u00edas de AMS, sello\" srcset=\"https:\/\/www.ams-ag.de\/wp-content\/uploads\/2025\/09\/AMS-90-Tage-1024x1024.jpg 1024w, https:\/\/www.ams-ag.de\/wp-content\/uploads\/2025\/09\/AMS-90-Tage-300x300.jpg 300w, https:\/\/www.ams-ag.de\/wp-content\/uploads\/2025\/09\/AMS-90-Tage-150x150.jpg 150w, https:\/\/www.ams-ag.de\/wp-content\/uploads\/2025\/09\/AMS-90-Tage-768x768.jpg 768w, https:\/\/www.ams-ag.de\/wp-content\/uploads\/2025\/09\/AMS-90-Tage-1536x1536.jpg 1536w, https:\/\/www.ams-ag.de\/wp-content\/uploads\/2025\/09\/AMS-90-Tage-12x12.jpg 12w, https:\/\/www.ams-ag.de\/wp-content\/uploads\/2025\/09\/AMS-90-Tage.jpg 1540w\" sizes=\"(max-width: 800px) 100vw, 800px\" \/>\t\t\t\t\t\t\t\t\t\t\t\t\t\t\t<\/div>\n\t\t\t\t<\/div>\n\t\t\t\t\t<\/div>\n\t\t<\/div>\n\t\t\t\t<div class=\"elementor-column elementor-col-50 elementor-inner-column elementor-element elementor-element-7bdc8846\" data-id=\"7bdc8846\" data-element_type=\"column\" data-e-type=\"column\">\n\t\t\t<div class=\"elementor-widget-wrap elementor-element-populated\">\n\t\t\t\t\t\t<div class=\"elementor-element elementor-element-30f168f4 elementor-widget elementor-widget-heading\" data-id=\"30f168f4\" data-element_type=\"widget\" data-e-type=\"widget\" data-widget_type=\"heading.default\">\n\t\t\t\t<div class=\"elementor-widget-container\">\n\t\t\t\t\t<h1 class=\"elementor-heading-title elementor-size-default\">Pol\u00edtica de devoluci\u00f3n de 90 d\u00edas*<\/h1>\t\t\t\t<\/div>\n\t\t\t\t<\/div>\n\t\t\t\t<div class=\"elementor-element elementor-element-58da63ec elementor-widget elementor-widget-text-editor\" data-id=\"58da63ec\" data-element_type=\"widget\" data-e-type=\"widget\" data-widget_type=\"text-editor.default\">\n\t\t\t\t<div class=\"elementor-widget-container\">\n\t\t\t\t\t\t\t\t\t<p>Al comprar uno de nuestros peque\u00f1os electrodom\u00e9sticos, tiene 90 d\u00edas para devolverlo. Si nos lo devuelve en perfecto estado dentro de este plazo, le reembolsaremos el precio total de la compra (menos los gastos de env\u00edo).<\/p>\t\t\t\t\t\t\t\t<\/div>\n\t\t\t\t<\/div>\n\t\t\t\t<div class=\"elementor-element elementor-element-56dda71c elementor-widget elementor-widget-text-editor\" data-id=\"56dda71c\" data-element_type=\"widget\" data-e-type=\"widget\" data-widget_type=\"text-editor.default\">\n\t\t\t\t<div class=\"elementor-widget-container\">\n\t\t\t\t\t\t\t\t\t<p>*Esta pol\u00edtica solo aplica a pedidos procesados directamente a trav\u00e9s de AMS. Nuestros socios de ventas nacionales e internacionales pueden tener pol\u00edticas diferentes.<\/p>\t\t\t\t\t\t\t\t<\/div>\n\t\t\t\t<\/div>\n\t\t\t\t\t<\/div>\n\t\t<\/div>\n\t\t\t\t\t<\/div>\n\t\t<\/section>\n\t\t\t\t\t<\/div>\n\t\t<\/div>\n\t\t\t\t\t<\/div>\n\t\t<\/section>\n\t\t\t\t<section class=\"elementor-section elementor-top-section elementor-element elementor-element-8e9d5f6 elementor-section-boxed elementor-section-height-default elementor-section-height-default\" data-id=\"8e9d5f6\" data-element_type=\"section\" data-e-type=\"section\" data-settings=\"{&quot;background_background&quot;:&quot;classic&quot;}\">\n\t\t\t\t\t\t<div class=\"elementor-container elementor-column-gap-default\">\n\t\t\t\t\t<div class=\"elementor-column elementor-col-100 elementor-top-column elementor-element elementor-element-2fe0089\" data-id=\"2fe0089\" data-element_type=\"column\" data-e-type=\"column\">\n\t\t\t<div class=\"elementor-widget-wrap elementor-element-populated\">\n\t\t\t\t\t\t<div class=\"elementor-element elementor-element-b185982 elementor-widget elementor-widget-heading\" data-id=\"b185982\" data-element_type=\"widget\" data-e-type=\"widget\" data-widget_type=\"heading.default\">\n\t\t\t\t<div class=\"elementor-widget-container\">\n\t\t\t\t\t<h2 class=\"elementor-heading-title elementor-size-default\">ponerse en contacto<\/h2>\t\t\t\t<\/div>\n\t\t\t\t<\/div>\n\t\t\t\t<div class=\"elementor-element elementor-element-c59d608 elementor-widget elementor-widget-text-editor\" data-id=\"c59d608\" data-element_type=\"widget\" data-e-type=\"widget\" data-widget_type=\"text-editor.default\">\n\t\t\t\t<div class=\"elementor-widget-container\">\n\t\t\t\t\t\t\t\t\t<p>Si necesitas m\u00e1s informaci\u00f3n o asesoramiento, contacta con nosotros. Estamos felices de estar all\u00ed para usted.<\/p>\t\t\t\t\t\t\t\t<\/div>\n\t\t\t\t<\/div>\n\t\t\t\t<div class=\"elementor-element elementor-element-55ecc59 elementor-widget-divider--view-line elementor-widget elementor-widget-divider\" data-id=\"55ecc59\" data-element_type=\"widget\" data-e-type=\"widget\" data-widget_type=\"divider.default\">\n\t\t\t\t<div class=\"elementor-widget-container\">\n\t\t\t\t\t\t\t<div class=\"elementor-divider\">\n\t\t\t<span class=\"elementor-divider-separator\">\n\t\t\t\t\t\t<\/span>\n\t\t<\/div>\n\t\t\t\t\t\t<\/div>\n\t\t\t\t<\/div>\n\t\t\t\t<div class=\"elementor-element elementor-element-3c8397b elementor-widget__width-initial elementor-widget elementor-widget-text-editor\" data-id=\"3c8397b\" data-element_type=\"widget\" data-e-type=\"widget\" data-widget_type=\"text-editor.default\">\n\t\t\t\t<div class=\"elementor-widget-container\">\n\t\t\t\t\t\t\t\t\t<p><strong>Sistemas m\u00e9dicos avanzados GmbH (AMS)<\/strong><br \/>Hauptstra\u00dfe 26<br \/>D-97990 Weikersheim<\/p>\t\t\t\t\t\t\t\t<\/div>\n\t\t\t\t<\/div>\n\t\t\t\t<div class=\"elementor-element elementor-element-9b8991e elementor-widget__width-initial elementor-widget elementor-widget-text-editor\" data-id=\"9b8991e\" data-element_type=\"widget\" data-e-type=\"widget\" data-widget_type=\"text-editor.default\">\n\t\t\t\t<div class=\"elementor-widget-container\">\n\t\t\t\t\t\t\t\t\t<p>Tel\u00e9fono: <a href=\"tel:+4979349934890\" target=\"_blank\" rel=\"noopener\"><b>+49 7934 993489-0<\/b><\/a><br>\nFax: +49 7934 993489-44<br>\nCorreo electr\u00f3nico: <a class=\"mail\" title=\"Abre una ventana para enviar correo electr\u00f3nico.\" href=\"mailto:info@ams-ag.de\"><b>info@ams-ag.de<\/b><\/a><\/p>\t\t\t\t\t\t\t\t<\/div>\n\t\t\t\t<\/div>\n\t\t\t\t<div class=\"elementor-element elementor-element-161f556 elementor-widget__width-initial elementor-widget elementor-widget-text-editor\" data-id=\"161f556\" data-element_type=\"widget\" data-e-type=\"widget\" data-widget_type=\"text-editor.default\">\n\t\t\t\t<div class=\"elementor-widget-container\">\n\t\t\t\t\t\t\t\t\t<p><b>Horas de trabajo:<br \/><\/b>Lunes a jueves de 8:00 a. m. a 5:00 p. m. CET<br \/>Viernes 8:00 a. m. - 2:30 p. m. CET<\/p>\t\t\t\t\t\t\t\t<\/div>\n\t\t\t\t<\/div>\n\t\t\t\t<div class=\"elementor-element elementor-element-2c36cd4 elementor-widget-divider--view-line elementor-widget elementor-widget-divider\" data-id=\"2c36cd4\" data-element_type=\"widget\" data-e-type=\"widget\" data-widget_type=\"divider.default\">\n\t\t\t\t<div class=\"elementor-widget-container\">\n\t\t\t\t\t\t\t<div class=\"elementor-divider\">\n\t\t\t<span class=\"elementor-divider-separator\">\n\t\t\t\t\t\t<\/span>\n\t\t<\/div>\n\t\t\t\t\t\t<\/div>\n\t\t\t\t<\/div>\n\t\t\t\t<div class=\"elementor-element elementor-element-6a34dca elementor-align-left elementor-widget__width-auto elementor-widget-tablet__width-inherit elementor-widget elementor-widget-button\" data-id=\"6a34dca\" data-element_type=\"widget\" data-e-type=\"widget\" data-widget_type=\"button.default\">\n\t\t\t\t<div class=\"elementor-widget-container\">\n\t\t\t\t\t\t\t\t\t<div class=\"elementor-button-wrapper\">\n\t\t\t\t\t<a class=\"elementor-button elementor-button-link elementor-size-sm\" href=\"https:\/\/www.ams-ag.de\/es\/contacto\/fecha-de-devolucion-de-llamada\/\">\n\t\t\t\t\t\t<span class=\"elementor-button-content-wrapper\">\n\t\t\t\t\t\t<span class=\"elementor-button-icon\">\n\t\t\t\t<i aria-hidden=\"true\" class=\"fas fa-phone\"><\/i>\t\t\t<\/span>\n\t\t\t\t\t\t\t\t\t<span class=\"elementor-button-text\">fecha de devoluci\u00f3n de llamada<\/span>\n\t\t\t\t\t<\/span>\n\t\t\t\t\t<\/a>\n\t\t\t\t<\/div>\n\t\t\t\t\t\t\t\t<\/div>\n\t\t\t\t<\/div>\n\t\t\t\t<div class=\"elementor-element elementor-element-a7c501c elementor-align-left elementor-widget__width-auto elementor-widget elementor-widget-button\" data-id=\"a7c501c\" data-element_type=\"widget\" data-e-type=\"widget\" data-widget_type=\"button.default\">\n\t\t\t\t<div class=\"elementor-widget-container\">\n\t\t\t\t\t\t\t\t\t<div class=\"elementor-button-wrapper\">\n\t\t\t\t\t<a class=\"elementor-button elementor-button-link elementor-size-sm\" href=\"https:\/\/www.ams-ag.de\/es\/contacto\/material-informativo\/\">\n\t\t\t\t\t\t<span class=\"elementor-button-content-wrapper\">\n\t\t\t\t\t\t<span class=\"elementor-button-icon\">\n\t\t\t\t<i aria-hidden=\"true\" class=\"fas fa-file-alt\"><\/i>\t\t\t<\/span>\n\t\t\t\t\t\t\t\t\t<span class=\"elementor-button-text\">Solicitar material informativo<\/span>\n\t\t\t\t\t<\/span>\n\t\t\t\t\t<\/a>\n\t\t\t\t<\/div>\n\t\t\t\t\t\t\t\t<\/div>\n\t\t\t\t<\/div>\n\t\t\t\t<div class=\"elementor-element elementor-element-09735d8 elementor-align-left elementor-widget__width-auto elementor-widget elementor-widget-button\" data-id=\"09735d8\" data-element_type=\"widget\" data-e-type=\"widget\" data-widget_type=\"button.default\">\n\t\t\t\t<div class=\"elementor-widget-container\">\n\t\t\t\t\t\t\t\t\t<div class=\"elementor-button-wrapper\">\n\t\t\t\t\t<a class=\"elementor-button elementor-button-link elementor-size-sm\" href=\"https:\/\/www.ams-ag.de\/es\/contacto\/solicitar-inicio-de-sesion\/\">\n\t\t\t\t\t\t<span class=\"elementor-button-content-wrapper\">\n\t\t\t\t\t\t<span class=\"elementor-button-icon\">\n\t\t\t\t<i aria-hidden=\"true\" class=\"fas fa-user\"><\/i>\t\t\t<\/span>\n\t\t\t\t\t\t\t\t\t<span class=\"elementor-button-text\">Solicitar inicio de sesi\u00f3n<\/span>\n\t\t\t\t\t<\/span>\n\t\t\t\t\t<\/a>\n\t\t\t\t<\/div>\n\t\t\t\t\t\t\t\t<\/div>\n\t\t\t\t<\/div>\n\t\t\t\t<div class=\"elementor-element elementor-element-05ef715 elementor-align-left elementor-widget__width-auto elementor-widget elementor-widget-button\" data-id=\"05ef715\" data-element_type=\"widget\" data-e-type=\"widget\" data-widget_type=\"button.default\">\n\t\t\t\t<div class=\"elementor-widget-container\">\n\t\t\t\t\t\t\t\t\t<div class=\"elementor-button-wrapper\">\n\t\t\t\t\t<a class=\"elementor-button elementor-button-link elementor-size-sm\" href=\"https:\/\/www.ams-ag.de\/es\/contacto\/suscribete-al-boletin\/\">\n\t\t\t\t\t\t<span class=\"elementor-button-content-wrapper\">\n\t\t\t\t\t\t<span class=\"elementor-button-icon\">\n\t\t\t\t<i aria-hidden=\"true\" class=\"fas fa-envelope\"><\/i>\t\t\t<\/span>\n\t\t\t\t\t\t\t\t\t<span class=\"elementor-button-text\">Suscr\u00edbete al bolet\u00edn<\/span>\n\t\t\t\t\t<\/span>\n\t\t\t\t\t<\/a>\n\t\t\t\t<\/div>\n\t\t\t\t\t\t\t\t<\/div>\n\t\t\t\t<\/div>\n\t\t\t\t\t<\/div>\n\t\t<\/div>\n\t\t\t\t\t<\/div>\n\t\t<\/section>\n\t\t\t\t<section class=\"elementor-section elementor-top-section elementor-element elementor-element-ed7d809 elementor-section-boxed elementor-section-height-default elementor-section-height-default\" data-id=\"ed7d809\" data-element_type=\"section\" data-e-type=\"section\" data-settings=\"{&quot;background_background&quot;:&quot;classic&quot;}\">\n\t\t\t\t\t\t<div class=\"elementor-container elementor-column-gap-default\">\n\t\t\t\t\t<div class=\"elementor-column elementor-col-100 elementor-top-column elementor-element elementor-element-a8e764d\" data-id=\"a8e764d\" data-element_type=\"column\" data-e-type=\"column\">\n\t\t\t<div class=\"elementor-widget-wrap elementor-element-populated\">\n\t\t\t\t\t\t<div class=\"elementor-element elementor-element-d7b5932 elementor-align-right elementor-mobile-align-center elementor-widget elementor-widget-button\" data-id=\"d7b5932\" data-element_type=\"widget\" data-e-type=\"widget\" data-widget_type=\"button.default\">\n\t\t\t\t<div class=\"elementor-widget-container\">\n\t\t\t\t\t\t\t\t\t<div class=\"elementor-button-wrapper\">\n\t\t\t\t\t<a class=\"elementor-button elementor-button-link elementor-size-sm\" href=\"https:\/\/www.ams-ag.de\/es\/produkte\/heimbedarf\/kleingeraete\/\">\n\t\t\t\t\t\t<span class=\"elementor-button-content-wrapper\">\n\t\t\t\t\t\t<span class=\"elementor-button-icon\">\n\t\t\t\t<i aria-hidden=\"true\" class=\"fas fa-arrow-right\"><\/i>\t\t\t<\/span>\n\t\t\t\t\t\t\t\t\t<span class=\"elementor-button-text\">Peque\u00f1os accesorios<\/span>\n\t\t\t\t\t<\/span>\n\t\t\t\t\t<\/a>\n\t\t\t\t<\/div>\n\t\t\t\t\t\t\t\t<\/div>\n\t\t\t\t<\/div>\n\t\t\t\t\t<\/div>\n\t\t<\/div>\n\t\t\t\t\t<\/div>\n\t\t<\/section>\n\t\t\t\t<\/div>","protected":false},"excerpt":{"rendered":"<p>Ger\u00e4te f\u00fcr den Heimbedarf Nachfolgend sehen Sie alle Kategorien, die verschiedene Produkte f\u00fcr den\u00a0Heimbedarf enthalten. Ein Klick auf die Kategorie bringt Sie zu einer\u00a0Einleitungsseite, die Ihnen den Einstieg in das [&hellip;]<\/p>\n","protected":false},"author":1,"featured_media":0,"parent":4805,"menu_order":1,"comment_status":"closed","ping_status":"closed","template":"","meta":{"pmpro_default_level":"","footnotes":""},"class_list":["post-4153","page","type-page","status-publish","hentry","pmpro-has-access"],"_links":{"self":[{"href":"https:\/\/www.ams-ag.de\/es\/wp-json\/wp\/v2\/pages\/4153","targetHints":{"allow":["GET"]}}],"collection":[{"href":"https:\/\/www.ams-ag.de\/es\/wp-json\/wp\/v2\/pages"}],"about":[{"href":"https:\/\/www.ams-ag.de\/es\/wp-json\/wp\/v2\/types\/page"}],"author":[{"embeddable":true,"href":"https:\/\/www.ams-ag.de\/es\/wp-json\/wp\/v2\/users\/1"}],"replies":[{"embeddable":true,"href":"https:\/\/www.ams-ag.de\/es\/wp-json\/wp\/v2\/comments?post=4153"}],"version-history":[{"count":33,"href":"https:\/\/www.ams-ag.de\/es\/wp-json\/wp\/v2\/pages\/4153\/revisions"}],"predecessor-version":[{"id":19730,"href":"https:\/\/www.ams-ag.de\/es\/wp-json\/wp\/v2\/pages\/4153\/revisions\/19730"}],"up":[{"embeddable":true,"href":"https:\/\/www.ams-ag.de\/es\/wp-json\/wp\/v2\/pages\/4805"}],"wp:attachment":[{"href":"https:\/\/www.ams-ag.de\/es\/wp-json\/wp\/v2\/media?parent=4153"}],"curies":[{"name":"wp","href":"https:\/\/api.w.org\/{rel}","templated":true}]}}