{"id":3990,"date":"2023-09-05T18:44:55","date_gmt":"2023-09-05T16:44:55","guid":{"rendered":"http:\/\/www.ams-ag.de\/?page_id=3990"},"modified":"2025-07-25T14:41:51","modified_gmt":"2025-07-25T12:41:51","slug":"tratamiento-de-agua","status":"publish","type":"page","link":"https:\/\/www.ams-ag.de\/es\/produkte\/heimbedarf\/wasseraufbereitung\/","title":{"rendered":"Tratamiento de aguas"},"content":{"rendered":"<div data-elementor-type=\"wp-page\" data-elementor-id=\"3990\" class=\"elementor elementor-3990\" data-elementor-post-type=\"page\">\n\t\t\t\t\t\t<section class=\"elementor-section elementor-top-section elementor-element elementor-element-92d41f9 elementor-section-boxed elementor-section-height-default elementor-section-height-default\" data-id=\"92d41f9\" data-element_type=\"section\" data-e-type=\"section\" data-settings=\"{&quot;background_background&quot;:&quot;classic&quot;}\">\n\t\t\t\t\t\t<div class=\"elementor-container elementor-column-gap-default\">\n\t\t\t\t\t<div class=\"elementor-column elementor-col-50 elementor-top-column elementor-element elementor-element-047fe45\" data-id=\"047fe45\" data-element_type=\"column\" data-e-type=\"column\">\n\t\t\t<div class=\"elementor-widget-wrap elementor-element-populated\">\n\t\t\t\t\t\t<div class=\"elementor-element elementor-element-9fc910b elementor-widget elementor-widget-image\" data-id=\"9fc910b\" data-element_type=\"widget\" data-e-type=\"widget\" data-widget_type=\"image.default\">\n\t\t\t\t<div class=\"elementor-widget-container\">\n\t\t\t\t\t\t\t\t\t\t\t\t\t\t\t<img fetchpriority=\"high\" decoding=\"async\" width=\"768\" height=\"548\" src=\"https:\/\/www.ams-ag.de\/wp-content\/uploads\/2024\/01\/pexels-pixabay-416528-768x548.jpg\" class=\"attachment-medium_large size-medium_large wp-image-14137\" alt=\"\" srcset=\"https:\/\/www.ams-ag.de\/wp-content\/uploads\/2024\/01\/pexels-pixabay-416528-768x548.jpg 768w, https:\/\/www.ams-ag.de\/wp-content\/uploads\/2024\/01\/pexels-pixabay-416528-300x214.jpg 300w, https:\/\/www.ams-ag.de\/wp-content\/uploads\/2024\/01\/pexels-pixabay-416528-1434x1024.jpg 1434w, https:\/\/www.ams-ag.de\/wp-content\/uploads\/2024\/01\/pexels-pixabay-416528-1536x1097.jpg 1536w, https:\/\/www.ams-ag.de\/wp-content\/uploads\/2024\/01\/pexels-pixabay-416528-18x12.jpg 18w, https:\/\/www.ams-ag.de\/wp-content\/uploads\/2024\/01\/pexels-pixabay-416528.jpg 1920w\" sizes=\"(max-width: 768px) 100vw, 768px\" \/>\t\t\t\t\t\t\t\t\t\t\t\t\t\t\t<\/div>\n\t\t\t\t<\/div>\n\t\t\t\t\t<\/div>\n\t\t<\/div>\n\t\t\t\t<div class=\"elementor-column elementor-col-50 elementor-top-column elementor-element elementor-element-6ff9a75\" data-id=\"6ff9a75\" data-element_type=\"column\" data-e-type=\"column\">\n\t\t\t<div class=\"elementor-widget-wrap elementor-element-populated\">\n\t\t\t\t\t\t<div class=\"elementor-element elementor-element-577aa42 elementor-widget elementor-widget-heading\" data-id=\"577aa42\" data-element_type=\"widget\" data-e-type=\"widget\" data-widget_type=\"heading.default\">\n\t\t\t\t<div class=\"elementor-widget-container\">\n\t\t\t\t\t<h1 class=\"elementor-heading-title elementor-size-default\">Tratamiento de aguas<\/h1>\t\t\t\t<\/div>\n\t\t\t\t<\/div>\n\t\t\t\t<div class=\"elementor-element elementor-element-44a14f0 elementor-widget elementor-widget-text-editor\" data-id=\"44a14f0\" data-element_type=\"widget\" data-e-type=\"widget\" data-widget_type=\"text-editor.default\">\n\t\t\t\t<div class=\"elementor-widget-container\">\n\t\t\t\t\t\t\t\t\t<a href=\"http:\/\/ams-onlineshop.de\/wp-content\/uploads\/2023\/03\/Achtung_Preisvergleich_spring-time.pdf\" target=\"_blank\" rel=\"noopener\"><b>\u00a1Cuidado al comparar precios!<\/b><\/a>\t\t\t\t\t\t\t\t<\/div>\n\t\t\t\t<\/div>\n\t\t\t\t<div class=\"elementor-element elementor-element-8874bb2 elementor-widget__width-auto elementor-widget elementor-widget-heading\" data-id=\"8874bb2\" data-element_type=\"widget\" data-e-type=\"widget\" data-widget_type=\"heading.default\">\n\t\t\t\t<div class=\"elementor-widget-container\">\n\t\t\t\t\t<span class=\"elementor-heading-title elementor-size-default\">Disponible directamente en la tienda en algunos pa\u00edses de la UE y Suiza.<br>Otros pa\u00edses bajo petici\u00f3n. Env\u00edenos un breve correo electr\u00f3nico dici\u00e9ndonos c\u00f3mo podemos comunicarnos con usted.<\/span>\t\t\t\t<\/div>\n\t\t\t\t<\/div>\n\t\t\t\t\t<\/div>\n\t\t<\/div>\n\t\t\t\t\t<\/div>\n\t\t<\/section>\n\t\t\t\t<section class=\"elementor-section elementor-top-section elementor-element elementor-element-68e0b9f elementor-section-boxed elementor-section-height-default elementor-section-height-default\" data-id=\"68e0b9f\" data-element_type=\"section\" data-e-type=\"section\" data-settings=\"{&quot;background_background&quot;:&quot;classic&quot;}\">\n\t\t\t\t\t\t<div class=\"elementor-container elementor-column-gap-default\">\n\t\t\t\t\t<div class=\"elementor-column elementor-col-100 elementor-top-column elementor-element elementor-element-17540ae\" data-id=\"17540ae\" data-element_type=\"column\" data-e-type=\"column\">\n\t\t\t<div class=\"elementor-widget-wrap elementor-element-populated\">\n\t\t\t\t\t\t<div class=\"elementor-element elementor-element-ade309c elementor-widget elementor-widget-heading\" data-id=\"ade309c\" data-element_type=\"widget\" data-e-type=\"widget\" data-widget_type=\"heading.default\">\n\t\t\t\t<div class=\"elementor-widget-container\">\n\t\t\t\t\t<h2 class=\"elementor-heading-title elementor-size-default\">Selecci\u00f3n r\u00e1pida<\/h2>\t\t\t\t<\/div>\n\t\t\t\t<\/div>\n\t\t\t\t<div class=\"elementor-element elementor-element-41f71a7 elementor-widget elementor-widget-text-editor\" data-id=\"41f71a7\" data-element_type=\"widget\" data-e-type=\"widget\" data-widget_type=\"text-editor.default\">\n\t\t\t\t<div class=\"elementor-widget-container\">\n\t\t\t\t\t\t\t\t\tSi ya sabes qu\u00e9 producto de la categor\u00eda de tratamiento de agua deseas comprar, simplemente haz clic en el enlace y encuentra tu producto:\t\t\t\t\t\t\t\t<\/div>\n\t\t\t\t<\/div>\n\t\t\t\t<div class=\"elementor-element elementor-element-9b2adce elementor-widget elementor-widget-button\" data-id=\"9b2adce\" data-element_type=\"widget\" data-e-type=\"widget\" data-widget_type=\"button.default\">\n\t\t\t\t<div class=\"elementor-widget-container\">\n\t\t\t\t\t\t\t\t\t<div class=\"elementor-button-wrapper\">\n\t\t\t\t\t<a class=\"elementor-button elementor-button-link elementor-size-sm\" href=\"http:\/\/ams-onlineshop.de\/produkt-kategorie\/heimbedarf\/wasseraufbereitung\/\" target=\"_blank\">\n\t\t\t\t\t\t<span class=\"elementor-button-content-wrapper\">\n\t\t\t\t\t\t<span class=\"elementor-button-icon\">\n\t\t\t\t<i aria-hidden=\"true\" class=\"fas fa-arrow-right\"><\/i>\t\t\t<\/span>\n\t\t\t\t\t\t\t\t\t<span class=\"elementor-button-text\">Tratamiento de agua en la tienda.<\/span>\n\t\t\t\t\t<\/span>\n\t\t\t\t\t<\/a>\n\t\t\t\t<\/div>\n\t\t\t\t\t\t\t\t<\/div>\n\t\t\t\t<\/div>\n\t\t\t\t\t<\/div>\n\t\t<\/div>\n\t\t\t\t\t<\/div>\n\t\t<\/section>\n\t\t\t\t<section class=\"elementor-section elementor-top-section elementor-element elementor-element-0339bd0 elementor-section-boxed elementor-section-height-default elementor-section-height-default\" data-id=\"0339bd0\" data-element_type=\"section\" data-e-type=\"section\">\n\t\t\t\t\t\t<div class=\"elementor-container elementor-column-gap-default\">\n\t\t\t\t\t<div class=\"elementor-column elementor-col-100 elementor-top-column elementor-element elementor-element-307f589\" data-id=\"307f589\" data-element_type=\"column\" data-e-type=\"column\">\n\t\t\t<div class=\"elementor-widget-wrap elementor-element-populated\">\n\t\t\t\t\t\t<div class=\"elementor-element elementor-element-8a88e63 elementor-widget elementor-widget-heading\" data-id=\"8a88e63\" data-element_type=\"widget\" data-e-type=\"widget\" data-widget_type=\"heading.default\">\n\t\t\t\t<div class=\"elementor-widget-container\">\n\t\t\t\t\t<h2 class=\"elementor-heading-title elementor-size-default\">el agua es vida<\/h2>\t\t\t\t<\/div>\n\t\t\t\t<\/div>\n\t\t\t\t<div class=\"elementor-element elementor-element-4e71773 elementor-widget elementor-widget-text-editor\" data-id=\"4e71773\" data-element_type=\"widget\" data-e-type=\"widget\" data-widget_type=\"text-editor.default\">\n\t\t\t\t<div class=\"elementor-widget-container\">\n\t\t\t\t\t\t\t\t\t<p>El agua es la base de la vida en nuestro planeta, el componente m\u00e1s importante de todos los organismos vivos. Penetra en cada c\u00e9lula del cuerpo y regula todas las funciones de nuestro cuerpo. El agua es incluso responsable de nuestra conciencia y hace posible pensar y sentir.<\/p><p><b>El agua potable es nuestro alimento m\u00e1s importante.<\/b><\/p><p>En promedio, los seres humanos estamos compuestos por alrededor de 60% de agua; cuando somos beb\u00e9s, es casi 90%, y cuando somos ancianos, todav\u00eda rondamos los 45%. Las funciones m\u00e1s importantes del agua en el cuerpo incluyen el metabolismo y la regulaci\u00f3n de la temperatura.<br \/>El suministro diario de suficiente agua potable es esencial para la vida. La falta de ingesta de l\u00edquidos supone una gran carga para el organismo y, tarde o temprano, provoca problemas de salud. Debido a la falta de l\u00edquido, las c\u00e9lulas y los \u00f3rganos reciben muy pocos nutrientes y la concentraci\u00f3n y el rendimiento disminuyen notablemente.<\/p><p>Podemos sobrevivir 50 d\u00edas sin alimentos s\u00f3lidos, pero sin agua potable s\u00f3lo podemos sobrevivir unos pocos d\u00edas.<\/p><p>Debemos beber de dos a tres litros de agua cada d\u00eda. Por supuesto, los alimentos que contienen agua, como frutas y verduras, tambi\u00e9n aportan l\u00edquidos adicionales, pero estos por s\u00ed solos no pueden cubrir sus necesidades de l\u00edquidos.<\/p>\t\t\t\t\t\t\t\t<\/div>\n\t\t\t\t<\/div>\n\t\t\t\t\t<\/div>\n\t\t<\/div>\n\t\t\t\t\t<\/div>\n\t\t<\/section>\n\t\t\t\t<section class=\"elementor-section elementor-top-section elementor-element elementor-element-f325829 elementor-section-boxed elementor-section-height-default elementor-section-height-default\" data-id=\"f325829\" data-element_type=\"section\" data-e-type=\"section\">\n\t\t\t\t\t\t<div class=\"elementor-container elementor-column-gap-default\">\n\t\t\t\t\t<div class=\"elementor-column elementor-col-100 elementor-top-column elementor-element elementor-element-f44798b\" data-id=\"f44798b\" data-element_type=\"column\" data-e-type=\"column\">\n\t\t\t<div class=\"elementor-widget-wrap elementor-element-populated\">\n\t\t\t\t\t\t<div class=\"elementor-element elementor-element-dc317d9 elementor-widget elementor-widget-heading\" data-id=\"dc317d9\" data-element_type=\"widget\" data-e-type=\"widget\" data-widget_type=\"heading.default\">\n\t\t\t\t<div class=\"elementor-widget-container\">\n\t\t\t\t\t<h2 class=\"elementor-heading-title elementor-size-default\">Sab\u00eda usted que ...<\/h2>\t\t\t\t<\/div>\n\t\t\t\t<\/div>\n\t\t\t\t<div class=\"elementor-element elementor-element-d19d053 elementor-widget elementor-widget-text-editor\" data-id=\"d19d053\" data-element_type=\"widget\" data-e-type=\"widget\" data-widget_type=\"text-editor.default\">\n\t\t\t\t<div class=\"elementor-widget-container\">\n\t\t\t\t\t\t\t\t\t<p>El agua es uno de los alimentos m\u00e1s controlados en Alemania, pero \u00bfsab\u00edas que...?<\/p><ul><li>\u00bfEl valor l\u00edmite general (valor gu\u00eda) para la contaminaci\u00f3n admisible del agua en la Ordenanza alemana sobre agua potable es ahora m\u00e1s del doble que en 1990?<\/li><li>La Agencia Federal Alemana de Medio Ambiente lo confirma: &quot;El agua que permanece en el grifo durante m\u00e1s de 4 horas ya no es agua potable ni alimento&quot;.<\/li><\/ul><p>Por supuesto, puede conformarse y cambiar al agua mineral disponible comercialmente. Pero eso significa transportar cajas y tambi\u00e9n ejercer presi\u00f3n sobre el medio ambiente. Independientemente de si compras botellas de vidrio o de PET: la contaminaci\u00f3n ambiental provocada por el transporte, la limpieza o el reciclaje de las botellas es inevitable.<\/p><p>Imag\u00ednate: Tienes tu propia &quot;agua de manantial&quot; y, por solo unos c\u00e9ntimos por litro, puedes filtrar el agua del grifo y revitalizarla con la &quot;Tecnolog\u00eda Ludwig&quot;, en lugar de pagar precios elevados por el embotellado y el transporte de agua embotellada. Ahorrar cientos de euros al a\u00f1o es posible.<\/p><p>\u00bfEst\u00e1s interesado en exprimir t\u00fa mismo agua pura y deliciosa en cualquier momento?<\/p><p>Entonces eche un vistazo a nuestros sistemas de \u00f3smosis inversa:<\/p><p><a href=\"https:\/\/www.ams-ag.de\/es\/productos\/suministros-para-el-hogar\/tratamiento-de-agua\/tiempo-de-primavera420-pro\/\"><b>spring-time\u00ae420 pro<\/b><\/a><\/p><p><a href=\"https:\/\/www.ams-ag.de\/es\/productos\/suministros-para-el-hogar\/tratamiento-de-agua\/tiempo-de-primavera-premium-pro\/\"><b>spring-time\u00aepremium pro<\/b><\/a><\/p><p><a href=\"https:\/\/www.ams-ag.de\/es\/productos\/suministros-para-el-hogar\/tratamiento-de-agua\/profesional-de-primavera\/\"><b>spring-time\u00aeprofessional pro<\/b><\/a><\/p><p>No importa qu\u00e9 inquietudes tenga sobre el principio de \u00f3smosis inversa o sobre los filtros de agua en general, no dude en llamarnos. \u00a1Estaremos encantados de responder a tus preguntas!<\/p>\t\t\t\t\t\t\t\t<\/div>\n\t\t\t\t<\/div>\n\t\t\t\t<div class=\"elementor-element elementor-element-d3c2151 elementor-widget elementor-widget-button\" data-id=\"d3c2151\" data-element_type=\"widget\" data-e-type=\"widget\" data-widget_type=\"button.default\">\n\t\t\t\t<div class=\"elementor-widget-container\">\n\t\t\t\t\t\t\t\t\t<div class=\"elementor-button-wrapper\">\n\t\t\t\t\t<a class=\"elementor-button elementor-button-link elementor-size-sm\" href=\"http:\/\/ams-onlineshop.de\/produkt-kategorie\/heimbedarf\/wasseraufbereitung\/\" target=\"_blank\">\n\t\t\t\t\t\t<span class=\"elementor-button-content-wrapper\">\n\t\t\t\t\t\t<span class=\"elementor-button-icon\">\n\t\t\t\t<i aria-hidden=\"true\" class=\"fas fa-arrow-right\"><\/i>\t\t\t<\/span>\n\t\t\t\t\t\t\t\t\t<span class=\"elementor-button-text\">Tratamiento de agua en la tienda.<\/span>\n\t\t\t\t\t<\/span>\n\t\t\t\t\t<\/a>\n\t\t\t\t<\/div>\n\t\t\t\t\t\t\t\t<\/div>\n\t\t\t\t<\/div>\n\t\t\t\t\t<\/div>\n\t\t<\/div>\n\t\t\t\t\t<\/div>\n\t\t<\/section>\n\t\t\t\t<section class=\"elementor-section elementor-top-section elementor-element elementor-element-1249374 elementor-section-boxed elementor-section-height-default elementor-section-height-default\" data-id=\"1249374\" data-element_type=\"section\" data-e-type=\"section\" data-settings=\"{&quot;background_background&quot;:&quot;classic&quot;}\">\n\t\t\t\t\t\t<div class=\"elementor-container elementor-column-gap-default\">\n\t\t\t\t\t<div class=\"elementor-column elementor-col-100 elementor-top-column elementor-element elementor-element-3c9892c\" data-id=\"3c9892c\" data-element_type=\"column\" data-e-type=\"column\">\n\t\t\t<div class=\"elementor-widget-wrap elementor-element-populated\">\n\t\t\t\t\t\t<div class=\"elementor-element elementor-element-6500389 elementor-align-right elementor-mobile-align-center elementor-widget elementor-widget-button\" data-id=\"6500389\" data-element_type=\"widget\" data-e-type=\"widget\" data-widget_type=\"button.default\">\n\t\t\t\t<div class=\"elementor-widget-container\">\n\t\t\t\t\t\t\t\t\t<div class=\"elementor-button-wrapper\">\n\t\t\t\t\t<a class=\"elementor-button elementor-button-link elementor-size-sm\" href=\"https:\/\/www.ams-ag.de\/es\/produkte\/heimbedarf\/wasseraufbereitung\/spring-time420-pro\/\">\n\t\t\t\t\t\t<span class=\"elementor-button-content-wrapper\">\n\t\t\t\t\t\t<span class=\"elementor-button-icon\">\n\t\t\t\t<i aria-hidden=\"true\" class=\"fas fa-arrow-right\"><\/i>\t\t\t<\/span>\n\t\t\t\t\t\t\t\t\t<span class=\"elementor-button-text\">spring-time\u00ae420 pro<\/span>\n\t\t\t\t\t<\/span>\n\t\t\t\t\t<\/a>\n\t\t\t\t<\/div>\n\t\t\t\t\t\t\t\t<\/div>\n\t\t\t\t<\/div>\n\t\t\t\t\t<\/div>\n\t\t<\/div>\n\t\t\t\t\t<\/div>\n\t\t<\/section>\n\t\t\t\t<\/div>","protected":false},"excerpt":{"rendered":"<p>Wasseraufbereitung Obacht beim Preisvergleich! Direkt \u00fcber den Shop verf\u00fcgbar in einigen L\u00e4ndern der EU und der Schweiz.Andere L\u00e4nder auf Anfrage. Schreiben Sie uns eine kurze E-Mail wie wir Sie erreichen [&hellip;]<\/p>\n","protected":false},"author":1,"featured_media":0,"parent":4153,"menu_order":3,"comment_status":"closed","ping_status":"closed","template":"","meta":{"pmpro_default_level":"","footnotes":""},"class_list":["post-3990","page","type-page","status-publish","hentry","pmpro-has-access"],"_links":{"self":[{"href":"https:\/\/www.ams-ag.de\/es\/wp-json\/wp\/v2\/pages\/3990","targetHints":{"allow":["GET"]}}],"collection":[{"href":"https:\/\/www.ams-ag.de\/es\/wp-json\/wp\/v2\/pages"}],"about":[{"href":"https:\/\/www.ams-ag.de\/es\/wp-json\/wp\/v2\/types\/page"}],"author":[{"embeddable":true,"href":"https:\/\/www.ams-ag.de\/es\/wp-json\/wp\/v2\/users\/1"}],"replies":[{"embeddable":true,"href":"https:\/\/www.ams-ag.de\/es\/wp-json\/wp\/v2\/comments?post=3990"}],"version-history":[{"count":72,"href":"https:\/\/www.ams-ag.de\/es\/wp-json\/wp\/v2\/pages\/3990\/revisions"}],"predecessor-version":[{"id":19352,"href":"https:\/\/www.ams-ag.de\/es\/wp-json\/wp\/v2\/pages\/3990\/revisions\/19352"}],"up":[{"embeddable":true,"href":"https:\/\/www.ams-ag.de\/es\/wp-json\/wp\/v2\/pages\/4153"}],"wp:attachment":[{"href":"https:\/\/www.ams-ag.de\/es\/wp-json\/wp\/v2\/media?parent=3990"}],"curies":[{"name":"wp","href":"https:\/\/api.w.org\/{rel}","templated":true}]}}