{"id":2568,"date":"2023-06-07T20:53:55","date_gmt":"2023-06-07T18:53:55","guid":{"rendered":"http:\/\/www.ams-ag.de\/?page_id=2568"},"modified":"2024-12-04T20:22:54","modified_gmt":"2024-12-04T19:22:54","slug":"dr-rer-nat-frank-beck","status":"publish","type":"page","link":"https:\/\/www.ams-ag.de\/es\/ueber-ams\/dr-rer-nat-frank-beck\/","title":{"rendered":"Dr. rer. nat. Frank Beck"},"content":{"rendered":"<div data-elementor-type=\"wp-page\" data-elementor-id=\"2568\" class=\"elementor elementor-2568\" data-elementor-post-type=\"page\">\n\t\t\t\t\t\t<section class=\"elementor-section elementor-top-section elementor-element elementor-element-2b27f78 elementor-section-boxed elementor-section-height-default elementor-section-height-default\" data-id=\"2b27f78\" data-element_type=\"section\" data-e-type=\"section\">\n\t\t\t\t\t\t<div class=\"elementor-container elementor-column-gap-default\">\n\t\t\t\t\t<div class=\"elementor-column elementor-col-100 elementor-top-column elementor-element elementor-element-f2cae81\" data-id=\"f2cae81\" data-element_type=\"column\" data-e-type=\"column\">\n\t\t\t<div class=\"elementor-widget-wrap elementor-element-populated\">\n\t\t\t\t\t\t<div class=\"elementor-element elementor-element-47eb35a elementor-widget elementor-widget-heading\" data-id=\"47eb35a\" data-element_type=\"widget\" data-e-type=\"widget\" data-widget_type=\"heading.default\">\n\t\t\t\t<div class=\"elementor-widget-container\">\n\t\t\t\t\t<h1 class=\"elementor-heading-title elementor-size-default\">Dr. rer. nat. Frank Beck<\/h1>\t\t\t\t<\/div>\n\t\t\t\t<\/div>\n\t\t\t\t<section class=\"elementor-section elementor-inner-section elementor-element elementor-element-0e977c6 elementor-section-boxed elementor-section-height-default elementor-section-height-default\" data-id=\"0e977c6\" data-element_type=\"section\" data-e-type=\"section\">\n\t\t\t\t\t\t<div class=\"elementor-container elementor-column-gap-default\">\n\t\t\t\t\t<div class=\"elementor-column elementor-col-66 elementor-inner-column elementor-element elementor-element-8145fed\" data-id=\"8145fed\" data-element_type=\"column\" data-e-type=\"column\">\n\t\t\t<div class=\"elementor-widget-wrap elementor-element-populated\">\n\t\t\t\t\t\t<div class=\"elementor-element elementor-element-80ba1f9 elementor-widget elementor-widget-text-editor\" data-id=\"80ba1f9\" data-element_type=\"widget\" data-e-type=\"widget\" data-widget_type=\"text-editor.default\">\n\t\t\t\t<div class=\"elementor-widget-container\">\n\t\t\t\t\t\t\t\t\t<p><b>Director general y accionista \u00fanico de AMS GmbH, director del \u201cInstituto de Medicina Bioinformativa Dr. Ludwig\u201d<\/b><\/p><ul><li>Jefe del \u201cInstituto de Medicina Bioinformativa Dr. Ludwig\u201d<\/li><li>Asesor t\u00e9cnico para sustancias peligrosas en el departamento de bomberos de Bad Mergentheim<\/li><li>Nacido en 1961 (signo zodiacal C\u00e1ncer), nacido en Tauberbischofsheim<\/li><li>casado con Angelika Beck, de soltera Heer, desde 1989<\/li><li>tres hijas: las gemelas Laura y Sina, Tara<\/li><li>Mascota: Gato \u201cChi-Chu\u201d<\/li><\/ul>\t\t\t\t\t\t\t\t<\/div>\n\t\t\t\t<\/div>\n\t\t\t\t\t<\/div>\n\t\t<\/div>\n\t\t\t\t<div class=\"elementor-column elementor-col-33 elementor-inner-column elementor-element elementor-element-0925844\" data-id=\"0925844\" data-element_type=\"column\" data-e-type=\"column\">\n\t\t\t<div class=\"elementor-widget-wrap elementor-element-populated\">\n\t\t\t\t\t\t<div class=\"elementor-element elementor-element-f391be8 elementor-widget elementor-widget-image\" data-id=\"f391be8\" data-element_type=\"widget\" data-e-type=\"widget\" data-widget_type=\"image.default\">\n\t\t\t\t<div class=\"elementor-widget-container\">\n\t\t\t\t\t\t\t\t\t\t\t\t\t\t\t<img fetchpriority=\"high\" decoding=\"async\" width=\"245\" height=\"300\" src=\"https:\/\/www.ams-ag.de\/wp-content\/uploads\/2023\/06\/csm_Frank_Beck_GF_06d1c7cd2a-245x300.jpg\" class=\"attachment-medium size-medium wp-image-2570\" alt=\"Dr. rer. neto. franco Beck\" srcset=\"https:\/\/www.ams-ag.de\/wp-content\/uploads\/2023\/06\/csm_Frank_Beck_GF_06d1c7cd2a-245x300.jpg 245w, https:\/\/www.ams-ag.de\/wp-content\/uploads\/2023\/06\/csm_Frank_Beck_GF_06d1c7cd2a.jpg 250w\" sizes=\"(max-width: 245px) 100vw, 245px\" \/>\t\t\t\t\t\t\t\t\t\t\t\t\t\t\t<\/div>\n\t\t\t\t<\/div>\n\t\t\t\t\t<\/div>\n\t\t<\/div>\n\t\t\t\t\t<\/div>\n\t\t<\/section>\n\t\t\t\t\t<\/div>\n\t\t<\/div>\n\t\t\t\t\t<\/div>\n\t\t<\/section>\n\t\t\t\t<section class=\"elementor-section elementor-top-section elementor-element elementor-element-00b2e8c elementor-section-boxed elementor-section-height-default elementor-section-height-default\" data-id=\"00b2e8c\" data-element_type=\"section\" data-e-type=\"section\">\n\t\t\t\t\t\t<div class=\"elementor-container elementor-column-gap-default\">\n\t\t\t\t\t<div class=\"elementor-column elementor-col-100 elementor-top-column elementor-element elementor-element-7db3989\" data-id=\"7db3989\" data-element_type=\"column\" data-e-type=\"column\">\n\t\t\t<div class=\"elementor-widget-wrap elementor-element-populated\">\n\t\t\t\t\t\t<div class=\"elementor-element elementor-element-5e580a6 elementor-widget elementor-widget-heading\" data-id=\"5e580a6\" data-element_type=\"widget\" data-e-type=\"widget\" data-widget_type=\"heading.default\">\n\t\t\t\t<div class=\"elementor-widget-container\">\n\t\t\t\t\t<h2 class=\"elementor-heading-title elementor-size-default\">Vitae<\/h2>\t\t\t\t<\/div>\n\t\t\t\t<\/div>\n\t\t\t\t<div class=\"elementor-element elementor-element-6f3f64b elementor-widget elementor-widget-text-editor\" data-id=\"6f3f64b\" data-element_type=\"widget\" data-e-type=\"widget\" data-widget_type=\"text-editor.default\">\n\t\t\t\t<div class=\"elementor-widget-container\">\n\t\t\t\t\t\t\t\t\t<table class=\"contenttable contenttable-0\">\n<tbody>\n<tr class=\"tr-even tr-0\">\n<td class=\"td-0\">1983<\/td>\n<td class=\"td-last td-1\">Medalla de oro en el Campeonato Mundial de Esgrima (florete, por equipos) en Viena<\/td>\n<\/tr>\n<tr class=\"tr-odd tr-1\">\n<td class=\"td-0\">1984<\/td>\n<td class=\"td-last td-1\">Medalla de plata Juegos Ol\u00edmpicos (florete, equipo) en Los \u00c1ngeles<\/td>\n<\/tr>\n<tr class=\"tr-even tr-2\">\n<td class=\"td-0\">84-92<\/td>\n<td class=\"td-last td-1\">Estudi\u00f3 qu\u00edmica en la Universidad Julius Maximilian de W\u00fcrzburg (t\u00edtulo: qu\u00edmico titulado)<\/td>\n<\/tr>\n<tr class=\"tr-odd tr-3\">\n<td class=\"td-0\">1992<\/td>\n<td class=\"td-last td-1\">Doctorado (incluido un enfoque en toxicolog\u00eda)<\/td>\n<\/tr>\n<tr class=\"tr-even tr-4\">\n<td class=\"td-0\">92-97<\/td>\n<td class=\"td-last td-1\">Puesto directivo en una empresa comercial para la construcci\u00f3n de m\u00e1quinas especiales con enfoque en investigaci\u00f3n y desarrollo.<\/td>\n<\/tr>\n<tr class=\"tr-odd tr-5\">\n<td class=\"td-0\">1997<\/td>\n<td class=\"td-last td-1\">Posici\u00f3n de liderazgo en el \u00e1rea de tecnolog\u00eda m\u00e9dica en AMS \u2013 Advanced Medical Systems GmbH<\/td>\n<\/tr>\n<tr class=\"tr-even tr-6\">\n<td class=\"td-0\">desde 1998<\/td>\n<td class=\"td-last td-1\">Socio director de AMS GmbH<\/td>\n<\/tr>\n<tr class=\"tr-odd tr-7\">\n<td class=\"td-0\">1999<\/td>\n<td class=\"td-last td-1\">Adquisici\u00f3n y gesti\u00f3n del \u201cInstituto de Medicina Bioinformativa Dr. Ludwig\u201d, con las principales \u00e1reas de investigaci\u00f3n: terapia de campos magn\u00e9ticos, terapia de regulaci\u00f3n y biorresonancia, terapia de color y l\u00e1ser y transferencia de informaci\u00f3n biof\u00edsica.<\/td>\n<\/tr>\n<tr class=\"tr-even tr-last\">\n<td class=\"td-0\">desde 1999<\/td>\n<td class=\"td-last td-1\">Conferencias nacionales e internacionales en las \u00e1reas de campo magn\u00e9tico y terapia de biorresonancia, agua como portador de informaci\u00f3n energ\u00e9tica y sensibilidad al electrosmog.<\/td>\n<\/tr>\n<\/tbody>\n<\/table>\t\t\t\t\t\t\t\t<\/div>\n\t\t\t\t<\/div>\n\t\t\t\t\t<\/div>\n\t\t<\/div>\n\t\t\t\t\t<\/div>\n\t\t<\/section>\n\t\t\t\t<section class=\"elementor-section elementor-top-section elementor-element elementor-element-d99c03c elementor-section-boxed elementor-section-height-default elementor-section-height-default\" data-id=\"d99c03c\" data-element_type=\"section\" data-e-type=\"section\">\n\t\t\t\t\t\t<div class=\"elementor-container elementor-column-gap-default\">\n\t\t\t\t\t<div class=\"elementor-column elementor-col-100 elementor-top-column elementor-element elementor-element-4783df8\" data-id=\"4783df8\" data-element_type=\"column\" data-e-type=\"column\">\n\t\t\t<div class=\"elementor-widget-wrap elementor-element-populated\">\n\t\t\t\t\t\t<div class=\"elementor-element elementor-element-956ad3f elementor-widget elementor-widget-heading\" data-id=\"956ad3f\" data-element_type=\"widget\" data-e-type=\"widget\" data-widget_type=\"heading.default\">\n\t\t\t\t<div class=\"elementor-widget-container\">\n\t\t\t\t\t<h2 class=\"elementor-heading-title elementor-size-default\"><span style=\"color: inherit;font-family: inherit;font-size: 2rem;font-weight: 500\">Actividades expositivas y docentes (extracto)<\/span><\/h2>\t\t\t\t<\/div>\n\t\t\t\t<\/div>\n\t\t\t\t<div class=\"elementor-element elementor-element-25d3216 elementor-widget elementor-widget-text-editor\" data-id=\"25d3216\" data-element_type=\"widget\" data-e-type=\"widget\" data-widget_type=\"text-editor.default\">\n\t\t\t\t<div class=\"elementor-widget-container\">\n\t\t\t\t\t\t\t\t\t<table class=\"contenttable contenttable-0\">\n<tbody>\n<tr class=\"tr-even tr-0\">\n<td class=\"td-0\">2024<\/td>\n<td class=\"td-last td-1\">En colaboraci\u00f3n con la plataforma de salud.\u00a0<b><a href=\"https:\/\/schnelleinfachgesund.de\/\" target=\"_blank\" rel=\"noopener\">Schnelleinfachgesund.de<\/a>,<\/b> Tema: <b>La verdad sobre WiFi y Bluetooth<\/b><\/td>\n<\/tr>\n<tr class=\"tr-even tr-0\">\n<td class=\"td-0\">2023<\/td>\n<td class=\"td-last td-1\">En colaboraci\u00f3n con la plataforma de salud.\u00a0<b><a href=\"https:\/\/schnelleinfachgesund.de\/\" target=\"_blank\" rel=\"noopener\">Schnelleinfachgesund.de<\/a>,<\/b> Conferencia:\u00a0<b>Fortalezca la autorregulaci\u00f3n: \u00a1vuelva al equilibrio con vibraciones naturales!<\/b><\/td>\n<\/tr>\n<tr class=\"tr-even tr-0\">\n<td class=\"td-0\">2022<\/td>\n<td class=\"td-last td-1\">Congreso Vitality Water 2022, conferencia: <b>Efectos del electrosmog en la estructura del agua.<b><\/b><\/b><\/td>\n<\/tr>\n<tr class=\"tr-odd tr-1\">\n<td class=\"td-0\">2022<\/td>\n<td class=\"td-last td-1\">Congreso Vitality Water 2022, conferencia: <b>Electrosmog \/ 5G. \u00bfQu\u00e9 opciones de protecci\u00f3n existen?<b><\/b><\/b><\/td>\n<\/tr>\n<tr class=\"tr-even tr-2\">\n<td class=\"td-0\">2020<\/td>\n<td class=\"td-last td-1\">Feria de Paracelso en Wiesbaden, conferencia: <b>Nuevos hallazgos sobre el efecto del electrosmog en nosotros y en nuestra agua potable, especialmente teniendo en cuenta la futura red de telefon\u00eda m\u00f3vil 5G. \u00bfQu\u00e9 opciones de protecci\u00f3n existen?<b><\/b><\/b><\/td>\n<\/tr>\n<tr class=\"tr-odd tr-3\">\n<td class=\"td-0\">2019<\/td>\n<td class=\"td-last td-1\">23. BBQ \u2013 C\u00edrculo de calidad berlin\u00e9s-b\u00e1varo para m\u00e9todos curativos naturales en el castillo Ziehten en Kremmen Conferencia: <b>La capacidad del agua para almacenar energ\u00eda e informaci\u00f3n. \u00bfC\u00f3mo uso esta propiedad para mi salud?<b><\/b><\/b><\/td>\n<\/tr>\n<tr class=\"tr-even tr-4\">\n<td class=\"td-0\">2019<\/td>\n<td class=\"td-last td-1\">Jornadas de profesionales de la salud animal en Hohenroda, discurso de apertura: <b>Los efectos del electrosmog en las personas y los animales, en nuestra agua potable y en nuestros alimentos. \u00bfQu\u00e9 opciones de protecci\u00f3n existen?<b><\/b><\/b><\/td>\n<\/tr>\n<tr class=\"tr-odd tr-5\">\n<td class=\"td-0\">2019<\/td>\n<td class=\"td-last td-1\">XX Simposio Internacional de Medicina Bioinformativa con motivo de la Semana M\u00e9dica en Baden-Baden, conferencia: <b>\u00bfQu\u00e9 opciones de protecci\u00f3n me ofrece la medicina bioinformativa para la electrosensibilidad?<b><\/b><\/b><\/td>\n<\/tr>\n<tr class=\"tr-even tr-6\">\n<td class=\"td-0\">2018<\/td>\n<td class=\"td-last td-1\">31\u00ba Congreso Internacional de Medizina ortomoleculars e radicais livres en Sao Paulo \/ Brasil, conferencia: <b>\u00a1Electrosmog o perigo invisible! Posibilidades de protecci\u00f3n pasiva y activa.<b><\/b><\/b><\/td>\n<\/tr>\n<tr class=\"tr-odd tr-7\">\n<td class=\"td-0\">2018<\/td>\n<td class=\"td-last td-1\">Feria europea CAM de medicina complementaria y alternativa en D\u00fcsseldorf, conferencia: <b>Los efectos del electrosmog en las personas y los animales, en nuestra agua potable y en nuestros alimentos. \u00bfQu\u00e9 opciones de protecci\u00f3n existen?<b><\/b><\/b><\/td>\n<\/tr>\n<tr class=\"tr-even tr-8\">\n<td class=\"td-0\">2018<\/td>\n<td class=\"td-last td-1\">36\u00aa Jornada de Naturopat\u00eda del Sur de Alemania en Fellbach, conferencia: <b>Electrosmog, \u00a1el peligro invisible! Las posibilidades de la protecci\u00f3n pasiva y activa.<b><\/b><\/b><\/td>\n<\/tr>\n<tr class=\"tr-odd tr-9\">\n<td class=\"td-0\">2017<\/td>\n<td class=\"td-last td-1\">Congreso Tripartito del Agua 2017, Foro del Lago de Constanza Konstanz, conferencia: <b>Los efectos del electrosmog en la estructura del agua.<b><\/b><\/b><\/td>\n<\/tr>\n<tr class=\"tr-even tr-10\">\n<td class=\"td-0\">2017<\/td>\n<td class=\"td-last td-1\">30\u00ba Congreso Internacional de Medizina ortomoleculars e radicais livres en Sao Paulo \/ Brasil, conferencia: <b>As possibilidades de Terapia do Campo Magn\u00e9tico y da Bioresson\u00e2ncia em fermidades agudas e cr\u00f3nicas<b><\/b><\/b><\/td>\n<\/tr>\n<tr class=\"tr-odd tr-11\">\n<td class=\"td-0\">2017<\/td>\n<td class=\"td-last td-1\">20. BBQ \u2013 C\u00edrculo de calidad berlin\u00e9s-b\u00e1varo para m\u00e9todos curativos naturales en Nauen, conferencia: <b>\u00a1Solo buenas vibraciones! Las posibilidades del campo magn\u00e9tico y la terapia de biorresonancia para enfermedades agudas y cr\u00f3nicas.<b><\/b><\/b><\/td>\n<\/tr>\n<tr class=\"tr-even tr-12\">\n<td class=\"td-0\">2017<\/td>\n<td class=\"td-last td-1\">36\u00ba Congreso de la DGfAN (Sociedad Alemana de Acupuntura y Terapia Neural) en Erfurt, conferencia plenaria: <b>Modelos eficaces de medicina bioinformativa: teor\u00eda y pr\u00e1ctica.<b><\/b><\/b><\/td>\n<\/tr>\n<tr class=\"tr-odd tr-13\">\n<td class=\"td-0\">2016<\/td>\n<td class=\"td-last td-1\">XVII Simposio Internacional de Medicina Bioinformativa con motivo de la Semana M\u00e9dica en Baden-Baden, conferencia: <b>\u00a1Pruebas digitales con informaci\u00f3n anal\u00f3gica! \u00bfC\u00f3mo es eso posible?<b><\/b><\/b><\/td>\n<\/tr>\n<tr class=\"tr-even tr-14\">\n<td class=\"td-0\">2016<\/td>\n<td class=\"td-last td-1\">34\u00aa Jornada de Naturopat\u00eda del Sur de Alemania en Fellbach, conferencia: <b>Las posibilidades del campo magn\u00e9tico y la terapia de biorresonancia para enfermedades agudas y cr\u00f3nicas.<b><\/b><\/b><\/td>\n<\/tr>\n<tr class=\"tr-odd tr-15\">\n<td class=\"td-0\">2015<\/td>\n<td class=\"td-last td-1\">34\u00ba Congreso de la DGfAN (Sociedad Alemana de Acupuntura y Terapia Neural) en Erfurt, conferencia plenaria: <b>Electrosmog \u2013 Los efectos en nuestra salud y c\u00f3mo podemos protegernos<b><\/b><\/b><\/td>\n<\/tr>\n<tr class=\"tr-even tr-16\">\n<td class=\"td-0\">2015<\/td>\n<td class=\"td-last td-1\">Feria de Paracelso en Wallau, conferencia: <b>La capacidad del agua para almacenar energ\u00eda e informaci\u00f3n. \u00bfC\u00f3mo uso esta propiedad para mi salud?<b><\/b><\/b><\/td>\n<\/tr>\n<tr class=\"tr-odd tr-17\">\n<td class=\"td-0\">2014<\/td>\n<td class=\"td-last td-1\">XV Simposio Internacional de Medicina Bioinformativa con motivo de la Semana M\u00e9dica en Baden-Baden, conferencia: <b>\u00bfTiene el agua memoria? Modelos eficaces de medicina bioinformativa.<b><\/b><\/b><\/td>\n<\/tr>\n<tr class=\"tr-even tr-18\">\n<td class=\"td-0\">2014<\/td>\n<td class=\"td-last td-1\">5to Congreso Internacional de Terapia Neural en Estambul \/ T\u00fcrkiye, conferencia: <b> Electrosmog \u2013 Los efectos en nuestra salud y c\u00f3mo podemos protegernos<b><\/b><\/b><\/td>\n<\/tr>\n<tr class=\"tr-odd tr-19\">\n<td class=\"td-0\">2014<\/td>\n<td class=\"td-last td-1\">33\u00ba Congreso de la DGfAN (Sociedad Alemana de Acupuntura y Terapia Neural) en Erfurt, conferencia plenaria: <b>\u00bfTiene el agua memoria? Modelos eficaces de homeopat\u00eda y medicina bioinformativa.<b><\/b><\/b><\/td>\n<\/tr>\n<tr class=\"tr-even tr-20\">\n<td class=\"td-0\">2013<\/td>\n<td class=\"td-last td-1\">Gesti\u00f3n del 14\u00ba Simposio Internacional de Medicina Bioinformativa con motivo de la Semana M\u00e9dica en Baden-Baden, tema: <b>Mejora de la capacidad de regulaci\u00f3n mediante procesos bioinformativos.<b><\/b><\/b><\/td>\n<\/tr>\n<tr class=\"tr-odd tr-21\">\n<td class=\"td-0\">2013<\/td>\n<td class=\"td-last td-1\">Asamblea general de la Sociedad Suiza de Medicina Energ\u00e9tica, Biorresonante y de la Informaci\u00f3n (SEBIM) en Zurich \/ Suiza, conferencia: <b>\u00a1Pruebas digitales con informaci\u00f3n anal\u00f3gica! \u00bfC\u00f3mo es eso posible?<b><\/b><\/b><\/td>\n<\/tr>\n<tr class=\"tr-even tr-22\">\n<td class=\"td-0\">2012<\/td>\n<td class=\"td-last td-1\">4to Congreso Internacional de Terapia Neural en Estambul \/ T\u00fcrkiye, conferencia: <b>Tecnolog\u00eda m\u00e9dica y modernos m\u00e9todos de curaci\u00f3n naturales en un solo sistema<b> Gesti\u00f3n del taller: <b>Las posibilidades de los m\u00e9todos bioinformativos en la pr\u00e1ctica.<b><\/b><\/b><\/b><\/b><\/td>\n<\/tr>\n<tr class=\"tr-odd tr-23\">\n<td class=\"td-0\">2011<\/td>\n<td class=\"td-last td-1\">Gesti\u00f3n del 13\u00ba Simposio Internacional de Medicina Bioinformativa con motivo de la Semana M\u00e9dica en Baden-Baden, tema: <b>La nueva generaci\u00f3n C: \u00a1todo en un solo sistema! Pruebas y terapia: anal\u00f3gicas y digitales<b><\/b><\/b><\/td>\n<\/tr>\n<tr class=\"tr-even tr-24\">\n<td class=\"td-0\">2011<\/td>\n<td class=\"td-last td-1\">Feria de Paracelso en Wiesbaden, conferencia: <b>Uso y aplicaci\u00f3n del campo magn\u00e9tico pulsante. Terapia a trav\u00e9s de la informaci\u00f3n \u2013 sin efectos secundarios<b><\/b><\/b><\/td>\n<\/tr>\n<tr class=\"tr-odd tr-25\">\n<td class=\"td-0\">2010<\/td>\n<td class=\"td-last td-1\">Gesti\u00f3n del Simposio Internacional de Medicina Bioinformativa con motivo de la Semana M\u00e9dica en Baden-Baden, tema: <b>\u00bfResistencia a la terapia? \u00bfQu\u00e9 hacer? Luz y colores como parte de la terapia de regulaci\u00f3n y biorresonancia.<b><\/b><\/b><\/td>\n<\/tr>\n<tr class=\"tr-even tr-26\">\n<td class=\"td-0\">2010<\/td>\n<td class=\"td-last td-1\">23\u00ba Congreso Internacional de Medizina ortomoleculars e radicais livres en Sao Paulo \/ Brasil, conferencia: <b>Interacao Terapeutica por Metodolog\u00eda Complementaria<b><\/b><\/b><\/td>\n<\/tr>\n<tr class=\"tr-odd tr-27\">\n<td class=\"td-0\">2009<\/td>\n<td class=\"td-last td-1\">Jornadas de profesionales de la salud animal en Hohenroda, discurso de apertura: <b>\u00bfTiene el agua memoria? Modelos eficaces de homeopat\u00eda y medicina bioinformativa.<b><\/b><\/b><\/td>\n<\/tr>\n<tr class=\"tr-even tr-28\">\n<td class=\"td-0\">2009<\/td>\n<td class=\"td-last td-1\">El VII Congreso Internacional de Salud y Gesti\u00f3n Bucodental en los Pa\u00edses del Mar Negro en Constanza \/ Rumania, conferencia: <b>Fundamentos cient\u00edficos y aplicaci\u00f3n del campo magn\u00e9tico y la terapia de biorresonancia en odontolog\u00eda naturista, impartici\u00f3n del 28 al 31 de mayo: <b>Medicina dental complementaria en el tiempo.<b><\/b><\/b><\/b><\/td>\n<\/tr>\n<tr class=\"tr-odd tr-29\">\n<td class=\"td-0\">2008<\/td>\n<td class=\"td-last td-1\">Gesti\u00f3n del Simposio Internacional de Medicina Bioinformativa con motivo de la Semana M\u00e9dica en Baden-Baden, tema: <b>Curaci\u00f3n con bioinformaci\u00f3n: conceptos pr\u00e1cticos de tratamiento<b><\/b><\/b><\/td>\n<\/tr>\n<tr class=\"tr-even tr-30\">\n<td class=\"td-0\">2008<\/td>\n<td class=\"td-last td-1\">Universidad \u201cOvidius\u201d Constanta Facultad de Medicina Dental y Farmacia en Constanza \/ Rumania, impartiendo clases del 25 al 31 de mayo: <b>La terapia con campos magn\u00e9ticos en la pr\u00e1ctica, prueba de la homeopat\u00eda por el agua<b><\/b><\/b><\/td>\n<\/tr>\n<tr class=\"tr-odd tr-31\">\n<td class=\"td-0\">2008<\/td>\n<td class=\"td-last td-1\">XXI Congreso Internacional de Medizina ortomoleculars e radicais livres en Sao Paulo \/ Brasil, conferencia: <b>Novos Avancos com campo magn\u00e9tico pulsante y gesti\u00f3n del simposio: Simposio Sat\u00e9lite com o tema: campo magn\u00e9tico pulsante<b><\/b><\/b><\/td>\n<\/tr>\n<tr class=\"tr-even tr-32\">\n<td class=\"td-0\">2007<\/td>\n<td class=\"td-last td-1\">Universidad \u201cOvidius\u201d Constanta Facultad de Medicina Dental y Farmacia en Constanza \/ Rumania, conferencia: <b>Terapia de campo magn\u00e9tico y medicina magn\u00e9tica de alta tecnolog\u00eda<b><\/b><\/b><\/td>\n<\/tr>\n<tr class=\"tr-odd tr-last\">\n<td class=\"td-0\">2006<\/td>\n<td class=\"td-last td-1\">XIX Congreso Internacional de Medizina ortomoleculars e radicais livres en Sao Paulo \/ Brasil, conferencia: <b>Terapia de campos magn\u00e9ticos y medicina bioinform\u00e1tica.<\/b><\/td>\n<\/tr>\n<\/tbody>\n<\/table>\t\t\t\t\t\t\t\t<\/div>\n\t\t\t\t<\/div>\n\t\t\t\t\t<\/div>\n\t\t<\/div>\n\t\t\t\t\t<\/div>\n\t\t<\/section>\n\t\t\t\t<section class=\"elementor-section elementor-top-section elementor-element elementor-element-a8309b5 elementor-section-boxed elementor-section-height-default elementor-section-height-default\" data-id=\"a8309b5\" data-element_type=\"section\" data-e-type=\"section\" data-settings=\"{&quot;background_background&quot;:&quot;classic&quot;}\">\n\t\t\t\t\t\t<div class=\"elementor-container elementor-column-gap-default\">\n\t\t\t\t\t<div class=\"elementor-column elementor-col-100 elementor-top-column elementor-element elementor-element-c66b0ff\" data-id=\"c66b0ff\" data-element_type=\"column\" data-e-type=\"column\">\n\t\t\t<div class=\"elementor-widget-wrap elementor-element-populated\">\n\t\t\t\t\t\t<div class=\"elementor-element elementor-element-93147df elementor-align-right elementor-mobile-align-center elementor-widget elementor-widget-button\" data-id=\"93147df\" data-element_type=\"widget\" data-e-type=\"widget\" data-widget_type=\"button.default\">\n\t\t\t\t<div class=\"elementor-widget-container\">\n\t\t\t\t\t\t\t\t\t<div class=\"elementor-button-wrapper\">\n\t\t\t\t\t<a class=\"elementor-button elementor-button-link elementor-size-sm\" href=\"https:\/\/www.ams-ag.de\/es\/ueber-ams\/ams-team\/\">\n\t\t\t\t\t\t<span class=\"elementor-button-content-wrapper\">\n\t\t\t\t\t\t<span class=\"elementor-button-icon\">\n\t\t\t\t<i aria-hidden=\"true\" class=\"fas fa-arrow-right\"><\/i>\t\t\t<\/span>\n\t\t\t\t\t\t\t\t\t<span class=\"elementor-button-text\">equipo AMS<\/span>\n\t\t\t\t\t<\/span>\n\t\t\t\t\t<\/a>\n\t\t\t\t<\/div>\n\t\t\t\t\t\t\t\t<\/div>\n\t\t\t\t<\/div>\n\t\t\t\t\t<\/div>\n\t\t<\/div>\n\t\t\t\t\t<\/div>\n\t\t<\/section>\n\t\t\t\t<\/div>","protected":false},"excerpt":{"rendered":"<p>Dr. rer. nat. Frank Beck Gesch\u00e4ftsf\u00fchrer und alleiniger Gesellschafter der AMS GmbH, Leiter des &#8222;Instituts f\u00fcr Bioinformative Medizin Dr. Ludwig&#8220; Leitung des &#8222;Instituts f\u00fcr Bioinformative Medizin Dr. Ludwig&#8220; Technischer Fachberater [&hellip;]<\/p>\n","protected":false},"author":1,"featured_media":0,"parent":177,"menu_order":2,"comment_status":"closed","ping_status":"closed","template":"","meta":{"pmpro_default_level":"","footnotes":""},"class_list":["post-2568","page","type-page","status-publish","hentry","pmpro-has-access"],"_links":{"self":[{"href":"https:\/\/www.ams-ag.de\/es\/wp-json\/wp\/v2\/pages\/2568","targetHints":{"allow":["GET"]}}],"collection":[{"href":"https:\/\/www.ams-ag.de\/es\/wp-json\/wp\/v2\/pages"}],"about":[{"href":"https:\/\/www.ams-ag.de\/es\/wp-json\/wp\/v2\/types\/page"}],"author":[{"embeddable":true,"href":"https:\/\/www.ams-ag.de\/es\/wp-json\/wp\/v2\/users\/1"}],"replies":[{"embeddable":true,"href":"https:\/\/www.ams-ag.de\/es\/wp-json\/wp\/v2\/comments?post=2568"}],"version-history":[{"count":9,"href":"https:\/\/www.ams-ag.de\/es\/wp-json\/wp\/v2\/pages\/2568\/revisions"}],"predecessor-version":[{"id":18760,"href":"https:\/\/www.ams-ag.de\/es\/wp-json\/wp\/v2\/pages\/2568\/revisions\/18760"}],"up":[{"embeddable":true,"href":"https:\/\/www.ams-ag.de\/es\/wp-json\/wp\/v2\/pages\/177"}],"wp:attachment":[{"href":"https:\/\/www.ams-ag.de\/es\/wp-json\/wp\/v2\/media?parent=2568"}],"curies":[{"name":"wp","href":"https:\/\/api.w.org\/{rel}","templated":true}]}}