{"id":2461,"date":"2023-05-11T16:50:34","date_gmt":"2023-05-11T14:50:34","guid":{"rendered":"http:\/\/www.ams-ag.de\/?page_id=2461"},"modified":"2024-09-05T17:57:12","modified_gmt":"2024-09-05T15:57:12","slug":"terminos-y-condiciones-generales","status":"publish","type":"page","link":"https:\/\/www.ams-ag.de\/es\/agb\/","title":{"rendered":"Condiciones"},"content":{"rendered":"<div data-elementor-type=\"wp-page\" data-elementor-id=\"2461\" class=\"elementor elementor-2461\" data-elementor-post-type=\"page\">\n\t\t\t\t\t\t<section class=\"elementor-section elementor-top-section elementor-element elementor-element-28c086de elementor-section-boxed elementor-section-height-default elementor-section-height-default\" data-id=\"28c086de\" data-element_type=\"section\" data-e-type=\"section\">\n\t\t\t\t\t\t<div class=\"elementor-container elementor-column-gap-default\">\n\t\t\t\t\t<div class=\"elementor-column elementor-col-100 elementor-top-column elementor-element elementor-element-29ee1980\" data-id=\"29ee1980\" data-element_type=\"column\" data-e-type=\"column\">\n\t\t\t<div class=\"elementor-widget-wrap elementor-element-populated\">\n\t\t\t\t\t\t<div class=\"elementor-element elementor-element-44754997 elementor-widget elementor-widget-heading\" data-id=\"44754997\" data-element_type=\"widget\" data-e-type=\"widget\" data-widget_type=\"heading.default\">\n\t\t\t\t<div class=\"elementor-widget-container\">\n\t\t\t\t\t<h1 class=\"elementor-heading-title elementor-size-default\">\u00a1Bienvenido a AMS GmbH!<\/h1>\t\t\t\t<\/div>\n\t\t\t\t<\/div>\n\t\t\t\t<div class=\"elementor-element elementor-element-dbe26be elementor-widget elementor-widget-heading\" data-id=\"dbe26be\" data-element_type=\"widget\" data-e-type=\"widget\" data-widget_type=\"heading.default\">\n\t\t\t\t<div class=\"elementor-widget-container\">\n\t\t\t\t\t<h2 class=\"elementor-heading-title elementor-size-default\">T\u00c9RMINOS Y CONDICIONES GENERALES (GTC) de AMS Advanced Medical Systems GmbH<\/h2>\t\t\t\t<\/div>\n\t\t\t\t<\/div>\n\t\t\t\t<div class=\"elementor-element elementor-element-c0f6db2 elementor-widget elementor-widget-text-editor\" data-id=\"c0f6db2\" data-element_type=\"widget\" data-e-type=\"widget\" data-widget_type=\"text-editor.default\">\n\t\t\t\t<div class=\"elementor-widget-container\">\n\t\t\t\t\t\t\t\t\t<p>A partir de: 1 de septiembre de 2023<\/p><p>Puede descargar la versi\u00f3n actual de los t\u00e9rminos y condiciones generales de esta tienda como un archivo llamado Acrobat Reader (archivo PDF).\u00a0 <b><a href=\"https:\/\/www.ams-ag.de\/wp-content\/uploads\/2023\/10\/AMS_AGB_shop.pdf\" target=\"_blank\" rel=\"noopener\">Tienda de T\u00e9rminos y Condiciones Generales de AMS<\/a><\/b>\u00a0o est\u00e1 permanentemente bajo <a href=\"https:\/\/www.ams-ag.de\/es\/\" target=\"_blank\" rel=\"noopener\">www.ams-ag.de<\/a> salvado. Tambi\u00e9n es posible en cualquier momento imprimir los T\u00e9rminos y Condiciones Generales utilizando las funciones generales del navegador (men\u00fa \u201cArchivo\u201d \u2013 comando \u201cImprimir\u201d) o copiarlos en su propio disco duro u otro medio de almacenamiento (men\u00fa \u201cArchivo\u201d \u2013 Comando \u201cGuardar\u201d).<\/p><hr \/><h3><b>1 Alcance<\/b><\/h3><p>Los siguientes t\u00e9rminos y condiciones generales (GTC) se aplican a todos los contratos, entregas y otros servicios a los consumidores.<\/p><p>Un consumidor es cualquier persona f\u00edsica que celebra un negocio jur\u00eddico con un fin que no puede atribuirse predominantemente ni a su actividad comercial ni a su actividad profesional independiente.<\/p><hr \/><h3><b>2. Oferta<\/b><\/h3><p>Nuestras ofertas no son vinculantes. La presentaci\u00f3n de los productos en nuestra tienda online no constituye una oferta legalmente vinculante, sino m\u00e1s bien una invitaci\u00f3n a realizar un pedido. Es posible que existan peque\u00f1as variaciones y cambios t\u00e9cnicos con respecto a nuestras ilustraciones o descripciones.<\/p><hr \/><h3><b>3. Precios, gastos de entrega y env\u00edo<\/b><\/h3><p>Las condiciones de entrega de AMS se detallan en el formulario de pedido. No hay cantidad m\u00ednima de pedido. Todos nuestros precios incluyen el IVA legal, que actualmente asciende a 19% o 7% (libros). El env\u00edo de libros, el \u201cGlucosamine Gold Gel\u201d (n.\u00ba de pedido 650) y el CD-ROM MEDICINA BIOINFORMATIVA (n.\u00ba de pedido 406) son gratuitos en Alemania. Para el resto de productos cobramos una tarifa fija de env\u00edo dentro de Alemania de 7 euros o 15 euros, seg\u00fan el producto. Los viales de muestra, la punta de fijaci\u00f3n para el l\u00e1ser CEPES y el soporte para ampollas se env\u00edan dentro de Alemania con unos gastos de env\u00edo de 4 euros. Los costos de env\u00edo aplicables se le comunicar\u00e1n claramente en el sistema del carrito de compras o en la p\u00e1gina del pedido. Para env\u00edos a otros pa\u00edses de la CE o a todos los dem\u00e1s pa\u00edses, se aplican diferentes costes de env\u00edo, que tambi\u00e9n se muestran en la p\u00e1gina de pedido.<\/p><hr \/><h3><b>4. Plazos de entrega<\/b><\/h3><p>Los productos solicitados se enviar\u00e1n en un plazo m\u00e1ximo de 3 d\u00edas laborables. Cualquier plazo de entrega diferente le indicaremos en la p\u00e1gina del producto correspondiente.<\/p><hr \/><h3><b>5. Pol\u00edtica de cancelaci\u00f3n<\/b><\/h3><p>Si usted es un empresario en el sentido del art\u00edculo 14 del C\u00f3digo Civil alem\u00e1n (BGB) y al celebrar el contrato act\u00faa en el ejercicio de su actividad comercial o por cuenta propia, no tiene derecho de desistimiento.<\/p><p><b>Derecho a retirada<\/b><\/p><p>Tiene derecho a cancelar este contrato dentro de los catorce d\u00edas sin dar ning\u00fan motivo. El plazo de cancelaci\u00f3n es de catorce d\u00edas a partir del d\u00eda en que usted o un tercero designado por usted que no sea el transportista tom\u00f3 posesi\u00f3n de la \u00faltima mercanc\u00eda.<\/p><p>Para ejercer su derecho de desistimiento, debe ponerse en contacto con nosotros (AMS GmbH, Hauptstra\u00dfe 26, 97990 Weikersheim, tel\u00e9fono 07934\/993489-0, fax 07934\/993489-44, correo electr\u00f3nico\u00a0<a href=\"mailto:info@ams-ag.de\">info@ams-ag.de<\/a>) informarle de su decisi\u00f3n de rescindir este contrato mediante una declaraci\u00f3n clara (por ejemplo, una carta enviada por correo postal, fax o correo electr\u00f3nico). Puede utilizar el siguiente modelo de formulario de cancelaci\u00f3n, aunque no es obligatorio.<\/p><p><b>Formulario de cancelaci\u00f3n de muestra<\/b><\/p><p>A: AMS GmbH, Hauptstra\u00dfe 26, 97990 Weikersheim<br \/>Tel\u00e9fono 07934\/993489-0, Fax 07934\/993489-44 (a la tarifa local aplicable)<br \/>correo electr\u00f3nico\u00a0 <a href=\"mailto:info@ams-ag.de\">info@ams-ag.de<\/a><br \/><a href=\"mailto:info@ams-ag.de\">info@ams-ag.de<\/a><\/p><p>Yo\/nosotros (*) revocamos por la presente el contrato celebrado por m\u00ed\/nosotros (*) para la compra de los siguientes bienes (*)\/la prestaci\u00f3n del siguiente servicio (*)<\/p><p class=\"bodytext\">__________________________<\/p><p class=\"bodytext\">__________________________<\/p><p class=\"bodytext\">Pedido el (*)________ \/ recibido el (*)________<\/p><p class=\"bodytext\">__________________________<\/p><p class=\"bodytext\">Nombre del consumidor(es)<\/p><p class=\"bodytext\">\u00a0__________________________<\/p><p class=\"bodytext\">Direcci\u00f3n del consumidor(es)<\/p><p class=\"bodytext\">___________________________<\/p><p class=\"bodytext\">Firma del consumidor (s\u00f3lo para notificaci\u00f3n en papel)<\/p><p class=\"bodytext\">___________________________<\/p><p>Fecha<br \/>(*) Eliminar lo que no corresponda.<\/p><p>Para cumplir con el plazo de cancelaci\u00f3n, basta con que env\u00ede la notificaci\u00f3n de su ejercicio del derecho de cancelaci\u00f3n antes de que expire el plazo de cancelaci\u00f3n.<\/p><p><b>Consecuencias de la revocaci\u00f3n<\/b><\/p><p>Deber\u00e1 devolvernos o entregarnos la mercanc\u00eda inmediatamente y en cualquier caso a m\u00e1s tardar catorce d\u00edas a partir del d\u00eda en que nos notifique su cancelaci\u00f3n de este contrato. El plazo se cumple si env\u00eda la mercanc\u00eda antes de que expire el plazo de catorce d\u00edas. Usted asume los costes directos de devoluci\u00f3n de la mercanc\u00eda.<\/p><p>S\u00f3lo ser\u00e1 responsable de cualquier p\u00e9rdida de valor de los bienes si esta p\u00e9rdida de valor se debe a una manipulaci\u00f3n distinta a la necesaria para establecer la naturaleza, las caracter\u00edsticas y el funcionamiento de los bienes.<\/p><p>FIN DE LA REVOCACI\u00d3N<\/p><p><b>NUESTRA GARANT\u00cdA DE DEVOLUCI\u00d3N VOLUNTARIA para el art\u00edculo\/n\u00ba de pedido. 100-107 (MEDISEND, MEDISEND protect, MEDICUR pro, METRONOM solar, METRONOM C, MEDICUR color y l\u00e1ser CEPES):<br \/>Sin perjuicio de sus derechos legales, AMS le ofrece la siguiente garant\u00eda de devoluci\u00f3n voluntaria:<br \/>Puede devolver todos los peque\u00f1os electrodom\u00e9sticos mencionados anteriormente (art\u00edculo\/n.\u00ba de pedido 100-107) a AMS dentro de los 90 d\u00edas posteriores a la recepci\u00f3n de la mercanc\u00eda.<\/b><\/p><p><b>Si devuelve productos de acuerdo con esta Garant\u00eda de devoluci\u00f3n voluntaria, le reembolsaremos el precio de compra que ya pag\u00f3, pero no los costos de env\u00edo de su compra original. El requisito previo es que la mercanc\u00eda est\u00e9 en perfectas condiciones. Sin embargo, se permite el uso previsto de los productos. No es necesario sustituir las pilas usadas por otras nuevas. El riesgo de transporte y los gastos de devoluci\u00f3n corren por su cuenta.<\/b><br \/><b>Esta garant\u00eda de devoluci\u00f3n ampliada no limita sus derechos legales y, por lo tanto, no limita su derecho de desistimiento como se describe anteriormente.<\/b><\/p><p>Esta garant\u00eda de devoluci\u00f3n voluntaria no es v\u00e1lida para productos a precio reducido y con motivo de campa\u00f1as especiales de venta.<\/p><hr \/><h3><b>6. Ley de soluci\u00f3n de controversias en materia de consumo<\/b><\/h3><p>La Ley de soluci\u00f3n de litigios en materia de consumo (VSBG) no se aplica al AMS debido al n\u00famero de empleados empleados. La AMS no participa en ning\u00fan procedimiento de resoluci\u00f3n de litigios ante una junta arbitral de consumo.<\/p><hr \/><h3><b>7. M\u00e9todos de pago<\/b><\/h3><p>El pago se puede realizar por adelantado (con la confirmaci\u00f3n del pedido recibir\u00e1 una factura en PDF con los datos necesarios de nuestros datos bancarios y le entregaremos la mercanc\u00eda despu\u00e9s de recibir el pago), contra reembolso (solo es posible en Alemania y solo posible si se realiza o selecciona el env\u00edo a trav\u00e9s de GLS), domiciliaci\u00f3n bancaria \/ domiciliaci\u00f3n bancaria (posible en toda Europa), tarjeta de cr\u00e9dito (Master y Visa; su tarjeta de cr\u00e9dito ser\u00e1 debitada cuando complete su pedido), PayPal (siempre debe estar registrado en PayPal o registrarse primero, identif\u00edquese con sus datos de acceso y las instrucciones de pago, confirme con nosotros) y mediante factura (solo posible para clientes existentes).<\/p><hr \/><h3><b>8. Descargo de responsabilidad<\/b><\/h3><p>El uso de los productos ofrecidos es bajo su propia responsabilidad. Los productos no reemplazan de ninguna manera el examen y el tratamiento por parte de un m\u00e9dico o profesional alternativo. Ninguno de los productos, a excepci\u00f3n del producto MEDICUR pro, es un dispositivo m\u00e9dico en el sentido de la MPG (Ley de Dispositivos M\u00e9dicos).<\/p><hr \/><h3><b>9. Reserva de propiedad<\/b><\/h3><p>La mercanc\u00eda seguir\u00e1 siendo propiedad de AMS hasta que se haya realizado el pago completo.<\/p><hr \/><h3><b>10. Almacenamiento de datos<\/b><\/h3><p>De conformidad con el art\u00edculo 28 de la Ley Federal de Protecci\u00f3n de Datos (BDSG), le recordamos que los datos necesarios para las transacciones comerciales se procesan y almacenan mediante un sistema inform\u00e1tico de conformidad con el art\u00edculo 33 (BDSG). Por supuesto, los datos personales se tratar\u00e1n de forma confidencial y no se transmitir\u00e1n a terceros.<\/p>\t\t\t\t\t\t\t\t<\/div>\n\t\t\t\t<\/div>\n\t\t\t\t\t<\/div>\n\t\t<\/div>\n\t\t\t\t\t<\/div>\n\t\t<\/section>\n\t\t\t\t<section class=\"elementor-section elementor-top-section elementor-element elementor-element-f162e14 elementor-section-boxed elementor-section-height-default elementor-section-height-default\" data-id=\"f162e14\" data-element_type=\"section\" data-e-type=\"section\" data-settings=\"{&quot;background_background&quot;:&quot;classic&quot;}\">\n\t\t\t\t\t\t<div class=\"elementor-container elementor-column-gap-default\">\n\t\t\t\t\t<div class=\"elementor-column elementor-col-100 elementor-top-column elementor-element elementor-element-2c7e19b\" data-id=\"2c7e19b\" data-element_type=\"column\" data-e-type=\"column\">\n\t\t\t<div class=\"elementor-widget-wrap elementor-element-populated\">\n\t\t\t\t\t\t<div class=\"elementor-element elementor-element-fccb9c4 elementor-align-right elementor-mobile-align-center elementor-widget elementor-widget-button\" data-id=\"fccb9c4\" data-element_type=\"widget\" data-e-type=\"widget\" data-widget_type=\"button.default\">\n\t\t\t\t<div class=\"elementor-widget-container\">\n\t\t\t\t\t\t\t\t\t<div class=\"elementor-button-wrapper\">\n\t\t\t\t\t<a class=\"elementor-button elementor-button-link elementor-size-sm\" href=\"https:\/\/www.ams-ag.de\/es\/impressum\/\">\n\t\t\t\t\t\t<span class=\"elementor-button-content-wrapper\">\n\t\t\t\t\t\t<span class=\"elementor-button-icon\">\n\t\t\t\t<i aria-hidden=\"true\" class=\"fas fa-arrow-right\"><\/i>\t\t\t<\/span>\n\t\t\t\t\t\t\t\t\t<span class=\"elementor-button-text\">imprimir<\/span>\n\t\t\t\t\t<\/span>\n\t\t\t\t\t<\/a>\n\t\t\t\t<\/div>\n\t\t\t\t\t\t\t\t<\/div>\n\t\t\t\t<\/div>\n\t\t\t\t\t<\/div>\n\t\t<\/div>\n\t\t\t\t\t<\/div>\n\t\t<\/section>\n\t\t\t\t<\/div>","protected":false},"excerpt":{"rendered":"<p>Herzlich Willkommen bei der AMS GmbH! ALLGEMEINE GESCH\u00c4FTSBEDINGUNGEN (AGB) der AMS Advanced Medical Systems GmbH Stand: 01.09.2023 Die jeweils aktuelle Version der Allgemeinen Gesch\u00e4ftsbedingungen dieses Shops k\u00f6nnen Sie sich als [&hellip;]<\/p>\n","protected":false},"author":1,"featured_media":0,"parent":0,"menu_order":10,"comment_status":"closed","ping_status":"closed","template":"","meta":{"pmpro_default_level":"","footnotes":""},"class_list":["post-2461","page","type-page","status-publish","hentry","pmpro-has-access"],"_links":{"self":[{"href":"https:\/\/www.ams-ag.de\/es\/wp-json\/wp\/v2\/pages\/2461","targetHints":{"allow":["GET"]}}],"collection":[{"href":"https:\/\/www.ams-ag.de\/es\/wp-json\/wp\/v2\/pages"}],"about":[{"href":"https:\/\/www.ams-ag.de\/es\/wp-json\/wp\/v2\/types\/page"}],"author":[{"embeddable":true,"href":"https:\/\/www.ams-ag.de\/es\/wp-json\/wp\/v2\/users\/1"}],"replies":[{"embeddable":true,"href":"https:\/\/www.ams-ag.de\/es\/wp-json\/wp\/v2\/comments?post=2461"}],"version-history":[{"count":9,"href":"https:\/\/www.ams-ag.de\/es\/wp-json\/wp\/v2\/pages\/2461\/revisions"}],"predecessor-version":[{"id":18442,"href":"https:\/\/www.ams-ag.de\/es\/wp-json\/wp\/v2\/pages\/2461\/revisions\/18442"}],"wp:attachment":[{"href":"https:\/\/www.ams-ag.de\/es\/wp-json\/wp\/v2\/media?parent=2461"}],"curies":[{"name":"wp","href":"https:\/\/api.w.org\/{rel}","templated":true}]}}