{"id":2451,"date":"2023-05-11T16:45:06","date_gmt":"2023-05-11T14:45:06","guid":{"rendered":"http:\/\/www.ams-ag.de\/?page_id=2451"},"modified":"2024-03-08T13:08:07","modified_gmt":"2024-03-08T12:08:07","slug":"imprimir","status":"publish","type":"page","link":"https:\/\/www.ams-ag.de\/es\/impressum\/","title":{"rendered":"imprimir"},"content":{"rendered":"<div data-elementor-type=\"wp-page\" data-elementor-id=\"2451\" class=\"elementor elementor-2451\" data-elementor-post-type=\"page\">\n\t\t\t\t\t\t<section class=\"elementor-section elementor-top-section elementor-element elementor-element-28c086de elementor-section-boxed elementor-section-height-default elementor-section-height-default\" data-id=\"28c086de\" data-element_type=\"section\" data-e-type=\"section\">\n\t\t\t\t\t\t<div class=\"elementor-container elementor-column-gap-default\">\n\t\t\t\t\t<div class=\"elementor-column elementor-col-100 elementor-top-column elementor-element elementor-element-29ee1980\" data-id=\"29ee1980\" data-element_type=\"column\" data-e-type=\"column\">\n\t\t\t<div class=\"elementor-widget-wrap elementor-element-populated\">\n\t\t\t\t\t\t<div class=\"elementor-element elementor-element-44754997 elementor-widget elementor-widget-heading\" data-id=\"44754997\" data-element_type=\"widget\" data-e-type=\"widget\" data-widget_type=\"heading.default\">\n\t\t\t\t<div class=\"elementor-widget-container\">\n\t\t\t\t\t<h1 class=\"elementor-heading-title elementor-size-default\">\u00a1Bienvenido a AMS GmbH!<\/h1>\t\t\t\t<\/div>\n\t\t\t\t<\/div>\n\t\t\t\t<div class=\"elementor-element elementor-element-c0f6db2 elementor-widget elementor-widget-text-editor\" data-id=\"c0f6db2\" data-element_type=\"widget\" data-e-type=\"widget\" data-widget_type=\"text-editor.default\">\n\t\t\t\t<div class=\"elementor-widget-container\">\n\t\t\t\t\t\t\t\t\t<p>Sistemas m\u00e9dicos avanzados \u2013 <b>Procedimientos de regulaci\u00f3n y biorresonancia, terapia de campo magn\u00e9tico, luz (color) y l\u00e1ser.<\/b><\/p>\t\t\t\t\t\t\t\t<\/div>\n\t\t\t\t<\/div>\n\t\t\t\t<div class=\"elementor-element elementor-element-43d2f05 elementor-widget-divider--view-line elementor-widget elementor-widget-divider\" data-id=\"43d2f05\" data-element_type=\"widget\" data-e-type=\"widget\" data-widget_type=\"divider.default\">\n\t\t\t\t<div class=\"elementor-widget-container\">\n\t\t\t\t\t\t\t<div class=\"elementor-divider\">\n\t\t\t<span class=\"elementor-divider-separator\">\n\t\t\t\t\t\t<\/span>\n\t\t<\/div>\n\t\t\t\t\t\t<\/div>\n\t\t\t\t<\/div>\n\t\t\t\t<section class=\"elementor-section elementor-inner-section elementor-element elementor-element-138ad37 elementor-section-boxed elementor-section-height-default elementor-section-height-default\" data-id=\"138ad37\" data-element_type=\"section\" data-e-type=\"section\">\n\t\t\t\t\t\t<div class=\"elementor-container elementor-column-gap-default\">\n\t\t\t\t\t<div class=\"elementor-column elementor-col-50 elementor-inner-column elementor-element elementor-element-af99ad3\" data-id=\"af99ad3\" data-element_type=\"column\" data-e-type=\"column\">\n\t\t\t<div class=\"elementor-widget-wrap elementor-element-populated\">\n\t\t\t\t\t\t<div class=\"elementor-element elementor-element-dbe26be elementor-widget elementor-widget-heading\" data-id=\"dbe26be\" data-element_type=\"widget\" data-e-type=\"widget\" data-widget_type=\"heading.default\">\n\t\t\t\t<div class=\"elementor-widget-container\">\n\t\t\t\t\t<h2 class=\"elementor-heading-title elementor-size-default\">Pie de imprenta y <br>Identificaci\u00f3n del proveedor<\/h2>\t\t\t\t<\/div>\n\t\t\t\t<\/div>\n\t\t\t\t<div class=\"elementor-element elementor-element-7c3f29c elementor-widget elementor-widget-text-editor\" data-id=\"7c3f29c\" data-element_type=\"widget\" data-e-type=\"widget\" data-widget_type=\"text-editor.default\">\n\t\t\t\t<div class=\"elementor-widget-container\">\n\t\t\t\t\t\t\t\t\t<h3><b>Seg\u00fan el art\u00edculo 5 de la TMG<\/b><\/h3><p>AMS sistemas m\u00e9dicos avanzados GmbH<br \/>Hauptstra\u00dfe 26<br \/>97990 Weikersheim<\/p><p>representado por ejecutivo de negocios: <br \/>Dr. rer. nat. Frank Beck<\/p><p>Contacto<br \/>Tel\u00e9fono: +49 (0) 79 34 \/ 99 34 89-0<br \/>Fax: +49 (0) 79 34 \/ 99 34 89-44<br \/>Correo electr\u00f3nico: <a href=\"mailto:info@ams-ag.de\">info@ams-ag.de<\/a><\/p><p>Tambi\u00e9n puedes presentar quejas aqu\u00ed.<\/p><hr \/><h3><b>Entrada de registro<\/b><\/h3><p>Inscripci\u00f3n en el registro mercantil.<br \/>Tribunal de registro: Handelsregister AG Ulm<br \/>N\u00famero de registro: HRB 731284<br \/>Identificaci\u00f3n del impuesto:<br \/>N\u00famero de identificaci\u00f3n fiscal de conformidad con el art\u00edculo 27 a de la Ley del Impuesto sobre las Ventas: DE 177547347<\/p><hr \/><h3><b>Ley de aparatos el\u00e9ctricos y electr\u00f3nicos (ElektroG):<\/b><\/h3><p>Como fabricante responsable de aparatos el\u00e9ctricos y electr\u00f3nicos, hemos cumplido con nuestra obligaci\u00f3n de registro seg\u00fan ElektroG. Nuestro n\u00famero de registro ante la Fundaci\u00f3n EAR es: WEEE Reg. DE 49140629.<\/p><hr \/><h3><strong>Fuentes<\/strong><\/h3><p>para las im\u00e1genes y gr\u00e1ficos utilizados:<\/p><p>Fotolia<a href=\"https:\/\/de.fotolia.com\/\" target=\"_blank\" rel=\"noopener\"><br \/>https:\/\/de.fotolia.com\/<\/a><br \/>N\u00fameros de imagen: 5517971_M, 2998396_L, 41373138_L, 53075506_M, 59334364_S, 67940016_L, 68728113_XXL, 82500533_XXL, 83215542_XXL, 84477543_L , 844477547_L, 84478039_L, 87848782_L, 89302270_L, 90785386_M<\/p><p>iStock<a href=\"http:\/\/www.istockphoto.com\/de\" target=\"_blank\" rel=\"noopener\"><br \/>http:\/\/www.istockphoto.com\/de<\/a><br \/>N\u00famero de imagen: 000015045170_XXXLarge<\/p><p>Eva Mar\u00eda Linhart<a href=\"http:\/\/linhart-foto.de\/\" target=\"_blank\" rel=\"noopener\"><br \/>http:\/\/linhart-foto.de\/<\/a><\/p><p>aj\u00e1 dise\u00f1o<a href=\"http:\/\/www.aha-design.de\/\" target=\"_blank\" rel=\"noopener\"><br \/>http:\/\/www.aha-design.de\/<\/a><\/p>\t\t\t\t\t\t\t\t<\/div>\n\t\t\t\t<\/div>\n\t\t\t\t\t<\/div>\n\t\t<\/div>\n\t\t\t\t<div class=\"elementor-column elementor-col-50 elementor-inner-column elementor-element elementor-element-184d9cd\" data-id=\"184d9cd\" data-element_type=\"column\" data-e-type=\"column\">\n\t\t\t<div class=\"elementor-widget-wrap elementor-element-populated\">\n\t\t\t\t\t\t<div class=\"elementor-element elementor-element-6a04b22 elementor-widget elementor-widget-heading\" data-id=\"6a04b22\" data-element_type=\"widget\" data-e-type=\"widget\" data-widget_type=\"heading.default\">\n\t\t\t\t<div class=\"elementor-widget-container\">\n\t\t\t\t\t<h2 class=\"elementor-heading-title elementor-size-default\">Descargo de responsabilidad <br>(descargo de responsabilidad)<\/h2>\t\t\t\t<\/div>\n\t\t\t\t<\/div>\n\t\t\t\t<div class=\"elementor-element elementor-element-5b18813 elementor-widget elementor-widget-text-editor\" data-id=\"5b18813\" data-element_type=\"widget\" data-e-type=\"widget\" data-widget_type=\"text-editor.default\">\n\t\t\t\t<div class=\"elementor-widget-container\">\n\t\t\t\t\t\t\t\t\t<h3><b>Responsabilidad por el contenido<\/b><\/h3><p>Como proveedor de servicios, somos responsables de los contenidos propios de estas p\u00e1ginas de acuerdo con las leyes generales seg\u00fan el art\u00edculo 7, apartado 1 de la TMG. Sin embargo, seg\u00fan los art\u00edculos 8 a 10 de la TMG, como proveedor de servicios no estamos obligados a controlar la informaci\u00f3n de terceros transmitida o almacenada ni a investigar circunstancias que indiquen una actividad ilegal. Las obligaciones de eliminar o bloquear el uso de informaci\u00f3n de acuerdo con la ley general no se ver\u00e1n afectadas. Sin embargo, la responsabilidad a este respecto s\u00f3lo es posible a partir del momento en que se tiene conocimiento de una infracci\u00f3n legal espec\u00edfica. Si tenemos conocimiento de alguna infracci\u00f3n legal correspondiente, eliminaremos inmediatamente este contenido.<\/p><hr \/><h3><b>Responsabilidad por enlaces<\/b><\/h3><p>Nuestra oferta contiene enlaces a sitios web externos de terceros sobre cuyo contenido no tenemos ninguna influencia. Por lo tanto, no podemos asumir ninguna responsabilidad por este contenido externo. El respectivo proveedor u operador de las p\u00e1ginas es siempre responsable del contenido de las p\u00e1ginas enlazadas. En el momento de la vinculaci\u00f3n se comprobaron las p\u00e1ginas enlazadas para detectar posibles infracciones legales. El contenido ilegal no era evidente en el momento del enlace. Sin embargo, un control permanente del contenido de las p\u00e1ginas enlazadas no es razonable sin pruebas concretas de una infracci\u00f3n legal. Si tenemos conocimiento de alguna infracci\u00f3n legal, eliminaremos inmediatamente dichos enlaces.<\/p><hr \/><h3><b>derechos de autor<\/b><\/h3><p>Los contenidos y trabajos de estas p\u00e1ginas creados por los operadores del sitio est\u00e1n sujetos a la ley de derechos de autor alemana. La reproducci\u00f3n, procesamiento, distribuci\u00f3n y cualquier tipo de explotaci\u00f3n fuera de los l\u00edmites de la ley de derechos de autor requieren el consentimiento por escrito del respectivo autor o creador. Las descargas y copias de esta p\u00e1gina s\u00f3lo est\u00e1n permitidas para uso privado y no comercial. Si el contenido de este sitio no fue creado por el operador, se respetan los derechos de autor de terceros. En particular, se marcan como tales contenidos de terceros. No obstante, si tiene conocimiento de una infracci\u00f3n de derechos de autor, le pedimos que nos lo notifique en consecuencia. Si tenemos conocimiento de alguna infracci\u00f3n legal, eliminaremos inmediatamente dicho contenido.<\/p><hr \/><h3><b>Resoluci\u00f3n de litigios en l\u00ednea de conformidad con el art\u00edculo 14, apartado 1 del Reglamento ODR:<\/b><\/h3><p>La Comisi\u00f3n Europea proporciona una plataforma para la resoluci\u00f3n de disputas (OS) en l\u00ednea. Puedes encontrarlos en <a href=\"http:\/\/ec.europa.eu\/consumers\/odr\/\" target=\"_blank\" rel=\"noopener\">http:\/\/ec.europa.eu\/consumers\/odr\/<\/a><br \/>Esta plataforma sirve como punto de contacto para la resoluci\u00f3n extrajudicial de litigios derivados de contratos de compra o de servicios online en los que est\u00e9 involucrado un consumidor.<\/p><p>La Ley de soluci\u00f3n de litigios en materia de consumo (VSBG) no se aplica al AMS debido al n\u00famero de empleados empleados. La AMS no participa en ning\u00fan procedimiento de resoluci\u00f3n de litigios ante una junta arbitral de consumo.<\/p>\t\t\t\t\t\t\t\t<\/div>\n\t\t\t\t<\/div>\n\t\t\t\t\t<\/div>\n\t\t<\/div>\n\t\t\t\t\t<\/div>\n\t\t<\/section>\n\t\t\t\t\t<\/div>\n\t\t<\/div>\n\t\t\t\t\t<\/div>\n\t\t<\/section>\n\t\t\t\t<section class=\"elementor-section elementor-top-section elementor-element elementor-element-ed36c07 elementor-section-boxed elementor-section-height-default elementor-section-height-default\" data-id=\"ed36c07\" data-element_type=\"section\" data-e-type=\"section\" data-settings=\"{&quot;background_background&quot;:&quot;classic&quot;}\">\n\t\t\t\t\t\t<div class=\"elementor-container elementor-column-gap-default\">\n\t\t\t\t\t<div class=\"elementor-column elementor-col-100 elementor-top-column elementor-element elementor-element-1a997d6\" data-id=\"1a997d6\" data-element_type=\"column\" data-e-type=\"column\">\n\t\t\t<div class=\"elementor-widget-wrap elementor-element-populated\">\n\t\t\t\t\t\t<div class=\"elementor-element elementor-element-e520942 elementor-align-right elementor-mobile-align-center elementor-widget elementor-widget-button\" data-id=\"e520942\" data-element_type=\"widget\" data-e-type=\"widget\" data-widget_type=\"button.default\">\n\t\t\t\t<div class=\"elementor-widget-container\">\n\t\t\t\t\t\t\t\t\t<div class=\"elementor-button-wrapper\">\n\t\t\t\t\t<a class=\"elementor-button elementor-button-link elementor-size-sm\" href=\"https:\/\/www.ams-ag.de\/es\/datenschutz\/\">\n\t\t\t\t\t\t<span class=\"elementor-button-content-wrapper\">\n\t\t\t\t\t\t<span class=\"elementor-button-icon\">\n\t\t\t\t<i aria-hidden=\"true\" class=\"fas fa-arrow-right\"><\/i>\t\t\t<\/span>\n\t\t\t\t\t\t\t\t\t<span class=\"elementor-button-text\">protecci\u00f3n de Datos<\/span>\n\t\t\t\t\t<\/span>\n\t\t\t\t\t<\/a>\n\t\t\t\t<\/div>\n\t\t\t\t\t\t\t\t<\/div>\n\t\t\t\t<\/div>\n\t\t\t\t\t<\/div>\n\t\t<\/div>\n\t\t\t\t\t<\/div>\n\t\t<\/section>\n\t\t\t\t<\/div>","protected":false},"excerpt":{"rendered":"<p>Herzlich Willkommen bei der AMS GmbH! Advanced Medical Systems &#8211; Regulations- und Bioresonanzverfahren, Magnetfeldtherapie, (Farb-) Licht und Laser Impressum &#038; Anbieterkennzeichnung Angaben gem\u00e4\u00df \u00a7 5 TMG AMS Advanced Medical Systems [&hellip;]<\/p>\n","protected":false},"author":1,"featured_media":0,"parent":0,"menu_order":7,"comment_status":"closed","ping_status":"closed","template":"","meta":{"pmpro_default_level":"","footnotes":""},"class_list":["post-2451","page","type-page","status-publish","hentry","pmpro-has-access"],"_links":{"self":[{"href":"https:\/\/www.ams-ag.de\/es\/wp-json\/wp\/v2\/pages\/2451","targetHints":{"allow":["GET"]}}],"collection":[{"href":"https:\/\/www.ams-ag.de\/es\/wp-json\/wp\/v2\/pages"}],"about":[{"href":"https:\/\/www.ams-ag.de\/es\/wp-json\/wp\/v2\/types\/page"}],"author":[{"embeddable":true,"href":"https:\/\/www.ams-ag.de\/es\/wp-json\/wp\/v2\/users\/1"}],"replies":[{"embeddable":true,"href":"https:\/\/www.ams-ag.de\/es\/wp-json\/wp\/v2\/comments?post=2451"}],"version-history":[{"count":3,"href":"https:\/\/www.ams-ag.de\/es\/wp-json\/wp\/v2\/pages\/2451\/revisions"}],"predecessor-version":[{"id":14510,"href":"https:\/\/www.ams-ag.de\/es\/wp-json\/wp\/v2\/pages\/2451\/revisions\/14510"}],"wp:attachment":[{"href":"https:\/\/www.ams-ag.de\/es\/wp-json\/wp\/v2\/media?parent=2451"}],"curies":[{"name":"wp","href":"https:\/\/api.w.org\/{rel}","templated":true}]}}