{"id":177,"date":"2023-02-14T06:23:34","date_gmt":"2023-02-14T05:23:34","guid":{"rendered":"http:\/\/www.ams-ag.de\/?page_id=177"},"modified":"2024-04-28T21:29:29","modified_gmt":"2024-04-28T19:29:29","slug":"via-ams","status":"publish","type":"page","link":"https:\/\/www.ams-ag.de\/es\/ueber-ams\/","title":{"rendered":"A trav\u00e9s de AMS"},"content":{"rendered":"<div data-elementor-type=\"wp-page\" data-elementor-id=\"177\" class=\"elementor elementor-177\" data-elementor-post-type=\"page\">\n\t\t\t\t\t\t<section class=\"elementor-section elementor-top-section elementor-element elementor-element-91bd841 elementor-section-boxed elementor-section-height-default elementor-section-height-default\" data-id=\"91bd841\" data-element_type=\"section\" data-e-type=\"section\">\n\t\t\t\t\t\t<div class=\"elementor-container elementor-column-gap-default\">\n\t\t\t\t\t<div class=\"elementor-column elementor-col-100 elementor-top-column elementor-element elementor-element-be57439\" data-id=\"be57439\" data-element_type=\"column\" data-e-type=\"column\">\n\t\t\t<div class=\"elementor-widget-wrap elementor-element-populated\">\n\t\t\t\t\t\t<div class=\"elementor-element elementor-element-1e251fe6 elementor-widget elementor-widget-heading\" data-id=\"1e251fe6\" data-element_type=\"widget\" data-e-type=\"widget\" data-widget_type=\"heading.default\">\n\t\t\t\t<div class=\"elementor-widget-container\">\n\t\t\t\t\t<h1 class=\"elementor-heading-title elementor-size-default\">Acerca de AMS<\/h1>\t\t\t\t<\/div>\n\t\t\t\t<\/div>\n\t\t\t\t\t<\/div>\n\t\t<\/div>\n\t\t\t\t\t<\/div>\n\t\t<\/section>\n\t\t\t\t<section class=\"elementor-section elementor-top-section elementor-element elementor-element-a68b91f elementor-section-boxed elementor-section-height-default elementor-section-height-default\" data-id=\"a68b91f\" data-element_type=\"section\" data-e-type=\"section\">\n\t\t\t\t\t\t<div class=\"elementor-container elementor-column-gap-default\">\n\t\t\t\t\t<div class=\"elementor-column elementor-col-100 elementor-top-column elementor-element elementor-element-30efd8c\" data-id=\"30efd8c\" data-element_type=\"column\" data-e-type=\"column\">\n\t\t\t<div class=\"elementor-widget-wrap elementor-element-populated\">\n\t\t\t\t\t\t<div class=\"elementor-element elementor-element-62109b5 elementor-widget elementor-widget-heading\" data-id=\"62109b5\" data-element_type=\"widget\" data-e-type=\"widget\" data-widget_type=\"heading.default\">\n\t\t\t\t<div class=\"elementor-widget-container\">\n\t\t\t\t\t<h2 class=\"elementor-heading-title elementor-size-default\">\u00a1Hola y bienvenido!<\/h2>\t\t\t\t<\/div>\n\t\t\t\t<\/div>\n\t\t\t\t<div class=\"elementor-element elementor-element-401cdb3c elementor-widget elementor-widget-text-editor\" data-id=\"401cdb3c\" data-element_type=\"widget\" data-e-type=\"widget\" data-widget_type=\"text-editor.default\">\n\t\t\t\t<div class=\"elementor-widget-container\">\n\t\t\t\t\t\t\t\t\t<p>En esta \u00e1rea podr\u00e1 conocer m\u00e1s sobre nosotros y nuestra empresa. Conozca al director general Dr. Conozca a Frank Beck y a todo el equipo, lea sobre Dr. Ludwig, el padre de la terapia de campo magn\u00e9tico y vea videos cortos informativos.<\/p>\t\t\t\t\t\t\t\t<\/div>\n\t\t\t\t<\/div>\n\t\t\t\t\t<\/div>\n\t\t<\/div>\n\t\t\t\t\t<\/div>\n\t\t<\/section>\n\t\t\t\t<section class=\"elementor-section elementor-top-section elementor-element elementor-element-98c3102 elementor-section-boxed elementor-section-height-default elementor-section-height-default\" data-id=\"98c3102\" data-element_type=\"section\" data-e-type=\"section\">\n\t\t\t\t\t\t<div class=\"elementor-container elementor-column-gap-default\">\n\t\t\t\t\t<div class=\"elementor-column elementor-col-100 elementor-top-column elementor-element elementor-element-0748039\" data-id=\"0748039\" data-element_type=\"column\" data-e-type=\"column\">\n\t\t\t<div class=\"elementor-widget-wrap elementor-element-populated\">\n\t\t\t\t\t\t<div class=\"elementor-element elementor-element-5b2bf71 elementor-widget elementor-widget-heading\" data-id=\"5b2bf71\" data-element_type=\"widget\" data-e-type=\"widget\" data-widget_type=\"heading.default\">\n\t\t\t\t<div class=\"elementor-widget-container\">\n\t\t\t\t\t<h2 class=\"elementor-heading-title elementor-size-default\">Puede navegar por las siguientes categor\u00edas:<\/h2>\t\t\t\t<\/div>\n\t\t\t\t<\/div>\n\t\t\t\t<div class=\"elementor-element elementor-element-e02928d elementor-widget elementor-widget-text-editor\" data-id=\"e02928d\" data-element_type=\"widget\" data-e-type=\"widget\" data-widget_type=\"text-editor.default\">\n\t\t\t\t<div class=\"elementor-widget-container\">\n\t\t\t\t\t\t\t\t\t<ul><li><a href=\"https:\/\/www.ams-ag.de\/es\/via-ams\/quienes-somos\/\"><b>quienes somos<\/b><\/a><br \/>Aqu\u00ed encontrar\u00e1 informaci\u00f3n importante sobre AMS GmbH.<\/li><li><a href=\"https:\/\/www.ams-ag.de\/es\/via-ams\/dr-rer-nat-frank-beck\/\"><b>Dr. franco beck<\/b><\/a><br \/>Es el director general de AMS y tiene un pasado lleno de acontecimientos. Su camino lo llev\u00f3 desde momentos destacados del deporte y una exigente carrera en qu\u00edmica hasta el Dr. Ludwig y la terapia de campo magn\u00e9tico.<\/li><li><a href=\"https:\/\/www.ams-ag.de\/es\/via-ams\/soy-el-equipo\/\"><b>equipo AMS<\/b><\/a><br \/>El AMS est\u00e1 formado por un peque\u00f1o grupo de personas amables y trabajadoras, y tambi\u00e9n por algunos animales. Con\u00f3celos un poco mejor aqu\u00ed.<\/li><li><a href=\"https:\/\/www.ams-ag.de\/es\/via-ams\/dr-ludwig\/\"><b>AMS Dr. Ludwig<\/b><\/a><br \/>\u00bfQu\u00e9 ser\u00eda de la terapia con campos magn\u00e9ticos sin \u00e9l? No existir\u00eda, porque el Dr. rer. nat. W. Ludwig es su inventor y desarrollador. Como f\u00edsico, amaba el desaf\u00edo de la investigaci\u00f3n y el desarrollo. Lea m\u00e1s sobre este hombre \u00fanico en esta secci\u00f3n.<\/li><li><a href=\"https:\/\/www.ams-ag.de\/es\/via-ams\/retratos-de-peliculas-ams\/\"><b>Retratos cinematogr\u00e1ficos de AMS<\/b><\/a><br \/>Tambi\u00e9n hay algunas im\u00e1genes en movimiento sobre nosotros. Aqu\u00ed puede ver contribuciones de videos m\u00e1s antiguos y m\u00e1s nuevos de diferentes fuentes.<\/li><\/ul>\t\t\t\t\t\t\t\t<\/div>\n\t\t\t\t<\/div>\n\t\t\t\t\t<\/div>\n\t\t<\/div>\n\t\t\t\t\t<\/div>\n\t\t<\/section>\n\t\t\t\t<section class=\"elementor-section elementor-top-section elementor-element elementor-element-83a2f00 elementor-section-boxed elementor-section-height-default elementor-section-height-default\" data-id=\"83a2f00\" data-element_type=\"section\" data-e-type=\"section\" data-settings=\"{&quot;background_background&quot;:&quot;classic&quot;}\">\n\t\t\t\t\t\t<div class=\"elementor-container elementor-column-gap-default\">\n\t\t\t\t\t<div class=\"elementor-column elementor-col-100 elementor-top-column elementor-element elementor-element-8c1007c\" data-id=\"8c1007c\" data-element_type=\"column\" data-e-type=\"column\">\n\t\t\t<div class=\"elementor-widget-wrap elementor-element-populated\">\n\t\t\t\t\t\t<div class=\"elementor-element elementor-element-2bbae04 elementor-align-right elementor-mobile-align-center elementor-widget elementor-widget-button\" data-id=\"2bbae04\" data-element_type=\"widget\" data-e-type=\"widget\" data-widget_type=\"button.default\">\n\t\t\t\t<div class=\"elementor-widget-container\">\n\t\t\t\t\t\t\t\t\t<div class=\"elementor-button-wrapper\">\n\t\t\t\t\t<a class=\"elementor-button elementor-button-link elementor-size-sm\" href=\"https:\/\/www.ams-ag.de\/es\/ueber-ams\/wer-wir-sind\/\">\n\t\t\t\t\t\t<span class=\"elementor-button-content-wrapper\">\n\t\t\t\t\t\t<span class=\"elementor-button-icon\">\n\t\t\t\t<i aria-hidden=\"true\" class=\"fas fa-arrow-right\"><\/i>\t\t\t<\/span>\n\t\t\t\t\t\t\t\t\t<span class=\"elementor-button-text\">quienes somos<\/span>\n\t\t\t\t\t<\/span>\n\t\t\t\t\t<\/a>\n\t\t\t\t<\/div>\n\t\t\t\t\t\t\t\t<\/div>\n\t\t\t\t<\/div>\n\t\t\t\t\t<\/div>\n\t\t<\/div>\n\t\t\t\t\t<\/div>\n\t\t<\/section>\n\t\t\t\t<\/div>","protected":false},"excerpt":{"rendered":"<p>\u00dcber AMS Hallo und herzlich Willkommen! In diesem Bereich erfahren Sie mehr \u00fcber uns und unser Unternehmen. Lernen Sie den Gesch\u00e4ftsf\u00fchrer Dr. Frank Beck und das gesamte Team kennen, lesen [&hellip;]<\/p>\n","protected":false},"author":1,"featured_media":0,"parent":0,"menu_order":5,"comment_status":"closed","ping_status":"closed","template":"","meta":{"pmpro_default_level":"","footnotes":""},"class_list":["post-177","page","type-page","status-publish","hentry","pmpro-has-access"],"_links":{"self":[{"href":"https:\/\/www.ams-ag.de\/es\/wp-json\/wp\/v2\/pages\/177","targetHints":{"allow":["GET"]}}],"collection":[{"href":"https:\/\/www.ams-ag.de\/es\/wp-json\/wp\/v2\/pages"}],"about":[{"href":"https:\/\/www.ams-ag.de\/es\/wp-json\/wp\/v2\/types\/page"}],"author":[{"embeddable":true,"href":"https:\/\/www.ams-ag.de\/es\/wp-json\/wp\/v2\/users\/1"}],"replies":[{"embeddable":true,"href":"https:\/\/www.ams-ag.de\/es\/wp-json\/wp\/v2\/comments?post=177"}],"version-history":[{"count":6,"href":"https:\/\/www.ams-ag.de\/es\/wp-json\/wp\/v2\/pages\/177\/revisions"}],"predecessor-version":[{"id":15748,"href":"https:\/\/www.ams-ag.de\/es\/wp-json\/wp\/v2\/pages\/177\/revisions\/15748"}],"wp:attachment":[{"href":"https:\/\/www.ams-ag.de\/es\/wp-json\/wp\/v2\/media?parent=177"}],"curies":[{"name":"wp","href":"https:\/\/api.w.org\/{rel}","templated":true}]}}