{"id":1426,"date":"2023-05-01T13:17:50","date_gmt":"2023-05-01T11:17:50","guid":{"rendered":"http:\/\/www.ams-ag.de\/?page_id=1426"},"modified":"2024-05-16T20:02:30","modified_gmt":"2024-05-16T18:02:30","slug":"terapia-de-campo-magnetico-y-medicina-bioinformativa","status":"publish","type":"page","link":"https:\/\/www.ams-ag.de\/es\/grundlagen-magnetfeldtherapie\/magnetfeldtherapie-und-bioinformative-medizin\/","title":{"rendered":"Terapia de campos magn\u00e9ticos y medicina bioinformativa."},"content":{"rendered":"<div data-elementor-type=\"wp-page\" data-elementor-id=\"1426\" class=\"elementor elementor-1426\" data-elementor-post-type=\"page\">\n\t\t\t\t\t\t<section class=\"elementor-section elementor-top-section elementor-element elementor-element-cdce28a elementor-section-boxed elementor-section-height-default elementor-section-height-default\" data-id=\"cdce28a\" data-element_type=\"section\" data-e-type=\"section\" data-settings=\"{&quot;background_background&quot;:&quot;classic&quot;}\">\n\t\t\t\t\t\t<div class=\"elementor-container elementor-column-gap-default\">\n\t\t\t\t\t<div class=\"elementor-column elementor-col-50 elementor-top-column elementor-element elementor-element-181e548\" data-id=\"181e548\" data-element_type=\"column\" data-e-type=\"column\">\n\t\t\t<div class=\"elementor-widget-wrap elementor-element-populated\">\n\t\t\t\t\t\t<div class=\"elementor-element elementor-element-18bf617 elementor-widget elementor-widget-image\" data-id=\"18bf617\" data-element_type=\"widget\" data-e-type=\"widget\" data-widget_type=\"image.default\">\n\t\t\t\t<div class=\"elementor-widget-container\">\n\t\t\t\t\t\t\t\t\t\t\t\t\t\t\t<img fetchpriority=\"high\" decoding=\"async\" width=\"768\" height=\"512\" src=\"https:\/\/www.ams-ag.de\/wp-content\/uploads\/2024\/02\/pexels-susanne-jutzeler-sujufoto-1169084-768x512.jpg\" class=\"attachment-medium_large size-medium_large wp-image-14375\" alt=\"\" srcset=\"https:\/\/www.ams-ag.de\/wp-content\/uploads\/2024\/02\/pexels-susanne-jutzeler-sujufoto-1169084-768x512.jpg 768w, https:\/\/www.ams-ag.de\/wp-content\/uploads\/2024\/02\/pexels-susanne-jutzeler-sujufoto-1169084-300x200.jpg 300w, https:\/\/www.ams-ag.de\/wp-content\/uploads\/2024\/02\/pexels-susanne-jutzeler-sujufoto-1169084-1536x1024.jpg 1536w, https:\/\/www.ams-ag.de\/wp-content\/uploads\/2024\/02\/pexels-susanne-jutzeler-sujufoto-1169084-18x12.jpg 18w, https:\/\/www.ams-ag.de\/wp-content\/uploads\/2024\/02\/pexels-susanne-jutzeler-sujufoto-1169084.jpg 1920w\" sizes=\"(max-width: 768px) 100vw, 768px\" \/>\t\t\t\t\t\t\t\t\t\t\t\t\t\t\t<\/div>\n\t\t\t\t<\/div>\n\t\t\t\t\t<\/div>\n\t\t<\/div>\n\t\t\t\t<div class=\"elementor-column elementor-col-50 elementor-top-column elementor-element elementor-element-c9d3ccb\" data-id=\"c9d3ccb\" data-element_type=\"column\" data-e-type=\"column\">\n\t\t\t<div class=\"elementor-widget-wrap elementor-element-populated\">\n\t\t\t\t\t\t<div class=\"elementor-element elementor-element-3578d0ff elementor-widget elementor-widget-heading\" data-id=\"3578d0ff\" data-element_type=\"widget\" data-e-type=\"widget\" data-widget_type=\"heading.default\">\n\t\t\t\t<div class=\"elementor-widget-container\">\n\t\t\t\t\t<h1 class=\"elementor-heading-title elementor-size-default\">Terapia de campos magn\u00e9ticos y medicina bioinformativa.<\/h1>\t\t\t\t<\/div>\n\t\t\t\t<\/div>\n\t\t\t\t\t<\/div>\n\t\t<\/div>\n\t\t\t\t\t<\/div>\n\t\t<\/section>\n\t\t\t\t<section class=\"elementor-section elementor-top-section elementor-element elementor-element-5387abd elementor-section-boxed elementor-section-height-default elementor-section-height-default\" data-id=\"5387abd\" data-element_type=\"section\" data-e-type=\"section\">\n\t\t\t\t\t\t<div class=\"elementor-container elementor-column-gap-default\">\n\t\t\t\t\t<div class=\"elementor-column elementor-col-100 elementor-top-column elementor-element elementor-element-4e2cbe2\" data-id=\"4e2cbe2\" data-element_type=\"column\" data-e-type=\"column\">\n\t\t\t<div class=\"elementor-widget-wrap elementor-element-populated\">\n\t\t\t\t\t\t<div class=\"elementor-element elementor-element-d115451 elementor-widget elementor-widget-heading\" data-id=\"d115451\" data-element_type=\"widget\" data-e-type=\"widget\" data-widget_type=\"heading.default\">\n\t\t\t\t<div class=\"elementor-widget-container\">\n\t\t\t\t\t<h2 class=\"elementor-heading-title elementor-size-default\">Terapia de campo magn\u00e9tico: \u00bfpara qu\u00e9?<\/h2>\t\t\t\t<\/div>\n\t\t\t\t<\/div>\n\t\t\t\t<div class=\"elementor-element elementor-element-58da6699 elementor-widget elementor-widget-text-editor\" data-id=\"58da6699\" data-element_type=\"widget\" data-e-type=\"widget\" data-widget_type=\"text-editor.default\">\n\t\t\t\t<div class=\"elementor-widget-container\">\n\t\t\t\t\t\t\t\t\t<p><b>\u00bfQu\u00e9 se entiende por terapia de campos magn\u00e9ticos\/medicina bioinformativa?<\/b><\/p><p>La terapia con campos magn\u00e9ticos es adecuada para ayudar al cuerpo a regularse. As\u00ed que no se trata de curar una enfermedad espec\u00edfica (no queremos ni podemos afirmar eso), sino que nuestros dispositivos generan vibraciones bioenerg\u00e9ticas que estimulan los procesos de autorregulaci\u00f3n.<\/p><p>Para ello, los dispositivos generan un campo electromagn\u00e9tico que se transmite al cuerpo. La aplicaci\u00f3n es muy sencilla: dependiendo del dispositivo, se coloca el aplicador conectado o el propio dispositivo sobre o junto al cuerpo. El campo electromagn\u00e9tico penetra la ropa e inunda cada c\u00e9lula.<\/p><p>Se pueden utilizar diferentes frecuencias. Por ejemplo, la intenci\u00f3n de una aplicaci\u00f3n puede ser estimulante, calmante o \u00fatil para la sensibilidad al electrosmog. Hay muchas otras aplicaciones posibles; como ya se ha descrito, se trata de ayudar al cuerpo a regularse.<\/p><p>Nuestros peque\u00f1os dispositivos tienen frecuencias preestablecidas que se pueden utilizar y seleccionar seg\u00fan la situaci\u00f3n. Los dispositivos grandes no tienen preselecci\u00f3n de programa, sino que ofrecen la posibilidad de configurar diferentes frecuencias dentro de un determinado ancho de banda.<\/p><p>Encontrar\u00e1s la informaci\u00f3n espec\u00edfica en los apartados correspondientes de los respectivos productos.<\/p>\t\t\t\t\t\t\t\t<\/div>\n\t\t\t\t<\/div>\n\t\t\t\t\t<\/div>\n\t\t<\/div>\n\t\t\t\t\t<\/div>\n\t\t<\/section>\n\t\t\t\t<section class=\"elementor-section elementor-top-section elementor-element elementor-element-68677c8 elementor-section-boxed elementor-section-height-default elementor-section-height-default\" data-id=\"68677c8\" data-element_type=\"section\" data-e-type=\"section\">\n\t\t\t\t\t\t<div class=\"elementor-container elementor-column-gap-default\">\n\t\t\t\t\t<div class=\"elementor-column elementor-col-100 elementor-top-column elementor-element elementor-element-ac7f362\" data-id=\"ac7f362\" data-element_type=\"column\" data-e-type=\"column\">\n\t\t\t<div class=\"elementor-widget-wrap elementor-element-populated\">\n\t\t\t\t\t\t<div class=\"elementor-element elementor-element-7a3f7ce elementor-widget elementor-widget-heading\" data-id=\"7a3f7ce\" data-element_type=\"widget\" data-e-type=\"widget\" data-widget_type=\"heading.default\">\n\t\t\t\t<div class=\"elementor-widget-container\">\n\t\t\t\t\t<h2 class=\"elementor-heading-title elementor-size-default\">Campos electromagn\u00e9ticos alternos<\/h2>\t\t\t\t<\/div>\n\t\t\t\t<\/div>\n\t\t\t\t<div class=\"elementor-element elementor-element-c55d7f2 elementor-widget elementor-widget-text-editor\" data-id=\"c55d7f2\" data-element_type=\"widget\" data-e-type=\"widget\" data-widget_type=\"text-editor.default\">\n\t\t\t\t<div class=\"elementor-widget-container\">\n\t\t\t\t\t\t\t\t\t<p>La comunicaci\u00f3n en nuestro cuerpo se produce mediante campos electromagn\u00e9ticos alternos. La biof\u00edsica los llama biofotones. Funcionan como una red de informaci\u00f3n inal\u00e1mbrica que controla todas las actividades celulares y promueve la base para la autorregulaci\u00f3n bioenerg\u00e9tica. La transmisi\u00f3n de informaci\u00f3n intra y extracelular se produce mediante efectos de resonancia biol\u00f3gica.<\/p><p>Los biofotones o campos electromagn\u00e9ticos alternos son los acoplamientos m\u00e1s elementales que se producen en el organismo. Controlan todas las actividades celulares mediante efectos de resonancia biol\u00f3gica y forman la base de la autorregulaci\u00f3n bioenerg\u00e9tica.<\/p><p>Los dispositivos de terapia de campo magn\u00e9tico desarrollados por Dr. W. Ludwig generan campos electromagn\u00e9ticos alternos que crean efectos de resonancia biol\u00f3gica y, por lo tanto, pueden estimular bioenerg\u00e9ticamente procesos regulatorios y activar poderes de autocuraci\u00f3n. Los dispositivos funcionan sobre la base de campos electromagn\u00e9ticos d\u00e9biles y que cambian r\u00e1pidamente en el rango de baja y alta frecuencia (en arm\u00f3nicos hasta 10 MHz).<\/p>\t\t\t\t\t\t\t\t<\/div>\n\t\t\t\t<\/div>\n\t\t\t\t\t<\/div>\n\t\t<\/div>\n\t\t\t\t\t<\/div>\n\t\t<\/section>\n\t\t\t\t<section class=\"elementor-section elementor-top-section elementor-element elementor-element-b0c4549 elementor-section-boxed elementor-section-height-default elementor-section-height-default\" data-id=\"b0c4549\" data-element_type=\"section\" data-e-type=\"section\">\n\t\t\t\t\t\t<div class=\"elementor-container elementor-column-gap-default\">\n\t\t\t\t\t<div class=\"elementor-column elementor-col-100 elementor-top-column elementor-element elementor-element-57d96ec\" data-id=\"57d96ec\" data-element_type=\"column\" data-e-type=\"column\">\n\t\t\t<div class=\"elementor-widget-wrap elementor-element-populated\">\n\t\t\t\t\t\t<div class=\"elementor-element elementor-element-eefc975 elementor-widget elementor-widget-heading\" data-id=\"eefc975\" data-element_type=\"widget\" data-e-type=\"widget\" data-widget_type=\"heading.default\">\n\t\t\t\t<div class=\"elementor-widget-container\">\n\t\t\t\t\t<h2 class=\"elementor-heading-title elementor-size-default\">\u00bfPor qu\u00e9 un dispositivo de Dr. Ludwig?<\/h2>\t\t\t\t<\/div>\n\t\t\t\t<\/div>\n\t\t\t\t<div class=\"elementor-element elementor-element-30efbcf elementor-widget elementor-widget-text-editor\" data-id=\"30efbcf\" data-element_type=\"widget\" data-e-type=\"widget\" data-widget_type=\"text-editor.default\">\n\t\t\t\t<div class=\"elementor-widget-container\">\n\t\t\t\t\t\t\t\t\t<p><b>\u00bfQu\u00e9 tienen de especial los dispositivos AMS del Dr. Ludwig?<\/b><br \/>Dr. Ludwig era importante desarrollar dispositivos que generaran un campo electromagn\u00e9tico pulsante artificial que fuera lo m\u00e1s similar posible al campo natural del medio ambiente. Quer\u00eda asegurarse de que al cuerpo le resultara f\u00e1cil comprender estas se\u00f1ales.<\/p><p>Por eso examin\u00f3 minuciosamente nuestro entorno con los campos naturales que nos rodean y dise\u00f1\u00f3 sus dispositivos de campo magn\u00e9tico de tal manera que estas frecuencias naturales se reproduzcan con la mayor precisi\u00f3n posible.<\/p><p>Incluso hoy en d\u00eda, todos nuestros dispositivos se construyen seg\u00fan las especificaciones del Dr. Ludwig y, por lo tanto, generan campos electromagn\u00e9ticos en diferentes frecuencias que el cuerpo puede comprender con especial facilidad.<\/p><p>Lea a continuaci\u00f3n en qu\u00e9 prest\u00f3 especial atenci\u00f3n Dr. Ludwig al desarrollar sus dispositivos y c\u00f3mo incorpor\u00f3 sus amplios conocimientos al desarrollo de los mismos.<\/p>\t\t\t\t\t\t\t\t<\/div>\n\t\t\t\t<\/div>\n\t\t\t\t\t<\/div>\n\t\t<\/div>\n\t\t\t\t\t<\/div>\n\t\t<\/section>\n\t\t\t\t<section class=\"elementor-section elementor-top-section elementor-element elementor-element-4851977 elementor-section-boxed elementor-section-height-default elementor-section-height-default\" data-id=\"4851977\" data-element_type=\"section\" data-e-type=\"section\">\n\t\t\t\t\t\t<div class=\"elementor-container elementor-column-gap-default\">\n\t\t\t\t\t<div class=\"elementor-column elementor-col-100 elementor-top-column elementor-element elementor-element-919a965\" data-id=\"919a965\" data-element_type=\"column\" data-e-type=\"column\">\n\t\t\t<div class=\"elementor-widget-wrap elementor-element-populated\">\n\t\t\t\t\t\t<div class=\"elementor-element elementor-element-be0251a elementor-widget elementor-widget-heading\" data-id=\"be0251a\" data-element_type=\"widget\" data-e-type=\"widget\" data-widget_type=\"heading.default\">\n\t\t\t\t<div class=\"elementor-widget-container\">\n\t\t\t\t\t<h2 class=\"elementor-heading-title elementor-size-default\">Campos magn\u00e9ticos pulsantes<\/h2>\t\t\t\t<\/div>\n\t\t\t\t<\/div>\n\t\t\t\t<div class=\"elementor-element elementor-element-cb3413c elementor-widget elementor-widget-text-editor\" data-id=\"cb3413c\" data-element_type=\"widget\" data-e-type=\"widget\" data-widget_type=\"text-editor.default\">\n\t\t\t\t<div class=\"elementor-widget-container\">\n\t\t\t\t\t\t\t\t\t<p><b>Los campos magn\u00e9ticos pulsantes tienen ciertas propiedades que podemos aprovechar. Puede obtener m\u00e1s informaci\u00f3n sobre esto en los siguientes elementos del men\u00fa:<\/b><\/p><ul><li>Una peque\u00f1a excursi\u00f3n a la f\u00edsica, para conocer algunos conceptos b\u00e1sicos sobre los campos electromagn\u00e9ticos:<br \/><a class=\"internal-link\" title=\"Abre enlace interno en la ventana actual\" href=\"https:\/\/www.ams-ag.de\/es\/fisica\/\"><b>f\u00edsica<\/b>.<\/a><\/li><li>Se\u00f1ales fisiol\u00f3gicas ambientales: Schumann, geoim\u00e1n y frecuencias solares - se\u00f1ales que nos rodean naturalmente:<br \/><a class=\"internal-link\" title=\"Abre enlace interno en la ventana actual\" href=\"https:\/\/www.ams-ag.de\/es\/senales-ambientales\/\"><b>Se\u00f1ales ambientales<\/b>.<\/a><\/li><li>Caracter\u00edsticas de calidad de los dispositivos de campo magn\u00e9tico fisiol\u00f3gicamente eficaces: \u00bfqu\u00e9 criterios deben cumplir los dispositivos en cuanto a la intensidad del campo magn\u00e9tico y la forma del pulso para poder desarrollar su efecto completo?<br \/><a class=\"internal-link\" title=\"Abre enlace interno en la ventana actual\" href=\"https:\/\/www.ams-ag.de\/es\/caracteristicas-de-calidad\/\"><b>Caracter\u00edsticas de calidad<\/b><\/a><\/li><li><a class=\"internal-link\" title=\"Abre enlace interno en la ventana actual\" href=\"https:\/\/www.ams-ag.de\/es\/frecuencias-y-posibles-aplicaciones\/\"><b>Frecuencias y posibles aplicaciones.<\/b><\/a> \u2013 \u00bfQu\u00e9 frecuencias son adecuadas para su uso?<\/li><li><a class=\"internal-link\" title=\"Abre enlace interno en la ventana actual\" href=\"https:\/\/www.ams-ag.de\/es\/transferencia-de-sustrato\/\"><b>Transferencia de sustrato<\/b><\/a> \u2013 Utilizaci\u00f3n del campo magn\u00e9tico pulsante como carril de transporte para la transmisi\u00f3n de informaci\u00f3n.<\/li><\/ul>\t\t\t\t\t\t\t\t<\/div>\n\t\t\t\t<\/div>\n\t\t\t\t\t<\/div>\n\t\t<\/div>\n\t\t\t\t\t<\/div>\n\t\t<\/section>\n\t\t\t\t<section class=\"elementor-section elementor-top-section elementor-element elementor-element-141228c elementor-section-boxed elementor-section-height-default elementor-section-height-default\" data-id=\"141228c\" data-element_type=\"section\" data-e-type=\"section\" data-settings=\"{&quot;background_background&quot;:&quot;classic&quot;}\">\n\t\t\t\t\t\t<div class=\"elementor-container elementor-column-gap-default\">\n\t\t\t\t\t<div class=\"elementor-column elementor-col-100 elementor-top-column elementor-element elementor-element-585427f\" data-id=\"585427f\" data-element_type=\"column\" data-e-type=\"column\">\n\t\t\t<div class=\"elementor-widget-wrap elementor-element-populated\">\n\t\t\t\t\t\t<div class=\"elementor-element elementor-element-5653943 elementor-align-right elementor-mobile-align-center elementor-widget elementor-widget-button\" data-id=\"5653943\" data-element_type=\"widget\" data-e-type=\"widget\" data-widget_type=\"button.default\">\n\t\t\t\t<div class=\"elementor-widget-container\">\n\t\t\t\t\t\t\t\t\t<div class=\"elementor-button-wrapper\">\n\t\t\t\t\t<a class=\"elementor-button elementor-button-link elementor-size-sm\" href=\"https:\/\/www.ams-ag.de\/es\/grundlagen-magnetfeldtherapie\/magnetfeldtherapie-und-bioinformative-medizin\/physik\/\">\n\t\t\t\t\t\t<span class=\"elementor-button-content-wrapper\">\n\t\t\t\t\t\t<span class=\"elementor-button-icon\">\n\t\t\t\t<i aria-hidden=\"true\" class=\"fas fa-arrow-right\"><\/i>\t\t\t<\/span>\n\t\t\t\t\t\t\t\t\t<span class=\"elementor-button-text\">f\u00edsica<\/span>\n\t\t\t\t\t<\/span>\n\t\t\t\t\t<\/a>\n\t\t\t\t<\/div>\n\t\t\t\t\t\t\t\t<\/div>\n\t\t\t\t<\/div>\n\t\t\t\t\t<\/div>\n\t\t<\/div>\n\t\t\t\t\t<\/div>\n\t\t<\/section>\n\t\t\t\t<\/div>","protected":false},"excerpt":{"rendered":"<p>Magnetfeldtherapie und Bioinformative Medizin Magnetfeldtherapie &#8211; wof\u00fcr? Was versteht man unter der Magnetfeldtherapie \/ Bioinformativer Medizin Die Magnetfeldtherapie ist daf\u00fcr geeignet, dem K\u00f6rper zur Regulation zu verhelfen. Es geht also [&hellip;]<\/p>\n","protected":false},"author":1,"featured_media":0,"parent":1499,"menu_order":1,"comment_status":"closed","ping_status":"closed","template":"","meta":{"pmpro_default_level":"","footnotes":""},"class_list":["post-1426","page","type-page","status-publish","hentry","pmpro-has-access"],"_links":{"self":[{"href":"https:\/\/www.ams-ag.de\/es\/wp-json\/wp\/v2\/pages\/1426","targetHints":{"allow":["GET"]}}],"collection":[{"href":"https:\/\/www.ams-ag.de\/es\/wp-json\/wp\/v2\/pages"}],"about":[{"href":"https:\/\/www.ams-ag.de\/es\/wp-json\/wp\/v2\/types\/page"}],"author":[{"embeddable":true,"href":"https:\/\/www.ams-ag.de\/es\/wp-json\/wp\/v2\/users\/1"}],"replies":[{"embeddable":true,"href":"https:\/\/www.ams-ag.de\/es\/wp-json\/wp\/v2\/comments?post=1426"}],"version-history":[{"count":24,"href":"https:\/\/www.ams-ag.de\/es\/wp-json\/wp\/v2\/pages\/1426\/revisions"}],"predecessor-version":[{"id":17513,"href":"https:\/\/www.ams-ag.de\/es\/wp-json\/wp\/v2\/pages\/1426\/revisions\/17513"}],"up":[{"embeddable":true,"href":"https:\/\/www.ams-ag.de\/es\/wp-json\/wp\/v2\/pages\/1499"}],"wp:attachment":[{"href":"https:\/\/www.ams-ag.de\/es\/wp-json\/wp\/v2\/media?parent=1426"}],"curies":[{"name":"wp","href":"https:\/\/api.w.org\/{rel}","templated":true}]}}