{"id":1411,"date":"2023-05-01T13:13:20","date_gmt":"2023-05-01T11:13:20","guid":{"rendered":"http:\/\/www.ams-ag.de\/?page_id=1411"},"modified":"2024-04-28T21:32:49","modified_gmt":"2024-04-28T19:32:49","slug":"quienes-somos","status":"publish","type":"page","link":"https:\/\/www.ams-ag.de\/es\/ueber-ams\/wer-wir-sind\/","title":{"rendered":"quienes somos"},"content":{"rendered":"<div data-elementor-type=\"wp-page\" data-elementor-id=\"1411\" class=\"elementor elementor-1411\" data-elementor-post-type=\"page\">\n\t\t\t\t\t\t<section class=\"elementor-section elementor-top-section elementor-element elementor-element-9d61625 elementor-section-boxed elementor-section-height-default elementor-section-height-default\" data-id=\"9d61625\" data-element_type=\"section\" data-e-type=\"section\" data-settings=\"{&quot;background_background&quot;:&quot;classic&quot;}\">\n\t\t\t\t\t\t<div class=\"elementor-container elementor-column-gap-default\">\n\t\t\t\t\t<div class=\"elementor-column elementor-col-50 elementor-top-column elementor-element elementor-element-7a0cec6\" data-id=\"7a0cec6\" data-element_type=\"column\" data-e-type=\"column\">\n\t\t\t<div class=\"elementor-widget-wrap elementor-element-populated\">\n\t\t\t\t\t\t<div class=\"elementor-element elementor-element-a315795 elementor-widget elementor-widget-image\" data-id=\"a315795\" data-element_type=\"widget\" data-e-type=\"widget\" data-widget_type=\"image.default\">\n\t\t\t\t<div class=\"elementor-widget-container\">\n\t\t\t\t\t\t\t\t\t\t\t\t\t\t\t<img fetchpriority=\"high\" decoding=\"async\" width=\"760\" height=\"760\" src=\"https:\/\/www.ams-ag.de\/wp-content\/uploads\/2024\/01\/ams-team.jpg\" class=\"attachment-medium_large size-medium_large wp-image-14195\" alt=\"\" srcset=\"https:\/\/www.ams-ag.de\/wp-content\/uploads\/2024\/01\/ams-team.jpg 760w, https:\/\/www.ams-ag.de\/wp-content\/uploads\/2024\/01\/ams-team-300x300.jpg 300w, https:\/\/www.ams-ag.de\/wp-content\/uploads\/2024\/01\/ams-team-150x150.jpg 150w, https:\/\/www.ams-ag.de\/wp-content\/uploads\/2024\/01\/ams-team-12x12.jpg 12w\" sizes=\"(max-width: 760px) 100vw, 760px\" \/>\t\t\t\t\t\t\t\t\t\t\t\t\t\t\t<\/div>\n\t\t\t\t<\/div>\n\t\t\t\t\t<\/div>\n\t\t<\/div>\n\t\t\t\t<div class=\"elementor-column elementor-col-50 elementor-top-column elementor-element elementor-element-5a4ae40\" data-id=\"5a4ae40\" data-element_type=\"column\" data-e-type=\"column\">\n\t\t\t<div class=\"elementor-widget-wrap elementor-element-populated\">\n\t\t\t\t\t\t<div class=\"elementor-element elementor-element-02d87ea elementor-widget elementor-widget-heading\" data-id=\"02d87ea\" data-element_type=\"widget\" data-e-type=\"widget\" data-widget_type=\"heading.default\">\n\t\t\t\t<div class=\"elementor-widget-container\">\n\t\t\t\t\t<div class=\"elementor-heading-title elementor-size-default\">quienes somos<\/div>\t\t\t\t<\/div>\n\t\t\t\t<\/div>\n\t\t\t\t<div class=\"elementor-element elementor-element-903de9b elementor-widget elementor-widget-heading\" data-id=\"903de9b\" data-element_type=\"widget\" data-e-type=\"widget\" data-widget_type=\"heading.default\">\n\t\t\t\t<div class=\"elementor-widget-container\">\n\t\t\t\t\t<h1 class=\"elementor-heading-title elementor-size-default\">AMS GmbH - Sistemas m\u00e9dicos avanzados<\/h1>\t\t\t\t<\/div>\n\t\t\t\t<\/div>\n\t\t\t\t<div class=\"elementor-element elementor-element-18a35dd elementor-widget elementor-widget-text-editor\" data-id=\"18a35dd\" data-element_type=\"widget\" data-e-type=\"widget\" data-widget_type=\"text-editor.default\">\n\t\t\t\t<div class=\"elementor-widget-container\">\n\t\t\t\t\t\t\t\t\tAMS GmbH tiene su sede en Weikersheim, en el hermoso Taubertal de Baden-W\u00fcrttemberg, a unos 10 km al este de Bad Mergentheim y a 40 km al sur de W\u00fcrzburg.\t\t\t\t\t\t\t\t<\/div>\n\t\t\t\t<\/div>\n\t\t\t\t\t<\/div>\n\t\t<\/div>\n\t\t\t\t\t<\/div>\n\t\t<\/section>\n\t\t\t\t<section class=\"elementor-section elementor-top-section elementor-element elementor-element-7f90dfa elementor-section-boxed elementor-section-height-default elementor-section-height-default\" data-id=\"7f90dfa\" data-element_type=\"section\" data-e-type=\"section\">\n\t\t\t\t\t\t<div class=\"elementor-container elementor-column-gap-default\">\n\t\t\t\t\t<div class=\"elementor-column elementor-col-100 elementor-top-column elementor-element elementor-element-98e3270\" data-id=\"98e3270\" data-element_type=\"column\" data-e-type=\"column\">\n\t\t\t<div class=\"elementor-widget-wrap elementor-element-populated\">\n\t\t\t\t\t\t<div class=\"elementor-element elementor-element-5ed91fc1 elementor-widget elementor-widget-text-editor\" data-id=\"5ed91fc1\" data-element_type=\"widget\" data-e-type=\"widget\" data-widget_type=\"text-editor.default\">\n\t\t\t\t<div class=\"elementor-widget-container\">\n\t\t\t\t\t\t\t\t\t<p>Nuestra empresa se dedica a la investigaci\u00f3n y el desarrollo, as\u00ed como a la producci\u00f3n y distribuci\u00f3n de tecnolog\u00eda m\u00e9dica bioenerg\u00e9tica.<\/p><p><b>La amplia gama de productos incluye<\/b><\/p><ul><li>Dispositivos de terapia de campo magn\u00e9tico.<\/li><li>Sistemas de biorresonancia<\/li><li>Dispositivos de luz de colores y l\u00e1ser combinados con un campo magn\u00e9tico pulsante.<\/li><li>Tratamiento de agua mediante \u00f3smosis inversa con energizaci\u00f3n simult\u00e1nea<\/li><li>Dispositivos para el almacenamiento\/transmisi\u00f3n digital de bioinformaci\u00f3n para pruebas y uso en humanos y animales.<\/li><\/ul><p>Nuestra gama de productos incluye tanto dispositivos peque\u00f1os y port\u00e1tiles para uso privado\/tratamiento dom\u00e9stico como dispositivos grandes y de pr\u00e1ctica para terapeutas en las \u00e1reas de medicina humana y veterinaria.<\/p><p>Tenemos relaciones con clientes en m\u00e1s de 65 pa\u00edses.<\/p><p>Nuestros dispositivos se fabrican en Alemania y algunos llevan m\u00e1s de 40 a\u00f1os en el mercado.<\/p><p>El trabajo de investigaci\u00f3n y desarrollo necesario se lleva a cabo en el Instituto de Biof\u00edsica, que AMS GmbH adquiri\u00f3 en 1998 de la mano de Dr. rer. nat. W. Ludwig, un biof\u00edsico de renombre mundial.<\/p><p>Gracias a los resultados de la investigaci\u00f3n del Dr. Ludwig, el &quot;padre de la terapia de campo magn\u00e9tico&quot;, AMS no s\u00f3lo tiene una ventaja tecnol\u00f3gica sobre sus competidores en el mercado, sino que tambi\u00e9n tiene derechos sobre conocimientos tecnol\u00f3gicos \u00fanicos en el mundo que ya existen. Durante m\u00e1s de 30 a\u00f1os, el Dr. Ludwig ha realizado un intenso y extenso trabajo de investigaci\u00f3n y desarrollo.<\/p><p><b>AMS GmbH \u2013 Sistemas m\u00e9dicos avanzados<br \/>Hauptstra\u00dfe 26<br \/>97990 Weikersheim<\/b><\/p>\t\t\t\t\t\t\t\t<\/div>\n\t\t\t\t<\/div>\n\t\t\t\t<div class=\"elementor-element elementor-element-35b13e1 elementor-widget elementor-widget-google_maps\" data-id=\"35b13e1\" data-element_type=\"widget\" data-e-type=\"widget\" data-widget_type=\"google_maps.default\">\n\t\t\t\t<div class=\"elementor-widget-container\">\n\t\t\t\t\t\t\t<div class=\"elementor-custom-embed\">\n\t\t\t<iframe loading=\"lazy\"\n\t\t\t\t\tsrc=\"https:\/\/maps.google.com\/maps?q=ams%20gmbh%20weikersheim&#038;t=m&#038;z=10&#038;output=embed&#038;iwloc=near\"\n\t\t\t\t\ttitle=\"ams gmbh weikersheim\"\n\t\t\t\t\taria-label=\"ams gmbh weikersheim\"\n\t\t\t><\/iframe>\n\t\t<\/div>\n\t\t\t\t\t\t<\/div>\n\t\t\t\t<\/div>\n\t\t\t\t\t<\/div>\n\t\t<\/div>\n\t\t\t\t\t<\/div>\n\t\t<\/section>\n\t\t\t\t<section class=\"elementor-section elementor-top-section elementor-element elementor-element-a393b52 elementor-section-boxed elementor-section-height-default elementor-section-height-default\" data-id=\"a393b52\" data-element_type=\"section\" data-e-type=\"section\" data-settings=\"{&quot;background_background&quot;:&quot;classic&quot;}\">\n\t\t\t\t\t\t<div class=\"elementor-container elementor-column-gap-default\">\n\t\t\t\t\t<div class=\"elementor-column elementor-col-100 elementor-top-column elementor-element elementor-element-d6769f8\" data-id=\"d6769f8\" data-element_type=\"column\" data-e-type=\"column\">\n\t\t\t<div class=\"elementor-widget-wrap elementor-element-populated\">\n\t\t\t\t\t\t<div class=\"elementor-element elementor-element-b08bc18 elementor-align-right elementor-mobile-align-center elementor-widget elementor-widget-button\" data-id=\"b08bc18\" data-element_type=\"widget\" data-e-type=\"widget\" data-widget_type=\"button.default\">\n\t\t\t\t<div class=\"elementor-widget-container\">\n\t\t\t\t\t\t\t\t\t<div class=\"elementor-button-wrapper\">\n\t\t\t\t\t<a class=\"elementor-button elementor-button-link elementor-size-sm\" href=\"https:\/\/www.ams-ag.de\/es\/ueber-ams\/dr-rer-nat-frank-beck\/\">\n\t\t\t\t\t\t<span class=\"elementor-button-content-wrapper\">\n\t\t\t\t\t\t<span class=\"elementor-button-icon\">\n\t\t\t\t<i aria-hidden=\"true\" class=\"fas fa-arrow-right\"><\/i>\t\t\t<\/span>\n\t\t\t\t\t\t\t\t\t<span class=\"elementor-button-text\">Dr. rer. nat. Frank Beck<\/span>\n\t\t\t\t\t<\/span>\n\t\t\t\t\t<\/a>\n\t\t\t\t<\/div>\n\t\t\t\t\t\t\t\t<\/div>\n\t\t\t\t<\/div>\n\t\t\t\t\t<\/div>\n\t\t<\/div>\n\t\t\t\t\t<\/div>\n\t\t<\/section>\n\t\t\t\t<\/div>","protected":false},"excerpt":{"rendered":"<p>Wer wir sind Die AMS GmbH &#8211; Advanced Medical Systems Die AMS GmbH ist ans\u00e4ssig in Weikersheim im sch\u00f6nen Taubertal in Baden-W\u00fcrttemberg, etwa 10 km \u00f6stlich von Bad Mergentheim und [&hellip;]<\/p>\n","protected":false},"author":1,"featured_media":0,"parent":177,"menu_order":1,"comment_status":"closed","ping_status":"closed","template":"","meta":{"pmpro_default_level":"","footnotes":""},"class_list":["post-1411","page","type-page","status-publish","hentry","pmpro-has-access"],"_links":{"self":[{"href":"https:\/\/www.ams-ag.de\/es\/wp-json\/wp\/v2\/pages\/1411","targetHints":{"allow":["GET"]}}],"collection":[{"href":"https:\/\/www.ams-ag.de\/es\/wp-json\/wp\/v2\/pages"}],"about":[{"href":"https:\/\/www.ams-ag.de\/es\/wp-json\/wp\/v2\/types\/page"}],"author":[{"embeddable":true,"href":"https:\/\/www.ams-ag.de\/es\/wp-json\/wp\/v2\/users\/1"}],"replies":[{"embeddable":true,"href":"https:\/\/www.ams-ag.de\/es\/wp-json\/wp\/v2\/comments?post=1411"}],"version-history":[{"count":6,"href":"https:\/\/www.ams-ag.de\/es\/wp-json\/wp\/v2\/pages\/1411\/revisions"}],"predecessor-version":[{"id":15754,"href":"https:\/\/www.ams-ag.de\/es\/wp-json\/wp\/v2\/pages\/1411\/revisions\/15754"}],"up":[{"embeddable":true,"href":"https:\/\/www.ams-ag.de\/es\/wp-json\/wp\/v2\/pages\/177"}],"wp:attachment":[{"href":"https:\/\/www.ams-ag.de\/es\/wp-json\/wp\/v2\/media?parent=1411"}],"curies":[{"name":"wp","href":"https:\/\/api.w.org\/{rel}","templated":true}]}}