{"id":1400,"date":"2023-05-01T13:09:21","date_gmt":"2023-05-01T11:09:21","guid":{"rendered":"http:\/\/www.ams-ag.de\/?page_id=1400"},"modified":"2024-05-07T16:31:27","modified_gmt":"2024-05-07T14:31:27","slug":"simbolo-de-flecha","status":"publish","type":"page","link":"https:\/\/www.ams-ag.de\/es\/grundlagen-magnetfeldtherapie\/pfeilsymbol\/","title":{"rendered":"S\u00edmbolo de flecha"},"content":{"rendered":"<div data-elementor-type=\"wp-page\" data-elementor-id=\"1400\" class=\"elementor elementor-1400\" data-elementor-post-type=\"page\">\n\t\t\t\t\t\t<section class=\"elementor-section elementor-top-section elementor-element elementor-element-dd69c20 elementor-section-boxed elementor-section-height-default elementor-section-height-default\" data-id=\"dd69c20\" data-element_type=\"section\" data-e-type=\"section\">\n\t\t\t\t\t\t<div class=\"elementor-container elementor-column-gap-default\">\n\t\t\t\t\t<div class=\"elementor-column elementor-col-100 elementor-top-column elementor-element elementor-element-cc12421\" data-id=\"cc12421\" data-element_type=\"column\" data-e-type=\"column\">\n\t\t\t<div class=\"elementor-widget-wrap elementor-element-populated\">\n\t\t\t\t\t\t<div class=\"elementor-element elementor-element-44754997 elementor-widget elementor-widget-heading\" data-id=\"44754997\" data-element_type=\"widget\" data-e-type=\"widget\" data-widget_type=\"heading.default\">\n\t\t\t\t<div class=\"elementor-widget-container\">\n\t\t\t\t\t<h1 class=\"elementor-heading-title elementor-size-default\">El s\u00edmbolo de la flecha<\/h1>\t\t\t\t<\/div>\n\t\t\t\t<\/div>\n\t\t\t\t\t<\/div>\n\t\t<\/div>\n\t\t\t\t\t<\/div>\n\t\t<\/section>\n\t\t\t\t<section class=\"elementor-section elementor-top-section elementor-element elementor-element-db092ed elementor-section-boxed elementor-section-height-default elementor-section-height-default\" data-id=\"db092ed\" data-element_type=\"section\" data-e-type=\"section\">\n\t\t\t\t\t\t<div class=\"elementor-container elementor-column-gap-default\">\n\t\t\t\t\t<div class=\"elementor-column elementor-col-100 elementor-top-column elementor-element elementor-element-c4a6401\" data-id=\"c4a6401\" data-element_type=\"column\" data-e-type=\"column\">\n\t\t\t<div class=\"elementor-widget-wrap elementor-element-populated\">\n\t\t\t\t\t\t<div class=\"elementor-element elementor-element-9aa6a7d elementor-widget elementor-widget-heading\" data-id=\"9aa6a7d\" data-element_type=\"widget\" data-e-type=\"widget\" data-widget_type=\"heading.default\">\n\t\t\t\t<div class=\"elementor-widget-container\">\n\t\t\t\t\t<h2 class=\"elementor-heading-title elementor-size-default\">Dr. Ludwig - s\u00edmbolo de flecha<\/h2>\t\t\t\t<\/div>\n\t\t\t\t<\/div>\n\t\t\t\t<div class=\"elementor-element elementor-element-1cf97f0e elementor-widget elementor-widget-text-editor\" data-id=\"1cf97f0e\" data-element_type=\"widget\" data-e-type=\"widget\" data-widget_type=\"text-editor.default\">\n\t\t\t\t<div class=\"elementor-widget-container\">\n\t\t\t\t\t\t\t\t\t<p>Los dispositivos desarrollados por Dr. Ludwig se pueden reconocer de un vistazo por el s\u00edmbolo de la flecha. Este s\u00edmbolo representa la creaci\u00f3n de un biocampo electromagn\u00e9tico inspirado en la naturaleza intacta. Ofrecemos una amplia gama de productos que consta de diferentes dispositivos peque\u00f1os y grandes, todos ellos basados en la tecnolog\u00eda Dr. Ludwig.<\/p>\t\t\t\t\t\t\t\t<\/div>\n\t\t\t\t<\/div>\n\t\t\t\t<div class=\"elementor-element elementor-element-7de9013 elementor-widget elementor-widget-image\" data-id=\"7de9013\" data-element_type=\"widget\" data-e-type=\"widget\" data-widget_type=\"image.default\">\n\t\t\t\t<div class=\"elementor-widget-container\">\n\t\t\t\t\t\t\t\t\t\t\t\t\t\t\t<img decoding=\"async\" width=\"75\" height=\"75\" src=\"https:\/\/www.ams-ag.de\/wp-content\/uploads\/2023\/05\/image-32.jpeg\" class=\"attachment-large size-large wp-image-1730\" alt=\"Icono de flecha de Dr. Ludwig\" \/>\t\t\t\t\t\t\t\t\t\t\t\t\t\t\t<\/div>\n\t\t\t\t<\/div>\n\t\t\t\t\t<\/div>\n\t\t<\/div>\n\t\t\t\t\t<\/div>\n\t\t<\/section>\n\t\t\t\t<section class=\"elementor-section elementor-top-section elementor-element elementor-element-d4cbb4a elementor-section-boxed elementor-section-height-default elementor-section-height-default\" data-id=\"d4cbb4a\" data-element_type=\"section\" data-e-type=\"section\">\n\t\t\t\t\t\t<div class=\"elementor-container elementor-column-gap-default\">\n\t\t\t\t\t<div class=\"elementor-column elementor-col-100 elementor-top-column elementor-element elementor-element-fdc414f\" data-id=\"fdc414f\" data-element_type=\"column\" data-e-type=\"column\">\n\t\t\t<div class=\"elementor-widget-wrap elementor-element-populated\">\n\t\t\t\t\t\t<div class=\"elementor-element elementor-element-ead1d37 elementor-widget-divider--view-line elementor-widget elementor-widget-divider\" data-id=\"ead1d37\" data-element_type=\"widget\" data-e-type=\"widget\" data-widget_type=\"divider.default\">\n\t\t\t\t<div class=\"elementor-widget-container\">\n\t\t\t\t\t\t\t<div class=\"elementor-divider\">\n\t\t\t<span class=\"elementor-divider-separator\">\n\t\t\t\t\t\t<\/span>\n\t\t<\/div>\n\t\t\t\t\t\t<\/div>\n\t\t\t\t<\/div>\n\t\t\t\t<div class=\"elementor-element elementor-element-a89db95 elementor-widget elementor-widget-heading\" data-id=\"a89db95\" data-element_type=\"widget\" data-e-type=\"widget\" data-widget_type=\"heading.default\">\n\t\t\t\t<div class=\"elementor-widget-container\">\n\t\t\t\t\t<h2 class=\"elementor-heading-title elementor-size-default\">Se cumplen los siguientes criterios:<\/h2>\t\t\t\t<\/div>\n\t\t\t\t<\/div>\n\t\t\t\t<div class=\"elementor-element elementor-element-c0f6db2 elementor-widget elementor-widget-text-editor\" data-id=\"c0f6db2\" data-element_type=\"widget\" data-e-type=\"widget\" data-widget_type=\"text-editor.default\">\n\t\t\t\t<div class=\"elementor-widget-container\">\n\t\t\t\t\t\t\t\t\t<ul><li>Generaci\u00f3n de las distintas se\u00f1ales ambientales (Schumann, frecuencias geomagn\u00e9ticas y solares)<br \/><a href=\"https:\/\/www.ams-ag.de\/es\/conceptos-basicos-de-la-terapia-con-campos-magneticos\/terapia-de-campo-magnetico-y-medicina-bioinformativa\/senales-ambientales\/\"><b>Se\u00f1ales ambientales<\/b><\/a><\/li><li>Consideraci\u00f3n de caracter\u00edsticas de calidad:<br \/><a href=\"https:\/\/www.ams-ag.de\/es\/conceptos-basicos-de-la-terapia-con-campos-magneticos\/terapia-de-campo-magnetico-y-medicina-bioinformativa\/caracteristicas-de-calidad\/\"><b>Caracter\u00edsticas de calidad<\/b><\/a><ul><li>La forma de la se\u00f1al corresponde a la transmisi\u00f3n de impulsos nerviosos.<\/li><li>Dependiendo del dispositivo, la intensidad del campo magn\u00e9tico emitido oscila entre 0,2 y 20 \u00b5Tesla.<\/li><\/ul><\/li><li>Todos los dispositivos tienen una selecci\u00f3n de diferentes frecuencias, ya sea desde programas preestablecidos para dispositivos peque\u00f1os o desde el rango completo de 0,1 - 1000 Hz para dispositivos grandes. Adem\u00e1s, todos los dispositivos generan las frecuencias geomagn\u00e9ticas y gran parte de las frecuencias solares y 2000 Hz (2 KHz) adicionales.<br \/><a href=\"https:\/\/www.ams-ag.de\/es\/conceptos-basicos-de-la-terapia-con-campos-magneticos\/terapia-de-campo-magnetico-y-medicina-bioinformativa\/frecuencias-y-posibles-aplicaciones\/\"><b>frecuencias<\/b><\/a><\/li><li>Cada uno de los dispositivos se puede utilizar para la transferencia de sustrato de informaci\u00f3n ex\u00f3gena y end\u00f3gena a trav\u00e9s de su campo magn\u00e9tico pulsante.<br \/><a href=\"https:\/\/www.ams-ag.de\/es\/conceptos-basicos-de-la-terapia-con-campos-magneticos\/terapia-de-campo-magnetico-y-medicina-bioinformativa\/transferencia-de-sustrato\/\"><b>Transferencia de sustrato<\/b><\/a><\/li><\/ul>\t\t\t\t\t\t\t\t<\/div>\n\t\t\t\t<\/div>\n\t\t\t\t\t<\/div>\n\t\t<\/div>\n\t\t\t\t\t<\/div>\n\t\t<\/section>\n\t\t\t\t<section class=\"elementor-section elementor-top-section elementor-element elementor-element-66d8ba8 elementor-section-boxed elementor-section-height-default elementor-section-height-default\" data-id=\"66d8ba8\" data-element_type=\"section\" data-e-type=\"section\" data-settings=\"{&quot;background_background&quot;:&quot;classic&quot;}\">\n\t\t\t\t\t\t<div class=\"elementor-container elementor-column-gap-default\">\n\t\t\t\t\t<div class=\"elementor-column elementor-col-100 elementor-top-column elementor-element elementor-element-56e08a6\" data-id=\"56e08a6\" data-element_type=\"column\" data-e-type=\"column\">\n\t\t\t<div class=\"elementor-widget-wrap elementor-element-populated\">\n\t\t\t\t\t\t<div class=\"elementor-element elementor-element-1904865 elementor-align-right elementor-mobile-align-center elementor-widget elementor-widget-button\" data-id=\"1904865\" data-element_type=\"widget\" data-e-type=\"widget\" data-widget_type=\"button.default\">\n\t\t\t\t<div class=\"elementor-widget-container\">\n\t\t\t\t\t\t\t\t\t<div class=\"elementor-button-wrapper\">\n\t\t\t\t\t<a class=\"elementor-button elementor-button-link elementor-size-sm\" href=\"https:\/\/www.ams-ag.de\/es\/grundlagen-magnetfeldtherapie\/geschichte-unserer-geraete\/\">\n\t\t\t\t\t\t<span class=\"elementor-button-content-wrapper\">\n\t\t\t\t\t\t<span class=\"elementor-button-icon\">\n\t\t\t\t<i aria-hidden=\"true\" class=\"fas fa-arrow-right\"><\/i>\t\t\t<\/span>\n\t\t\t\t\t\t\t\t\t<span class=\"elementor-button-text\">Historia de nuestros dispositivos<\/span>\n\t\t\t\t\t<\/span>\n\t\t\t\t\t<\/a>\n\t\t\t\t<\/div>\n\t\t\t\t\t\t\t\t<\/div>\n\t\t\t\t<\/div>\n\t\t\t\t\t<\/div>\n\t\t<\/div>\n\t\t\t\t\t<\/div>\n\t\t<\/section>\n\t\t\t\t<\/div>","protected":false},"excerpt":{"rendered":"<p>Das Pfeilsymbol Dr. Ludwig &#8211; Pfeilsymbol Die von Dr. Ludwig entwickelten Ger\u00e4te erkennen Sie auf einen Blick an dem Pfeilsymbol. Dieses Symbol steht f\u00fcr die Erzeugung eines elektromagnetischen Biofeldes, das [&hellip;]<\/p>\n","protected":false},"author":1,"featured_media":0,"parent":1499,"menu_order":2,"comment_status":"closed","ping_status":"closed","template":"","meta":{"pmpro_default_level":"","footnotes":""},"class_list":["post-1400","page","type-page","status-publish","hentry","pmpro-has-access"],"_links":{"self":[{"href":"https:\/\/www.ams-ag.de\/es\/wp-json\/wp\/v2\/pages\/1400","targetHints":{"allow":["GET"]}}],"collection":[{"href":"https:\/\/www.ams-ag.de\/es\/wp-json\/wp\/v2\/pages"}],"about":[{"href":"https:\/\/www.ams-ag.de\/es\/wp-json\/wp\/v2\/types\/page"}],"author":[{"embeddable":true,"href":"https:\/\/www.ams-ag.de\/es\/wp-json\/wp\/v2\/users\/1"}],"replies":[{"embeddable":true,"href":"https:\/\/www.ams-ag.de\/es\/wp-json\/wp\/v2\/comments?post=1400"}],"version-history":[{"count":9,"href":"https:\/\/www.ams-ag.de\/es\/wp-json\/wp\/v2\/pages\/1400\/revisions"}],"predecessor-version":[{"id":17236,"href":"https:\/\/www.ams-ag.de\/es\/wp-json\/wp\/v2\/pages\/1400\/revisions\/17236"}],"up":[{"embeddable":true,"href":"https:\/\/www.ams-ag.de\/es\/wp-json\/wp\/v2\/pages\/1499"}],"wp:attachment":[{"href":"https:\/\/www.ams-ag.de\/es\/wp-json\/wp\/v2\/media?parent=1400"}],"curies":[{"name":"wp","href":"https:\/\/api.w.org\/{rel}","templated":true}]}}