{"id":1398,"date":"2023-05-01T13:08:29","date_gmt":"2023-05-01T11:08:29","guid":{"rendered":"http:\/\/www.ams-ag.de\/?page_id=1398"},"modified":"2024-05-04T18:04:00","modified_gmt":"2024-05-04T16:04:00","slug":"transferencia-de-sustrato","status":"publish","type":"page","link":"https:\/\/www.ams-ag.de\/es\/grundlagen-magnetfeldtherapie\/magnetfeldtherapie-und-bioinformative-medizin\/substratuebertragung\/","title":{"rendered":"Transferencia de sustrato"},"content":{"rendered":"<div data-elementor-type=\"wp-page\" data-elementor-id=\"1398\" class=\"elementor elementor-1398\" data-elementor-post-type=\"page\">\n\t\t\t\t\t\t<section class=\"elementor-section elementor-top-section elementor-element elementor-element-c1df69a elementor-section-boxed elementor-section-height-default elementor-section-height-default\" data-id=\"c1df69a\" data-element_type=\"section\" data-e-type=\"section\" data-settings=\"{&quot;background_background&quot;:&quot;classic&quot;}\">\n\t\t\t\t\t\t<div class=\"elementor-container elementor-column-gap-default\">\n\t\t\t\t\t<div class=\"elementor-column elementor-col-50 elementor-top-column elementor-element elementor-element-9f1c352\" data-id=\"9f1c352\" data-element_type=\"column\" data-e-type=\"column\">\n\t\t\t<div class=\"elementor-widget-wrap elementor-element-populated\">\n\t\t\t\t\t\t<div class=\"elementor-element elementor-element-c2873ec elementor-widget elementor-widget-image\" data-id=\"c2873ec\" data-element_type=\"widget\" data-e-type=\"widget\" data-widget_type=\"image.default\">\n\t\t\t\t<div class=\"elementor-widget-container\">\n\t\t\t\t\t\t\t\t\t\t\t\t\t\t\t<img fetchpriority=\"high\" decoding=\"async\" width=\"768\" height=\"512\" src=\"https:\/\/www.ams-ag.de\/wp-content\/uploads\/2024\/02\/milada-vigerova-YbiL2tzN_ig-unsplash-768x512.jpg\" class=\"attachment-medium_large size-medium_large wp-image-14412\" alt=\"\" srcset=\"https:\/\/www.ams-ag.de\/wp-content\/uploads\/2024\/02\/milada-vigerova-YbiL2tzN_ig-unsplash-768x512.jpg 768w, https:\/\/www.ams-ag.de\/wp-content\/uploads\/2024\/02\/milada-vigerova-YbiL2tzN_ig-unsplash-300x200.jpg 300w, https:\/\/www.ams-ag.de\/wp-content\/uploads\/2024\/02\/milada-vigerova-YbiL2tzN_ig-unsplash-1536x1024.jpg 1536w, https:\/\/www.ams-ag.de\/wp-content\/uploads\/2024\/02\/milada-vigerova-YbiL2tzN_ig-unsplash-18x12.jpg 18w, https:\/\/www.ams-ag.de\/wp-content\/uploads\/2024\/02\/milada-vigerova-YbiL2tzN_ig-unsplash.jpg 1920w\" sizes=\"(max-width: 768px) 100vw, 768px\" \/>\t\t\t\t\t\t\t\t\t\t\t\t\t\t\t<\/div>\n\t\t\t\t<\/div>\n\t\t\t\t\t<\/div>\n\t\t<\/div>\n\t\t\t\t<div class=\"elementor-column elementor-col-50 elementor-top-column elementor-element elementor-element-0a69ad8\" data-id=\"0a69ad8\" data-element_type=\"column\" data-e-type=\"column\">\n\t\t\t<div class=\"elementor-widget-wrap elementor-element-populated\">\n\t\t\t\t\t\t<div class=\"elementor-element elementor-element-27973f85 elementor-widget elementor-widget-heading\" data-id=\"27973f85\" data-element_type=\"widget\" data-e-type=\"widget\" data-widget_type=\"heading.default\">\n\t\t\t\t<div class=\"elementor-widget-container\">\n\t\t\t\t\t<h1 class=\"elementor-heading-title elementor-size-default\">Transferencia de sustrato<\/h1>\t\t\t\t<\/div>\n\t\t\t\t<\/div>\n\t\t\t\t\t<\/div>\n\t\t<\/div>\n\t\t\t\t\t<\/div>\n\t\t<\/section>\n\t\t\t\t<section class=\"elementor-section elementor-top-section elementor-element elementor-element-63e20c25 elementor-section-boxed elementor-section-height-default elementor-section-height-default\" data-id=\"63e20c25\" data-element_type=\"section\" data-e-type=\"section\">\n\t\t\t\t\t\t<div class=\"elementor-container elementor-column-gap-default\">\n\t\t\t\t\t<div class=\"elementor-column elementor-col-100 elementor-top-column elementor-element elementor-element-56f7f6cb\" data-id=\"56f7f6cb\" data-element_type=\"column\" data-e-type=\"column\">\n\t\t\t<div class=\"elementor-widget-wrap elementor-element-populated\">\n\t\t\t\t\t\t<div class=\"elementor-element elementor-element-faaff3d elementor-widget elementor-widget-heading\" data-id=\"faaff3d\" data-element_type=\"widget\" data-e-type=\"widget\" data-widget_type=\"heading.default\">\n\t\t\t\t<div class=\"elementor-widget-container\">\n\t\t\t\t\t<h2 class=\"elementor-heading-title elementor-size-default\">Transferencia de informaci\u00f3n del sustrato.<\/h2>\t\t\t\t<\/div>\n\t\t\t\t<\/div>\n\t\t\t\t<div class=\"elementor-element elementor-element-20a33dc2 elementor-widget elementor-widget-text-editor\" data-id=\"20a33dc2\" data-element_type=\"widget\" data-e-type=\"widget\" data-widget_type=\"text-editor.default\">\n\t\t\t\t<div class=\"elementor-widget-container\">\n\t\t\t\t\t\t\t\t\t<p>Una caracter\u00edstica especial que se puede y se debe aprovechar al utilizar la terapia con campos magn\u00e9ticos es la transmisi\u00f3n de informaci\u00f3n del sustrato.<\/p><p>Una de las propiedades de las ondas electromagn\u00e9ticas es que son capaces de absorber y transportar informaci\u00f3n.<\/p><p>Esto significa que se puede transmitir informaci\u00f3n adicional a la aplicaci\u00f3n con cada una de las frecuencias seleccionadas.<\/p><p>La onda electromagn\u00e9tica se puede utilizar de dos formas:<\/p><ul><li>como se\u00f1al de aplicaci\u00f3n pura con la frecuencia correspondiente<\/li><li>y adem\u00e1s como onda portadora con informaci\u00f3n a transportar<\/li><\/ul><p>Es el mismo principio que la radio y la televisi\u00f3n: se modula una onda portadora, que transmite im\u00e1genes y sonidos o informaci\u00f3n.<\/p>\t\t\t\t\t\t\t\t<\/div>\n\t\t\t\t<\/div>\n\t\t\t\t<div class=\"elementor-element elementor-element-7faaee9 elementor-widget-divider--view-line elementor-widget elementor-widget-divider\" data-id=\"7faaee9\" data-element_type=\"widget\" data-e-type=\"widget\" data-widget_type=\"divider.default\">\n\t\t\t\t<div class=\"elementor-widget-container\">\n\t\t\t\t\t\t\t<div class=\"elementor-divider\">\n\t\t\t<span class=\"elementor-divider-separator\">\n\t\t\t\t\t\t<\/span>\n\t\t<\/div>\n\t\t\t\t\t\t<\/div>\n\t\t\t\t<\/div>\n\t\t\t\t<div class=\"elementor-element elementor-element-2fa7bc4 elementor-widget elementor-widget-heading\" data-id=\"2fa7bc4\" data-element_type=\"widget\" data-e-type=\"widget\" data-widget_type=\"heading.default\">\n\t\t\t\t<div class=\"elementor-widget-container\">\n\t\t\t\t\t<h2 class=\"elementor-heading-title elementor-size-default\">\u00bfQu\u00e9 se transfiere?<\/h2>\t\t\t\t<\/div>\n\t\t\t\t<\/div>\n\t\t\t\t<div class=\"elementor-element elementor-element-13dea28 elementor-widget elementor-widget-text-editor\" data-id=\"13dea28\" data-element_type=\"widget\" data-e-type=\"widget\" data-widget_type=\"text-editor.default\">\n\t\t\t\t<div class=\"elementor-widget-container\">\n\t\t\t\t\t\t\t\t\t<p>Las ondas electromagn\u00e9ticas pueden transportar informaci\u00f3n tanto ex\u00f3gena (cuerpo extra\u00f1o) como end\u00f3gena (propia del cuerpo).<\/p>\n<p><b>Ejemplos de informaci\u00f3n ex\u00f3gena:<\/b><\/p>\n<ul>\n<li>Cualquier preparaci\u00f3n que funcione seg\u00fan su patr\u00f3n de vibraci\u00f3n.<\/li>\n<\/ul>\t\t\t\t\t\t\t\t<\/div>\n\t\t\t\t<\/div>\n\t\t\t\t<section class=\"elementor-section elementor-inner-section elementor-element elementor-element-2ab0770a elementor-section-boxed elementor-section-height-default elementor-section-height-default\" data-id=\"2ab0770a\" data-element_type=\"section\" data-e-type=\"section\">\n\t\t\t\t\t\t<div class=\"elementor-container elementor-column-gap-default\">\n\t\t\t\t\t<div class=\"elementor-column elementor-col-50 elementor-inner-column elementor-element elementor-element-103081d7\" data-id=\"103081d7\" data-element_type=\"column\" data-e-type=\"column\">\n\t\t\t<div class=\"elementor-widget-wrap elementor-element-populated\">\n\t\t\t\t\t\t<div class=\"elementor-element elementor-element-4d03f1e6 elementor-widget elementor-widget-text-editor\" data-id=\"4d03f1e6\" data-element_type=\"widget\" data-e-type=\"widget\" data-widget_type=\"text-editor.default\">\n\t\t\t\t<div class=\"elementor-widget-container\">\n\t\t\t\t\t\t\t\t\t<p><b>Ejemplos de informaci\u00f3n end\u00f3gena:<\/b><\/p><ul><li>saliva<\/li><li>secreci\u00f3n<\/li><\/ul><p>Cada peque\u00f1o dispositivo port\u00e1til tiene un soporte para ampollas que sostiene una ampolla de vidrio para utilizar la transmisi\u00f3n de informaci\u00f3n. La sustancia as\u00ed insertada se transmite con la frecuencia del campo magn\u00e9tico seleccionada.<\/p>\t\t\t\t\t\t\t\t<\/div>\n\t\t\t\t<\/div>\n\t\t\t\t\t<\/div>\n\t\t<\/div>\n\t\t\t\t<div class=\"elementor-column elementor-col-50 elementor-inner-column elementor-element elementor-element-25f498bb\" data-id=\"25f498bb\" data-element_type=\"column\" data-e-type=\"column\">\n\t\t\t<div class=\"elementor-widget-wrap elementor-element-populated\">\n\t\t\t\t\t\t<div class=\"elementor-element elementor-element-f18ed62 elementor-widget elementor-widget-image\" data-id=\"f18ed62\" data-element_type=\"widget\" data-e-type=\"widget\" data-widget_type=\"image.default\">\n\t\t\t\t<div class=\"elementor-widget-container\">\n\t\t\t\t\t\t\t\t\t\t\t\t\t\t\t<img decoding=\"async\" width=\"800\" height=\"309\" src=\"https:\/\/www.ams-ag.de\/wp-content\/uploads\/2023\/09\/csm_AMS_Metronom_solar_Ampullenhalter_Magnetfeldtherapie.jpg\" class=\"attachment-large size-large wp-image-5520\" alt=\"Soporte para ampolla solar con metr\u00f3nomo AMS\" srcset=\"https:\/\/www.ams-ag.de\/wp-content\/uploads\/2023\/09\/csm_AMS_Metronom_solar_Ampullenhalter_Magnetfeldtherapie.jpg 1024w, https:\/\/www.ams-ag.de\/wp-content\/uploads\/2023\/09\/csm_AMS_Metronom_solar_Ampullenhalter_Magnetfeldtherapie-300x116.jpg 300w, https:\/\/www.ams-ag.de\/wp-content\/uploads\/2023\/09\/csm_AMS_Metronom_solar_Ampullenhalter_Magnetfeldtherapie-768x296.jpg 768w\" sizes=\"(max-width: 800px) 100vw, 800px\" \/>\t\t\t\t\t\t\t\t\t\t\t\t\t\t\t<\/div>\n\t\t\t\t<\/div>\n\t\t\t\t\t<\/div>\n\t\t<\/div>\n\t\t\t\t\t<\/div>\n\t\t<\/section>\n\t\t\t\t<div class=\"elementor-element elementor-element-5f7b3d3 elementor-widget elementor-widget-text-editor\" data-id=\"5f7b3d3\" data-element_type=\"widget\" data-e-type=\"widget\" data-widget_type=\"text-editor.default\">\n\t\t\t\t<div class=\"elementor-widget-container\">\n\t\t\t\t\t\t\t\t\tLos dispositivos grandes tienen una conexi\u00f3n para un vaso (MEDICUP) que contiene varias ampollas a la vez. Esto permite transmitir informaci\u00f3n diferente al mismo tiempo.\t\t\t\t\t\t\t\t<\/div>\n\t\t\t\t<\/div>\n\t\t\t\t<section class=\"elementor-section elementor-inner-section elementor-element elementor-element-5bc833b elementor-section-boxed elementor-section-height-default elementor-section-height-default\" data-id=\"5bc833b\" data-element_type=\"section\" data-e-type=\"section\">\n\t\t\t\t\t\t<div class=\"elementor-container elementor-column-gap-default\">\n\t\t\t\t\t<div class=\"elementor-column elementor-col-50 elementor-inner-column elementor-element elementor-element-aadc9ed\" data-id=\"aadc9ed\" data-element_type=\"column\" data-e-type=\"column\">\n\t\t\t<div class=\"elementor-widget-wrap elementor-element-populated\">\n\t\t\t\t\t\t<div class=\"elementor-element elementor-element-9d3ab2e elementor-widget elementor-widget-text-editor\" data-id=\"9d3ab2e\" data-element_type=\"widget\" data-e-type=\"widget\" data-widget_type=\"text-editor.default\">\n\t\t\t\t<div class=\"elementor-widget-container\">\n\t\t\t\t\t\t\t\t\t<p>Para transferir informaci\u00f3n mediante un campo magn\u00e9tico, es mejor llenar el producto deseado en una ampolla o tubo de vidrio; son posibles tanto en forma l\u00edquida como s\u00f3lida. No es necesario llenar todo el vial por completo; basta con llenar la parte inferior del tubo.<\/p><p>Algunos usuarios arman un estuche con tubos de vidrio que llenan seg\u00fan sus propias necesidades (ver ilustraci\u00f3n por ejemplo). Esto significa que siempre tendr\u00e1 a mano las sustancias que utiliza con m\u00e1s frecuencia.<\/p>\t\t\t\t\t\t\t\t<\/div>\n\t\t\t\t<\/div>\n\t\t\t\t\t<\/div>\n\t\t<\/div>\n\t\t\t\t<div class=\"elementor-column elementor-col-50 elementor-inner-column elementor-element elementor-element-08a1cef\" data-id=\"08a1cef\" data-element_type=\"column\" data-e-type=\"column\">\n\t\t\t<div class=\"elementor-widget-wrap elementor-element-populated\">\n\t\t\t\t\t\t<div class=\"elementor-element elementor-element-c5901af elementor-widget elementor-widget-image\" data-id=\"c5901af\" data-element_type=\"widget\" data-e-type=\"widget\" data-widget_type=\"image.default\">\n\t\t\t\t<div class=\"elementor-widget-container\">\n\t\t\t\t\t\t\t\t\t\t\t\t\t\t\t<img decoding=\"async\" width=\"250\" height=\"248\" src=\"https:\/\/www.ams-ag.de\/wp-content\/uploads\/2023\/05\/image-40.jpeg\" class=\"attachment-medium size-medium wp-image-1801\" alt=\"\" srcset=\"https:\/\/www.ams-ag.de\/wp-content\/uploads\/2023\/05\/image-40.jpeg 250w, https:\/\/www.ams-ag.de\/wp-content\/uploads\/2023\/05\/image-40-150x150.jpeg 150w\" sizes=\"(max-width: 250px) 100vw, 250px\" \/>\t\t\t\t\t\t\t\t\t\t\t\t\t\t\t<\/div>\n\t\t\t\t<\/div>\n\t\t\t\t\t<\/div>\n\t\t<\/div>\n\t\t\t\t\t<\/div>\n\t\t<\/section>\n\t\t\t\t\t<\/div>\n\t\t<\/div>\n\t\t\t\t\t<\/div>\n\t\t<\/section>\n\t\t\t\t<section class=\"elementor-section elementor-top-section elementor-element elementor-element-a9e9b67 elementor-section-boxed elementor-section-height-default elementor-section-height-default\" data-id=\"a9e9b67\" data-element_type=\"section\" data-e-type=\"section\" data-settings=\"{&quot;background_background&quot;:&quot;classic&quot;}\">\n\t\t\t\t\t\t<div class=\"elementor-container elementor-column-gap-default\">\n\t\t\t\t\t<div class=\"elementor-column elementor-col-100 elementor-top-column elementor-element elementor-element-a1140c9\" data-id=\"a1140c9\" data-element_type=\"column\" data-e-type=\"column\">\n\t\t\t<div class=\"elementor-widget-wrap elementor-element-populated\">\n\t\t\t\t\t\t<div class=\"elementor-element elementor-element-e62cbdd elementor-align-right elementor-mobile-align-center elementor-widget elementor-widget-button\" data-id=\"e62cbdd\" data-element_type=\"widget\" data-e-type=\"widget\" data-widget_type=\"button.default\">\n\t\t\t\t<div class=\"elementor-widget-container\">\n\t\t\t\t\t\t\t\t\t<div class=\"elementor-button-wrapper\">\n\t\t\t\t\t<a class=\"elementor-button elementor-button-link elementor-size-sm\" href=\"https:\/\/www.ams-ag.de\/es\/grundlagen-magnetfeldtherapie\/pfeilsymbol\/\">\n\t\t\t\t\t\t<span class=\"elementor-button-content-wrapper\">\n\t\t\t\t\t\t<span class=\"elementor-button-icon\">\n\t\t\t\t<i aria-hidden=\"true\" class=\"fas fa-arrow-right\"><\/i>\t\t\t<\/span>\n\t\t\t\t\t\t\t\t\t<span class=\"elementor-button-text\">S\u00edmbolo de flecha<\/span>\n\t\t\t\t\t<\/span>\n\t\t\t\t\t<\/a>\n\t\t\t\t<\/div>\n\t\t\t\t\t\t\t\t<\/div>\n\t\t\t\t<\/div>\n\t\t\t\t\t<\/div>\n\t\t<\/div>\n\t\t\t\t\t<\/div>\n\t\t<\/section>\n\t\t\t\t<\/div>","protected":false},"excerpt":{"rendered":"<p>Substrat\u00fcbertragung \u00dcbertragung von Substratinformation Ein besonderes Highlight, das man sich bei der Anwendung der Magnetfeldtherapie zunutze machen kann und sollte, ist die \u00dcbertragung von Substratinformationen. Eine der Eigenschaften von elektromagnetischen [&hellip;]<\/p>\n","protected":false},"author":1,"featured_media":0,"parent":1426,"menu_order":5,"comment_status":"closed","ping_status":"closed","template":"","meta":{"pmpro_default_level":"","footnotes":""},"class_list":["post-1398","page","type-page","status-publish","hentry","pmpro-has-access"],"_links":{"self":[{"href":"https:\/\/www.ams-ag.de\/es\/wp-json\/wp\/v2\/pages\/1398","targetHints":{"allow":["GET"]}}],"collection":[{"href":"https:\/\/www.ams-ag.de\/es\/wp-json\/wp\/v2\/pages"}],"about":[{"href":"https:\/\/www.ams-ag.de\/es\/wp-json\/wp\/v2\/types\/page"}],"author":[{"embeddable":true,"href":"https:\/\/www.ams-ag.de\/es\/wp-json\/wp\/v2\/users\/1"}],"replies":[{"embeddable":true,"href":"https:\/\/www.ams-ag.de\/es\/wp-json\/wp\/v2\/comments?post=1398"}],"version-history":[{"count":15,"href":"https:\/\/www.ams-ag.de\/es\/wp-json\/wp\/v2\/pages\/1398\/revisions"}],"predecessor-version":[{"id":16137,"href":"https:\/\/www.ams-ag.de\/es\/wp-json\/wp\/v2\/pages\/1398\/revisions\/16137"}],"up":[{"embeddable":true,"href":"https:\/\/www.ams-ag.de\/es\/wp-json\/wp\/v2\/pages\/1426"}],"wp:attachment":[{"href":"https:\/\/www.ams-ag.de\/es\/wp-json\/wp\/v2\/media?parent=1398"}],"curies":[{"name":"wp","href":"https:\/\/api.w.org\/{rel}","templated":true}]}}