{"id":1396,"date":"2023-05-01T13:08:03","date_gmt":"2023-05-01T11:08:03","guid":{"rendered":"http:\/\/www.ams-ag.de\/?page_id=1396"},"modified":"2024-05-07T16:29:06","modified_gmt":"2024-05-07T14:29:06","slug":"frecuencias-y-posibles-aplicaciones","status":"publish","type":"page","link":"https:\/\/www.ams-ag.de\/es\/grundlagen-magnetfeldtherapie\/magnetfeldtherapie-und-bioinformative-medizin\/frequenzen-und-anwendungsmoeglichkeiten\/","title":{"rendered":"Frecuencias y posibles aplicaciones."},"content":{"rendered":"<div data-elementor-type=\"wp-page\" data-elementor-id=\"1396\" class=\"elementor elementor-1396\" data-elementor-post-type=\"page\">\n\t\t\t\t\t\t<section class=\"elementor-section elementor-top-section elementor-element elementor-element-dd3b7bd elementor-section-boxed elementor-section-height-default elementor-section-height-default\" data-id=\"dd3b7bd\" data-element_type=\"section\" data-e-type=\"section\" data-settings=\"{&quot;background_background&quot;:&quot;classic&quot;}\">\n\t\t\t\t\t\t<div class=\"elementor-container elementor-column-gap-default\">\n\t\t\t\t\t<div class=\"elementor-column elementor-col-50 elementor-top-column elementor-element elementor-element-451a6df\" data-id=\"451a6df\" data-element_type=\"column\" data-e-type=\"column\">\n\t\t\t<div class=\"elementor-widget-wrap elementor-element-populated\">\n\t\t\t\t\t\t<div class=\"elementor-element elementor-element-750fb81 elementor-widget elementor-widget-image\" data-id=\"750fb81\" data-element_type=\"widget\" data-e-type=\"widget\" data-widget_type=\"image.default\">\n\t\t\t\t<div class=\"elementor-widget-container\">\n\t\t\t\t\t\t\t\t\t\t\t\t\t\t\t<img fetchpriority=\"high\" decoding=\"async\" width=\"768\" height=\"576\" src=\"https:\/\/www.ams-ag.de\/wp-content\/uploads\/2024\/02\/pexels-luan-rezende-1093161-768x576.jpg\" class=\"attachment-medium_large size-medium_large wp-image-14407\" alt=\"\" srcset=\"https:\/\/www.ams-ag.de\/wp-content\/uploads\/2024\/02\/pexels-luan-rezende-1093161-768x576.jpg 768w, https:\/\/www.ams-ag.de\/wp-content\/uploads\/2024\/02\/pexels-luan-rezende-1093161-300x225.jpg 300w, https:\/\/www.ams-ag.de\/wp-content\/uploads\/2024\/02\/pexels-luan-rezende-1093161-1365x1024.jpg 1365w, https:\/\/www.ams-ag.de\/wp-content\/uploads\/2024\/02\/pexels-luan-rezende-1093161-1536x1152.jpg 1536w, https:\/\/www.ams-ag.de\/wp-content\/uploads\/2024\/02\/pexels-luan-rezende-1093161-16x12.jpg 16w, https:\/\/www.ams-ag.de\/wp-content\/uploads\/2024\/02\/pexels-luan-rezende-1093161.jpg 1920w\" sizes=\"(max-width: 768px) 100vw, 768px\" \/>\t\t\t\t\t\t\t\t\t\t\t\t\t\t\t<\/div>\n\t\t\t\t<\/div>\n\t\t\t\t\t<\/div>\n\t\t<\/div>\n\t\t\t\t<div class=\"elementor-column elementor-col-50 elementor-top-column elementor-element elementor-element-30d22ed\" data-id=\"30d22ed\" data-element_type=\"column\" data-e-type=\"column\">\n\t\t\t<div class=\"elementor-widget-wrap elementor-element-populated\">\n\t\t\t\t\t\t<div class=\"elementor-element elementor-element-41a8966c elementor-widget elementor-widget-heading\" data-id=\"41a8966c\" data-element_type=\"widget\" data-e-type=\"widget\" data-widget_type=\"heading.default\">\n\t\t\t\t<div class=\"elementor-widget-container\">\n\t\t\t\t\t<h1 class=\"elementor-heading-title elementor-size-default\">Frecuencias y posibles aplicaciones.<\/h1>\t\t\t\t<\/div>\n\t\t\t\t<\/div>\n\t\t\t\t\t<\/div>\n\t\t<\/div>\n\t\t\t\t\t<\/div>\n\t\t<\/section>\n\t\t\t\t<section class=\"elementor-section elementor-top-section elementor-element elementor-element-33692e36 elementor-section-boxed elementor-section-height-default elementor-section-height-default\" data-id=\"33692e36\" data-element_type=\"section\" data-e-type=\"section\">\n\t\t\t\t\t\t<div class=\"elementor-container elementor-column-gap-default\">\n\t\t\t\t\t<div class=\"elementor-column elementor-col-100 elementor-top-column elementor-element elementor-element-2e746f82\" data-id=\"2e746f82\" data-element_type=\"column\" data-e-type=\"column\">\n\t\t\t<div class=\"elementor-widget-wrap elementor-element-populated\">\n\t\t\t\t\t\t<div class=\"elementor-element elementor-element-d2a5aec elementor-widget elementor-widget-heading\" data-id=\"d2a5aec\" data-element_type=\"widget\" data-e-type=\"widget\" data-widget_type=\"heading.default\">\n\t\t\t\t<div class=\"elementor-widget-container\">\n\t\t\t\t\t<h2 class=\"elementor-heading-title elementor-size-default\">Mejorar la capacidad de regular<\/h2>\t\t\t\t<\/div>\n\t\t\t\t<\/div>\n\t\t\t\t<div class=\"elementor-element elementor-element-695a6a88 elementor-widget elementor-widget-text-editor\" data-id=\"695a6a88\" data-element_type=\"widget\" data-e-type=\"widget\" data-widget_type=\"text-editor.default\">\n\t\t\t\t<div class=\"elementor-widget-container\">\n\t\t\t\t\t\t\t\t\t<p>Ya en la antig\u00fcedad las enfermedades se curaban con \u00e9xito con la llamada \u201cmagnetita\u201d (piedra magn\u00e9tica natural). El principio es sencillo: los campos magn\u00e9ticos pueden mejorar la capacidad de regulaci\u00f3n y contribuir as\u00ed a la activaci\u00f3n de poderes de autocuraci\u00f3n.<\/p><p>Una de las frecuencias m\u00e1s importantes, si no la m\u00e1s importante de todas, es el valor principal del espectro de frecuencias Schumann con un valor de 7,8 Hz. Es neutral, equilibrante y favorece la concentraci\u00f3n. La llamamos la &quot;frecuencia del bienestar&quot;.<\/p><p><a href=\"https:\/\/www.ams-ag.de\/es\/conceptos-basicos-de-la-terapia-con-campos-magneticos\/terapia-de-campo-magnetico-y-medicina-bioinformativa\/senales-ambientales\/#Schumannfrequenz\"><b>Espectro de frecuencia Schumann<\/b><\/a><\/p>\t\t\t\t\t\t\t\t<\/div>\n\t\t\t\t<\/div>\n\t\t\t\t\t<\/div>\n\t\t<\/div>\n\t\t\t\t\t<\/div>\n\t\t<\/section>\n\t\t\t\t<section class=\"elementor-section elementor-top-section elementor-element elementor-element-65120cdc elementor-section-boxed elementor-section-height-default elementor-section-height-default\" data-id=\"65120cdc\" data-element_type=\"section\" data-e-type=\"section\">\n\t\t\t\t\t\t<div class=\"elementor-container elementor-column-gap-default\">\n\t\t\t\t\t<div class=\"elementor-column elementor-col-100 elementor-top-column elementor-element elementor-element-28b9658c\" data-id=\"28b9658c\" data-element_type=\"column\" data-e-type=\"column\" data-settings=\"{&quot;background_background&quot;:&quot;classic&quot;}\">\n\t\t\t<div class=\"elementor-widget-wrap elementor-element-populated\">\n\t\t\t\t\t\t<div class=\"elementor-element elementor-element-7f3e3c0b elementor-widget elementor-widget-heading\" data-id=\"7f3e3c0b\" data-element_type=\"widget\" data-e-type=\"widget\" data-widget_type=\"heading.default\">\n\t\t\t\t<div class=\"elementor-widget-container\">\n\t\t\t\t\t<h2 class=\"elementor-heading-title elementor-size-default\">Estudio doble ciego<\/h2>\t\t\t\t<\/div>\n\t\t\t\t<\/div>\n\t\t\t\t<div class=\"elementor-element elementor-element-1c03cb58 elementor-widget elementor-widget-text-editor\" data-id=\"1c03cb58\" data-element_type=\"widget\" data-e-type=\"widget\" data-widget_type=\"text-editor.default\">\n\t\t\t\t<div class=\"elementor-widget-container\">\n\t\t\t\t\t\t\t\t\tEl estudio doble ciego, aleatorizado, controlado con placebo, que se llev\u00f3 a cabo con MEDICUR\u00ae desarrollado por Dr. Ludwig en el King&#039;s College Hospital de Londres en 2001, demostr\u00f3 la eficacia de 7,8 Hz para la osteoartritis de rodilla seg\u00fan criterios m\u00e9dicos convencionales. Si est\u00e1 interesado, puede descargar el estudio (en ingl\u00e9s), que se public\u00f3 en una revista revisada por pares, aqu\u00ed:\t\t\t\t\t\t\t\t<\/div>\n\t\t\t\t<\/div>\n\t\t\t\t<div class=\"elementor-element elementor-element-f254201 elementor-tabs-view-vertical elementor-widget elementor-widget-tabs\" data-id=\"f254201\" data-element_type=\"widget\" data-e-type=\"widget\" data-widget_type=\"tabs.default\">\n\t\t\t\t<div class=\"elementor-widget-container\">\n\t\t\t\t\t\t\t<div class=\"elementor-tabs\">\n\t\t\t<div class=\"elementor-tabs-wrapper\" role=\"tablist\" >\n\t\t\t\t\t\t\t\t\t<div id=\"elementor-tab-title-2541\" class=\"elementor-tab-title elementor-tab-desktop-title\" aria-selected=\"true\" data-tab=\"1\" role=\"tab\" tabindex=\"0\" aria-controls=\"elementor-tab-content-2541\" aria-expanded=\"false\">Ingl\u00e9s<\/div>\n\t\t\t\t\t\t\t<\/div>\n\t\t\t<div class=\"elementor-tabs-content-wrapper\" role=\"tablist\" aria-orientation=\"vertical\">\n\t\t\t\t\t\t\t\t\t<div class=\"elementor-tab-title elementor-tab-mobile-title\" aria-selected=\"true\" data-tab=\"1\" role=\"tab\" tabindex=\"0\" aria-controls=\"elementor-tab-content-2541\" aria-expanded=\"false\">Ingl\u00e9s<\/div>\n\t\t\t\t\t<div id=\"elementor-tab-content-2541\" class=\"elementor-tab-content elementor-clearfix\" data-tab=\"1\" role=\"tabpanel\" aria-labelledby=\"elementor-tab-title-2541\" tabindex=\"0\" hidden=\"false\"><ul>\n \t<li><strong><a href=\"https:\/\/www.ams-ag.de\/wp-content\/uploads\/2023\/06\/AMS_Doubleblind_study_Medicur.pdf\" target=\"_blank\" rel=\"noopener\">estudio doble ciego MEDICUR\u00ae (100 KB) es<\/a><\/strong><\/li>\n<\/ul><\/div>\n\t\t\t\t\t\t\t<\/div>\n\t\t<\/div>\n\t\t\t\t\t\t<\/div>\n\t\t\t\t<\/div>\n\t\t\t\t\t<\/div>\n\t\t<\/div>\n\t\t\t\t\t<\/div>\n\t\t<\/section>\n\t\t\t\t<section class=\"elementor-section elementor-top-section elementor-element elementor-element-b7bc0b8 elementor-section-boxed elementor-section-height-default elementor-section-height-default\" data-id=\"b7bc0b8\" data-element_type=\"section\" data-e-type=\"section\">\n\t\t\t\t\t\t<div class=\"elementor-container elementor-column-gap-default\">\n\t\t\t\t\t<div class=\"elementor-column elementor-col-100 elementor-top-column elementor-element elementor-element-42710d07\" data-id=\"42710d07\" data-element_type=\"column\" data-e-type=\"column\">\n\t\t\t<div class=\"elementor-widget-wrap elementor-element-populated\">\n\t\t\t\t\t\t<section class=\"elementor-section elementor-inner-section elementor-element elementor-element-4f5e64a3 elementor-section-boxed elementor-section-height-default elementor-section-height-default\" data-id=\"4f5e64a3\" data-element_type=\"section\" data-e-type=\"section\">\n\t\t\t\t\t\t<div class=\"elementor-container elementor-column-gap-default\">\n\t\t\t\t\t<div class=\"elementor-column elementor-col-100 elementor-inner-column elementor-element elementor-element-6675cf93\" data-id=\"6675cf93\" data-element_type=\"column\" data-e-type=\"column\">\n\t\t\t<div class=\"elementor-widget-wrap elementor-element-populated\">\n\t\t\t\t\t\t<div class=\"elementor-element elementor-element-cab1ce3 elementor-widget elementor-widget-heading\" data-id=\"cab1ce3\" data-element_type=\"widget\" data-e-type=\"widget\" data-widget_type=\"heading.default\">\n\t\t\t\t<div class=\"elementor-widget-container\">\n\t\t\t\t\t<h2 class=\"elementor-heading-title elementor-size-default\">Selecci\u00f3n de frecuencia<\/h2>\t\t\t\t<\/div>\n\t\t\t\t<\/div>\n\t\t\t\t<div class=\"elementor-element elementor-element-1b7e305c elementor-widget elementor-widget-text-editor\" data-id=\"1b7e305c\" data-element_type=\"widget\" data-e-type=\"widget\" data-widget_type=\"text-editor.default\">\n\t\t\t\t<div class=\"elementor-widget-container\">\n\t\t\t\t\t\t\t\t\t<p>Es importante encontrar la frecuencia adecuada para la aplicaci\u00f3n. En general, cualquier frecuencia puede ser adecuada para una aplicaci\u00f3n. Algunas frecuencias han demostrado ser \u00fatiles para determinadas situaciones. Por ejemplo, existen frecuencias estimulantes por un lado y aquellas que se utilizan m\u00e1s para relajarse por otro.<\/p><table class=\"contenttable contenttable-0\"><tbody><tr class=\"tr-even tr-0\"><td class=\"td-0\">7,8Hz<\/td><td class=\"td-1\">equilibrio<\/td><td class=\"td-last td-2\">Frecuencia para sentirse bien<\/td><\/tr><tr class=\"tr-odd tr-1\"><td class=\"td-0\">33Hz<\/td><td class=\"td-1\">estimulante<\/td><td class=\"td-last td-2\">caf\u00e9 electromagn\u00e9tico<\/td><\/tr><tr class=\"tr-even tr-2\"><td class=\"td-0\">3,0Hz<\/td><td class=\"td-1\">calmante<\/td><td class=\"td-last td-2\">lavanda electromagn\u00e9tica<\/td><\/tr><tr class=\"tr-odd tr-last\"><td class=\"td-0\">1,2Hz<\/td><td class=\"td-1\">relajante<\/td><td class=\"td-last td-2\">\u00fatil para la electrosensibilidad<\/td><\/tr><\/tbody><\/table>\t\t\t\t\t\t\t\t<\/div>\n\t\t\t\t<\/div>\n\t\t\t\t<div class=\"elementor-element elementor-element-cceb8bf elementor-widget elementor-widget-heading\" data-id=\"cceb8bf\" data-element_type=\"widget\" data-e-type=\"widget\" data-widget_type=\"heading.default\">\n\t\t\t\t<div class=\"elementor-widget-container\">\n\t\t\t\t\t<h2 class=\"elementor-heading-title elementor-size-default\">Dispositivos de campo magn\u00e9tico de Dr. Ludwig<\/h2>\t\t\t\t<\/div>\n\t\t\t\t<\/div>\n\t\t\t\t<div class=\"elementor-element elementor-element-07c05a2 elementor-widget elementor-widget-text-editor\" data-id=\"07c05a2\" data-element_type=\"widget\" data-e-type=\"widget\" data-widget_type=\"text-editor.default\">\n\t\t\t\t<div class=\"elementor-widget-container\">\n\t\t\t\t\t\t\t\t\t<p>Con los peque\u00f1os dispositivos a partir del Dr. Ludwig, seg\u00fan el modelo, se pueden seleccionar diferentes frecuencias preestablecidas para su uso. En cada dispositivo est\u00e1 disponible un ajuste para el valor principal del espectro de frecuencia Schumann, 7,8 Hz.<\/p>\n<p><a href=\"https:\/\/www.ams-ag.de\/es\/productos\/suministros-para-el-hogar\/pequenos-dispositivos\/\"><b>Peque\u00f1os accesorios<\/b><\/a><\/p>\n<p>Todos los dispositivos tambi\u00e9n contienen componentes que son informados por las frecuencias geomagn\u00e9ticas ya descritas, de modo que esta informaci\u00f3n es transportada con el campo magn\u00e9tico de cada frecuencia seleccionada.<\/p>\n<p>Algunos de los dispositivos peque\u00f1os (MEDICUR\u00aepro, METRONOM solar y METRONOM C) tambi\u00e9n contienen dos bobinas separadas que tambi\u00e9n emiten los siguientes espectros de frecuencia con cada frecuencia seleccionada:<\/p>\n<ul>\n<li>Frecuencias solares<\/li>\n<li>2000Hz (2KHz)<\/li>\n<\/ul>\n<p>Con el MEDICUR\u00aecolor, las frecuencias solares electromagn\u00e9ticas se emiten en diferentes espectros seg\u00fan la elecci\u00f3n del color.<\/p>\n<p>Los dispositivos grandes se pueden utilizar para configurar cualquier frecuencia entre 0,1 y 1000 Hz. Adem\u00e1s, se generan autom\u00e1ticamente las frecuencias geomagn\u00e9tica y solar.<\/p>\n<p><a href=\"https:\/\/www.ams-ag.de\/es\/productos\/terapeutas\/dispositivos-grandes\/\"><b>Grandes electrodom\u00e9sticos<\/b><\/a><\/p>\n<p>Llamamos a las frecuencias Schumann, geomagn\u00e9tica y solar los \u201cest\u00e1ndares biol\u00f3gicos\u201d. La descripci\u00f3n exacta de estas frecuencias se puede encontrar en el elemento del men\u00fa Se\u00f1ales ambientales.<\/p>\n<p><a href=\"https:\/\/www.ams-ag.de\/es\/conceptos-basicos-de-la-terapia-con-campos-magneticos\/terapia-de-campo-magnetico-y-medicina-bioinformativa\/senales-ambientales\/\"><b>Se\u00f1ales ambientales<\/b><\/a><\/p>\t\t\t\t\t\t\t\t<\/div>\n\t\t\t\t<\/div>\n\t\t\t\t<div class=\"elementor-element elementor-element-afa9feb elementor-widget elementor-widget-heading\" data-id=\"afa9feb\" data-element_type=\"widget\" data-e-type=\"widget\" data-widget_type=\"heading.default\">\n\t\t\t\t<div class=\"elementor-widget-container\">\n\t\t\t\t\t<h2 class=\"elementor-heading-title elementor-size-default\">Transferencia de informaci\u00f3n<\/h2>\t\t\t\t<\/div>\n\t\t\t\t<\/div>\n\t\t\t\t<div class=\"elementor-element elementor-element-e47b280 elementor-widget elementor-widget-text-editor\" data-id=\"e47b280\" data-element_type=\"widget\" data-e-type=\"widget\" data-widget_type=\"text-editor.default\">\n\t\t\t\t<div class=\"elementor-widget-container\">\n\t\t\t\t\t\t\t\t\t<p>Una propiedad de las ondas electromagn\u00e9ticas es su capacidad para absorber y transportar informaci\u00f3n. La onda electromagn\u00e9tica de nuestros dispositivos se puede utilizar como se\u00f1al de aplicaci\u00f3n pura con la frecuencia adecuada y tambi\u00e9n como onda portadora. Puede transportar informaci\u00f3n tanto ex\u00f3gena (cuerpo extra\u00f1o) como end\u00f3gena (propia del cuerpo).<\/p>\n<p>Los aparatos peque\u00f1os disponen para ello de un soporte para ampollas. Los dispositivos grandes ofrecen la opci\u00f3n de conectar una copa (MEDICUP) para la transmisi\u00f3n de informaci\u00f3n\/oscilaci\u00f3n del sustrato.<\/p>\n<p>Puedes leer sobre de qu\u00e9 se trata la oscilaci\u00f3n de sustratos e informaci\u00f3n aqu\u00ed:<\/p>\t\t\t\t\t\t\t\t<\/div>\n\t\t\t\t<\/div>\n\t\t\t\t\t<\/div>\n\t\t<\/div>\n\t\t\t\t\t<\/div>\n\t\t<\/section>\n\t\t\t\t\t<\/div>\n\t\t<\/div>\n\t\t\t\t\t<\/div>\n\t\t<\/section>\n\t\t\t\t<section class=\"elementor-section elementor-top-section elementor-element elementor-element-157b915 elementor-section-boxed elementor-section-height-default elementor-section-height-default\" data-id=\"157b915\" data-element_type=\"section\" data-e-type=\"section\" data-settings=\"{&quot;background_background&quot;:&quot;classic&quot;}\">\n\t\t\t\t\t\t<div class=\"elementor-container elementor-column-gap-default\">\n\t\t\t\t\t<div class=\"elementor-column elementor-col-100 elementor-top-column elementor-element elementor-element-a085a92\" data-id=\"a085a92\" data-element_type=\"column\" data-e-type=\"column\">\n\t\t\t<div class=\"elementor-widget-wrap elementor-element-populated\">\n\t\t\t\t\t\t<div class=\"elementor-element elementor-element-0b3fc97 elementor-align-right elementor-mobile-align-center elementor-widget elementor-widget-button\" data-id=\"0b3fc97\" data-element_type=\"widget\" data-e-type=\"widget\" data-widget_type=\"button.default\">\n\t\t\t\t<div class=\"elementor-widget-container\">\n\t\t\t\t\t\t\t\t\t<div class=\"elementor-button-wrapper\">\n\t\t\t\t\t<a class=\"elementor-button elementor-button-link elementor-size-sm\" href=\"https:\/\/www.ams-ag.de\/es\/grundlagen-magnetfeldtherapie\/magnetfeldtherapie-und-bioinformative-medizin\/substratuebertragung\/\">\n\t\t\t\t\t\t<span class=\"elementor-button-content-wrapper\">\n\t\t\t\t\t\t<span class=\"elementor-button-icon\">\n\t\t\t\t<i aria-hidden=\"true\" class=\"fas fa-arrow-right\"><\/i>\t\t\t<\/span>\n\t\t\t\t\t\t\t\t\t<span class=\"elementor-button-text\">Transferencia de sustrato<\/span>\n\t\t\t\t\t<\/span>\n\t\t\t\t\t<\/a>\n\t\t\t\t<\/div>\n\t\t\t\t\t\t\t\t<\/div>\n\t\t\t\t<\/div>\n\t\t\t\t\t<\/div>\n\t\t<\/div>\n\t\t\t\t\t<\/div>\n\t\t<\/section>\n\t\t\t\t<\/div>","protected":false},"excerpt":{"rendered":"<p>Frequenzen und Anwendungsm\u00f6glichkeiten Verbesserung der Regulationsf\u00e4higkeit Bereits im Altertum wurden Krankheiten mit sogenanntem &#8222;Magnetit&#8220; (nat\u00fcrlicher Magnet\u00adstein) erfolgreich behandelt. Das Prinzip ist einfach: Magnetfelder k\u00f6nnen die Regulations\u00adf\u00e4higkeit\u00a0verbessern und so zur Aktivierung [&hellip;]<\/p>\n","protected":false},"author":1,"featured_media":0,"parent":1426,"menu_order":4,"comment_status":"closed","ping_status":"closed","template":"","meta":{"pmpro_default_level":"","footnotes":""},"class_list":["post-1396","page","type-page","status-publish","hentry","pmpro-has-access"],"_links":{"self":[{"href":"https:\/\/www.ams-ag.de\/es\/wp-json\/wp\/v2\/pages\/1396","targetHints":{"allow":["GET"]}}],"collection":[{"href":"https:\/\/www.ams-ag.de\/es\/wp-json\/wp\/v2\/pages"}],"about":[{"href":"https:\/\/www.ams-ag.de\/es\/wp-json\/wp\/v2\/types\/page"}],"author":[{"embeddable":true,"href":"https:\/\/www.ams-ag.de\/es\/wp-json\/wp\/v2\/users\/1"}],"replies":[{"embeddable":true,"href":"https:\/\/www.ams-ag.de\/es\/wp-json\/wp\/v2\/comments?post=1396"}],"version-history":[{"count":33,"href":"https:\/\/www.ams-ag.de\/es\/wp-json\/wp\/v2\/pages\/1396\/revisions"}],"predecessor-version":[{"id":17233,"href":"https:\/\/www.ams-ag.de\/es\/wp-json\/wp\/v2\/pages\/1396\/revisions\/17233"}],"up":[{"embeddable":true,"href":"https:\/\/www.ams-ag.de\/es\/wp-json\/wp\/v2\/pages\/1426"}],"wp:attachment":[{"href":"https:\/\/www.ams-ag.de\/es\/wp-json\/wp\/v2\/media?parent=1396"}],"curies":[{"name":"wp","href":"https:\/\/api.w.org\/{rel}","templated":true}]}}