{"id":1390,"date":"2023-05-01T13:06:27","date_gmt":"2023-05-01T11:06:27","guid":{"rendered":"http:\/\/www.ams-ag.de\/?page_id=1390"},"modified":"2024-05-04T17:41:13","modified_gmt":"2024-05-04T15:41:13","slug":"fisica","status":"publish","type":"page","link":"https:\/\/www.ams-ag.de\/es\/grundlagen-magnetfeldtherapie\/magnetfeldtherapie-und-bioinformative-medizin\/physik\/","title":{"rendered":"f\u00edsica"},"content":{"rendered":"<div data-elementor-type=\"wp-page\" data-elementor-id=\"1390\" class=\"elementor elementor-1390\" data-elementor-post-type=\"page\">\n\t\t\t\t\t\t<section class=\"elementor-section elementor-top-section elementor-element elementor-element-0bf3d98 elementor-section-boxed elementor-section-height-default elementor-section-height-default\" data-id=\"0bf3d98\" data-element_type=\"section\" data-e-type=\"section\" data-settings=\"{&quot;background_background&quot;:&quot;classic&quot;}\">\n\t\t\t\t\t\t<div class=\"elementor-container elementor-column-gap-default\">\n\t\t\t\t\t<div class=\"elementor-column elementor-col-50 elementor-top-column elementor-element elementor-element-03f1c4a\" data-id=\"03f1c4a\" data-element_type=\"column\" data-e-type=\"column\">\n\t\t\t<div class=\"elementor-widget-wrap elementor-element-populated\">\n\t\t\t\t\t\t<div class=\"elementor-element elementor-element-39bb046 elementor-widget elementor-widget-image\" data-id=\"39bb046\" data-element_type=\"widget\" data-e-type=\"widget\" data-widget_type=\"image.default\">\n\t\t\t\t<div class=\"elementor-widget-container\">\n\t\t\t\t\t\t\t\t\t\t\t\t\t\t\t<img fetchpriority=\"high\" decoding=\"async\" width=\"768\" height=\"538\" src=\"https:\/\/www.ams-ag.de\/wp-content\/uploads\/2024\/02\/pexels-pixabay-60582-768x538.jpg\" class=\"attachment-medium_large size-medium_large wp-image-14386\" alt=\"\" srcset=\"https:\/\/www.ams-ag.de\/wp-content\/uploads\/2024\/02\/pexels-pixabay-60582-768x538.jpg 768w, https:\/\/www.ams-ag.de\/wp-content\/uploads\/2024\/02\/pexels-pixabay-60582-300x210.jpg 300w, https:\/\/www.ams-ag.de\/wp-content\/uploads\/2024\/02\/pexels-pixabay-60582-1461x1024.jpg 1461w, https:\/\/www.ams-ag.de\/wp-content\/uploads\/2024\/02\/pexels-pixabay-60582-1536x1077.jpg 1536w, https:\/\/www.ams-ag.de\/wp-content\/uploads\/2024\/02\/pexels-pixabay-60582-18x12.jpg 18w, https:\/\/www.ams-ag.de\/wp-content\/uploads\/2024\/02\/pexels-pixabay-60582.jpg 1920w\" sizes=\"(max-width: 768px) 100vw, 768px\" \/>\t\t\t\t\t\t\t\t\t\t\t\t\t\t\t<\/div>\n\t\t\t\t<\/div>\n\t\t\t\t\t<\/div>\n\t\t<\/div>\n\t\t\t\t<div class=\"elementor-column elementor-col-50 elementor-top-column elementor-element elementor-element-6555d40\" data-id=\"6555d40\" data-element_type=\"column\" data-e-type=\"column\">\n\t\t\t<div class=\"elementor-widget-wrap elementor-element-populated\">\n\t\t\t\t\t\t<div class=\"elementor-element elementor-element-4ac6ddc2 elementor-widget elementor-widget-heading\" data-id=\"4ac6ddc2\" data-element_type=\"widget\" data-e-type=\"widget\" data-widget_type=\"heading.default\">\n\t\t\t\t<div class=\"elementor-widget-container\">\n\t\t\t\t\t<h1 class=\"elementor-heading-title elementor-size-default\">F\u00edsico<\/br> Lo esencial<\/h1>\t\t\t\t<\/div>\n\t\t\t\t<\/div>\n\t\t\t\t\t<\/div>\n\t\t<\/div>\n\t\t\t\t\t<\/div>\n\t\t<\/section>\n\t\t\t\t<section class=\"elementor-section elementor-top-section elementor-element elementor-element-a1fb2f8 elementor-section-boxed elementor-section-height-default elementor-section-height-default\" data-id=\"a1fb2f8\" data-element_type=\"section\" data-e-type=\"section\">\n\t\t\t\t\t\t<div class=\"elementor-container elementor-column-gap-default\">\n\t\t\t\t\t<div class=\"elementor-column elementor-col-100 elementor-top-column elementor-element elementor-element-715ff52\" data-id=\"715ff52\" data-element_type=\"column\" data-e-type=\"column\">\n\t\t\t<div class=\"elementor-widget-wrap elementor-element-populated\">\n\t\t\t\t\t\t<div class=\"elementor-element elementor-element-42cdfd8 elementor-widget elementor-widget-heading\" data-id=\"42cdfd8\" data-element_type=\"widget\" data-e-type=\"widget\" data-widget_type=\"heading.default\">\n\t\t\t\t<div class=\"elementor-widget-container\">\n\t\t\t\t\t<h2 class=\"elementor-heading-title elementor-size-default\">campos electromagn\u00e9ticos<\/h2>\t\t\t\t<\/div>\n\t\t\t\t<\/div>\n\t\t\t\t<div class=\"elementor-element elementor-element-3c25946 elementor-widget elementor-widget-text-editor\" data-id=\"3c25946\" data-element_type=\"widget\" data-e-type=\"widget\" data-widget_type=\"text-editor.default\">\n\t\t\t\t<div class=\"elementor-widget-container\">\n\t\t\t\t\t\t\t\t\t<p>\u00bfQu\u00e9 es eso en realidad? \u00bfY d\u00f3nde est\u00e1n?<\/p>\n<p>El cosmos, todos los organismos vivos, las personas, los animales y las plantas se componen s\u00f3lo de una milmillon\u00e9sima parte de materia s\u00f3lida, los n\u00facleos at\u00f3micos y los electrones que los rodean. En medio hay un gran espacio que parece \u201cvac\u00edo\u201d, pero que est\u00e1 lleno de ondas electromagn\u00e9ticas. Estos campos electromagn\u00e9ticos se comunican entre s\u00ed y con el mundo exterior.<\/p>\t\t\t\t\t\t\t\t<\/div>\n\t\t\t\t<\/div>\n\t\t\t\t\t<\/div>\n\t\t<\/div>\n\t\t\t\t\t<\/div>\n\t\t<\/section>\n\t\t\t\t<section class=\"elementor-section elementor-top-section elementor-element elementor-element-78e8d74 elementor-section-boxed elementor-section-height-default elementor-section-height-default\" data-id=\"78e8d74\" data-element_type=\"section\" data-e-type=\"section\">\n\t\t\t\t\t\t<div class=\"elementor-container elementor-column-gap-default\">\n\t\t\t\t\t<div class=\"elementor-column elementor-col-100 elementor-top-column elementor-element elementor-element-ba99030\" data-id=\"ba99030\" data-element_type=\"column\" data-e-type=\"column\">\n\t\t\t<div class=\"elementor-widget-wrap elementor-element-populated\">\n\t\t\t\t\t\t<div class=\"elementor-element elementor-element-5d44fbf elementor-widget elementor-widget-heading\" data-id=\"5d44fbf\" data-element_type=\"widget\" data-e-type=\"widget\" data-widget_type=\"heading.default\">\n\t\t\t\t<div class=\"elementor-widget-container\">\n\t\t\t\t\t<h2 class=\"elementor-heading-title elementor-size-default\">Investigaci\u00f3n<\/h2>\t\t\t\t<\/div>\n\t\t\t\t<\/div>\n\t\t\t\t<div class=\"elementor-element elementor-element-479cd60 elementor-widget elementor-widget-text-editor\" data-id=\"479cd60\" data-element_type=\"widget\" data-e-type=\"widget\" data-widget_type=\"text-editor.default\">\n\t\t\t\t<div class=\"elementor-widget-container\">\n\t\t\t\t\t\t\t\t\t<p>En su obra cl\u00e1sica \u201cMedicina Informativa\u201d, el f\u00edsico Dr. W. Ludwig escribe:<\/p><p>&quot;La f\u00edsica cu\u00e1ntica ha demostrado que los cuantos vibratorios (cuantos de interacci\u00f3n, especialmente fotones) est\u00e1n por encima de la materia y influyen en ella&quot;.<\/p><p>El premio Nobel Carlo Rubia (Premio Nobel 1984), director general del acelerador de part\u00edculas CERN cerca de Ginebra, lo expres\u00f3 muy claramente: \u201cNormalmente miramos la materia s\u00f3lo porque podemos verla y tocarla. Sin embargo, los cuantos de interacci\u00f3n que mantienen unida la materia y la controlan son mucho m\u00e1s importantes\u201d.<\/p><p>Amplios experimentos realizados por el Prof. FA Popp pudieron demostrar que una c\u00e9lula que muere libera repentinamente su luz y env\u00eda la informaci\u00f3n estructural modulada al vecindario para que pueda surgir una nueva c\u00e9lula con la misma estructura.<\/p><p>Las c\u00e9lulas se comunican a trav\u00e9s de la luz; esta luz se llama biofotones. El nivel de interacci\u00f3n, es decir, el nivel de biofotones, es superior a la materia y la controla, por lo que todos los procesos de la vida se llevan a cabo mediante biofotones.<\/p>\t\t\t\t\t\t\t\t<\/div>\n\t\t\t\t<\/div>\n\t\t\t\t\t<\/div>\n\t\t<\/div>\n\t\t\t\t\t<\/div>\n\t\t<\/section>\n\t\t\t\t<section class=\"elementor-section elementor-top-section elementor-element elementor-element-e68fd83 elementor-section-boxed elementor-section-height-default elementor-section-height-default\" data-id=\"e68fd83\" data-element_type=\"section\" data-e-type=\"section\">\n\t\t\t\t\t\t<div class=\"elementor-container elementor-column-gap-default\">\n\t\t\t\t\t<div class=\"elementor-column elementor-col-100 elementor-top-column elementor-element elementor-element-3316c51\" data-id=\"3316c51\" data-element_type=\"column\" data-e-type=\"column\">\n\t\t\t<div class=\"elementor-widget-wrap elementor-element-populated\">\n\t\t\t\t\t\t<div class=\"elementor-element elementor-element-617d23e elementor-widget elementor-widget-heading\" data-id=\"617d23e\" data-element_type=\"widget\" data-e-type=\"widget\" data-widget_type=\"heading.default\">\n\t\t\t\t<div class=\"elementor-widget-container\">\n\t\t\t\t\t<h2 class=\"elementor-heading-title elementor-size-default\">Dr. W. Ludwig<\/h2>\t\t\t\t<\/div>\n\t\t\t\t<\/div>\n\t\t\t\t<div class=\"elementor-element elementor-element-4ace5f8 elementor-widget elementor-widget-text-editor\" data-id=\"4ace5f8\" data-element_type=\"widget\" data-e-type=\"widget\" data-widget_type=\"text-editor.default\">\n\t\t\t\t<div class=\"elementor-widget-container\">\n\t\t\t\t\t\t\t\t\t<p>Dr. W. Ludwig (1927 \u2013 2004) busc\u00f3 utilizar un dispositivo para generar ondas electromagn\u00e9ticas que pudieran ser entendidas por el cuerpo. Deber\u00edan seguir el modelo de la naturaleza intacta. S\u00f3lo as\u00ed pueden provocar una reacci\u00f3n en el organismo. Por eso examin\u00f3 las se\u00f1ales fisiol\u00f3gicas ambientales que nos rodean (frecuencia Schumann, frecuencias geomagn\u00e9ticas y solares). Para su tesis doctoral se centr\u00f3 en la influencia de los campos electromagn\u00e9ticos en el sistema nervioso.<\/p>\t\t\t\t\t\t\t\t<\/div>\n\t\t\t\t<\/div>\n\t\t\t\t\t<\/div>\n\t\t<\/div>\n\t\t\t\t\t<\/div>\n\t\t<\/section>\n\t\t\t\t<section class=\"elementor-section elementor-top-section elementor-element elementor-element-e554997 elementor-section-boxed elementor-section-height-default elementor-section-height-default\" data-id=\"e554997\" data-element_type=\"section\" data-e-type=\"section\" data-settings=\"{&quot;background_background&quot;:&quot;classic&quot;}\">\n\t\t\t\t\t\t<div class=\"elementor-container elementor-column-gap-default\">\n\t\t\t\t\t<div class=\"elementor-column elementor-col-100 elementor-top-column elementor-element elementor-element-b1c07e6\" data-id=\"b1c07e6\" data-element_type=\"column\" data-e-type=\"column\">\n\t\t\t<div class=\"elementor-widget-wrap elementor-element-populated\">\n\t\t\t\t\t\t<div class=\"elementor-element elementor-element-0a85bab elementor-align-right elementor-mobile-align-center elementor-widget elementor-widget-button\" data-id=\"0a85bab\" data-element_type=\"widget\" data-e-type=\"widget\" data-widget_type=\"button.default\">\n\t\t\t\t<div class=\"elementor-widget-container\">\n\t\t\t\t\t\t\t\t\t<div class=\"elementor-button-wrapper\">\n\t\t\t\t\t<a class=\"elementor-button elementor-button-link elementor-size-sm\" href=\"https:\/\/www.ams-ag.de\/es\/grundlagen-magnetfeldtherapie\/magnetfeldtherapie-und-bioinformative-medizin\/umweltsignale\/\">\n\t\t\t\t\t\t<span class=\"elementor-button-content-wrapper\">\n\t\t\t\t\t\t<span class=\"elementor-button-icon\">\n\t\t\t\t<i aria-hidden=\"true\" class=\"fas fa-arrow-right\"><\/i>\t\t\t<\/span>\n\t\t\t\t\t\t\t\t\t<span class=\"elementor-button-text\">Se\u00f1ales ambientales<\/span>\n\t\t\t\t\t<\/span>\n\t\t\t\t\t<\/a>\n\t\t\t\t<\/div>\n\t\t\t\t\t\t\t\t<\/div>\n\t\t\t\t<\/div>\n\t\t\t\t\t<\/div>\n\t\t<\/div>\n\t\t\t\t\t<\/div>\n\t\t<\/section>\n\t\t\t\t<\/div>","protected":false},"excerpt":{"rendered":"<p>Physikalische Grundlagen Elektromagnetische Felder Was ist das eigentlich? Und wo befinden sie sich? Der Kosmos, alle lebenden Organismen, Menschen, Tiere und Pflanzen bestehen nur aus einem milliardsten Teil fester Materie, [&hellip;]<\/p>\n","protected":false},"author":1,"featured_media":0,"parent":1426,"menu_order":1,"comment_status":"closed","ping_status":"closed","template":"","meta":{"pmpro_default_level":"","footnotes":""},"class_list":["post-1390","page","type-page","status-publish","hentry","pmpro-has-access"],"_links":{"self":[{"href":"https:\/\/www.ams-ag.de\/es\/wp-json\/wp\/v2\/pages\/1390","targetHints":{"allow":["GET"]}}],"collection":[{"href":"https:\/\/www.ams-ag.de\/es\/wp-json\/wp\/v2\/pages"}],"about":[{"href":"https:\/\/www.ams-ag.de\/es\/wp-json\/wp\/v2\/types\/page"}],"author":[{"embeddable":true,"href":"https:\/\/www.ams-ag.de\/es\/wp-json\/wp\/v2\/users\/1"}],"replies":[{"embeddable":true,"href":"https:\/\/www.ams-ag.de\/es\/wp-json\/wp\/v2\/comments?post=1390"}],"version-history":[{"count":12,"href":"https:\/\/www.ams-ag.de\/es\/wp-json\/wp\/v2\/pages\/1390\/revisions"}],"predecessor-version":[{"id":16111,"href":"https:\/\/www.ams-ag.de\/es\/wp-json\/wp\/v2\/pages\/1390\/revisions\/16111"}],"up":[{"embeddable":true,"href":"https:\/\/www.ams-ag.de\/es\/wp-json\/wp\/v2\/pages\/1426"}],"wp:attachment":[{"href":"https:\/\/www.ams-ag.de\/es\/wp-json\/wp\/v2\/media?parent=1390"}],"curies":[{"name":"wp","href":"https:\/\/api.w.org\/{rel}","templated":true}]}}