{"id":4805,"date":"2023-09-18T19:43:07","date_gmt":"2023-09-18T17:43:07","guid":{"rendered":"http:\/\/www.ams-ag.de\/?page_id=4805"},"modified":"2024-05-16T23:16:10","modified_gmt":"2024-05-16T21:16:10","slug":"products","status":"publish","type":"page","link":"https:\/\/www.ams-ag.de\/en\/produkte\/","title":{"rendered":"Products"},"content":{"rendered":"\t\t<div data-elementor-type=\"wp-page\" data-elementor-id=\"4805\" class=\"elementor elementor-4805\" data-elementor-post-type=\"page\">\n\t\t\t\t\t\t<section class=\"elementor-section elementor-top-section elementor-element elementor-element-e850fe7 elementor-section-boxed elementor-section-height-default elementor-section-height-default\" data-id=\"e850fe7\" data-element_type=\"section\" data-e-type=\"section\">\n\t\t\t\t\t\t<div class=\"elementor-container elementor-column-gap-default\">\n\t\t\t\t\t<div class=\"elementor-column elementor-col-100 elementor-top-column elementor-element elementor-element-4414688\" data-id=\"4414688\" data-element_type=\"column\" data-e-type=\"column\">\n\t\t\t<div class=\"elementor-widget-wrap elementor-element-populated\">\n\t\t\t\t\t\t<div class=\"elementor-element elementor-element-123b9f2c elementor-widget elementor-widget-heading\" data-id=\"123b9f2c\" data-element_type=\"widget\" data-e-type=\"widget\" data-widget_type=\"heading.default\">\n\t\t\t\t<div class=\"elementor-widget-container\">\n\t\t\t\t\t<h1 class=\"elementor-heading-title elementor-size-default\">Unsere Produkte<\/h1>\t\t\t\t<\/div>\n\t\t\t\t<\/div>\n\t\t\t\t<div class=\"elementor-element elementor-element-0712073 elementor-widget elementor-widget-text-editor\" data-id=\"0712073\" data-element_type=\"widget\" data-e-type=\"widget\" data-widget_type=\"text-editor.default\">\n\t\t\t\t<div class=\"elementor-widget-container\">\n\t\t\t\t\t\t\t\t\tUnsere Webseite ist in\u00a0drei verschiedene Bereiche\u00a0aufgeteilt &#8211; Sie finden Produkte und Informationen f\u00fcr:\t\t\t\t\t\t\t\t<\/div>\n\t\t\t\t<\/div>\n\t\t\t\t<div class=\"elementor-element elementor-element-56cf945 elementor-position-left elementor-vertical-align-middle elementor-widget elementor-widget-image-box\" data-id=\"56cf945\" data-element_type=\"widget\" data-e-type=\"widget\" data-widget_type=\"image-box.default\">\n\t\t\t\t<div class=\"elementor-widget-container\">\n\t\t\t\t\t<div class=\"elementor-image-box-wrapper\"><figure class=\"elementor-image-box-img\"><a href=\"https:\/\/www.ams-ag.de\/produkte\/heimbedarf\/\" tabindex=\"-1\"><img fetchpriority=\"high\" decoding=\"async\" width=\"768\" height=\"512\" src=\"https:\/\/www.ams-ag.de\/wp-content\/uploads\/2023\/12\/jonathan-borba-DUrU_bZV8So-unsplash-768x512.jpg\" class=\"attachment-medium_large size-medium_large wp-image-11632\" alt=\"\" srcset=\"https:\/\/www.ams-ag.de\/wp-content\/uploads\/2023\/12\/jonathan-borba-DUrU_bZV8So-unsplash-768x512.jpg 768w, https:\/\/www.ams-ag.de\/wp-content\/uploads\/2023\/12\/jonathan-borba-DUrU_bZV8So-unsplash-300x200.jpg 300w, https:\/\/www.ams-ag.de\/wp-content\/uploads\/2023\/12\/jonathan-borba-DUrU_bZV8So-unsplash-1536x1024.jpg 1536w, https:\/\/www.ams-ag.de\/wp-content\/uploads\/2023\/12\/jonathan-borba-DUrU_bZV8So-unsplash.jpg 1920w\" sizes=\"(max-width: 768px) 100vw, 768px\" \/><\/a><\/figure><div class=\"elementor-image-box-content\"><h2 class=\"elementor-image-box-title\"><a href=\"https:\/\/www.ams-ag.de\/produkte\/heimbedarf\/\">Privatpersonen<\/a><\/h2><p class=\"elementor-image-box-description\">Der Schwerpunkt dieser Kategorie liegt in den\u00a0Kleinger\u00e4ten f\u00fcr zu Hause\u00a0und unterwegs. Selbstverst\u00e4ndlich finden Sie auch passendes Zubeh\u00f6r und andere Produkte wie z.B. unser Wasseraufbereitungsger\u00e4t und mehr.<\/p><\/div><\/div>\t\t\t\t<\/div>\n\t\t\t\t<\/div>\n\t\t\t\t<section class=\"elementor-section elementor-inner-section elementor-element elementor-element-223b9b3 elementor-section-boxed elementor-section-height-default elementor-section-height-default\" data-id=\"223b9b3\" data-element_type=\"section\" data-e-type=\"section\">\n\t\t\t\t\t\t<div class=\"elementor-container elementor-column-gap-default\">\n\t\t\t\t\t<div class=\"elementor-column elementor-col-100 elementor-inner-column elementor-element elementor-element-5f4b966\" data-id=\"5f4b966\" data-element_type=\"column\" data-e-type=\"column\">\n\t\t\t<div class=\"elementor-widget-wrap elementor-element-populated\">\n\t\t\t\t\t\t<div class=\"elementor-element elementor-element-e7b9e1f elementor-position-left elementor-vertical-align-middle elementor-widget elementor-widget-image-box\" data-id=\"e7b9e1f\" data-element_type=\"widget\" data-e-type=\"widget\" data-widget_type=\"image-box.default\">\n\t\t\t\t<div class=\"elementor-widget-container\">\n\t\t\t\t\t<div class=\"elementor-image-box-wrapper\"><figure class=\"elementor-image-box-img\"><img decoding=\"async\" width=\"768\" height=\"512\" src=\"https:\/\/www.ams-ag.de\/wp-content\/uploads\/2023\/12\/pexels-gustavo-fring-5888095-768x512.jpg\" class=\"attachment-medium_large size-medium_large wp-image-11637\" alt=\"\" srcset=\"https:\/\/www.ams-ag.de\/wp-content\/uploads\/2023\/12\/pexels-gustavo-fring-5888095-768x512.jpg 768w, https:\/\/www.ams-ag.de\/wp-content\/uploads\/2023\/12\/pexels-gustavo-fring-5888095-300x200.jpg 300w, https:\/\/www.ams-ag.de\/wp-content\/uploads\/2023\/12\/pexels-gustavo-fring-5888095-1536x1024.jpg 1536w, https:\/\/www.ams-ag.de\/wp-content\/uploads\/2023\/12\/pexels-gustavo-fring-5888095.jpg 1920w\" sizes=\"(max-width: 768px) 100vw, 768px\" \/><\/figure><div class=\"elementor-image-box-content\"><h2 class=\"elementor-image-box-title\">Therapeuten (gesch\u00fctzter Inhalt)<\/h2><p class=\"elementor-image-box-description\">Schwerpunkt dieser Kategorie sind die&nbsp;Gro\u00dfger\u00e4te f\u00fcr die Praxis, besonders unsere&nbsp;MEDISEND\u00aesuper-Reihe. Sie finden auch Ger\u00e4te zum Kopieren, Digitalisieren und Speichern von Pr\u00e4paraten sowie Zubeh\u00f6r und mehr.<\/p><\/div><\/div>\t\t\t\t<\/div>\n\t\t\t\t<\/div>\n\t\t\t\t<div class=\"elementor-element elementor-element-4f3d7d8 elementor-position-left elementor-vertical-align-middle elementor-widget elementor-widget-image-box\" data-id=\"4f3d7d8\" data-element_type=\"widget\" data-e-type=\"widget\" data-widget_type=\"image-box.default\">\n\t\t\t\t<div class=\"elementor-widget-container\">\n\t\t\t\t\t<div class=\"elementor-image-box-wrapper\"><figure class=\"elementor-image-box-img\"><img decoding=\"async\" width=\"768\" height=\"512\" src=\"https:\/\/www.ams-ag.de\/wp-content\/uploads\/2023\/12\/pexels-tima-miroshnichenko-6234618-768x512.jpg\" class=\"attachment-medium_large size-medium_large wp-image-11639\" alt=\"\" srcset=\"https:\/\/www.ams-ag.de\/wp-content\/uploads\/2023\/12\/pexels-tima-miroshnichenko-6234618-768x512.jpg 768w, https:\/\/www.ams-ag.de\/wp-content\/uploads\/2023\/12\/pexels-tima-miroshnichenko-6234618-300x200.jpg 300w, https:\/\/www.ams-ag.de\/wp-content\/uploads\/2023\/12\/pexels-tima-miroshnichenko-6234618-1536x1024.jpg 1536w, https:\/\/www.ams-ag.de\/wp-content\/uploads\/2023\/12\/pexels-tima-miroshnichenko-6234618.jpg 1920w\" sizes=\"(max-width: 768px) 100vw, 768px\" \/><\/figure><div class=\"elementor-image-box-content\"><h2 class=\"elementor-image-box-title\">Tiertherapeuten (gesch\u00fctzter Inhalt)<\/h2><p class=\"elementor-image-box-description\">Unsere Kategorie f\u00fcr Therapeuten in einer\u00a0Tierpraxis unterscheidet sich nur geringf\u00fcgig von jener f\u00fcr die Human-Therapeuten. Es handelt sich grunds\u00e4tzlich um die gleichen Ger\u00e4te und Vorgehensweisen. Jedoch gibt es hier und da Hinweise oder Zusatzteile, welche sich speziell f\u00fcr die Anwendung an Tieren eignen.<\/p><\/div><\/div>\t\t\t\t<\/div>\n\t\t\t\t<\/div>\n\t\t\t\t\t<\/div>\n\t\t<\/div>\n\t\t\t\t\t<\/div>\n\t\t<\/section>\n\t\t\t\t<div class=\"elementor-element elementor-element-76768a5 elementor-widget-divider--view-line elementor-widget elementor-widget-divider\" data-id=\"76768a5\" data-element_type=\"widget\" data-e-type=\"widget\" data-widget_type=\"divider.default\">\n\t\t\t\t<div class=\"elementor-widget-container\">\n\t\t\t\t\t\t\t<div class=\"elementor-divider\">\n\t\t\t<span class=\"elementor-divider-separator\">\n\t\t\t\t\t\t<\/span>\n\t\t<\/div>\n\t\t\t\t\t\t<\/div>\n\t\t\t\t<\/div>\n\t\t\t\t<div class=\"elementor-element elementor-element-2926392 elementor-widget elementor-widget-text-editor\" data-id=\"2926392\" data-element_type=\"widget\" data-e-type=\"widget\" data-widget_type=\"text-editor.default\">\n\t\t\t\t<div class=\"elementor-widget-container\">\n\t\t\t\t\t\t\t\t\t<p>Der Bereich f\u00fcr den Heimgebrauch ist\u00a0\u00f6ffentlich f\u00fcr alle Internetnutzer zug\u00e4nglich. Als Angeh\u00f6riger eines Fachkreises k\u00f6nnen sie hier Passwort und den Benutzernamen anfordern, um die gesch\u00fctzten Inhalte zu sehen:<\/p><p><a href=\"https:\/\/www.ams-ag.de\/kontakt\/login-beantragen\/\"><b>Login beantragen<\/b><\/a><\/p>\t\t\t\t\t\t\t\t<\/div>\n\t\t\t\t<\/div>\n\t\t\t\t<section class=\"elementor-section elementor-inner-section elementor-element elementor-element-01bb143 elementor-section-boxed elementor-section-height-default elementor-section-height-default\" data-id=\"01bb143\" data-element_type=\"section\" data-e-type=\"section\">\n\t\t\t\t\t\t<div class=\"elementor-container elementor-column-gap-default\">\n\t\t\t\t\t<div class=\"elementor-column elementor-col-100 elementor-inner-column elementor-element elementor-element-3955c97\" data-id=\"3955c97\" data-element_type=\"column\" data-e-type=\"column\">\n\t\t\t<div class=\"elementor-widget-wrap elementor-element-populated\">\n\t\t\t\t\t\t<div class=\"elementor-element elementor-element-05389ca elementor-widget elementor-widget-wp-widget-pmpro-member-login\" data-id=\"05389ca\" data-element_type=\"widget\" data-e-type=\"widget\" data-widget_type=\"wp-widget-pmpro-member-login.default\">\n\t\t\t\t<div class=\"elementor-widget-container\">\n\t\t\t\t\t\t\t\n\t\t\n\t\t\n\t<div class=\"pmpro\">\n\t\t<section id=\"pmpro_login\" class=\"pmpro_section\">\n\t\t\t\t\t\t\t\t\t\t<div class=\"pmpro_card pmpro_login_wrap\">\n\t\t\t\t\t\t\t\t<h3 class=\"pmpro_card_title pmpro_font-large\">Log In<\/h3>\t\t\t\t\t\t\t\t<div class=\"pmpro_card_content\">\n\t\t\t\t\t\t\t\t\t<form name=\"loginform\" id=\"loginform\" action=\"https:\/\/www.ams-ag.de\/wp-login.php\" method=\"post\"><input type=\"hidden\" name=\"pmpro_login_form_used\" value=\"1\" \/><p class=\"login-username\">\n\t\t\t\t<label for=\"user_login\">Username or Email Address<\/label>\n\t\t\t\t<input type=\"text\" name=\"log\" id=\"user_login\" autocomplete=\"username\" class=\"input\" value=\"\" size=\"20\" \/>\n\t\t\t<\/p><p class=\"login-password\">\n\t\t\t\t<label for=\"user_pass\">Password<\/label>\n\t\t\t\t<input type=\"password\" name=\"pwd\" id=\"user_pass\" autocomplete=\"current-password\" spellcheck=\"false\" class=\"input\" value=\"\" size=\"20\" \/>\n\t\t\t<\/p><p class=\"login-remember\"><label><input name=\"rememberme\" type=\"checkbox\" id=\"rememberme\" value=\"forever\" \/> Remember Me<\/label><\/p><p class=\"login-submit\">\n\t\t\t\t<input type=\"submit\" name=\"wp-submit\" id=\"wp-submit\" class=\"button button-primary\" value=\"Log In\" \/>\n\t\t\t\t<input type=\"hidden\" name=\"redirect_to\" value=\"https:\/\/www.ams-ag.de\/en\/wp-json\/wp\/v2\/pages\/4805\" \/>\n\t\t\t<\/p><\/form>\t<div class=\"pmpro_form_field-password-toggle\">\n\t\t<button type=\"button\" id=\"pmpro_btn-password-toggle-1\" class=\"pmpro_btn pmpro_btn-plain hide-if-no-js\" data-toggle=\"0\">\n\t\t\t<span class=\"pmpro_icon pmpro_icon-eye\" aria-hidden=\"true\"><svg xmlns=\"http:\/\/www.w3.org\/2000\/svg\" width=\"20\" height=\"20\" viewBox=\"0 0 24 24\" fill=\"none\" stroke=\"var(--pmpro--color--accent)\" stroke-width=\"2\" stroke-linecap=\"round\" stroke-linejoin=\"round\" class=\"feather feather-eye\"><path d=\"M1 12s4-8 11-8 11 8 11 8-4 8-11 8-11-8-11-8z\"><\/path><circle cx=\"12\" cy=\"12\" r=\"3\"><\/circle><\/svg><\/span>\n\t\t\t<span class=\"pmpro_form_field-password-toggle-state\">Show Password<\/span>\n\t\t<\/button>\n\t<\/div>\n\t<script>\n\t\t\/\/ Password visibility toggle (wp_login_form instance).\n\t\t(function() {\n\t\t\tconst toggleButton = document.querySelectorAll('#pmpro_btn-password-toggle-1')[0];\n\t\t\tconst toggleWrapper = toggleButton.closest('.pmpro_form_field-password-toggle');\n\t\t\tconst loginForm = toggleWrapper.previousElementSibling;\n\t\t\tconst passwordParagraph = loginForm.querySelector('.login-password');\n\t\t\tconst passwordInput = loginForm.querySelector('#user_pass');\n\n\t\t\tpasswordParagraph.appendChild(toggleWrapper);\n\t\t\ttoggleButton.classList.remove('hide-if-no-js');\n\t\t\ttoggleButton.addEventListener('click', togglePassword);\n\n\t\t\tfunction togglePassword() {\n\t\t\t\tconst status = this.getAttribute('data-toggle');\n\t\t\t\tconst passwordInputs = document.querySelectorAll('#user_pass');\n\t\t\t\tconst icon = this.getElementsByClassName('pmpro_icon')[0];\n\t\t\t\tconst state = this.getElementsByClassName('pmpro_form_field-password-toggle-state')[0];\n\n\t\t\t\tif (parseInt(status, 10) === 0) {\n\t\t\t\t\tthis.setAttribute('data-toggle', 1);\n\t\t\t\t\tpasswordInput.setAttribute( 'type', 'text' );\n\t\t\t\t\ticon.innerHTML = `\n\t\t\t\t\t\t<svg xmlns=\"http:\/\/www.w3.org\/2000\/svg\" width=\"20\" height=\"20\" viewBox=\"0 0 24 24\" fill=\"none\" stroke=\"var(--pmpro--color--accent)\" stroke-width=\"2\" stroke-linecap=\"round\" stroke-linejoin=\"round\" class=\"feather feather-eye-off\">\n\t\t\t\t\t\t\t<path d=\"M17.94 17.94A10.07 10.07 0 0 1 12 20c-7 0-11-8-11-8a18.45 18.45 0 0 1 5.06-5.94M9.9 4.24A9.12 9.12 0 0 1 12 4c7 0 11 8 11 8a18.5 18.5 0 0 1-2.16 3.19m-6.72-1.07a3 3 0 1 1-4.24-4.24\"><\/path>\n\t\t\t\t\t\t\t<line x1=\"1\" y1=\"1\" x2=\"23\" y2=\"23\"><\/line>\n\t\t\t\t\t\t<\/svg>`;\n\t\t\t\t\tstate.textContent = 'Hide Password';\n\t\t\t\t} else {\n\t\t\t\t\tthis.setAttribute('data-toggle', 0);\n\t\t\t\t\tpasswordInput.setAttribute( 'type', 'password' );\n\t\t\t\t\ticon.innerHTML = `\n\t\t\t\t\t\t<svg xmlns=\"http:\/\/www.w3.org\/2000\/svg\" width=\"20\" height=\"20\" viewBox=\"0 0 24 24\" fill=\"none\" stroke=\"var(--pmpro--color--accent)\" stroke-width=\"2\" stroke-linecap=\"round\" stroke-linejoin=\"round\" class=\"feather feather-eye\">\n\t\t\t\t\t\t\t<path d=\"M1 12s4-8 11-8 11 8 11 8-4 8-11 8-11-8-11-8z\"><\/path>\n\t\t\t\t\t\t\t<circle cx=\"12\" cy=\"12\" r=\"3\"><\/circle>\n\t\t\t\t\t\t<\/svg>`;\n\t\t\t\t\tstate.textContent = 'Show Password';\n\t\t\t\t}\n\t\t\t}\n\t\t})();\n\t<\/script>\n\t\t\t\t\t\t\t\t\t<\/div> <!-- end pmpro_card_content -->\n\t\t\t\t\t\t\t\t<div class=\"pmpro_card_actions\">\n\t\t\t\t\t\t\t\t\t\t<div class=\"pmpro_actions_nav\">\n\t\t<a href=\"https:\/\/www.ams-ag.de\/en\/login\/?action=reset_pass\">Lost Password?<\/a>\t<\/div> <!-- end pmpro_actions_nav -->\n\t\t\t\t\t\t\t\t\t<\/div> <!-- end pmpro_card_actions -->\n\t\t\t\t\t\t\t<\/div> <!-- end pmpro_login_wrap -->\n\t\t\t\t\t\t\t\n\t\t\t\t\t\t\t\t\t<\/section> <!-- end pmpro_login -->\n\t<\/div> <!-- end pmpro -->\n\t\t\t\t\t<\/div>\n\t\t\t\t<\/div>\n\t\t\t\t<div class=\"elementor-element elementor-element-c757074 elementor-widget elementor-widget-text-editor\" data-id=\"c757074\" data-element_type=\"widget\" data-e-type=\"widget\" data-widget_type=\"text-editor.default\">\n\t\t\t\t<div class=\"elementor-widget-container\">\n\t\t\t\t\t\t\t\t\t<p><b>Liebe Webseiten-Besucher<\/b>,<\/p>\n<p>leider d\u00fcrfen wir auf dieser Webseite nicht alle Inhalte \u00f6ffentlich zug\u00e4nglich machen:<br>\nFachspezifische Informationen&nbsp;befinden sich ausschlie\u00dflich in&nbsp;gesch\u00fctzten Bereichen der Webseite. Sie d\u00fcrfen laut \u00a711 des Heilmittelwerbegesetzes nur&nbsp;Fachkreisen&nbsp;zug\u00e4nglich gemacht werden.<\/p>\n<p><b>Fachkreise im Sinne des Gesetzes sind:<\/b><\/p>\n<ul>\n<li>Angeh\u00f6rige der Heilberufe oder des Heilgewerbes<\/li>\n<li>Einrichtungen, die der Gesundheit von Mensch oder Tier dienen<\/li>\n<li>sonstige Personen, soweit sie mit Arzneimitteln, Verfahren, Behandlungen, Gegenst\u00e4nden oder anderen Mitteln erlaubterweise Handel treiben oder in Aus\u00fcbung ihres Berufes anwenden<\/li>\n<\/ul>\n<p><b>Darunter fallen z.B.:<\/b><\/p>\n<ul>\n<li>\u00c4rzte jeder Fachrichtung<\/li>\n<li>Heilpraktiker (auch Anw\u00e4rter)<\/li>\n<li>Physiotherapeuten<\/li>\n<li>Gesundheitsberater<\/li>\n<li>Apotheker<\/li>\n<li>Gewerbetreibende im medizinischen Sektor<\/li>\n<li>usw.<\/li>\n<\/ul>\n<p>Als Angeh\u00f6riger eines Fachkreises&nbsp;k\u00f6nnen Sie sich einloggen, um die gesch\u00fctzten Inhalte zu sehen.<br>\nDas&nbsp;Passwort und den&nbsp;Benutzernamen k\u00f6nnen sie hier anfordern:<\/p>\n<p><a href=\"https:\/\/www.ams-ag.de\/kontakt\/login-beantragen\/\"><b>Login beantragen<\/b><\/a><\/p>\t\t\t\t\t\t\t\t<\/div>\n\t\t\t\t<\/div>\n\t\t\t\t\t<\/div>\n\t\t<\/div>\n\t\t\t\t\t<\/div>\n\t\t<\/section>\n\t\t\t\t\t<\/div>\n\t\t<\/div>\n\t\t\t\t\t<\/div>\n\t\t<\/section>\n\t\t\t\t<section class=\"elementor-section elementor-top-section elementor-element elementor-element-e87685f elementor-section-boxed elementor-section-height-default elementor-section-height-default\" data-id=\"e87685f\" data-element_type=\"section\" data-e-type=\"section\" data-settings=\"{&quot;background_background&quot;:&quot;classic&quot;}\">\n\t\t\t\t\t\t<div class=\"elementor-container elementor-column-gap-default\">\n\t\t\t\t\t<div class=\"elementor-column elementor-col-100 elementor-top-column elementor-element elementor-element-e0ce8db\" data-id=\"e0ce8db\" data-element_type=\"column\" data-e-type=\"column\">\n\t\t\t<div class=\"elementor-widget-wrap elementor-element-populated\">\n\t\t\t\t\t\t<div class=\"elementor-element elementor-element-16198a3 elementor-align-right elementor-mobile-align-center elementor-widget elementor-widget-button\" data-id=\"16198a3\" data-element_type=\"widget\" data-e-type=\"widget\" data-widget_type=\"button.default\">\n\t\t\t\t<div class=\"elementor-widget-container\">\n\t\t\t\t\t\t\t\t\t<div class=\"elementor-button-wrapper\">\n\t\t\t\t\t<a class=\"elementor-button elementor-button-link elementor-size-sm\" href=\"https:\/\/www.ams-ag.de\/en\/produkte\/heimbedarf\/\">\n\t\t\t\t\t\t<span class=\"elementor-button-content-wrapper\">\n\t\t\t\t\t\t<span class=\"elementor-button-icon\">\n\t\t\t\t<i aria-hidden=\"true\" class=\"fas fa-arrow-right\"><\/i>\t\t\t<\/span>\n\t\t\t\t\t\t\t\t\t<span class=\"elementor-button-text\">Privatpersonen<\/span>\n\t\t\t\t\t<\/span>\n\t\t\t\t\t<\/a>\n\t\t\t\t<\/div>\n\t\t\t\t\t\t\t\t<\/div>\n\t\t\t\t<\/div>\n\t\t\t\t\t<\/div>\n\t\t<\/div>\n\t\t\t\t\t<\/div>\n\t\t<\/section>\n\t\t\t\t<\/div>\n\t\t","protected":false},"excerpt":{"rendered":"<p>Unsere Produkte Unsere Webseite ist in\u00a0drei verschiedene Bereiche\u00a0aufgeteilt &#8211; Sie finden Produkte und Informationen f\u00fcr: Privatpersonen Der Schwerpunkt dieser Kategorie liegt in den\u00a0Kleinger\u00e4ten f\u00fcr zu Hause\u00a0und unterwegs. Selbstverst\u00e4ndlich finden Sie [&hellip;]<\/p>\n","protected":false},"author":1,"featured_media":0,"parent":0,"menu_order":2,"comment_status":"closed","ping_status":"closed","template":"","meta":{"pmpro_default_level":"","footnotes":""},"class_list":["post-4805","page","type-page","status-publish","hentry","pmpro-has-access"],"_links":{"self":[{"href":"https:\/\/www.ams-ag.de\/en\/wp-json\/wp\/v2\/pages\/4805","targetHints":{"allow":["GET"]}}],"collection":[{"href":"https:\/\/www.ams-ag.de\/en\/wp-json\/wp\/v2\/pages"}],"about":[{"href":"https:\/\/www.ams-ag.de\/en\/wp-json\/wp\/v2\/types\/page"}],"author":[{"embeddable":true,"href":"https:\/\/www.ams-ag.de\/en\/wp-json\/wp\/v2\/users\/1"}],"replies":[{"embeddable":true,"href":"https:\/\/www.ams-ag.de\/en\/wp-json\/wp\/v2\/comments?post=4805"}],"version-history":[{"count":18,"href":"https:\/\/www.ams-ag.de\/en\/wp-json\/wp\/v2\/pages\/4805\/revisions"}],"predecessor-version":[{"id":17616,"href":"https:\/\/www.ams-ag.de\/en\/wp-json\/wp\/v2\/pages\/4805\/revisions\/17616"}],"wp:attachment":[{"href":"https:\/\/www.ams-ag.de\/en\/wp-json\/wp\/v2\/media?parent=4805"}],"curies":[{"name":"wp","href":"https:\/\/api.w.org\/{rel}","templated":true}]}}