{"id":2568,"date":"2023-06-07T20:53:55","date_gmt":"2023-06-07T18:53:55","guid":{"rendered":"http:\/\/www.ams-ag.de\/?page_id=2568"},"modified":"2024-12-04T20:22:54","modified_gmt":"2024-12-04T19:22:54","slug":"dr-rer-nat-frank-beck","status":"publish","type":"page","link":"https:\/\/www.ams-ag.de\/en\/ueber-ams\/dr-rer-nat-frank-beck\/","title":{"rendered":"Dr. rer. nat. Frank Beck"},"content":{"rendered":"<div data-elementor-type=\"wp-page\" data-elementor-id=\"2568\" class=\"elementor elementor-2568\" data-elementor-post-type=\"page\">\n\t\t\t\t\t\t<section class=\"elementor-section elementor-top-section elementor-element elementor-element-2b27f78 elementor-section-boxed elementor-section-height-default elementor-section-height-default\" data-id=\"2b27f78\" data-element_type=\"section\" data-e-type=\"section\">\n\t\t\t\t\t\t<div class=\"elementor-container elementor-column-gap-default\">\n\t\t\t\t\t<div class=\"elementor-column elementor-col-100 elementor-top-column elementor-element elementor-element-f2cae81\" data-id=\"f2cae81\" data-element_type=\"column\" data-e-type=\"column\">\n\t\t\t<div class=\"elementor-widget-wrap elementor-element-populated\">\n\t\t\t\t\t\t<div class=\"elementor-element elementor-element-47eb35a elementor-widget elementor-widget-heading\" data-id=\"47eb35a\" data-element_type=\"widget\" data-e-type=\"widget\" data-widget_type=\"heading.default\">\n\t\t\t\t<div class=\"elementor-widget-container\">\n\t\t\t\t\t<h1 class=\"elementor-heading-title elementor-size-default\">Dr. rer. nat. Frank Beck<\/h1>\t\t\t\t<\/div>\n\t\t\t\t<\/div>\n\t\t\t\t<section class=\"elementor-section elementor-inner-section elementor-element elementor-element-0e977c6 elementor-section-boxed elementor-section-height-default elementor-section-height-default\" data-id=\"0e977c6\" data-element_type=\"section\" data-e-type=\"section\">\n\t\t\t\t\t\t<div class=\"elementor-container elementor-column-gap-default\">\n\t\t\t\t\t<div class=\"elementor-column elementor-col-66 elementor-inner-column elementor-element elementor-element-8145fed\" data-id=\"8145fed\" data-element_type=\"column\" data-e-type=\"column\">\n\t\t\t<div class=\"elementor-widget-wrap elementor-element-populated\">\n\t\t\t\t\t\t<div class=\"elementor-element elementor-element-80ba1f9 elementor-widget elementor-widget-text-editor\" data-id=\"80ba1f9\" data-element_type=\"widget\" data-e-type=\"widget\" data-widget_type=\"text-editor.default\">\n\t\t\t\t<div class=\"elementor-widget-container\">\n\t\t\t\t\t\t\t\t\t<p><b>Managing Director and sole shareholder of AMS GmbH, Head of the \u201cInstitute for Bioinformatic Medicine Dr. Ludwig\u201d<\/b><\/p><ul><li>Head of the \u201cInstitute for Bioinformatic Medicine Dr. Ludwig\u201d<\/li><li>Technical consultant for hazardous substances at the Bad Mergentheim fire department<\/li><li>Born in 1961 (zodiac sign Cancer), born in Tauberbischofsheim<\/li><li>married since 1989 to Angelika Beck, n\u00e9e Heer<\/li><li>three daughters: twins Laura and Sina, Tara<\/li><li>Pet: Cat \u201cChi-Chu\u201d<\/li><\/ul>\t\t\t\t\t\t\t\t<\/div>\n\t\t\t\t<\/div>\n\t\t\t\t\t<\/div>\n\t\t<\/div>\n\t\t\t\t<div class=\"elementor-column elementor-col-33 elementor-inner-column elementor-element elementor-element-0925844\" data-id=\"0925844\" data-element_type=\"column\" data-e-type=\"column\">\n\t\t\t<div class=\"elementor-widget-wrap elementor-element-populated\">\n\t\t\t\t\t\t<div class=\"elementor-element elementor-element-f391be8 elementor-widget elementor-widget-image\" data-id=\"f391be8\" data-element_type=\"widget\" data-e-type=\"widget\" data-widget_type=\"image.default\">\n\t\t\t\t<div class=\"elementor-widget-container\">\n\t\t\t\t\t\t\t\t\t\t\t\t\t\t\t<img fetchpriority=\"high\" decoding=\"async\" width=\"245\" height=\"300\" src=\"https:\/\/www.ams-ag.de\/wp-content\/uploads\/2023\/06\/csm_Frank_Beck_GF_06d1c7cd2a-245x300.jpg\" class=\"attachment-medium size-medium wp-image-2570\" alt=\"Dr. rer. net. Frank Beck\" srcset=\"https:\/\/www.ams-ag.de\/wp-content\/uploads\/2023\/06\/csm_Frank_Beck_GF_06d1c7cd2a-245x300.jpg 245w, https:\/\/www.ams-ag.de\/wp-content\/uploads\/2023\/06\/csm_Frank_Beck_GF_06d1c7cd2a.jpg 250w\" sizes=\"(max-width: 245px) 100vw, 245px\" \/>\t\t\t\t\t\t\t\t\t\t\t\t\t\t\t<\/div>\n\t\t\t\t<\/div>\n\t\t\t\t\t<\/div>\n\t\t<\/div>\n\t\t\t\t\t<\/div>\n\t\t<\/section>\n\t\t\t\t\t<\/div>\n\t\t<\/div>\n\t\t\t\t\t<\/div>\n\t\t<\/section>\n\t\t\t\t<section class=\"elementor-section elementor-top-section elementor-element elementor-element-00b2e8c elementor-section-boxed elementor-section-height-default elementor-section-height-default\" data-id=\"00b2e8c\" data-element_type=\"section\" data-e-type=\"section\">\n\t\t\t\t\t\t<div class=\"elementor-container elementor-column-gap-default\">\n\t\t\t\t\t<div class=\"elementor-column elementor-col-100 elementor-top-column elementor-element elementor-element-7db3989\" data-id=\"7db3989\" data-element_type=\"column\" data-e-type=\"column\">\n\t\t\t<div class=\"elementor-widget-wrap elementor-element-populated\">\n\t\t\t\t\t\t<div class=\"elementor-element elementor-element-5e580a6 elementor-widget elementor-widget-heading\" data-id=\"5e580a6\" data-element_type=\"widget\" data-e-type=\"widget\" data-widget_type=\"heading.default\">\n\t\t\t\t<div class=\"elementor-widget-container\">\n\t\t\t\t\t<h2 class=\"elementor-heading-title elementor-size-default\">CV<\/h2>\t\t\t\t<\/div>\n\t\t\t\t<\/div>\n\t\t\t\t<div class=\"elementor-element elementor-element-6f3f64b elementor-widget elementor-widget-text-editor\" data-id=\"6f3f64b\" data-element_type=\"widget\" data-e-type=\"widget\" data-widget_type=\"text-editor.default\">\n\t\t\t\t<div class=\"elementor-widget-container\">\n\t\t\t\t\t\t\t\t\t<table class=\"contenttable contenttable-0\">\n<tbody>\n<tr class=\"tr-even tr-0\">\n<td class=\"td-0\">1983<\/td>\n<td class=\"td-last td-1\">Gold medal at the World Fencing Championships (foil, team) in Vienna<\/td>\n<\/tr>\n<tr class=\"tr-odd tr-1\">\n<td class=\"td-0\">1984<\/td>\n<td class=\"td-last td-1\">Silver medal Olympic Games (foil, team) in Los Angeles<\/td>\n<\/tr>\n<tr class=\"tr-even tr-2\">\n<td class=\"td-0\">84-92<\/td>\n<td class=\"td-last td-1\">Studied chemistry at the Julius-Maximilians-University W\u00fcrzburg (degree: Diploma in chemistry)<\/td>\n<\/tr>\n<tr class=\"tr-odd tr-3\">\n<td class=\"td-0\">1992<\/td>\n<td class=\"td-last td-1\">Doctorate (with a focus on toxicology)<\/td>\n<\/tr>\n<tr class=\"tr-even tr-4\">\n<td class=\"td-0\">92-97<\/td>\n<td class=\"td-last td-1\">managerial position in a commercial company for special machine construction with a focus on research \/ development<\/td>\n<\/tr>\n<tr class=\"tr-odd tr-5\">\n<td class=\"td-0\">1997<\/td>\n<td class=\"td-last td-1\">Managerial position in the field of medical technology at AMS \u2013 Advanced Medical Systems GmbH<\/td>\n<\/tr>\n<tr class=\"tr-even tr-6\">\n<td class=\"td-0\">since 1998<\/td>\n<td class=\"td-last td-1\">Managing Partner of AMS GmbH<\/td>\n<\/tr>\n<tr class=\"tr-odd tr-7\">\n<td class=\"td-0\">1999<\/td>\n<td class=\"td-last td-1\">Takeover and management of the \u201cInstitute for Bioinformatic Medicine Dr. Ludwig\u201d, with research focuses on: magnetic field therapy, bioresonance and regulatory therapy, color and laser therapy and biophysical information transfer<\/td>\n<\/tr>\n<tr class=\"tr-even tr-last\">\n<td class=\"td-0\">since 1999<\/td>\n<td class=\"td-last td-1\">national and international lectures in the fields of magnetic field and bioresonance therapy, water as an energy and information carrier and electrosmog sensitivity<\/td>\n<\/tr>\n<\/tbody>\n<\/table>\t\t\t\t\t\t\t\t<\/div>\n\t\t\t\t<\/div>\n\t\t\t\t\t<\/div>\n\t\t<\/div>\n\t\t\t\t\t<\/div>\n\t\t<\/section>\n\t\t\t\t<section class=\"elementor-section elementor-top-section elementor-element elementor-element-d99c03c elementor-section-boxed elementor-section-height-default elementor-section-height-default\" data-id=\"d99c03c\" data-element_type=\"section\" data-e-type=\"section\">\n\t\t\t\t\t\t<div class=\"elementor-container elementor-column-gap-default\">\n\t\t\t\t\t<div class=\"elementor-column elementor-col-100 elementor-top-column elementor-element elementor-element-4783df8\" data-id=\"4783df8\" data-element_type=\"column\" data-e-type=\"column\">\n\t\t\t<div class=\"elementor-widget-wrap elementor-element-populated\">\n\t\t\t\t\t\t<div class=\"elementor-element elementor-element-956ad3f elementor-widget elementor-widget-heading\" data-id=\"956ad3f\" data-element_type=\"widget\" data-e-type=\"widget\" data-widget_type=\"heading.default\">\n\t\t\t\t<div class=\"elementor-widget-container\">\n\t\t\t\t\t<h2 class=\"elementor-heading-title elementor-size-default\"><span style=\"color: inherit;font-family: inherit;font-size: 2rem;font-weight: 500\">Lectures and teaching activities (excerpt)<\/span><\/h2>\t\t\t\t<\/div>\n\t\t\t\t<\/div>\n\t\t\t\t<div class=\"elementor-element elementor-element-25d3216 elementor-widget elementor-widget-text-editor\" data-id=\"25d3216\" data-element_type=\"widget\" data-e-type=\"widget\" data-widget_type=\"text-editor.default\">\n\t\t\t\t<div class=\"elementor-widget-container\">\n\t\t\t\t\t\t\t\t\t<table class=\"contenttable contenttable-0\">\n<tbody>\n<tr class=\"tr-even tr-0\">\n<td class=\"td-0\">2024<\/td>\n<td class=\"td-last td-1\">In cooperation with the health platform\u00a0<b><a href=\"https:\/\/schnelleinfachgesund.de\/\" target=\"_blank\" rel=\"noopener\">schnellefachgesund.de<\/a>,<\/b> Theme: <b>The Truth About Wi-Fi and Bluetooth<\/b><\/td>\n<\/tr>\n<tr class=\"tr-even tr-0\">\n<td class=\"td-0\">2023<\/td>\n<td class=\"td-last td-1\">In cooperation with the health platform\u00a0<b><a href=\"https:\/\/schnelleinfachgesund.de\/\" target=\"_blank\" rel=\"noopener\">schnellefachgesund.de<\/a>,<\/b> Lecture:\u00a0<b>Strengthen self-regulation \u2013 get back into balance with natural vibrations!<\/b><\/td>\n<\/tr>\n<tr class=\"tr-even tr-0\">\n<td class=\"td-0\">2022<\/td>\n<td class=\"td-last td-1\">Life Force Water Congress 2022, Lecture: <b>Effects of electrosmog on water structure<b><\/b><\/b><\/td>\n<\/tr>\n<tr class=\"tr-odd tr-1\">\n<td class=\"td-0\">2022<\/td>\n<td class=\"td-last td-1\">Life Force Water Congress 2022, Lecture: <b>Electrosmog \/ 5G. What protection options are there?<b><\/b><\/b><\/td>\n<\/tr>\n<tr class=\"tr-even tr-2\">\n<td class=\"td-0\">2020<\/td>\n<td class=\"td-last td-1\">Paracelsus Fair in Wiesbaden, lecture: <b>New findings on the effects of electrosmog on us and our drinking water, especially taking into account the future 5G mobile network. What protection options are there?<b><\/b><\/b><\/td>\n<\/tr>\n<tr class=\"tr-odd tr-3\">\n<td class=\"td-0\">2019<\/td>\n<td class=\"td-last td-1\">23rd BBQ \u2013 Berlin-Bavarian Quality Circle for Natural Healing Methods in the Castle Ziehten in Kremmen Lecture: <b>The ability of water to store energy and information. How can I use this property for my health?<b><\/b><\/b><\/td>\n<\/tr>\n<tr class=\"tr-even tr-4\">\n<td class=\"td-0\">2019<\/td>\n<td class=\"td-last td-1\">Animal naturopath days in Hohenroda, keynote speech: <b>The effects of electrosmog on humans and animals, on our drinking water and our food. What protection options are there?<b><\/b><\/b><\/td>\n<\/tr>\n<tr class=\"tr-odd tr-5\">\n<td class=\"td-0\">2019<\/td>\n<td class=\"td-last td-1\">20th International Symposium on Bioinformatic Medicine on the occasion of the Medical Week in Baden-Baden, Lecture: <b>What protection options does bioinformative medicine offer me in the case of electrosensitivity<b><\/b><\/b><\/td>\n<\/tr>\n<tr class=\"tr-even tr-6\">\n<td class=\"td-0\">2018<\/td>\n<td class=\"td-last td-1\">31st International Congress of Orthomolecular and Book Radical Medicine in Sao Paulo \/ Brazil, Lecture: <b>Electrosmog, the invisible danger! Options for protecting assets and liabilities<b><\/b><\/b><\/td>\n<\/tr>\n<tr class=\"tr-odd tr-7\">\n<td class=\"td-0\">2018<\/td>\n<td class=\"td-last td-1\">CAM European Trade Fair for Complementary and Alternative Medicine in D\u00fcsseldorf, Lecture: <b>The effects of electrosmog on humans and animals, on our drinking water and our food. What protection options are there?<b><\/b><\/b><\/td>\n<\/tr>\n<tr class=\"tr-even tr-8\">\n<td class=\"td-0\">2018<\/td>\n<td class=\"td-last td-1\">36th South German Days of Naturopathy in Fellbach, lecture: <b>Electrosmog, the invisible danger! The possibilities of passive and active protection<b><\/b><\/b><\/td>\n<\/tr>\n<tr class=\"tr-odd tr-9\">\n<td class=\"td-0\">2017<\/td>\n<td class=\"td-last td-1\">Three-Country Water Congress 2017, Bodenseeforum Konstanz, Lecture: <b>The effects of electrosmog on water structure<b><\/b><\/b><\/td>\n<\/tr>\n<tr class=\"tr-even tr-10\">\n<td class=\"td-0\">2017<\/td>\n<td class=\"td-last td-1\">30th International Congress of Orthomolecular and Book Radical Medicine in Sao Paulo \/ Brazil, Lecture: <b>The possibilities of magnetic field therapy and bioresonance in painful and chronic diseases<b><\/b><\/b><\/td>\n<\/tr>\n<tr class=\"tr-odd tr-11\">\n<td class=\"td-0\">2017<\/td>\n<td class=\"td-last td-1\">20th BBQ \u2013 Berlin-Bavarian Quality Circle for Natural Healing Methods in Nauen, Lecture: <b>Simply good vibrations! The possibilities of magnetic field and bioresonance therapy for acute and chronic diseases<b><\/b><\/b><\/td>\n<\/tr>\n<tr class=\"tr-even tr-12\">\n<td class=\"td-0\">2017<\/td>\n<td class=\"td-last td-1\">36th DGfAN Congress (German Society for Acupuncture and Neural Therapy) in Erfurt, plenary lecture: <b>Models of Bioinformatic Medicine \u2013 Theory and Practice<b><\/b><\/b><\/td>\n<\/tr>\n<tr class=\"tr-odd tr-13\">\n<td class=\"td-0\">2016<\/td>\n<td class=\"td-last td-1\">17th International Symposium for Bioinformative Medicine on the occasion of the Medical Week in Baden-Baden, lecture: <b>Digital testing with analogue information! How does that work?<b><\/b><\/b><\/td>\n<\/tr>\n<tr class=\"tr-even tr-14\">\n<td class=\"td-0\">2016<\/td>\n<td class=\"td-last td-1\">34th South German Days of Naturopathy in Fellbach, lecture: <b>The possibilities of magnetic field and bioresonance therapy for acute and chronic diseases<b><\/b><\/b><\/td>\n<\/tr>\n<tr class=\"tr-odd tr-15\">\n<td class=\"td-0\">2015<\/td>\n<td class=\"td-last td-1\">34th DGfAN Congress (German Society for Acupuncture and Neural Therapy) in Erfurt, plenary lecture: <b>Electrosmog \u2013 The effects on our health and how we can protect ourselves<b><\/b><\/b><\/td>\n<\/tr>\n<tr class=\"tr-even tr-16\">\n<td class=\"td-0\">2015<\/td>\n<td class=\"td-last td-1\">Paracelsus Fair in Wallau, lecture: <b>The ability of water to store energy and information. How can I use this property for my health?<b><\/b><\/b><\/td>\n<\/tr>\n<tr class=\"tr-odd tr-17\">\n<td class=\"td-0\">2014<\/td>\n<td class=\"td-last td-1\">15th International Symposium for Bioinformative Medicine on the occasion of the Medical Week in Baden-Baden, lecture: <b>Does water have a memory? Models of Bioinformatic Medicine<b><\/b><\/b><\/td>\n<\/tr>\n<tr class=\"tr-even tr-18\">\n<td class=\"td-0\">2014<\/td>\n<td class=\"td-last td-1\">5th International Congress for Neural Therapy in Istanbul \/ T\u00fcrkiye, Lecture: <b> Electrosmog \u2013 The effects on our health and how we can protect ourselves<b><\/b><\/b><\/td>\n<\/tr>\n<tr class=\"tr-odd tr-19\">\n<td class=\"td-0\">2014<\/td>\n<td class=\"td-last td-1\">33rd DGfAN Congress (German Society for Acupuncture and Neural Therapy) in Erfurt, plenary lecture: <b>Does water have a memory? Models of action in homeopathy and bioinformatic medicine<b><\/b><\/b><\/td>\n<\/tr>\n<tr class=\"tr-even tr-20\">\n<td class=\"td-0\">2013<\/td>\n<td class=\"td-last td-1\">Chair of the 14th International Symposium for Bioinformative Medicine on the occasion of the Medical Week in Baden-Baden, topic: <b>Improving regulatory capacity through bioinformatic methods<b><\/b><\/b><\/td>\n<\/tr>\n<tr class=\"tr-odd tr-21\">\n<td class=\"td-0\">2013<\/td>\n<td class=\"td-last td-1\">General Assembly of the Swiss Society for Energy, Bioresonance and Information Medicine (SEBIM) in Zurich \/ Switzerland, Lecture: <b>Digital testing with analogue information! How does that work?<b><\/b><\/b><\/td>\n<\/tr>\n<tr class=\"tr-even tr-22\">\n<td class=\"td-0\">2012<\/td>\n<td class=\"td-last td-1\">4th International Congress for Neural Therapy in Istanbul \/ T\u00fcrkiye, Lecture: <b>Medical technology and modern natural healing methods in one system<b> Workshop leader: <b>The possibilities of bioinformatic methods in practice<b><\/b><\/b><\/b><\/b><\/td>\n<\/tr>\n<tr class=\"tr-odd tr-23\">\n<td class=\"td-0\">2011<\/td>\n<td class=\"td-last td-1\">Chair of the 13th International Symposium on Bioinformatic Medicine during the Medical Week in Baden-Baden, topic: <b>The new C generation \u2013 everything in a single system! Testing and Therapy \u2013 Analogue and digital<b><\/b><\/b><\/td>\n<\/tr>\n<tr class=\"tr-even tr-24\">\n<td class=\"td-0\">2011<\/td>\n<td class=\"td-last td-1\">Paracelsus Fair in Wiesbaden, lecture: <b>Use and application of the pulsating magnetic field. Therapy through information \u2013 without side effects<b><\/b><\/b><\/td>\n<\/tr>\n<tr class=\"tr-odd tr-25\">\n<td class=\"td-0\">2010<\/td>\n<td class=\"td-last td-1\">Management of the International Symposium on Bioinformatic Medicine on the occasion of the Medical Week in Baden-Baden, topic: <b>Therapy resistance? What to do? Light and colors in the context of regulatory and bioresonance therapy<b><\/b><\/b><\/td>\n<\/tr>\n<tr class=\"tr-even tr-26\">\n<td class=\"td-0\">2010<\/td>\n<td class=\"td-last td-1\">23rd International Congress of Orthomolecular and Book Radical Medicine in Sao Paulo \/ Brazil, Lecture: <b>Therapeutic Interaction by Complementary Methodology<b><\/b><\/b><\/td>\n<\/tr>\n<tr class=\"tr-odd tr-27\">\n<td class=\"td-0\">2009<\/td>\n<td class=\"td-last td-1\">Animal naturopath days in Hohenroda, keynote speech: <b>Does water have a memory? Models of action in homeopathy and bioinformatic medicine<b><\/b><\/b><\/td>\n<\/tr>\n<tr class=\"tr-even tr-28\">\n<td class=\"td-0\">2009<\/td>\n<td class=\"td-last td-1\">The VIIth International Congress of Orodental Health and management in the Black Sea Countries in Constanza \/ Romania, Lecture: <b>Scientific basics and application of magnetic field and bio resonance therapy in naturopathic dentistry, teaching activity 28.-31.05.: <b>Complementary dental medicine in contemporary focus<b><\/b><\/b><\/b><\/td>\n<\/tr>\n<tr class=\"tr-odd tr-29\">\n<td class=\"td-0\">2008<\/td>\n<td class=\"td-last td-1\">Management of the International Symposium on Bioinformatic Medicine on the occasion of the Medical Week in Baden-Baden, topic: <b>Healing with bioinformation \u2013 Practical treatment concepts<b><\/b><\/b><\/td>\n<\/tr>\n<tr class=\"tr-even tr-30\">\n<td class=\"td-0\">2008<\/td>\n<td class=\"td-last td-1\">University \u201cOvidius\u201d Constanta Faculty of Dental Medicine and Pharmacy in Constanza \/ Romania, teaching 25.-31.05.: <b>Magnetic field therapy in practice, proof of homeopathy by water<b><\/b><\/b><\/td>\n<\/tr>\n<tr class=\"tr-odd tr-31\">\n<td class=\"td-0\">2008<\/td>\n<td class=\"td-last td-1\">21st International Congress of Orthomolecular and Book Radical Medicine in Sao Paulo \/ Brazil, Lecture: <b>New developments with pulsed magnetic field and management of the symposium: Satellite Symposium with the theme: pulsed magnetic field<b><\/b><\/b><\/td>\n<\/tr>\n<tr class=\"tr-even tr-32\">\n<td class=\"td-0\">2007<\/td>\n<td class=\"td-last td-1\">University \u201cOvidius\u201d Constanta Faculty of Dental Medicine and Pharmacy in Constanza \/ Romania, Lecture: <b>Magnetic Field Therapy and Magnetic High Tech Medicine<b><\/b><\/b><\/td>\n<\/tr>\n<tr class=\"tr-odd tr-last\">\n<td class=\"td-0\">2006<\/td>\n<td class=\"td-last td-1\">19th International Congress of Orthomolecular and Book Radical Medicine in Sao Paulo \/ Brazil, Lecture: <b>Magnetic Field Therapy and Bioinformatics Medicine<\/b><\/td>\n<\/tr>\n<\/tbody>\n<\/table>\t\t\t\t\t\t\t\t<\/div>\n\t\t\t\t<\/div>\n\t\t\t\t\t<\/div>\n\t\t<\/div>\n\t\t\t\t\t<\/div>\n\t\t<\/section>\n\t\t\t\t<section class=\"elementor-section elementor-top-section elementor-element elementor-element-a8309b5 elementor-section-boxed elementor-section-height-default elementor-section-height-default\" data-id=\"a8309b5\" data-element_type=\"section\" data-e-type=\"section\" data-settings=\"{&quot;background_background&quot;:&quot;classic&quot;}\">\n\t\t\t\t\t\t<div class=\"elementor-container elementor-column-gap-default\">\n\t\t\t\t\t<div class=\"elementor-column elementor-col-100 elementor-top-column elementor-element elementor-element-c66b0ff\" data-id=\"c66b0ff\" data-element_type=\"column\" data-e-type=\"column\">\n\t\t\t<div class=\"elementor-widget-wrap elementor-element-populated\">\n\t\t\t\t\t\t<div class=\"elementor-element elementor-element-93147df elementor-align-right elementor-mobile-align-center elementor-widget elementor-widget-button\" data-id=\"93147df\" data-element_type=\"widget\" data-e-type=\"widget\" data-widget_type=\"button.default\">\n\t\t\t\t<div class=\"elementor-widget-container\">\n\t\t\t\t\t\t\t\t\t<div class=\"elementor-button-wrapper\">\n\t\t\t\t\t<a class=\"elementor-button elementor-button-link elementor-size-sm\" href=\"https:\/\/www.ams-ag.de\/en\/ueber-ams\/ams-team\/\">\n\t\t\t\t\t\t<span class=\"elementor-button-content-wrapper\">\n\t\t\t\t\t\t<span class=\"elementor-button-icon\">\n\t\t\t\t<i aria-hidden=\"true\" class=\"fas fa-arrow-right\"><\/i>\t\t\t<\/span>\n\t\t\t\t\t\t\t\t\t<span class=\"elementor-button-text\">AMS-Team<\/span>\n\t\t\t\t\t<\/span>\n\t\t\t\t\t<\/a>\n\t\t\t\t<\/div>\n\t\t\t\t\t\t\t\t<\/div>\n\t\t\t\t<\/div>\n\t\t\t\t\t<\/div>\n\t\t<\/div>\n\t\t\t\t\t<\/div>\n\t\t<\/section>\n\t\t\t\t<\/div>","protected":false},"excerpt":{"rendered":"<p>Dr. rer. nat. Frank Beck Gesch\u00e4ftsf\u00fchrer und alleiniger Gesellschafter der AMS GmbH, Leiter des &#8222;Instituts f\u00fcr Bioinformative Medizin Dr. Ludwig&#8220; Leitung des &#8222;Instituts f\u00fcr Bioinformative Medizin Dr. Ludwig&#8220; Technischer Fachberater [&hellip;]<\/p>\n","protected":false},"author":1,"featured_media":0,"parent":177,"menu_order":2,"comment_status":"closed","ping_status":"closed","template":"","meta":{"pmpro_default_level":"","footnotes":""},"class_list":["post-2568","page","type-page","status-publish","hentry","pmpro-has-access"],"_links":{"self":[{"href":"https:\/\/www.ams-ag.de\/en\/wp-json\/wp\/v2\/pages\/2568","targetHints":{"allow":["GET"]}}],"collection":[{"href":"https:\/\/www.ams-ag.de\/en\/wp-json\/wp\/v2\/pages"}],"about":[{"href":"https:\/\/www.ams-ag.de\/en\/wp-json\/wp\/v2\/types\/page"}],"author":[{"embeddable":true,"href":"https:\/\/www.ams-ag.de\/en\/wp-json\/wp\/v2\/users\/1"}],"replies":[{"embeddable":true,"href":"https:\/\/www.ams-ag.de\/en\/wp-json\/wp\/v2\/comments?post=2568"}],"version-history":[{"count":9,"href":"https:\/\/www.ams-ag.de\/en\/wp-json\/wp\/v2\/pages\/2568\/revisions"}],"predecessor-version":[{"id":18760,"href":"https:\/\/www.ams-ag.de\/en\/wp-json\/wp\/v2\/pages\/2568\/revisions\/18760"}],"up":[{"embeddable":true,"href":"https:\/\/www.ams-ag.de\/en\/wp-json\/wp\/v2\/pages\/177"}],"wp:attachment":[{"href":"https:\/\/www.ams-ag.de\/en\/wp-json\/wp\/v2\/media?parent=2568"}],"curies":[{"name":"wp","href":"https:\/\/api.w.org\/{rel}","templated":true}]}}