{"id":177,"date":"2023-02-14T06:23:34","date_gmt":"2023-02-14T05:23:34","guid":{"rendered":"http:\/\/www.ams-ag.de\/?page_id=177"},"modified":"2024-04-28T21:29:29","modified_gmt":"2024-04-28T19:29:29","slug":"about-ams","status":"publish","type":"page","link":"https:\/\/www.ams-ag.de\/en\/ueber-ams\/","title":{"rendered":"about AMS"},"content":{"rendered":"<div data-elementor-type=\"wp-page\" data-elementor-id=\"177\" class=\"elementor elementor-177\" data-elementor-post-type=\"page\">\n\t\t\t\t\t\t<section class=\"elementor-section elementor-top-section elementor-element elementor-element-91bd841 elementor-section-boxed elementor-section-height-default elementor-section-height-default\" data-id=\"91bd841\" data-element_type=\"section\" data-e-type=\"section\">\n\t\t\t\t\t\t<div class=\"elementor-container elementor-column-gap-default\">\n\t\t\t\t\t<div class=\"elementor-column elementor-col-100 elementor-top-column elementor-element elementor-element-be57439\" data-id=\"be57439\" data-element_type=\"column\" data-e-type=\"column\">\n\t\t\t<div class=\"elementor-widget-wrap elementor-element-populated\">\n\t\t\t\t\t\t<div class=\"elementor-element elementor-element-1e251fe6 elementor-widget elementor-widget-heading\" data-id=\"1e251fe6\" data-element_type=\"widget\" data-e-type=\"widget\" data-widget_type=\"heading.default\">\n\t\t\t\t<div class=\"elementor-widget-container\">\n\t\t\t\t\t<h1 class=\"elementor-heading-title elementor-size-default\">About AMS<\/h1>\t\t\t\t<\/div>\n\t\t\t\t<\/div>\n\t\t\t\t\t<\/div>\n\t\t<\/div>\n\t\t\t\t\t<\/div>\n\t\t<\/section>\n\t\t\t\t<section class=\"elementor-section elementor-top-section elementor-element elementor-element-a68b91f elementor-section-boxed elementor-section-height-default elementor-section-height-default\" data-id=\"a68b91f\" data-element_type=\"section\" data-e-type=\"section\">\n\t\t\t\t\t\t<div class=\"elementor-container elementor-column-gap-default\">\n\t\t\t\t\t<div class=\"elementor-column elementor-col-100 elementor-top-column elementor-element elementor-element-30efd8c\" data-id=\"30efd8c\" data-element_type=\"column\" data-e-type=\"column\">\n\t\t\t<div class=\"elementor-widget-wrap elementor-element-populated\">\n\t\t\t\t\t\t<div class=\"elementor-element elementor-element-62109b5 elementor-widget elementor-widget-heading\" data-id=\"62109b5\" data-element_type=\"widget\" data-e-type=\"widget\" data-widget_type=\"heading.default\">\n\t\t\t\t<div class=\"elementor-widget-container\">\n\t\t\t\t\t<h2 class=\"elementor-heading-title elementor-size-default\">Hello and welcome!<\/h2>\t\t\t\t<\/div>\n\t\t\t\t<\/div>\n\t\t\t\t<div class=\"elementor-element elementor-element-401cdb3c elementor-widget elementor-widget-text-editor\" data-id=\"401cdb3c\" data-element_type=\"widget\" data-e-type=\"widget\" data-widget_type=\"text-editor.default\">\n\t\t\t\t<div class=\"elementor-widget-container\">\n\t\t\t\t\t\t\t\t\t<p>In this section you can find out more about us and our company. Get to know the managing director Dr. Frank Beck and the entire team, read about Dr. Ludwig, the father of magnetic field therapy, and watch informative short videos.<\/p>\t\t\t\t\t\t\t\t<\/div>\n\t\t\t\t<\/div>\n\t\t\t\t\t<\/div>\n\t\t<\/div>\n\t\t\t\t\t<\/div>\n\t\t<\/section>\n\t\t\t\t<section class=\"elementor-section elementor-top-section elementor-element elementor-element-98c3102 elementor-section-boxed elementor-section-height-default elementor-section-height-default\" data-id=\"98c3102\" data-element_type=\"section\" data-e-type=\"section\">\n\t\t\t\t\t\t<div class=\"elementor-container elementor-column-gap-default\">\n\t\t\t\t\t<div class=\"elementor-column elementor-col-100 elementor-top-column elementor-element elementor-element-0748039\" data-id=\"0748039\" data-element_type=\"column\" data-e-type=\"column\">\n\t\t\t<div class=\"elementor-widget-wrap elementor-element-populated\">\n\t\t\t\t\t\t<div class=\"elementor-element elementor-element-5b2bf71 elementor-widget elementor-widget-heading\" data-id=\"5b2bf71\" data-element_type=\"widget\" data-e-type=\"widget\" data-widget_type=\"heading.default\">\n\t\t\t\t<div class=\"elementor-widget-container\">\n\t\t\t\t\t<h2 class=\"elementor-heading-title elementor-size-default\">You can browse the following categories:<\/h2>\t\t\t\t<\/div>\n\t\t\t\t<\/div>\n\t\t\t\t<div class=\"elementor-element elementor-element-e02928d elementor-widget elementor-widget-text-editor\" data-id=\"e02928d\" data-element_type=\"widget\" data-e-type=\"widget\" data-widget_type=\"text-editor.default\">\n\t\t\t\t<div class=\"elementor-widget-container\">\n\t\t\t\t\t\t\t\t\t<ul><li><a href=\"https:\/\/www.ams-ag.de\/en\/about-ams\/who-we-are\/\"><b>who we are<\/b><\/a><br \/>Here you can find out some key facts about AMS GmbH.<\/li><li><a href=\"https:\/\/www.ams-ag.de\/en\/about-ams\/dr-rer-nat-frank-beck\/\"><b>Dr. Frank Beck<\/b><\/a><br \/>He is the managing director of AMS and has an eventful past. His path led him from sporting highlights and a demanding chemistry degree to Dr. Ludwig and magnetic field therapy.<\/li><li><a href=\"https:\/\/www.ams-ag.de\/en\/about-ams\/ams-team\/\"><b>AMS team<\/b><\/a><br \/>The AMS consists of a whole small group of friendly and hardworking people - and a few animals too. Get to know them a little better here.<\/li><li><a href=\"https:\/\/www.ams-ag.de\/en\/about-ams\/ams-dr-ludwig\/\"><b>AMS Dr. Louis<\/b><\/a><br \/>What would magnetic field therapy be without him? It would not exist - because Dr. rer. nat. W. Ludwig is its inventor and developer. As a physicist, he loved the challenge of research and development. Read more about this unique man in this section.<\/li><li><a href=\"https:\/\/www.ams-ag.de\/en\/about-ams\/ams-film-portraits\/\"><b>AMS film portraits<\/b><\/a><br \/>There are also a few moving images about us. Here you can watch older and newer video contributions from different sources.<\/li><\/ul>\t\t\t\t\t\t\t\t<\/div>\n\t\t\t\t<\/div>\n\t\t\t\t\t<\/div>\n\t\t<\/div>\n\t\t\t\t\t<\/div>\n\t\t<\/section>\n\t\t\t\t<section class=\"elementor-section elementor-top-section elementor-element elementor-element-83a2f00 elementor-section-boxed elementor-section-height-default elementor-section-height-default\" data-id=\"83a2f00\" data-element_type=\"section\" data-e-type=\"section\" data-settings=\"{&quot;background_background&quot;:&quot;classic&quot;}\">\n\t\t\t\t\t\t<div class=\"elementor-container elementor-column-gap-default\">\n\t\t\t\t\t<div class=\"elementor-column elementor-col-100 elementor-top-column elementor-element elementor-element-8c1007c\" data-id=\"8c1007c\" data-element_type=\"column\" data-e-type=\"column\">\n\t\t\t<div class=\"elementor-widget-wrap elementor-element-populated\">\n\t\t\t\t\t\t<div class=\"elementor-element elementor-element-2bbae04 elementor-align-right elementor-mobile-align-center elementor-widget elementor-widget-button\" data-id=\"2bbae04\" data-element_type=\"widget\" data-e-type=\"widget\" data-widget_type=\"button.default\">\n\t\t\t\t<div class=\"elementor-widget-container\">\n\t\t\t\t\t\t\t\t\t<div class=\"elementor-button-wrapper\">\n\t\t\t\t\t<a class=\"elementor-button elementor-button-link elementor-size-sm\" href=\"https:\/\/www.ams-ag.de\/en\/ueber-ams\/wer-wir-sind\/\">\n\t\t\t\t\t\t<span class=\"elementor-button-content-wrapper\">\n\t\t\t\t\t\t<span class=\"elementor-button-icon\">\n\t\t\t\t<i aria-hidden=\"true\" class=\"fas fa-arrow-right\"><\/i>\t\t\t<\/span>\n\t\t\t\t\t\t\t\t\t<span class=\"elementor-button-text\">who we are<\/span>\n\t\t\t\t\t<\/span>\n\t\t\t\t\t<\/a>\n\t\t\t\t<\/div>\n\t\t\t\t\t\t\t\t<\/div>\n\t\t\t\t<\/div>\n\t\t\t\t\t<\/div>\n\t\t<\/div>\n\t\t\t\t\t<\/div>\n\t\t<\/section>\n\t\t\t\t<\/div>","protected":false},"excerpt":{"rendered":"<p>\u00dcber AMS Hallo und herzlich Willkommen! In diesem Bereich erfahren Sie mehr \u00fcber uns und unser Unternehmen. Lernen Sie den Gesch\u00e4ftsf\u00fchrer Dr. Frank Beck und das gesamte Team kennen, lesen [&hellip;]<\/p>\n","protected":false},"author":1,"featured_media":0,"parent":0,"menu_order":5,"comment_status":"closed","ping_status":"closed","template":"","meta":{"pmpro_default_level":"","footnotes":""},"class_list":["post-177","page","type-page","status-publish","hentry","pmpro-has-access"],"_links":{"self":[{"href":"https:\/\/www.ams-ag.de\/en\/wp-json\/wp\/v2\/pages\/177","targetHints":{"allow":["GET"]}}],"collection":[{"href":"https:\/\/www.ams-ag.de\/en\/wp-json\/wp\/v2\/pages"}],"about":[{"href":"https:\/\/www.ams-ag.de\/en\/wp-json\/wp\/v2\/types\/page"}],"author":[{"embeddable":true,"href":"https:\/\/www.ams-ag.de\/en\/wp-json\/wp\/v2\/users\/1"}],"replies":[{"embeddable":true,"href":"https:\/\/www.ams-ag.de\/en\/wp-json\/wp\/v2\/comments?post=177"}],"version-history":[{"count":6,"href":"https:\/\/www.ams-ag.de\/en\/wp-json\/wp\/v2\/pages\/177\/revisions"}],"predecessor-version":[{"id":15748,"href":"https:\/\/www.ams-ag.de\/en\/wp-json\/wp\/v2\/pages\/177\/revisions\/15748"}],"wp:attachment":[{"href":"https:\/\/www.ams-ag.de\/en\/wp-json\/wp\/v2\/media?parent=177"}],"curies":[{"name":"wp","href":"https:\/\/api.w.org\/{rel}","templated":true}]}}