{"id":12743,"date":"2023-12-20T14:12:48","date_gmt":"2023-12-20T13:12:48","guid":{"rendered":"http:\/\/www.ams-ag.de\/?page_id=12743"},"modified":"2024-11-02T01:26:35","modified_gmt":"2024-11-02T00:26:35","slug":"information","status":"publish","type":"page","link":"https:\/\/www.ams-ag.de\/en\/informationen\/","title":{"rendered":"information"},"content":{"rendered":"<div data-elementor-type=\"wp-page\" data-elementor-id=\"12743\" class=\"elementor elementor-12743\" data-elementor-post-type=\"page\">\n\t\t\t\t\t\t<section class=\"elementor-section elementor-top-section elementor-element elementor-element-bcce8dc elementor-section-boxed elementor-section-height-default elementor-section-height-default\" data-id=\"bcce8dc\" data-element_type=\"section\" data-e-type=\"section\">\n\t\t\t\t\t\t<div class=\"elementor-container elementor-column-gap-default\">\n\t\t\t\t\t<div class=\"elementor-column elementor-col-100 elementor-top-column elementor-element elementor-element-642d8f3\" data-id=\"642d8f3\" data-element_type=\"column\" data-e-type=\"column\">\n\t\t\t<div class=\"elementor-widget-wrap elementor-element-populated\">\n\t\t\t\t\t\t<div class=\"elementor-element elementor-element-6f195d8 elementor-widget elementor-widget-heading\" data-id=\"6f195d8\" data-element_type=\"widget\" data-e-type=\"widget\" data-widget_type=\"heading.default\">\n\t\t\t\t<div class=\"elementor-widget-container\">\n\t\t\t\t\t<h1 class=\"elementor-heading-title elementor-size-default\">information<\/h1>\t\t\t\t<\/div>\n\t\t\t\t<\/div>\n\t\t\t\t<div class=\"elementor-element elementor-element-76a77216 elementor-widget elementor-widget-text-editor\" data-id=\"76a77216\" data-element_type=\"widget\" data-e-type=\"widget\" data-widget_type=\"text-editor.default\">\n\t\t\t\t<div class=\"elementor-widget-container\">\n\t\t\t\t\t\t\t\t\t<p>We have filled this category with information for you.<\/p>\n<p><b>Where? When? Who? What?<\/b><\/p>\n<p>You have come to the right place if you would like to get to know us and our devices at a trade fair or attend one of our seminars. Or if you are looking for a therapist who works with our devices.<br>You will find this and more below.<\/p>\t\t\t\t\t\t\t\t<\/div>\n\t\t\t\t<\/div>\n\t\t\t\t\t<\/div>\n\t\t<\/div>\n\t\t\t\t\t<\/div>\n\t\t<\/section>\n\t\t\t\t<section class=\"elementor-section elementor-top-section elementor-element elementor-element-09d4bbc elementor-section-boxed elementor-section-height-default elementor-section-height-default\" data-id=\"09d4bbc\" data-element_type=\"section\" data-e-type=\"section\" data-settings=\"{&quot;background_background&quot;:&quot;classic&quot;}\">\n\t\t\t\t\t\t<div class=\"elementor-container elementor-column-gap-default\">\n\t\t\t\t\t<div class=\"elementor-column elementor-col-100 elementor-top-column elementor-element elementor-element-d100ed7\" data-id=\"d100ed7\" data-element_type=\"column\" data-e-type=\"column\">\n\t\t\t<div class=\"elementor-widget-wrap elementor-element-populated\">\n\t\t\t\t\t\t<div class=\"elementor-element elementor-element-a5af06f elementor-widget elementor-widget-heading\" data-id=\"a5af06f\" data-element_type=\"widget\" data-e-type=\"widget\" data-widget_type=\"heading.default\">\n\t\t\t\t<div class=\"elementor-widget-container\">\n\t\t\t\t\t<h2 class=\"elementor-heading-title elementor-size-default\">get in contact<\/h2>\t\t\t\t<\/div>\n\t\t\t\t<\/div>\n\t\t\t\t<div class=\"elementor-element elementor-element-d261596 elementor-widget elementor-widget-text-editor\" data-id=\"d261596\" data-element_type=\"widget\" data-e-type=\"widget\" data-widget_type=\"text-editor.default\">\n\t\t\t\t<div class=\"elementor-widget-container\">\n\t\t\t\t\t\t\t\t\t<p>If you need additional information or advice, please contact us. Simply ask your questions personally over the phone. Or send us an email.<\/p><p>We are happy to be there for you.<\/p>\t\t\t\t\t\t\t\t<\/div>\n\t\t\t\t<\/div>\n\t\t\t\t<div class=\"elementor-element elementor-element-ee5e693 elementor-widget-divider--view-line elementor-widget elementor-widget-divider\" data-id=\"ee5e693\" data-element_type=\"widget\" data-e-type=\"widget\" data-widget_type=\"divider.default\">\n\t\t\t\t<div class=\"elementor-widget-container\">\n\t\t\t\t\t\t\t<div class=\"elementor-divider\">\n\t\t\t<span class=\"elementor-divider-separator\">\n\t\t\t\t\t\t<\/span>\n\t\t<\/div>\n\t\t\t\t\t\t<\/div>\n\t\t\t\t<\/div>\n\t\t\t\t<div class=\"elementor-element elementor-element-33d980f elementor-widget__width-initial elementor-widget elementor-widget-text-editor\" data-id=\"33d980f\" data-element_type=\"widget\" data-e-type=\"widget\" data-widget_type=\"text-editor.default\">\n\t\t\t\t<div class=\"elementor-widget-container\">\n\t\t\t\t\t\t\t\t\t<p><strong>Advanced Medical Systems GmbH (AMS)<\/strong><br \/>Hauptstra\u00dfe 26<br \/>D-97990 Weikersheim<\/p>\t\t\t\t\t\t\t\t<\/div>\n\t\t\t\t<\/div>\n\t\t\t\t<div class=\"elementor-element elementor-element-1be7878 elementor-widget__width-initial elementor-widget elementor-widget-text-editor\" data-id=\"1be7878\" data-element_type=\"widget\" data-e-type=\"widget\" data-widget_type=\"text-editor.default\">\n\t\t\t\t<div class=\"elementor-widget-container\">\n\t\t\t\t\t\t\t\t\t<p>Phone: <a href=\"tel:+4979349934890\" target=\"_blank\" rel=\"noopener\"><b>+49 7934 993489-0<\/b><\/a><br>\nFax: +49 7934 993489-44<br>\nE-mail: <a class=\"mail\" title=\"Opens window for sending email\" href=\"mailto:info@ams-ag.de\"><b>info@ams-ag.de<\/b><\/a><\/p>\t\t\t\t\t\t\t\t<\/div>\n\t\t\t\t<\/div>\n\t\t\t\t<div class=\"elementor-element elementor-element-7362b0b elementor-widget__width-initial elementor-widget elementor-widget-text-editor\" data-id=\"7362b0b\" data-element_type=\"widget\" data-e-type=\"widget\" data-widget_type=\"text-editor.default\">\n\t\t\t\t<div class=\"elementor-widget-container\">\n\t\t\t\t\t\t\t\t\t<p><b>Business hours:<br \/><\/b>Monday-Thursday 8:00-17:00 CET<br \/>Friday 8:00-14:30 CET<\/p>\t\t\t\t\t\t\t\t<\/div>\n\t\t\t\t<\/div>\n\t\t\t\t<div class=\"elementor-element elementor-element-ff3a6f2 elementor-widget-divider--view-line elementor-widget elementor-widget-divider\" data-id=\"ff3a6f2\" data-element_type=\"widget\" data-e-type=\"widget\" data-widget_type=\"divider.default\">\n\t\t\t\t<div class=\"elementor-widget-container\">\n\t\t\t\t\t\t\t<div class=\"elementor-divider\">\n\t\t\t<span class=\"elementor-divider-separator\">\n\t\t\t\t\t\t<\/span>\n\t\t<\/div>\n\t\t\t\t\t\t<\/div>\n\t\t\t\t<\/div>\n\t\t\t\t<div class=\"elementor-element elementor-element-3f76b96 elementor-align-left elementor-widget__width-auto elementor-widget-tablet__width-inherit elementor-widget elementor-widget-button\" data-id=\"3f76b96\" data-element_type=\"widget\" data-e-type=\"widget\" data-widget_type=\"button.default\">\n\t\t\t\t<div class=\"elementor-widget-container\">\n\t\t\t\t\t\t\t\t\t<div class=\"elementor-button-wrapper\">\n\t\t\t\t\t<a class=\"elementor-button elementor-button-link elementor-size-sm\" href=\"https:\/\/www.ams-ag.de\/en\/contact\/callback-date\/\">\n\t\t\t\t\t\t<span class=\"elementor-button-content-wrapper\">\n\t\t\t\t\t\t<span class=\"elementor-button-icon\">\n\t\t\t\t<i aria-hidden=\"true\" class=\"fas fa-phone\"><\/i>\t\t\t<\/span>\n\t\t\t\t\t\t\t\t\t<span class=\"elementor-button-text\">Callback date<\/span>\n\t\t\t\t\t<\/span>\n\t\t\t\t\t<\/a>\n\t\t\t\t<\/div>\n\t\t\t\t\t\t\t\t<\/div>\n\t\t\t\t<\/div>\n\t\t\t\t<div class=\"elementor-element elementor-element-215835c elementor-align-left elementor-widget__width-auto elementor-widget elementor-widget-button\" data-id=\"215835c\" data-element_type=\"widget\" data-e-type=\"widget\" data-widget_type=\"button.default\">\n\t\t\t\t<div class=\"elementor-widget-container\">\n\t\t\t\t\t\t\t\t\t<div class=\"elementor-button-wrapper\">\n\t\t\t\t\t<a class=\"elementor-button elementor-button-link elementor-size-sm\" href=\"https:\/\/www.ams-ag.de\/en\/contact\/information-material\/\">\n\t\t\t\t\t\t<span class=\"elementor-button-content-wrapper\">\n\t\t\t\t\t\t<span class=\"elementor-button-icon\">\n\t\t\t\t<i aria-hidden=\"true\" class=\"fas fa-file-alt\"><\/i>\t\t\t<\/span>\n\t\t\t\t\t\t\t\t\t<span class=\"elementor-button-text\">Order information material<\/span>\n\t\t\t\t\t<\/span>\n\t\t\t\t\t<\/a>\n\t\t\t\t<\/div>\n\t\t\t\t\t\t\t\t<\/div>\n\t\t\t\t<\/div>\n\t\t\t\t<div class=\"elementor-element elementor-element-54a5c89 elementor-align-left elementor-widget__width-auto elementor-widget elementor-widget-button\" data-id=\"54a5c89\" data-element_type=\"widget\" data-e-type=\"widget\" data-widget_type=\"button.default\">\n\t\t\t\t<div class=\"elementor-widget-container\">\n\t\t\t\t\t\t\t\t\t<div class=\"elementor-button-wrapper\">\n\t\t\t\t\t<a class=\"elementor-button elementor-button-link elementor-size-sm\" href=\"https:\/\/www.ams-ag.de\/en\/contact\/apply-for-login\/\">\n\t\t\t\t\t\t<span class=\"elementor-button-content-wrapper\">\n\t\t\t\t\t\t<span class=\"elementor-button-icon\">\n\t\t\t\t<i aria-hidden=\"true\" class=\"fas fa-user\"><\/i>\t\t\t<\/span>\n\t\t\t\t\t\t\t\t\t<span class=\"elementor-button-text\">Request login<\/span>\n\t\t\t\t\t<\/span>\n\t\t\t\t\t<\/a>\n\t\t\t\t<\/div>\n\t\t\t\t\t\t\t\t<\/div>\n\t\t\t\t<\/div>\n\t\t\t\t<div class=\"elementor-element elementor-element-fa0d191 elementor-align-left elementor-widget__width-auto elementor-widget elementor-widget-button\" data-id=\"fa0d191\" data-element_type=\"widget\" data-e-type=\"widget\" data-widget_type=\"button.default\">\n\t\t\t\t<div class=\"elementor-widget-container\">\n\t\t\t\t\t\t\t\t\t<div class=\"elementor-button-wrapper\">\n\t\t\t\t\t<a class=\"elementor-button elementor-button-link elementor-size-sm\" href=\"https:\/\/www.ams-ag.de\/en\/contact\/subscribe-to-newsletter\/\">\n\t\t\t\t\t\t<span class=\"elementor-button-content-wrapper\">\n\t\t\t\t\t\t<span class=\"elementor-button-icon\">\n\t\t\t\t<i aria-hidden=\"true\" class=\"fas fa-envelope\"><\/i>\t\t\t<\/span>\n\t\t\t\t\t\t\t\t\t<span class=\"elementor-button-text\">Subscribe to Newsletter<\/span>\n\t\t\t\t\t<\/span>\n\t\t\t\t\t<\/a>\n\t\t\t\t<\/div>\n\t\t\t\t\t\t\t\t<\/div>\n\t\t\t\t<\/div>\n\t\t\t\t\t<\/div>\n\t\t<\/div>\n\t\t\t\t\t<\/div>\n\t\t<\/section>\n\t\t\t\t<section class=\"elementor-section elementor-top-section elementor-element elementor-element-ef04ff7 elementor-section-boxed elementor-section-height-default elementor-section-height-default\" data-id=\"ef04ff7\" data-element_type=\"section\" data-e-type=\"section\">\n\t\t\t\t\t\t<div class=\"elementor-container elementor-column-gap-default\">\n\t\t\t\t\t<div class=\"elementor-column elementor-col-100 elementor-top-column elementor-element elementor-element-e0bddea\" data-id=\"e0bddea\" data-element_type=\"column\" data-e-type=\"column\">\n\t\t\t<div class=\"elementor-widget-wrap elementor-element-populated\">\n\t\t\t\t\t\t<div class=\"elementor-element elementor-element-5fb3d82 elementor-widget elementor-widget-heading\" data-id=\"5fb3d82\" data-element_type=\"widget\" data-e-type=\"widget\" data-widget_type=\"heading.default\">\n\t\t\t\t<div class=\"elementor-widget-container\">\n\t\t\t\t\t<h2 class=\"elementor-heading-title elementor-size-default\">You can browse the following categories:<\/h2>\t\t\t\t<\/div>\n\t\t\t\t<\/div>\n\t\t\t\t<div class=\"elementor-element elementor-element-3008612a elementor-widget elementor-widget-text-editor\" data-id=\"3008612a\" data-element_type=\"widget\" data-e-type=\"widget\" data-widget_type=\"text-editor.default\">\n\t\t\t\t<div class=\"elementor-widget-container\">\n\t\t\t\t\t\t\t\t\t<ul>\n<li><b><a href=\"https:\/\/www.ams-ag.de\/en\/information\/newsletter\/\">Newsletter<\/a><\/b><br>\nRead the newsletters you missed.<\/li>\n<li><a href=\"https:\/\/www.ams-ag.de\/en\/information\/akom\/\"><b>AKOM<\/b><\/a><br>\nApply for a login and read the AKOM here for free.<\/li>\n<li><b><a href=\"https:\/\/www.ams-ag.de\/en\/information\/find-therapists\/\">Find therapists<\/a><br>\n<\/b>Finding a good therapist is often not easy \u2013 here we have a list of some therapists who work with devices from our range.<b><\/b><\/li>\n<li><a href=\"https:\/\/www.ams-ag.de\/en\/information\/experiences\/\"><b>Experiences<\/b><\/a><br>\nExperienced therapists take a stand \u2013 Read some statements from long-standing customers here.<b><\/b><\/li>\n<li><a href=\"https:\/\/www.ams-ag.de\/en\/information\/leasing\/\"><b>leasing<\/b><\/a><br>\nThis information should not be missing either: You would like to buy one of our large appliances, but cannot afford the entire amount at once?<br>\nNo worries: <b>You can also lease your device from us.<\/b> Read more about the conditions.<b><\/b><\/li>\n<li><a href=\"https:\/\/www.ams-ag.de\/en\/information\/downloads\/\"><b>Downloads<\/b><\/a><br>\nHere you will find all the documents that you can download from our website, compiled on one page. Each document is available for download as a PDF file in this section.<\/li>\n<\/ul>\t\t\t\t\t\t\t\t<\/div>\n\t\t\t\t<\/div>\n\t\t\t\t\t<\/div>\n\t\t<\/div>\n\t\t\t\t\t<\/div>\n\t\t<\/section>\n\t\t\t\t<section class=\"elementor-section elementor-top-section elementor-element elementor-element-a4536b3 elementor-section-boxed elementor-section-height-default elementor-section-height-default\" data-id=\"a4536b3\" data-element_type=\"section\" data-e-type=\"section\" data-settings=\"{&quot;background_background&quot;:&quot;classic&quot;}\">\n\t\t\t\t\t\t<div class=\"elementor-container elementor-column-gap-default\">\n\t\t\t\t\t<div class=\"elementor-column elementor-col-100 elementor-top-column elementor-element elementor-element-a400958\" data-id=\"a400958\" data-element_type=\"column\" data-e-type=\"column\">\n\t\t\t<div class=\"elementor-widget-wrap elementor-element-populated\">\n\t\t\t\t\t\t<div class=\"elementor-element elementor-element-bc7e977 elementor-align-right elementor-mobile-align-center elementor-widget elementor-widget-button\" data-id=\"bc7e977\" data-element_type=\"widget\" data-e-type=\"widget\" data-widget_type=\"button.default\">\n\t\t\t\t<div class=\"elementor-widget-container\">\n\t\t\t\t\t\t\t\t\t<div class=\"elementor-button-wrapper\">\n\t\t\t\t\t<a class=\"elementor-button elementor-button-link elementor-size-sm\" href=\"https:\/\/www.ams-ag.de\/en\/informationen\/newsletter\/\">\n\t\t\t\t\t\t<span class=\"elementor-button-content-wrapper\">\n\t\t\t\t\t\t<span class=\"elementor-button-icon\">\n\t\t\t\t<i aria-hidden=\"true\" class=\"fas fa-arrow-right\"><\/i>\t\t\t<\/span>\n\t\t\t\t\t\t\t\t\t<span class=\"elementor-button-text\">Newsletter<\/span>\n\t\t\t\t\t<\/span>\n\t\t\t\t\t<\/a>\n\t\t\t\t<\/div>\n\t\t\t\t\t\t\t\t<\/div>\n\t\t\t\t<\/div>\n\t\t\t\t\t<\/div>\n\t\t<\/div>\n\t\t\t\t\t<\/div>\n\t\t<\/section>\n\t\t\t\t<\/div>","protected":false},"excerpt":{"rendered":"<p>Informationen Diese Kategorie haben wir f\u00fcr Sie angef\u00fcllt mit Informationen. Wo? Wann? Wer? Was? Sie sind hier genau richtig, wenn Sie uns und unsere Ger\u00e4te einmal auf einer Messe kennenlernen [&hellip;]<\/p>\n","protected":false},"author":1,"featured_media":0,"parent":0,"menu_order":4,"comment_status":"closed","ping_status":"closed","template":"","meta":{"pmpro_default_level":"","footnotes":""},"class_list":["post-12743","page","type-page","status-publish","hentry","pmpro-has-access"],"_links":{"self":[{"href":"https:\/\/www.ams-ag.de\/en\/wp-json\/wp\/v2\/pages\/12743","targetHints":{"allow":["GET"]}}],"collection":[{"href":"https:\/\/www.ams-ag.de\/en\/wp-json\/wp\/v2\/pages"}],"about":[{"href":"https:\/\/www.ams-ag.de\/en\/wp-json\/wp\/v2\/types\/page"}],"author":[{"embeddable":true,"href":"https:\/\/www.ams-ag.de\/en\/wp-json\/wp\/v2\/users\/1"}],"replies":[{"embeddable":true,"href":"https:\/\/www.ams-ag.de\/en\/wp-json\/wp\/v2\/comments?post=12743"}],"version-history":[{"count":39,"href":"https:\/\/www.ams-ag.de\/en\/wp-json\/wp\/v2\/pages\/12743\/revisions"}],"predecessor-version":[{"id":18667,"href":"https:\/\/www.ams-ag.de\/en\/wp-json\/wp\/v2\/pages\/12743\/revisions\/18667"}],"wp:attachment":[{"href":"https:\/\/www.ams-ag.de\/en\/wp-json\/wp\/v2\/media?parent=12743"}],"curies":[{"name":"wp","href":"https:\/\/api.w.org\/{rel}","templated":true}]}}